{"id":4924,"date":"2026-05-01T17:05:33","date_gmt":"2026-05-01T17:05:33","guid":{"rendered":"https:\/\/lacanteradelebro.es\/?post_type=product&#038;p=4924"},"modified":"2026-05-01T17:05:34","modified_gmt":"2026-05-01T17:05:34","slug":"pack-pulseras-y-anillo-mineral-natural","status":"publish","type":"product","link":"https:\/\/lacanteradelebro.es\/es\/producto\/pack-pulseras-y-anillo-mineral-natural\/","title":{"rendered":"Pack pulseras y anillo, mineral natural"},"content":{"rendered":"<p>Pulsera con charm onix cielo\u00a0 \u00a0 65\u20ac<\/p>\n<p>Pulsera Apatito\u00a0 \u00a0 \u00a0 \u00a0 \u00a0 \u00a0 \u00a0 \u00a0 \u00a0 \u00a0 \u00a0 \u00a0 \u00a035\u20ac<\/p>\n<p>Pulsera Cianita extra\u00a0 \u00a0 \u00a0 \u00a0 \u00a0 \u00a0 \u00a0 \u00a0 \u00a055\u20ac<\/p>\n<p>Anilla Labradorita\u00a0 \u00a0 \u00a0 \u00a0 \u00a0 \u00a0 \u00a0 \u00a0 \u00a0 \u00a0 \u00a035\u20ac<\/p>\n<p>TOTAL\u00a0 \u00a0 \u00a0 190\u20ac<\/p>\n","protected":false},"excerpt":{"rendered":"<p>Pulsera con charm onix cielo\u00a0 \u00a0 65\u20ac Pulsera Apatito\u00a0 \u00a0 \u00a0 \u00a0 \u00a0 \u00a0 \u00a0 \u00a0 \u00a0 \u00a0 \u00a0 \u00a0 \u00a035\u20ac Pulsera Cianita extra\u00a0 \u00a0 \u00a0 \u00a0 \u00a0 \u00a0 \u00a0 \u00a0 \u00a055\u20ac Anilla Labradorita\u00a0 \u00a0 \u00a0 \u00a0 \u00a0 \u00a0 \u00a0 \u00a0 \u00a0 \u00a0 \u00a035\u20ac TOTAL\u00a0 \u00a0 \u00a0 190\u20ac<\/p>\n","protected":false},"featured_media":4925,"comment_status":"open","ping_status":"closed","template":"","meta":{"inline_featured_image":false},"product_brand":[],"product_cat":[26,88,45,43],"product_tag":[],"class_list":{"0":"post-4924","1":"product","2":"type-product","3":"status-publish","4":"has-post-thumbnail","6":"product_cat-sin-categorizar","7":"product_cat-anillos","8":"product_cat-joyeria","9":"product_cat-pulseras","11":"first","12":"instock","13":"sold-individually","14":"shipping-taxable","15":"purchasable","16":"product-type-simple"},"yoast_head":"<!-- This site is optimized with the Yoast SEO Premium plugin v27.0 (Yoast SEO v27.4) - https:\/\/yoast.com\/product\/yoast-seo-premium-wordpress\/ -->\n<title>Pack pulseras y anillo, mineral natural - La Cantera del Ebro<\/title>\n<meta name=\"robots\" content=\"index, follow, max-snippet:-1, max-image-preview:large, max-video-preview:-1\" \/>\n<link rel=\"canonical\" href=\"https:\/\/lacanteradelebro.es\/es\/producto\/pack-pulseras-y-anillo-mineral-natural\/\" \/>\n<meta property=\"og:locale\" content=\"es_ES\" \/>\n<meta property=\"og:type\" content=\"article\" \/>\n<meta property=\"og:title\" content=\"Pack pulseras y anillo, mineral natural\" \/>\n<meta property=\"og:description\" content=\"Pulsera con charm onix cielo\u00a0 \u00a0 65\u20ac Pulsera Apatito\u00a0 \u00a0 \u00a0 \u00a0 \u00a0 \u00a0 \u00a0 \u00a0 \u00a0 \u00a0 \u00a0 \u00a0 \u00a035\u20ac Pulsera Cianita extra\u00a0 \u00a0 \u00a0 \u00a0 \u00a0 \u00a0 \u00a0 \u00a0 \u00a055\u20ac Anilla Labradorita\u00a0 \u00a0 \u00a0 \u00a0 \u00a0 \u00a0 \u00a0 \u00a0 \u00a0 \u00a0 \u00a035\u20ac TOTAL\u00a0 \u00a0 \u00a0 190\u20ac\" \/>\n<meta property=\"og:url\" content=\"https:\/\/lacanteradelebro.es\/es\/producto\/pack-pulseras-y-anillo-mineral-natural\/\" \/>\n<meta property=\"og:site_name\" content=\"La Cantera del Ebro\" \/>\n<meta property=\"article:modified_time\" content=\"2026-05-01T17:05:34+00:00\" \/>\n<meta property=\"og:image\" content=\"https:\/\/lacanteradelebro.es\/wp-content\/uploads\/2026\/05\/20260501_1859491-scaled.jpg\" \/>\n\t<meta property=\"og:image:width\" content=\"1920\" \/>\n\t<meta property=\"og:image:height\" content=\"2560\" \/>\n\t<meta property=\"og:image:type\" content=\"image\/jpeg\" \/>\n<meta name=\"twitter:card\" content=\"summary_large_image\" \/>\n<meta name=\"twitter:label1\" content=\"Tiempo de lectura\" \/>\n\t<meta name=\"twitter:data1\" content=\"1 minuto\" \/>\n<script type=\"application\/ld+json\" class=\"yoast-schema-graph\">{\"@context\":\"https:\\\/\\\/schema.org\",\"@graph\":[{\"@type\":\"WebPage\",\"@id\":\"https:\\\/\\\/lacanteradelebro.es\\\/producto\\\/pack-pulseras-y-anillo-mineral-natural\\\/\",\"url\":\"https:\\\/\\\/lacanteradelebro.es\\\/producto\\\/pack-pulseras-y-anillo-mineral-natural\\\/\",\"name\":\"Pack pulseras y anillo, mineral natural - La Cantera del Ebro\",\"isPartOf\":{\"@id\":\"https:\\\/\\\/lacanteradelebro.es\\\/#website\"},\"primaryImageOfPage\":{\"@id\":\"https:\\\/\\\/lacanteradelebro.es\\\/producto\\\/pack-pulseras-y-anillo-mineral-natural\\\/#primaryimage\"},\"image\":{\"@id\":\"https:\\\/\\\/lacanteradelebro.es\\\/producto\\\/pack-pulseras-y-anillo-mineral-natural\\\/#primaryimage\"},\"thumbnailUrl\":\"https:\\\/\\\/lacanteradelebro.es\\\/wp-content\\\/uploads\\\/2026\\\/05\\\/20260501_1859491-scaled.jpg\",\"datePublished\":\"2026-05-01T17:05:33+00:00\",\"dateModified\":\"2026-05-01T17:05:34+00:00\",\"breadcrumb\":{\"@id\":\"https:\\\/\\\/lacanteradelebro.es\\\/producto\\\/pack-pulseras-y-anillo-mineral-natural\\\/#breadcrumb\"},\"inLanguage\":\"es\",\"potentialAction\":[{\"@type\":\"ReadAction\",\"target\":[\"https:\\\/\\\/lacanteradelebro.es\\\/producto\\\/pack-pulseras-y-anillo-mineral-natural\\\/\"]}]},{\"@type\":\"ImageObject\",\"inLanguage\":\"es\",\"@id\":\"https:\\\/\\\/lacanteradelebro.es\\\/producto\\\/pack-pulseras-y-anillo-mineral-natural\\\/#primaryimage\",\"url\":\"https:\\\/\\\/lacanteradelebro.es\\\/wp-content\\\/uploads\\\/2026\\\/05\\\/20260501_1859491-scaled.jpg\",\"contentUrl\":\"https:\\\/\\\/lacanteradelebro.es\\\/wp-content\\\/uploads\\\/2026\\\/05\\\/20260501_1859491-scaled.jpg\",\"width\":1920,\"height\":2560},{\"@type\":\"BreadcrumbList\",\"@id\":\"https:\\\/\\\/lacanteradelebro.es\\\/producto\\\/pack-pulseras-y-anillo-mineral-natural\\\/#breadcrumb\",\"itemListElement\":[{\"@type\":\"ListItem\",\"position\":1,\"name\":\"Portada\",\"item\":\"https:\\\/\\\/lacanteradelebro.es\\\/es\\\/\"},{\"@type\":\"ListItem\",\"position\":2,\"name\":\"Shop\",\"item\":\"https:\\\/\\\/lacanteradelebro.es\\\/ca\\\/tienda-2\\\/\"},{\"@type\":\"ListItem\",\"position\":3,\"name\":\"Pack pulseras y anillo, mineral natural\"}]},{\"@type\":\"WebSite\",\"@id\":\"https:\\\/\\\/lacanteradelebro.es\\\/#website\",\"url\":\"https:\\\/\\\/lacanteradelebro.es\\\/\",\"name\":\"La Cantera del Ebro\",\"description\":\"Transformamos la belleza de la piedra natural y la calidez de la madera artesanal en joyas y objetos \u00fanicos. Cada creaci\u00f3n est\u00e1 hecha a mano con pasi\u00f3n, conect\u00e1ndote con la Tierra a trav\u00e9s de dise\u00f1os exclusivos y llenos de alma.\",\"publisher\":{\"@id\":\"https:\\\/\\\/lacanteradelebro.es\\\/#\\\/schema\\\/person\\\/2c7df64eef01f69456a16d6540d266df\"},\"potentialAction\":[{\"@type\":\"SearchAction\",\"target\":{\"@type\":\"EntryPoint\",\"urlTemplate\":\"https:\\\/\\\/lacanteradelebro.es\\\/?s={search_term_string}\"},\"query-input\":{\"@type\":\"PropertyValueSpecification\",\"valueRequired\":true,\"valueName\":\"search_term_string\"}}],\"inLanguage\":\"es\"},{\"@type\":[\"Person\",\"Organization\"],\"@id\":\"https:\\\/\\\/lacanteradelebro.es\\\/#\\\/schema\\\/person\\\/2c7df64eef01f69456a16d6540d266df\",\"name\":\"Fernando\",\"image\":{\"@type\":\"ImageObject\",\"inLanguage\":\"es\",\"@id\":\"https:\\\/\\\/lacanteradelebro.es\\\/wp-content\\\/uploads\\\/2025\\\/06\\\/cropped-Logo_BO2.png\",\"url\":\"https:\\\/\\\/lacanteradelebro.es\\\/wp-content\\\/uploads\\\/2025\\\/06\\\/cropped-Logo_BO2.png\",\"contentUrl\":\"https:\\\/\\\/lacanteradelebro.es\\\/wp-content\\\/uploads\\\/2025\\\/06\\\/cropped-Logo_BO2.png\",\"width\":512,\"height\":512,\"caption\":\"Fernando\"},\"logo\":{\"@id\":\"https:\\\/\\\/lacanteradelebro.es\\\/wp-content\\\/uploads\\\/2025\\\/06\\\/cropped-Logo_BO2.png\"},\"publishingPrinciples\":\"https:\\\/\\\/lacanteradelebro.es\\\/ca\\\/politica-de-privacidad\\\/\",\"ownershipFundingInfo\":\"https:\\\/\\\/lacanteradelebro.es\\\/ca\\\/politica-de-privacidad\\\/\",\"actionableFeedbackPolicy\":\"https:\\\/\\\/lacanteradelebro.es\\\/ca\\\/aviso-legal\\\/\",\"correctionsPolicy\":\"https:\\\/\\\/lacanteradelebro.es\\\/ca\\\/reembolso_devoluciones\\\/\",\"ethicsPolicy\":\"https:\\\/\\\/lacanteradelebro.es\\\/ca\\\/politica-de-cookies\\\/\",\"diversityPolicy\":\"https:\\\/\\\/lacanteradelebro.es\\\/ca\\\/politica-de-cookies\\\/\",\"diversityStaffingReport\":\"https:\\\/\\\/lacanteradelebro.es\\\/ca\\\/politica-de-privacidad\\\/\"}]}<\/script>\n<!-- \/ Yoast SEO Premium plugin. -->","yoast_head_json":{"title":"Pack pulseras y anillo, mineral natural - La Cantera del Ebro","robots":{"index":"index","follow":"follow","max-snippet":"max-snippet:-1","max-image-preview":"max-image-preview:large","max-video-preview":"max-video-preview:-1"},"canonical":"https:\/\/lacanteradelebro.es\/es\/producto\/pack-pulseras-y-anillo-mineral-natural\/","og_locale":"es_ES","og_type":"article","og_title":"Pack pulseras y anillo, mineral natural","og_description":"Pulsera con charm onix cielo\u00a0 \u00a0 65\u20ac Pulsera Apatito\u00a0 \u00a0 \u00a0 \u00a0 \u00a0 \u00a0 \u00a0 \u00a0 \u00a0 \u00a0 \u00a0 \u00a0 \u00a035\u20ac Pulsera Cianita extra\u00a0 \u00a0 \u00a0 \u00a0 \u00a0 \u00a0 \u00a0 \u00a0 \u00a055\u20ac Anilla Labradorita\u00a0 \u00a0 \u00a0 \u00a0 \u00a0 \u00a0 \u00a0 \u00a0 \u00a0 \u00a0 \u00a035\u20ac TOTAL\u00a0 \u00a0 \u00a0 190\u20ac","og_url":"https:\/\/lacanteradelebro.es\/es\/producto\/pack-pulseras-y-anillo-mineral-natural\/","og_site_name":"La Cantera del Ebro","article_modified_time":"2026-05-01T17:05:34+00:00","og_image":[{"width":1920,"height":2560,"url":"https:\/\/lacanteradelebro.es\/wp-content\/uploads\/2026\/05\/20260501_1859491-scaled.jpg","type":"image\/jpeg"}],"twitter_card":"summary_large_image","twitter_misc":{"Tiempo de lectura":"1 minuto"},"schema":{"@context":"https:\/\/schema.org","@graph":[{"@type":"WebPage","@id":"https:\/\/lacanteradelebro.es\/producto\/pack-pulseras-y-anillo-mineral-natural\/","url":"https:\/\/lacanteradelebro.es\/producto\/pack-pulseras-y-anillo-mineral-natural\/","name":"Pack pulseras y anillo, mineral natural - La Cantera del Ebro","isPartOf":{"@id":"https:\/\/lacanteradelebro.es\/#website"},"primaryImageOfPage":{"@id":"https:\/\/lacanteradelebro.es\/producto\/pack-pulseras-y-anillo-mineral-natural\/#primaryimage"},"image":{"@id":"https:\/\/lacanteradelebro.es\/producto\/pack-pulseras-y-anillo-mineral-natural\/#primaryimage"},"thumbnailUrl":"https:\/\/lacanteradelebro.es\/wp-content\/uploads\/2026\/05\/20260501_1859491-scaled.jpg","datePublished":"2026-05-01T17:05:33+00:00","dateModified":"2026-05-01T17:05:34+00:00","breadcrumb":{"@id":"https:\/\/lacanteradelebro.es\/producto\/pack-pulseras-y-anillo-mineral-natural\/#breadcrumb"},"inLanguage":"es","potentialAction":[{"@type":"ReadAction","target":["https:\/\/lacanteradelebro.es\/producto\/pack-pulseras-y-anillo-mineral-natural\/"]}]},{"@type":"ImageObject","inLanguage":"es","@id":"https:\/\/lacanteradelebro.es\/producto\/pack-pulseras-y-anillo-mineral-natural\/#primaryimage","url":"https:\/\/lacanteradelebro.es\/wp-content\/uploads\/2026\/05\/20260501_1859491-scaled.jpg","contentUrl":"https:\/\/lacanteradelebro.es\/wp-content\/uploads\/2026\/05\/20260501_1859491-scaled.jpg","width":1920,"height":2560},{"@type":"BreadcrumbList","@id":"https:\/\/lacanteradelebro.es\/producto\/pack-pulseras-y-anillo-mineral-natural\/#breadcrumb","itemListElement":[{"@type":"ListItem","position":1,"name":"Portada","item":"https:\/\/lacanteradelebro.es\/es\/"},{"@type":"ListItem","position":2,"name":"Shop","item":"https:\/\/lacanteradelebro.es\/ca\/tienda-2\/"},{"@type":"ListItem","position":3,"name":"Pack pulseras y anillo, mineral natural"}]},{"@type":"WebSite","@id":"https:\/\/lacanteradelebro.es\/#website","url":"https:\/\/lacanteradelebro.es\/","name":"La Cantera del Ebro","description":"Transformamos la belleza de la piedra natural y la calidez de la madera artesanal en joyas y objetos \u00fanicos. Cada creaci\u00f3n est\u00e1 hecha a mano con pasi\u00f3n, conect\u00e1ndote con la Tierra a trav\u00e9s de dise\u00f1os exclusivos y llenos de alma.","publisher":{"@id":"https:\/\/lacanteradelebro.es\/#\/schema\/person\/2c7df64eef01f69456a16d6540d266df"},"potentialAction":[{"@type":"SearchAction","target":{"@type":"EntryPoint","urlTemplate":"https:\/\/lacanteradelebro.es\/?s={search_term_string}"},"query-input":{"@type":"PropertyValueSpecification","valueRequired":true,"valueName":"search_term_string"}}],"inLanguage":"es"},{"@type":["Person","Organization"],"@id":"https:\/\/lacanteradelebro.es\/#\/schema\/person\/2c7df64eef01f69456a16d6540d266df","name":"Fernando","image":{"@type":"ImageObject","inLanguage":"es","@id":"https:\/\/lacanteradelebro.es\/wp-content\/uploads\/2025\/06\/cropped-Logo_BO2.png","url":"https:\/\/lacanteradelebro.es\/wp-content\/uploads\/2025\/06\/cropped-Logo_BO2.png","contentUrl":"https:\/\/lacanteradelebro.es\/wp-content\/uploads\/2025\/06\/cropped-Logo_BO2.png","width":512,"height":512,"caption":"Fernando"},"logo":{"@id":"https:\/\/lacanteradelebro.es\/wp-content\/uploads\/2025\/06\/cropped-Logo_BO2.png"},"publishingPrinciples":"https:\/\/lacanteradelebro.es\/ca\/politica-de-privacidad\/","ownershipFundingInfo":"https:\/\/lacanteradelebro.es\/ca\/politica-de-privacidad\/","actionableFeedbackPolicy":"https:\/\/lacanteradelebro.es\/ca\/aviso-legal\/","correctionsPolicy":"https:\/\/lacanteradelebro.es\/ca\/reembolso_devoluciones\/","ethicsPolicy":"https:\/\/lacanteradelebro.es\/ca\/politica-de-cookies\/","diversityPolicy":"https:\/\/lacanteradelebro.es\/ca\/politica-de-cookies\/","diversityStaffingReport":"https:\/\/lacanteradelebro.es\/ca\/politica-de-privacidad\/"}]}},"_links":{"self":[{"href":"https:\/\/lacanteradelebro.es\/es\/wp-json\/wp\/v2\/product\/4924","targetHints":{"allow":["GET"]}}],"collection":[{"href":"https:\/\/lacanteradelebro.es\/es\/wp-json\/wp\/v2\/product"}],"about":[{"href":"https:\/\/lacanteradelebro.es\/es\/wp-json\/wp\/v2\/types\/product"}],"replies":[{"embeddable":true,"href":"https:\/\/lacanteradelebro.es\/es\/wp-json\/wp\/v2\/comments?post=4924"}],"wp:featuredmedia":[{"embeddable":true,"href":"https:\/\/lacanteradelebro.es\/es\/wp-json\/wp\/v2\/media\/4925"}],"wp:attachment":[{"href":"https:\/\/lacanteradelebro.es\/es\/wp-json\/wp\/v2\/media?parent=4924"}],"wp:term":[{"taxonomy":"product_brand","embeddable":true,"href":"https:\/\/lacanteradelebro.es\/es\/wp-json\/wp\/v2\/product_brand?post=4924"},{"taxonomy":"product_cat","embeddable":true,"href":"https:\/\/lacanteradelebro.es\/es\/wp-json\/wp\/v2\/product_cat?post=4924"},{"taxonomy":"product_tag","embeddable":true,"href":"https:\/\/lacanteradelebro.es\/es\/wp-json\/wp\/v2\/product_tag?post=4924"}],"curies":[{"name":"wp","href":"https:\/\/api.w.org\/{rel}","templated":true}]}}