{"id":4661,"date":"2026-02-23T08:47:49","date_gmt":"2026-02-23T08:47:49","guid":{"rendered":"https:\/\/lacanteradelebro.es\/es_es\/producto\/agata-con-peana-de-hierro-mineral-natural\/"},"modified":"2026-02-23T08:47:49","modified_gmt":"2026-02-23T08:47:49","slug":"agata-con-peana-de-hierro-mineral-natural","status":"publish","type":"product","link":"https:\/\/lacanteradelebro.es\/es\/producto\/agata-con-peana-de-hierro-mineral-natural\/","title":{"rendered":"Agata con peana de hierro, mineral natural"},"content":{"rendered":"<h2>\n<p>  <strong>   \u00c1gata natural sobre peana de hierro  <\/strong> <\/p>\n<\/h2>\n<p> Tama\u00f1o 10 por 7 por 2<\/p>\n<p> Peso 404 gr<\/p>\n<p> Imponente <strong>  \u00e1gata natural <\/strong> , caracterizada por sus <strong>  bandas conc\u00e9ntricas y patrones org\u00e1nicos <\/strong> , formados de manera natural a lo largo de miles de a\u00f1os. Presenta una atractiva combinaci\u00f3n de tonos terrosos, grises, blancos y matices transl\u00facidos, con un suave brillo que se intensifica al incidir la luz.<\/p>\n<p> La pieza conserva su <strong>  forma natural <\/strong> , resaltando las texturas y vetas propias del \u00e1gata, lo que la convierte en un ejemplar \u00fanico e irrepetible. Est\u00e1 montada sobre una <strong>  peana de hierro <\/strong> , robusta y elegante, que aporta estabilidad y un contraste moderno e industrial, realzando la belleza natural del mineral.<\/p>\n<p> Ideal como <strong>  pieza decorativa <\/strong> , objeto de colecci\u00f3n o elemento distintivo en espacios contempor\u00e1neos, oficinas, vitrinas o interiores con car\u00e1cter.<\/p>\n<p> <strong>  Caracter\u00edsticas: <\/strong><\/p>\n<p> Mineral: \u00c1gata natural<\/p>\n<p> Montaje: Peana de hierro<\/p>\n<p> Origen: Natural<\/p>\n<p> Estado: Excelente<\/p>\n<p> Uso: Colecci\u00f3n \u00b7 Decoraci\u00f3n \u00b7 Exhibici\u00f3n<\/p>\n<p> Pieza \u00fanica. Se entrega exactamente la mostrada en las fotograf\u00edas.<\/p>\n","protected":false},"excerpt":{"rendered":"<h2 style=\"text-align: left\"> <strong>  \u00c1gata natural sobre peana de hierro <\/strong><\/h2>\n<p> Tama\u00f1o 10 por 7 por 2<\/p>\n<p> Peso 404 gr<\/p>\n<p> Imponente <strong>  \u00e1gata natural <\/strong> , caracterizada por sus <strong>  bandas conc\u00e9ntricas y patrones org\u00e1nicos <\/strong> , formados de manera natural a lo largo de miles de a\u00f1os. Presenta una atractiva combinaci\u00f3n de tonos terrosos, grises, blancos y matices transl\u00facidos, con un suave brillo que se intensifica al incidir la luz.<\/p>\n<p> La pieza conserva su <strong>  forma natural <\/strong> , resaltando las texturas y vetas propias del \u00e1gata, lo que la convierte en un ejemplar \u00fanico e irrepetible. Est\u00e1 montada sobre una <strong>  peana de hierro <\/strong> , robusta y elegante, que aporta estabilidad y un contraste moderno e industrial, realzando la belleza natural del mineral.<\/p>\n<p> Ideal como <strong>  pieza decorativa <\/strong> , objeto de colecci\u00f3n o elemento distintivo en espacios contempor\u00e1neos, oficinas, vitrinas o interiores con car\u00e1cter.<\/p>\n<p> <strong>  Caracter\u00edsticas: <\/strong><\/p>\n<ul><\/ul>\n<p> Mineral: \u00c1gata natural<\/p>\n<p> Montaje: Peana de hierro<\/p>\n<p> Origen: Natural<\/p>\n<p> Estado: Excelente<\/p>\n<p> Uso: Colecci\u00f3n \u00b7 Decoraci\u00f3n \u00b7 Exhibici\u00f3n<\/p>\n<p> Pieza \u00fanica. Se entrega exactamente la mostrada en las fotograf\u00edas.<\/p>\n","protected":false},"featured_media":4657,"comment_status":"open","ping_status":"closed","template":"","meta":{"inline_featured_image":false},"product_brand":[],"product_cat":[92,90,91,42],"product_tag":[],"class_list":{"0":"post-4661","1":"product","2":"type-product","3":"status-publish","4":"has-post-thumbnail","6":"product_cat-accesorios-de-joyeria-y-derivados","7":"product_cat-piedras-semipreciosas","8":"product_cat-piedras-semipreciosas-semiacabadas","9":"product_cat-minerales","11":"first","12":"instock","13":"shipping-taxable","14":"purchasable","15":"product-type-simple"},"yoast_head":"<!-- This site is optimized with the Yoast SEO Premium plugin v27.0 (Yoast SEO v27.1.1) - https:\/\/yoast.com\/product\/yoast-seo-premium-wordpress\/ -->\n<title>Agata con peana de hierro, mineral natural - La Cantera del Ebro<\/title>\n<meta name=\"robots\" content=\"index, follow, max-snippet:-1, max-image-preview:large, max-video-preview:-1\" \/>\n<link rel=\"canonical\" href=\"https:\/\/lacanteradelebro.es\/es\/es_es\/producto\/agata-con-peana-de-hierro-mineral-natural\/\" \/>\n<meta property=\"og:locale\" content=\"es_ES\" \/>\n<meta property=\"og:type\" content=\"article\" \/>\n<meta property=\"og:title\" content=\"Agata con peana de hierro, mineral natural\" \/>\n<meta property=\"og:description\" content=\"\u00c1gata natural sobre peana de hierro Tama\u00f1o 10 por 7 por 2 Peso 404 gr Imponente  \u00e1gata natural , caracterizada por sus  bandas conc\u00e9ntricas y patrones org\u00e1nicos , formados de manera natural a lo largo de miles de a\u00f1os. Presenta una atractiva combinaci\u00f3n de tonos terrosos, grises, blancos y matices transl\u00facidos, con un suave brillo que se intensifica al incidir la luz. La pieza conserva su  forma natural , resaltando las texturas y vetas propias del \u00e1gata, lo que la convierte en un ejemplar \u00fanico e irrepetible. Est\u00e1 montada sobre una  peana de hierro , robusta y elegante, que aporta estabilidad y un contraste moderno e industrial, realzando la belleza natural del mineral. Ideal como  pieza decorativa , objeto de colecci\u00f3n o elemento distintivo en espacios contempor\u00e1neos, oficinas, vitrinas o interiores con car\u00e1cter.  Caracter\u00edsticas: Mineral: \u00c1gata natural Montaje: Peana de hierro Origen: Natural Estado: Excelente Uso: Colecci\u00f3n \u00b7 Decoraci\u00f3n \u00b7 Exhibici\u00f3n Pieza \u00fanica. Se entrega exactamente la mostrada en las fotograf\u00edas.\" \/>\n<meta property=\"og:url\" content=\"https:\/\/lacanteradelebro.es\/es\/es_es\/producto\/agata-con-peana-de-hierro-mineral-natural\/\" \/>\n<meta property=\"og:site_name\" content=\"La Cantera del Ebro\" \/>\n<meta property=\"og:image\" content=\"https:\/\/lacanteradelebro.es\/wp-content\/uploads\/2025\/08\/Screenshot_20250815_230608_One-UI-Home-1-scaled.jpg\" \/>\n\t<meta property=\"og:image:width\" content=\"2560\" \/>\n\t<meta property=\"og:image:height\" content=\"1583\" \/>\n\t<meta property=\"og:image:type\" content=\"image\/jpeg\" \/>\n<meta name=\"twitter:card\" content=\"summary_large_image\" \/>\n<meta name=\"twitter:label1\" content=\"Tiempo de lectura\" \/>\n\t<meta name=\"twitter:data1\" content=\"1 minuto\" \/>\n<script type=\"application\/ld+json\" class=\"yoast-schema-graph\">{\"@context\":\"https:\/\/schema.org\",\"@graph\":[{\"@type\":\"WebPage\",\"@id\":\"https:\/\/lacanteradelebro.es\/es_es\/producto\/agata-con-peana-de-hierro-mineral-natural\/\",\"url\":\"https:\/\/lacanteradelebro.es\/es_es\/producto\/agata-con-peana-de-hierro-mineral-natural\/\",\"name\":\"Agata con peana de hierro, mineral natural - La Cantera del Ebro\",\"isPartOf\":{\"@id\":\"https:\/\/lacanteradelebro.es\/#website\"},\"primaryImageOfPage\":{\"@id\":\"https:\/\/lacanteradelebro.es\/es_es\/producto\/agata-con-peana-de-hierro-mineral-natural\/#primaryimage\"},\"image\":{\"@id\":\"https:\/\/lacanteradelebro.es\/es_es\/producto\/agata-con-peana-de-hierro-mineral-natural\/#primaryimage\"},\"thumbnailUrl\":\"https:\/\/lacanteradelebro.es\/wp-content\/uploads\/2026\/02\/aaac660a46f440b69cc57affb4fc7378tplv-t5fjg24jzw-origin-jpeg-scaled-1.jpeg\",\"datePublished\":\"2026-02-23T08:47:49+00:00\",\"breadcrumb\":{\"@id\":\"https:\/\/lacanteradelebro.es\/es_es\/producto\/agata-con-peana-de-hierro-mineral-natural\/#breadcrumb\"},\"inLanguage\":\"es\",\"potentialAction\":[{\"@type\":\"ReadAction\",\"target\":[\"https:\/\/lacanteradelebro.es\/es_es\/producto\/agata-con-peana-de-hierro-mineral-natural\/\"]}]},{\"@type\":\"ImageObject\",\"inLanguage\":\"es\",\"@id\":\"https:\/\/lacanteradelebro.es\/es_es\/producto\/agata-con-peana-de-hierro-mineral-natural\/#primaryimage\",\"url\":\"https:\/\/lacanteradelebro.es\/wp-content\/uploads\/2026\/02\/aaac660a46f440b69cc57affb4fc7378tplv-t5fjg24jzw-origin-jpeg-scaled-1.jpeg\",\"contentUrl\":\"https:\/\/lacanteradelebro.es\/wp-content\/uploads\/2026\/02\/aaac660a46f440b69cc57affb4fc7378tplv-t5fjg24jzw-origin-jpeg-scaled-1.jpeg\",\"width\":1600,\"height\":2133},{\"@type\":\"BreadcrumbList\",\"@id\":\"https:\/\/lacanteradelebro.es\/es_es\/producto\/agata-con-peana-de-hierro-mineral-natural\/#breadcrumb\",\"itemListElement\":[{\"@type\":\"ListItem\",\"position\":1,\"name\":\"Portada\",\"item\":\"https:\/\/lacanteradelebro.es\/es\/\"},{\"@type\":\"ListItem\",\"position\":2,\"name\":\"Shop\",\"item\":\"https:\/\/lacanteradelebro.es\/ca\/tienda-2\/\"},{\"@type\":\"ListItem\",\"position\":3,\"name\":\"Agata con peana de hierro, mineral natural\"}]},{\"@type\":\"WebSite\",\"@id\":\"https:\/\/lacanteradelebro.es\/#website\",\"url\":\"https:\/\/lacanteradelebro.es\/\",\"name\":\"La Cantera del Ebro\",\"description\":\"Transformamos la belleza de la piedra natural y la calidez de la madera artesanal en joyas y objetos \u00fanicos. Cada creaci\u00f3n est\u00e1 hecha a mano con pasi\u00f3n, conect\u00e1ndote con la Tierra a trav\u00e9s de dise\u00f1os exclusivos y llenos de alma.\",\"publisher\":{\"@id\":\"https:\/\/lacanteradelebro.es\/#\/schema\/person\/2c7df64eef01f69456a16d6540d266df\"},\"potentialAction\":[{\"@type\":\"SearchAction\",\"target\":{\"@type\":\"EntryPoint\",\"urlTemplate\":\"https:\/\/lacanteradelebro.es\/?s={search_term_string}\"},\"query-input\":{\"@type\":\"PropertyValueSpecification\",\"valueRequired\":true,\"valueName\":\"search_term_string\"}}],\"inLanguage\":\"es\"},{\"@type\":[\"Person\",\"Organization\"],\"@id\":\"https:\/\/lacanteradelebro.es\/#\/schema\/person\/2c7df64eef01f69456a16d6540d266df\",\"name\":\"Fernando\",\"image\":{\"@type\":\"ImageObject\",\"inLanguage\":\"es\",\"@id\":\"https:\/\/lacanteradelebro.es\/#\/schema\/person\/image\/\",\"url\":\"https:\/\/lacanteradelebro.es\/wp-content\/uploads\/2025\/06\/cropped-Logo_BO2.png\",\"contentUrl\":\"https:\/\/lacanteradelebro.es\/wp-content\/uploads\/2025\/06\/cropped-Logo_BO2.png\",\"width\":512,\"height\":512,\"caption\":\"Fernando\"},\"logo\":{\"@id\":\"https:\/\/lacanteradelebro.es\/#\/schema\/person\/image\/\"},\"publishingPrinciples\":\"https:\/\/lacanteradelebro.es\/ca\/politica-de-privacidad\/\",\"ownershipFundingInfo\":\"https:\/\/lacanteradelebro.es\/ca\/politica-de-privacidad\/\",\"actionableFeedbackPolicy\":\"https:\/\/lacanteradelebro.es\/ca\/aviso-legal\/\",\"correctionsPolicy\":\"https:\/\/lacanteradelebro.es\/ca\/reembolso_devoluciones\/\",\"ethicsPolicy\":\"https:\/\/lacanteradelebro.es\/ca\/politica-de-cookies\/\",\"diversityPolicy\":\"https:\/\/lacanteradelebro.es\/ca\/politica-de-cookies\/\",\"diversityStaffingReport\":\"https:\/\/lacanteradelebro.es\/ca\/politica-de-privacidad\/\"}]}<\/script>\n<!-- \/ Yoast SEO Premium plugin. -->","yoast_head_json":{"title":"Agata con peana de hierro, mineral natural - La Cantera del Ebro","robots":{"index":"index","follow":"follow","max-snippet":"max-snippet:-1","max-image-preview":"max-image-preview:large","max-video-preview":"max-video-preview:-1"},"canonical":"https:\/\/lacanteradelebro.es\/es\/es_es\/producto\/agata-con-peana-de-hierro-mineral-natural\/","og_locale":"es_ES","og_type":"article","og_title":"Agata con peana de hierro, mineral natural","og_description":"\u00c1gata natural sobre peana de hierro Tama\u00f1o 10 por 7 por 2 Peso 404 gr Imponente  \u00e1gata natural , caracterizada por sus  bandas conc\u00e9ntricas y patrones org\u00e1nicos , formados de manera natural a lo largo de miles de a\u00f1os. Presenta una atractiva combinaci\u00f3n de tonos terrosos, grises, blancos y matices transl\u00facidos, con un suave brillo que se intensifica al incidir la luz. La pieza conserva su  forma natural , resaltando las texturas y vetas propias del \u00e1gata, lo que la convierte en un ejemplar \u00fanico e irrepetible. Est\u00e1 montada sobre una  peana de hierro , robusta y elegante, que aporta estabilidad y un contraste moderno e industrial, realzando la belleza natural del mineral. Ideal como  pieza decorativa , objeto de colecci\u00f3n o elemento distintivo en espacios contempor\u00e1neos, oficinas, vitrinas o interiores con car\u00e1cter.  Caracter\u00edsticas: Mineral: \u00c1gata natural Montaje: Peana de hierro Origen: Natural Estado: Excelente Uso: Colecci\u00f3n \u00b7 Decoraci\u00f3n \u00b7 Exhibici\u00f3n Pieza \u00fanica. Se entrega exactamente la mostrada en las fotograf\u00edas.","og_url":"https:\/\/lacanteradelebro.es\/es\/es_es\/producto\/agata-con-peana-de-hierro-mineral-natural\/","og_site_name":"La Cantera del Ebro","og_image":[{"width":2560,"height":1583,"url":"https:\/\/lacanteradelebro.es\/wp-content\/uploads\/2025\/08\/Screenshot_20250815_230608_One-UI-Home-1-scaled.jpg","type":"image\/jpeg"}],"twitter_card":"summary_large_image","twitter_misc":{"Tiempo de lectura":"1 minuto"},"schema":{"@context":"https:\/\/schema.org","@graph":[{"@type":"WebPage","@id":"https:\/\/lacanteradelebro.es\/es_es\/producto\/agata-con-peana-de-hierro-mineral-natural\/","url":"https:\/\/lacanteradelebro.es\/es_es\/producto\/agata-con-peana-de-hierro-mineral-natural\/","name":"Agata con peana de hierro, mineral natural - La Cantera del Ebro","isPartOf":{"@id":"https:\/\/lacanteradelebro.es\/#website"},"primaryImageOfPage":{"@id":"https:\/\/lacanteradelebro.es\/es_es\/producto\/agata-con-peana-de-hierro-mineral-natural\/#primaryimage"},"image":{"@id":"https:\/\/lacanteradelebro.es\/es_es\/producto\/agata-con-peana-de-hierro-mineral-natural\/#primaryimage"},"thumbnailUrl":"https:\/\/lacanteradelebro.es\/wp-content\/uploads\/2026\/02\/aaac660a46f440b69cc57affb4fc7378tplv-t5fjg24jzw-origin-jpeg-scaled-1.jpeg","datePublished":"2026-02-23T08:47:49+00:00","breadcrumb":{"@id":"https:\/\/lacanteradelebro.es\/es_es\/producto\/agata-con-peana-de-hierro-mineral-natural\/#breadcrumb"},"inLanguage":"es","potentialAction":[{"@type":"ReadAction","target":["https:\/\/lacanteradelebro.es\/es_es\/producto\/agata-con-peana-de-hierro-mineral-natural\/"]}]},{"@type":"ImageObject","inLanguage":"es","@id":"https:\/\/lacanteradelebro.es\/es_es\/producto\/agata-con-peana-de-hierro-mineral-natural\/#primaryimage","url":"https:\/\/lacanteradelebro.es\/wp-content\/uploads\/2026\/02\/aaac660a46f440b69cc57affb4fc7378tplv-t5fjg24jzw-origin-jpeg-scaled-1.jpeg","contentUrl":"https:\/\/lacanteradelebro.es\/wp-content\/uploads\/2026\/02\/aaac660a46f440b69cc57affb4fc7378tplv-t5fjg24jzw-origin-jpeg-scaled-1.jpeg","width":1600,"height":2133},{"@type":"BreadcrumbList","@id":"https:\/\/lacanteradelebro.es\/es_es\/producto\/agata-con-peana-de-hierro-mineral-natural\/#breadcrumb","itemListElement":[{"@type":"ListItem","position":1,"name":"Portada","item":"https:\/\/lacanteradelebro.es\/es\/"},{"@type":"ListItem","position":2,"name":"Shop","item":"https:\/\/lacanteradelebro.es\/ca\/tienda-2\/"},{"@type":"ListItem","position":3,"name":"Agata con peana de hierro, mineral natural"}]},{"@type":"WebSite","@id":"https:\/\/lacanteradelebro.es\/#website","url":"https:\/\/lacanteradelebro.es\/","name":"La Cantera del Ebro","description":"Transformamos la belleza de la piedra natural y la calidez de la madera artesanal en joyas y objetos \u00fanicos. Cada creaci\u00f3n est\u00e1 hecha a mano con pasi\u00f3n, conect\u00e1ndote con la Tierra a trav\u00e9s de dise\u00f1os exclusivos y llenos de alma.","publisher":{"@id":"https:\/\/lacanteradelebro.es\/#\/schema\/person\/2c7df64eef01f69456a16d6540d266df"},"potentialAction":[{"@type":"SearchAction","target":{"@type":"EntryPoint","urlTemplate":"https:\/\/lacanteradelebro.es\/?s={search_term_string}"},"query-input":{"@type":"PropertyValueSpecification","valueRequired":true,"valueName":"search_term_string"}}],"inLanguage":"es"},{"@type":["Person","Organization"],"@id":"https:\/\/lacanteradelebro.es\/#\/schema\/person\/2c7df64eef01f69456a16d6540d266df","name":"Fernando","image":{"@type":"ImageObject","inLanguage":"es","@id":"https:\/\/lacanteradelebro.es\/#\/schema\/person\/image\/","url":"https:\/\/lacanteradelebro.es\/wp-content\/uploads\/2025\/06\/cropped-Logo_BO2.png","contentUrl":"https:\/\/lacanteradelebro.es\/wp-content\/uploads\/2025\/06\/cropped-Logo_BO2.png","width":512,"height":512,"caption":"Fernando"},"logo":{"@id":"https:\/\/lacanteradelebro.es\/#\/schema\/person\/image\/"},"publishingPrinciples":"https:\/\/lacanteradelebro.es\/ca\/politica-de-privacidad\/","ownershipFundingInfo":"https:\/\/lacanteradelebro.es\/ca\/politica-de-privacidad\/","actionableFeedbackPolicy":"https:\/\/lacanteradelebro.es\/ca\/aviso-legal\/","correctionsPolicy":"https:\/\/lacanteradelebro.es\/ca\/reembolso_devoluciones\/","ethicsPolicy":"https:\/\/lacanteradelebro.es\/ca\/politica-de-cookies\/","diversityPolicy":"https:\/\/lacanteradelebro.es\/ca\/politica-de-cookies\/","diversityStaffingReport":"https:\/\/lacanteradelebro.es\/ca\/politica-de-privacidad\/"}]}},"_links":{"self":[{"href":"https:\/\/lacanteradelebro.es\/es\/wp-json\/wp\/v2\/product\/4661","targetHints":{"allow":["GET"]}}],"collection":[{"href":"https:\/\/lacanteradelebro.es\/es\/wp-json\/wp\/v2\/product"}],"about":[{"href":"https:\/\/lacanteradelebro.es\/es\/wp-json\/wp\/v2\/types\/product"}],"replies":[{"embeddable":true,"href":"https:\/\/lacanteradelebro.es\/es\/wp-json\/wp\/v2\/comments?post=4661"}],"wp:featuredmedia":[{"embeddable":true,"href":"https:\/\/lacanteradelebro.es\/es\/wp-json\/wp\/v2\/media\/4657"}],"wp:attachment":[{"href":"https:\/\/lacanteradelebro.es\/es\/wp-json\/wp\/v2\/media?parent=4661"}],"wp:term":[{"taxonomy":"product_brand","embeddable":true,"href":"https:\/\/lacanteradelebro.es\/es\/wp-json\/wp\/v2\/product_brand?post=4661"},{"taxonomy":"product_cat","embeddable":true,"href":"https:\/\/lacanteradelebro.es\/es\/wp-json\/wp\/v2\/product_cat?post=4661"},{"taxonomy":"product_tag","embeddable":true,"href":"https:\/\/lacanteradelebro.es\/es\/wp-json\/wp\/v2\/product_tag?post=4661"}],"curies":[{"name":"wp","href":"https:\/\/api.w.org\/{rel}","templated":true}]}}