{"id":4618,"date":"2026-02-23T08:46:07","date_gmt":"2026-02-23T08:46:07","guid":{"rendered":"https:\/\/lacanteradelebro.es\/es_es\/producto\/masivo-de-esmeralda-en-bruto-semipulida-mineral-natural\/"},"modified":"2026-02-23T08:46:07","modified_gmt":"2026-02-23T08:46:07","slug":"masivo-de-esmeralda-en-bruto-semipulida-mineral-natural","status":"publish","type":"product","link":"https:\/\/lacanteradelebro.es\/es\/producto\/masivo-de-esmeralda-en-bruto-semipulida-mineral-natural\/","title":{"rendered":"Masivo de Esmeralda en bruto semipulida. Mineral natural"},"content":{"rendered":"<h2>\n<p>  Descripci\u00f3n: <\/p>\n<\/h2>\n<p> Peso 1356 gr<\/p>\n<p> Tama\u00f1o Alto 11, Largo 12cm, Ancho 10 cm<\/p>\n<p> \u2728 <strong>  Descubre la belleza natural <\/strong> \u2728  Enorme pieza de Esmeralda en bruto, con zonas pulidas que destacan su belleza. Cada pulido revela la calidad \u00fanica de esta esmeralda. Un ejemplar ideal para amantes de la mineralog\u00eda.<\/p>\n<p> \ud83d\udd0d <strong>  Propiedades multifac\u00e9ticas <\/strong> \ud83d\udd0d  Con multitud de propiedades, este mineral natural es un objeto de admiraci\u00f3n. Su textura y apariencia son el resultado de su formaci\u00f3n natural. Ideal para coleccionistas y estudiosos del mineral.<\/p>\n<p> \ud83c\udf1f <strong>  Un ejemplo excepcional <\/strong> \ud83c\udf1f  Este masivo de esmeralda en bruto semipulida es un ejemplar excepcional. Su belleza y calidad lo convierten en un art\u00edculo valioso. Aprecia la naturaleza en cada pulido.<\/p>\n","protected":false},"excerpt":{"rendered":"<h2 style=\"text-align: left\"> Descripci\u00f3n:<\/h2>\n<p> Peso 1356 gr<\/p>\n<p> Tama\u00f1o Alto 11, Largo 12cm, Ancho 10 cm<\/p>\n<p> \u2728 <strong>  Descubre la belleza natural <\/strong> \u2728  Enorme pieza de Esmeralda en bruto, con zonas pulidas que destacan su belleza. Cada pulido revela la calidad \u00fanica de esta esmeralda. Un ejemplar ideal para amantes de la mineralog\u00eda.<\/p>\n<p> \ud83d\udd0d <strong>  Propiedades multifac\u00e9ticas <\/strong> \ud83d\udd0d  Con multitud de propiedades, este mineral natural es un objeto de admiraci\u00f3n. Su textura y apariencia son el resultado de su formaci\u00f3n natural. Ideal para coleccionistas y estudiosos del mineral.<\/p>\n<p> \ud83c\udf1f <strong>  Un ejemplo excepcional <\/strong> \ud83c\udf1f  Este masivo de esmeralda en bruto semipulida es un ejemplar excepcional. Su belleza y calidad lo convierten en un art\u00edculo valioso. Aprecia la naturaleza en cada pulido.<\/p>\n","protected":false},"featured_media":4612,"comment_status":"open","ping_status":"closed","template":"","meta":{"inline_featured_image":false},"product_brand":[],"product_cat":[92,90,91,42],"product_tag":[],"class_list":{"0":"post-4618","1":"product","2":"type-product","3":"status-publish","4":"has-post-thumbnail","6":"product_cat-accesorios-de-joyeria-y-derivados","7":"product_cat-piedras-semipreciosas","8":"product_cat-piedras-semipreciosas-semiacabadas","9":"product_cat-minerales","10":"pa_brand-la-cantera-del-ebro","12":"first","13":"instock","14":"shipping-taxable","15":"purchasable","16":"product-type-simple"},"yoast_head":"<!-- This site is optimized with the Yoast SEO Premium plugin v27.0 (Yoast SEO v27.1.1) - https:\/\/yoast.com\/product\/yoast-seo-premium-wordpress\/ -->\n<title>Masivo de Esmeralda en bruto semipulida. Mineral natural - La Cantera del Ebro<\/title>\n<meta name=\"robots\" content=\"index, follow, max-snippet:-1, max-image-preview:large, max-video-preview:-1\" \/>\n<link rel=\"canonical\" href=\"https:\/\/lacanteradelebro.es\/es\/es_es\/producto\/masivo-de-esmeralda-en-bruto-semipulida-mineral-natural\/\" \/>\n<meta property=\"og:locale\" content=\"es_ES\" \/>\n<meta property=\"og:type\" content=\"article\" \/>\n<meta property=\"og:title\" content=\"Masivo de Esmeralda en bruto semipulida. Mineral natural\" \/>\n<meta property=\"og:description\" content=\"Descripci\u00f3n: Peso 1356 gr Tama\u00f1o Alto 11, Largo 12cm, Ancho 10 cm \u2728  Descubre la belleza natural \u2728 Enorme pieza de Esmeralda en bruto, con zonas pulidas que destacan su belleza. Cada pulido revela la calidad \u00fanica de esta esmeralda. Un ejemplar ideal para amantes de la mineralog\u00eda. \ud83d\udd0d  Propiedades multifac\u00e9ticas \ud83d\udd0d Con multitud de propiedades, este mineral natural es un objeto de admiraci\u00f3n. Su textura y apariencia son el resultado de su formaci\u00f3n natural. Ideal para coleccionistas y estudiosos del mineral. \ud83c\udf1f  Un ejemplo excepcional \ud83c\udf1f Este masivo de esmeralda en bruto semipulida es un ejemplar excepcional. Su belleza y calidad lo convierten en un art\u00edculo valioso. Aprecia la naturaleza en cada pulido.\" \/>\n<meta property=\"og:url\" content=\"https:\/\/lacanteradelebro.es\/es\/es_es\/producto\/masivo-de-esmeralda-en-bruto-semipulida-mineral-natural\/\" \/>\n<meta property=\"og:site_name\" content=\"La Cantera del Ebro\" \/>\n<meta property=\"og:image\" content=\"https:\/\/lacanteradelebro.es\/wp-content\/uploads\/2025\/08\/Screenshot_20250815_230608_One-UI-Home-1-scaled.jpg\" \/>\n\t<meta property=\"og:image:width\" content=\"2560\" \/>\n\t<meta property=\"og:image:height\" content=\"1583\" \/>\n\t<meta property=\"og:image:type\" content=\"image\/jpeg\" \/>\n<meta name=\"twitter:card\" content=\"summary_large_image\" \/>\n<meta name=\"twitter:label1\" content=\"Tiempo de lectura\" \/>\n\t<meta name=\"twitter:data1\" content=\"1 minuto\" \/>\n<script type=\"application\/ld+json\" class=\"yoast-schema-graph\">{\"@context\":\"https:\/\/schema.org\",\"@graph\":[{\"@type\":\"WebPage\",\"@id\":\"https:\/\/lacanteradelebro.es\/es_es\/producto\/masivo-de-esmeralda-en-bruto-semipulida-mineral-natural\/\",\"url\":\"https:\/\/lacanteradelebro.es\/es_es\/producto\/masivo-de-esmeralda-en-bruto-semipulida-mineral-natural\/\",\"name\":\"Masivo de Esmeralda en bruto semipulida. Mineral natural - La Cantera del Ebro\",\"isPartOf\":{\"@id\":\"https:\/\/lacanteradelebro.es\/#website\"},\"primaryImageOfPage\":{\"@id\":\"https:\/\/lacanteradelebro.es\/es_es\/producto\/masivo-de-esmeralda-en-bruto-semipulida-mineral-natural\/#primaryimage\"},\"image\":{\"@id\":\"https:\/\/lacanteradelebro.es\/es_es\/producto\/masivo-de-esmeralda-en-bruto-semipulida-mineral-natural\/#primaryimage\"},\"thumbnailUrl\":\"https:\/\/lacanteradelebro.es\/wp-content\/uploads\/2026\/02\/47ad0952430b45b48d34427d2962cd76tplv-t5fjg24jzw-origin-jpeg-scaled-3-1.jpeg\",\"datePublished\":\"2026-02-23T08:46:07+00:00\",\"breadcrumb\":{\"@id\":\"https:\/\/lacanteradelebro.es\/es_es\/producto\/masivo-de-esmeralda-en-bruto-semipulida-mineral-natural\/#breadcrumb\"},\"inLanguage\":\"es\",\"potentialAction\":[{\"@type\":\"ReadAction\",\"target\":[\"https:\/\/lacanteradelebro.es\/es_es\/producto\/masivo-de-esmeralda-en-bruto-semipulida-mineral-natural\/\"]}]},{\"@type\":\"ImageObject\",\"inLanguage\":\"es\",\"@id\":\"https:\/\/lacanteradelebro.es\/es_es\/producto\/masivo-de-esmeralda-en-bruto-semipulida-mineral-natural\/#primaryimage\",\"url\":\"https:\/\/lacanteradelebro.es\/wp-content\/uploads\/2026\/02\/47ad0952430b45b48d34427d2962cd76tplv-t5fjg24jzw-origin-jpeg-scaled-3-1.jpeg\",\"contentUrl\":\"https:\/\/lacanteradelebro.es\/wp-content\/uploads\/2026\/02\/47ad0952430b45b48d34427d2962cd76tplv-t5fjg24jzw-origin-jpeg-scaled-3-1.jpeg\",\"width\":1600,\"height\":2133},{\"@type\":\"BreadcrumbList\",\"@id\":\"https:\/\/lacanteradelebro.es\/es_es\/producto\/masivo-de-esmeralda-en-bruto-semipulida-mineral-natural\/#breadcrumb\",\"itemListElement\":[{\"@type\":\"ListItem\",\"position\":1,\"name\":\"Portada\",\"item\":\"https:\/\/lacanteradelebro.es\/es\/\"},{\"@type\":\"ListItem\",\"position\":2,\"name\":\"Shop\",\"item\":\"https:\/\/lacanteradelebro.es\/ca\/tienda-2\/\"},{\"@type\":\"ListItem\",\"position\":3,\"name\":\"Masivo de Esmeralda en bruto semipulida. Mineral natural\"}]},{\"@type\":\"WebSite\",\"@id\":\"https:\/\/lacanteradelebro.es\/#website\",\"url\":\"https:\/\/lacanteradelebro.es\/\",\"name\":\"La Cantera del Ebro\",\"description\":\"Transformamos la belleza de la piedra natural y la calidez de la madera artesanal en joyas y objetos \u00fanicos. Cada creaci\u00f3n est\u00e1 hecha a mano con pasi\u00f3n, conect\u00e1ndote con la Tierra a trav\u00e9s de dise\u00f1os exclusivos y llenos de alma.\",\"publisher\":{\"@id\":\"https:\/\/lacanteradelebro.es\/#\/schema\/person\/2c7df64eef01f69456a16d6540d266df\"},\"potentialAction\":[{\"@type\":\"SearchAction\",\"target\":{\"@type\":\"EntryPoint\",\"urlTemplate\":\"https:\/\/lacanteradelebro.es\/?s={search_term_string}\"},\"query-input\":{\"@type\":\"PropertyValueSpecification\",\"valueRequired\":true,\"valueName\":\"search_term_string\"}}],\"inLanguage\":\"es\"},{\"@type\":[\"Person\",\"Organization\"],\"@id\":\"https:\/\/lacanteradelebro.es\/#\/schema\/person\/2c7df64eef01f69456a16d6540d266df\",\"name\":\"Fernando\",\"image\":{\"@type\":\"ImageObject\",\"inLanguage\":\"es\",\"@id\":\"https:\/\/lacanteradelebro.es\/#\/schema\/person\/image\/\",\"url\":\"https:\/\/lacanteradelebro.es\/wp-content\/uploads\/2025\/06\/cropped-Logo_BO2.png\",\"contentUrl\":\"https:\/\/lacanteradelebro.es\/wp-content\/uploads\/2025\/06\/cropped-Logo_BO2.png\",\"width\":512,\"height\":512,\"caption\":\"Fernando\"},\"logo\":{\"@id\":\"https:\/\/lacanteradelebro.es\/#\/schema\/person\/image\/\"},\"publishingPrinciples\":\"https:\/\/lacanteradelebro.es\/ca\/politica-de-privacidad\/\",\"ownershipFundingInfo\":\"https:\/\/lacanteradelebro.es\/ca\/politica-de-privacidad\/\",\"actionableFeedbackPolicy\":\"https:\/\/lacanteradelebro.es\/ca\/aviso-legal\/\",\"correctionsPolicy\":\"https:\/\/lacanteradelebro.es\/ca\/reembolso_devoluciones\/\",\"ethicsPolicy\":\"https:\/\/lacanteradelebro.es\/ca\/politica-de-cookies\/\",\"diversityPolicy\":\"https:\/\/lacanteradelebro.es\/ca\/politica-de-cookies\/\",\"diversityStaffingReport\":\"https:\/\/lacanteradelebro.es\/ca\/politica-de-privacidad\/\"}]}<\/script>\n<!-- \/ Yoast SEO Premium plugin. -->","yoast_head_json":{"title":"Masivo de Esmeralda en bruto semipulida. Mineral natural - La Cantera del Ebro","robots":{"index":"index","follow":"follow","max-snippet":"max-snippet:-1","max-image-preview":"max-image-preview:large","max-video-preview":"max-video-preview:-1"},"canonical":"https:\/\/lacanteradelebro.es\/es\/es_es\/producto\/masivo-de-esmeralda-en-bruto-semipulida-mineral-natural\/","og_locale":"es_ES","og_type":"article","og_title":"Masivo de Esmeralda en bruto semipulida. Mineral natural","og_description":"Descripci\u00f3n: Peso 1356 gr Tama\u00f1o Alto 11, Largo 12cm, Ancho 10 cm \u2728  Descubre la belleza natural \u2728 Enorme pieza de Esmeralda en bruto, con zonas pulidas que destacan su belleza. Cada pulido revela la calidad \u00fanica de esta esmeralda. Un ejemplar ideal para amantes de la mineralog\u00eda. \ud83d\udd0d  Propiedades multifac\u00e9ticas \ud83d\udd0d Con multitud de propiedades, este mineral natural es un objeto de admiraci\u00f3n. Su textura y apariencia son el resultado de su formaci\u00f3n natural. Ideal para coleccionistas y estudiosos del mineral. \ud83c\udf1f  Un ejemplo excepcional \ud83c\udf1f Este masivo de esmeralda en bruto semipulida es un ejemplar excepcional. Su belleza y calidad lo convierten en un art\u00edculo valioso. Aprecia la naturaleza en cada pulido.","og_url":"https:\/\/lacanteradelebro.es\/es\/es_es\/producto\/masivo-de-esmeralda-en-bruto-semipulida-mineral-natural\/","og_site_name":"La Cantera del Ebro","og_image":[{"width":2560,"height":1583,"url":"https:\/\/lacanteradelebro.es\/wp-content\/uploads\/2025\/08\/Screenshot_20250815_230608_One-UI-Home-1-scaled.jpg","type":"image\/jpeg"}],"twitter_card":"summary_large_image","twitter_misc":{"Tiempo de lectura":"1 minuto"},"schema":{"@context":"https:\/\/schema.org","@graph":[{"@type":"WebPage","@id":"https:\/\/lacanteradelebro.es\/es_es\/producto\/masivo-de-esmeralda-en-bruto-semipulida-mineral-natural\/","url":"https:\/\/lacanteradelebro.es\/es_es\/producto\/masivo-de-esmeralda-en-bruto-semipulida-mineral-natural\/","name":"Masivo de Esmeralda en bruto semipulida. Mineral natural - La Cantera del Ebro","isPartOf":{"@id":"https:\/\/lacanteradelebro.es\/#website"},"primaryImageOfPage":{"@id":"https:\/\/lacanteradelebro.es\/es_es\/producto\/masivo-de-esmeralda-en-bruto-semipulida-mineral-natural\/#primaryimage"},"image":{"@id":"https:\/\/lacanteradelebro.es\/es_es\/producto\/masivo-de-esmeralda-en-bruto-semipulida-mineral-natural\/#primaryimage"},"thumbnailUrl":"https:\/\/lacanteradelebro.es\/wp-content\/uploads\/2026\/02\/47ad0952430b45b48d34427d2962cd76tplv-t5fjg24jzw-origin-jpeg-scaled-3-1.jpeg","datePublished":"2026-02-23T08:46:07+00:00","breadcrumb":{"@id":"https:\/\/lacanteradelebro.es\/es_es\/producto\/masivo-de-esmeralda-en-bruto-semipulida-mineral-natural\/#breadcrumb"},"inLanguage":"es","potentialAction":[{"@type":"ReadAction","target":["https:\/\/lacanteradelebro.es\/es_es\/producto\/masivo-de-esmeralda-en-bruto-semipulida-mineral-natural\/"]}]},{"@type":"ImageObject","inLanguage":"es","@id":"https:\/\/lacanteradelebro.es\/es_es\/producto\/masivo-de-esmeralda-en-bruto-semipulida-mineral-natural\/#primaryimage","url":"https:\/\/lacanteradelebro.es\/wp-content\/uploads\/2026\/02\/47ad0952430b45b48d34427d2962cd76tplv-t5fjg24jzw-origin-jpeg-scaled-3-1.jpeg","contentUrl":"https:\/\/lacanteradelebro.es\/wp-content\/uploads\/2026\/02\/47ad0952430b45b48d34427d2962cd76tplv-t5fjg24jzw-origin-jpeg-scaled-3-1.jpeg","width":1600,"height":2133},{"@type":"BreadcrumbList","@id":"https:\/\/lacanteradelebro.es\/es_es\/producto\/masivo-de-esmeralda-en-bruto-semipulida-mineral-natural\/#breadcrumb","itemListElement":[{"@type":"ListItem","position":1,"name":"Portada","item":"https:\/\/lacanteradelebro.es\/es\/"},{"@type":"ListItem","position":2,"name":"Shop","item":"https:\/\/lacanteradelebro.es\/ca\/tienda-2\/"},{"@type":"ListItem","position":3,"name":"Masivo de Esmeralda en bruto semipulida. Mineral natural"}]},{"@type":"WebSite","@id":"https:\/\/lacanteradelebro.es\/#website","url":"https:\/\/lacanteradelebro.es\/","name":"La Cantera del Ebro","description":"Transformamos la belleza de la piedra natural y la calidez de la madera artesanal en joyas y objetos \u00fanicos. Cada creaci\u00f3n est\u00e1 hecha a mano con pasi\u00f3n, conect\u00e1ndote con la Tierra a trav\u00e9s de dise\u00f1os exclusivos y llenos de alma.","publisher":{"@id":"https:\/\/lacanteradelebro.es\/#\/schema\/person\/2c7df64eef01f69456a16d6540d266df"},"potentialAction":[{"@type":"SearchAction","target":{"@type":"EntryPoint","urlTemplate":"https:\/\/lacanteradelebro.es\/?s={search_term_string}"},"query-input":{"@type":"PropertyValueSpecification","valueRequired":true,"valueName":"search_term_string"}}],"inLanguage":"es"},{"@type":["Person","Organization"],"@id":"https:\/\/lacanteradelebro.es\/#\/schema\/person\/2c7df64eef01f69456a16d6540d266df","name":"Fernando","image":{"@type":"ImageObject","inLanguage":"es","@id":"https:\/\/lacanteradelebro.es\/#\/schema\/person\/image\/","url":"https:\/\/lacanteradelebro.es\/wp-content\/uploads\/2025\/06\/cropped-Logo_BO2.png","contentUrl":"https:\/\/lacanteradelebro.es\/wp-content\/uploads\/2025\/06\/cropped-Logo_BO2.png","width":512,"height":512,"caption":"Fernando"},"logo":{"@id":"https:\/\/lacanteradelebro.es\/#\/schema\/person\/image\/"},"publishingPrinciples":"https:\/\/lacanteradelebro.es\/ca\/politica-de-privacidad\/","ownershipFundingInfo":"https:\/\/lacanteradelebro.es\/ca\/politica-de-privacidad\/","actionableFeedbackPolicy":"https:\/\/lacanteradelebro.es\/ca\/aviso-legal\/","correctionsPolicy":"https:\/\/lacanteradelebro.es\/ca\/reembolso_devoluciones\/","ethicsPolicy":"https:\/\/lacanteradelebro.es\/ca\/politica-de-cookies\/","diversityPolicy":"https:\/\/lacanteradelebro.es\/ca\/politica-de-cookies\/","diversityStaffingReport":"https:\/\/lacanteradelebro.es\/ca\/politica-de-privacidad\/"}]}},"_links":{"self":[{"href":"https:\/\/lacanteradelebro.es\/es\/wp-json\/wp\/v2\/product\/4618","targetHints":{"allow":["GET"]}}],"collection":[{"href":"https:\/\/lacanteradelebro.es\/es\/wp-json\/wp\/v2\/product"}],"about":[{"href":"https:\/\/lacanteradelebro.es\/es\/wp-json\/wp\/v2\/types\/product"}],"replies":[{"embeddable":true,"href":"https:\/\/lacanteradelebro.es\/es\/wp-json\/wp\/v2\/comments?post=4618"}],"wp:featuredmedia":[{"embeddable":true,"href":"https:\/\/lacanteradelebro.es\/es\/wp-json\/wp\/v2\/media\/4612"}],"wp:attachment":[{"href":"https:\/\/lacanteradelebro.es\/es\/wp-json\/wp\/v2\/media?parent=4618"}],"wp:term":[{"taxonomy":"product_brand","embeddable":true,"href":"https:\/\/lacanteradelebro.es\/es\/wp-json\/wp\/v2\/product_brand?post=4618"},{"taxonomy":"product_cat","embeddable":true,"href":"https:\/\/lacanteradelebro.es\/es\/wp-json\/wp\/v2\/product_cat?post=4618"},{"taxonomy":"product_tag","embeddable":true,"href":"https:\/\/lacanteradelebro.es\/es\/wp-json\/wp\/v2\/product_tag?post=4618"}],"curies":[{"name":"wp","href":"https:\/\/api.w.org\/{rel}","templated":true}]}}