{"id":4543,"date":"2026-02-23T08:42:51","date_gmt":"2026-02-23T08:42:51","guid":{"rendered":"https:\/\/lacanteradelebro.es\/es_es\/producto\/pendientes-de-granate-natural-fabricados-en-plata-925-con-bola-de-dos-medidas-10-mm-y-8-mm\/"},"modified":"2026-02-23T08:42:51","modified_gmt":"2026-02-23T08:42:51","slug":"pendientes-de-granate-natural-fabricados-en-plata-925-con-bola-de-dos-medidas-10-mm-y-8-mm","status":"publish","type":"product","link":"https:\/\/lacanteradelebro.es\/es\/producto\/pendientes-de-granate-natural-fabricados-en-plata-925-con-bola-de-dos-medidas-10-mm-y-8-mm\/","title":{"rendered":"Pendientes de Granate natural fabricados en plata 925 con bola de dos medidas 10 mm y 8 mm"},"content":{"rendered":"<p> <strong>  Peso 8 Gr <\/strong><\/p>\n<p> <strong>  Tama\u00f1o Pendientes artesanales de granate en plata 925 (bola 8 mm y 10 mm) <\/strong><\/p>\n<p> Pendientes artesanales elaborados en plata de ley 925 y granate natural, una piedra conocida por su intenso color rojo y su car\u00e1cter atemporal. El dise\u00f1o combina dos bolas de granate de 8 mm y 10 mm, creando un contraste equilibrado que aporta movimiento y personalidad a la pieza. Cada par est\u00e1 hecho a mano, lo que convierte a estos pendientes en una joya \u00fanica y especial.<\/p>\n<p> \ufe0f Granate natural en bolas de 8 mm y 10 mm  Plata de ley 925  \ufe0f Elaboraci\u00f3n artesanal  Dise\u00f1o elegante con presencia y movimiento<\/p>\n<p> Perfectos para quienes buscan una joya con fuerza, sofisticaci\u00f3n y un acabado artesanal que marca la diferencia.<\/p>\n","protected":false},"excerpt":{"rendered":"<p> <strong>  Peso 8 Gr <\/strong><\/p>\n<p> <strong>  Tama\u00f1o Pendientes artesanales de granate en plata 925 (bola 8 mm y 10 mm) <\/strong><\/p>\n<p> Pendientes artesanales elaborados en plata de ley 925 y granate natural, una piedra conocida por su intenso color rojo y su car\u00e1cter atemporal. El dise\u00f1o combina dos bolas de granate de 8 mm y 10 mm, creando un contraste equilibrado que aporta movimiento y personalidad a la pieza. Cada par est\u00e1 hecho a mano, lo que convierte a estos pendientes en una joya \u00fanica y especial.<\/p>\n<p> \ufe0f Granate natural en bolas de 8 mm y 10 mm  Plata de ley 925  \ufe0f Elaboraci\u00f3n artesanal  Dise\u00f1o elegante con presencia y movimiento<\/p>\n<p> Perfectos para quienes buscan una joya con fuerza, sofisticaci\u00f3n y un acabado artesanal que marca la diferencia.<\/p>\n","protected":false},"featured_media":4541,"comment_status":"open","ping_status":"closed","template":"","meta":{"inline_featured_image":false},"product_brand":[],"product_cat":[92,96,90,45,121],"product_tag":[],"class_list":{"0":"post-4543","1":"product","2":"type-product","3":"status-publish","4":"has-post-thumbnail","6":"product_cat-accesorios-de-joyeria-y-derivados","7":"product_cat-pendientes-de-piedras-semipreciosas","8":"product_cat-piedras-semipreciosas","9":"product_cat-joyeria","10":"product_cat-pendientes","12":"first","13":"instock","14":"shipping-taxable","15":"purchasable","16":"product-type-simple"},"yoast_head":"<!-- This site is optimized with the Yoast SEO Premium plugin v27.0 (Yoast SEO v27.4) - https:\/\/yoast.com\/product\/yoast-seo-premium-wordpress\/ -->\n<title>Pendientes de Granate natural fabricados en plata 925 con bola de dos medidas 10 mm y 8 mm - La Cantera del Ebro<\/title>\n<meta name=\"robots\" content=\"index, follow, max-snippet:-1, max-image-preview:large, max-video-preview:-1\" \/>\n<link rel=\"canonical\" href=\"https:\/\/lacanteradelebro.es\/es\/es_es\/producto\/pendientes-de-granate-natural-fabricados-en-plata-925-con-bola-de-dos-medidas-10-mm-y-8-mm\/\" \/>\n<meta property=\"og:locale\" content=\"es_ES\" \/>\n<meta property=\"og:type\" content=\"article\" \/>\n<meta property=\"og:title\" content=\"Pendientes de Granate natural fabricados en plata 925 con bola de dos medidas 10 mm y 8 mm\" \/>\n<meta property=\"og:description\" content=\"Peso 8 Gr  Tama\u00f1o Pendientes artesanales de granate en plata 925 (bola 8 mm y 10 mm) Pendientes artesanales elaborados en plata de ley 925 y granate natural, una piedra conocida por su intenso color rojo y su car\u00e1cter atemporal. El dise\u00f1o combina dos bolas de granate de 8 mm y 10 mm, creando un contraste equilibrado que aporta movimiento y personalidad a la pieza. Cada par est\u00e1 hecho a mano, lo que convierte a estos pendientes en una joya \u00fanica y especial. \ufe0f Granate natural en bolas de 8 mm y 10 mm Plata de ley 925 \ufe0f Elaboraci\u00f3n artesanal Dise\u00f1o elegante con presencia y movimiento Perfectos para quienes buscan una joya con fuerza, sofisticaci\u00f3n y un acabado artesanal que marca la diferencia.\" \/>\n<meta property=\"og:url\" content=\"https:\/\/lacanteradelebro.es\/es\/es_es\/producto\/pendientes-de-granate-natural-fabricados-en-plata-925-con-bola-de-dos-medidas-10-mm-y-8-mm\/\" \/>\n<meta property=\"og:site_name\" content=\"La Cantera del Ebro\" \/>\n<meta property=\"og:image\" content=\"https:\/\/lacanteradelebro.es\/wp-content\/uploads\/2025\/08\/Screenshot_20250815_230608_One-UI-Home-1-scaled.jpg\" \/>\n\t<meta property=\"og:image:width\" content=\"2560\" \/>\n\t<meta property=\"og:image:height\" content=\"1583\" \/>\n\t<meta property=\"og:image:type\" content=\"image\/jpeg\" \/>\n<meta name=\"twitter:card\" content=\"summary_large_image\" \/>\n<meta name=\"twitter:label1\" content=\"Tiempo de lectura\" \/>\n\t<meta name=\"twitter:data1\" content=\"1 minuto\" \/>\n<script type=\"application\/ld+json\" class=\"yoast-schema-graph\">{\"@context\":\"https:\\\/\\\/schema.org\",\"@graph\":[{\"@type\":\"WebPage\",\"@id\":\"https:\\\/\\\/lacanteradelebro.es\\\/es_es\\\/producto\\\/pendientes-de-granate-natural-fabricados-en-plata-925-con-bola-de-dos-medidas-10-mm-y-8-mm\\\/\",\"url\":\"https:\\\/\\\/lacanteradelebro.es\\\/es_es\\\/producto\\\/pendientes-de-granate-natural-fabricados-en-plata-925-con-bola-de-dos-medidas-10-mm-y-8-mm\\\/\",\"name\":\"Pendientes de Granate natural fabricados en plata 925 con bola de dos medidas 10 mm y 8 mm - La Cantera del Ebro\",\"isPartOf\":{\"@id\":\"https:\\\/\\\/lacanteradelebro.es\\\/#website\"},\"primaryImageOfPage\":{\"@id\":\"https:\\\/\\\/lacanteradelebro.es\\\/es_es\\\/producto\\\/pendientes-de-granate-natural-fabricados-en-plata-925-con-bola-de-dos-medidas-10-mm-y-8-mm\\\/#primaryimage\"},\"image\":{\"@id\":\"https:\\\/\\\/lacanteradelebro.es\\\/es_es\\\/producto\\\/pendientes-de-granate-natural-fabricados-en-plata-925-con-bola-de-dos-medidas-10-mm-y-8-mm\\\/#primaryimage\"},\"thumbnailUrl\":\"https:\\\/\\\/lacanteradelebro.es\\\/wp-content\\\/uploads\\\/2026\\\/02\\\/4f38935b90be4ba6b7c576704b0e9472tplv-t5fjg24jzw-origin-jpeg-scaled-1.jpeg\",\"datePublished\":\"2026-02-23T08:42:51+00:00\",\"breadcrumb\":{\"@id\":\"https:\\\/\\\/lacanteradelebro.es\\\/es_es\\\/producto\\\/pendientes-de-granate-natural-fabricados-en-plata-925-con-bola-de-dos-medidas-10-mm-y-8-mm\\\/#breadcrumb\"},\"inLanguage\":\"es\",\"potentialAction\":[{\"@type\":\"ReadAction\",\"target\":[\"https:\\\/\\\/lacanteradelebro.es\\\/es_es\\\/producto\\\/pendientes-de-granate-natural-fabricados-en-plata-925-con-bola-de-dos-medidas-10-mm-y-8-mm\\\/\"]}]},{\"@type\":\"ImageObject\",\"inLanguage\":\"es\",\"@id\":\"https:\\\/\\\/lacanteradelebro.es\\\/es_es\\\/producto\\\/pendientes-de-granate-natural-fabricados-en-plata-925-con-bola-de-dos-medidas-10-mm-y-8-mm\\\/#primaryimage\",\"url\":\"https:\\\/\\\/lacanteradelebro.es\\\/wp-content\\\/uploads\\\/2026\\\/02\\\/4f38935b90be4ba6b7c576704b0e9472tplv-t5fjg24jzw-origin-jpeg-scaled-1.jpeg\",\"contentUrl\":\"https:\\\/\\\/lacanteradelebro.es\\\/wp-content\\\/uploads\\\/2026\\\/02\\\/4f38935b90be4ba6b7c576704b0e9472tplv-t5fjg24jzw-origin-jpeg-scaled-1.jpeg\",\"width\":1600,\"height\":2133},{\"@type\":\"BreadcrumbList\",\"@id\":\"https:\\\/\\\/lacanteradelebro.es\\\/es_es\\\/producto\\\/pendientes-de-granate-natural-fabricados-en-plata-925-con-bola-de-dos-medidas-10-mm-y-8-mm\\\/#breadcrumb\",\"itemListElement\":[{\"@type\":\"ListItem\",\"position\":1,\"name\":\"Portada\",\"item\":\"https:\\\/\\\/lacanteradelebro.es\\\/es\\\/\"},{\"@type\":\"ListItem\",\"position\":2,\"name\":\"Shop\",\"item\":\"https:\\\/\\\/lacanteradelebro.es\\\/ca\\\/tienda-2\\\/\"},{\"@type\":\"ListItem\",\"position\":3,\"name\":\"Pendientes de Granate natural fabricados en plata 925 con bola de dos medidas 10 mm y 8 mm\"}]},{\"@type\":\"WebSite\",\"@id\":\"https:\\\/\\\/lacanteradelebro.es\\\/#website\",\"url\":\"https:\\\/\\\/lacanteradelebro.es\\\/\",\"name\":\"La Cantera del Ebro\",\"description\":\"Transformamos la belleza de la piedra natural y la calidez de la madera artesanal en joyas y objetos \u00fanicos. Cada creaci\u00f3n est\u00e1 hecha a mano con pasi\u00f3n, conect\u00e1ndote con la Tierra a trav\u00e9s de dise\u00f1os exclusivos y llenos de alma.\",\"publisher\":{\"@id\":\"https:\\\/\\\/lacanteradelebro.es\\\/#\\\/schema\\\/person\\\/2c7df64eef01f69456a16d6540d266df\"},\"potentialAction\":[{\"@type\":\"SearchAction\",\"target\":{\"@type\":\"EntryPoint\",\"urlTemplate\":\"https:\\\/\\\/lacanteradelebro.es\\\/?s={search_term_string}\"},\"query-input\":{\"@type\":\"PropertyValueSpecification\",\"valueRequired\":true,\"valueName\":\"search_term_string\"}}],\"inLanguage\":\"es\"},{\"@type\":[\"Person\",\"Organization\"],\"@id\":\"https:\\\/\\\/lacanteradelebro.es\\\/#\\\/schema\\\/person\\\/2c7df64eef01f69456a16d6540d266df\",\"name\":\"Fernando\",\"image\":{\"@type\":\"ImageObject\",\"inLanguage\":\"es\",\"@id\":\"https:\\\/\\\/lacanteradelebro.es\\\/wp-content\\\/uploads\\\/2025\\\/06\\\/cropped-Logo_BO2.png\",\"url\":\"https:\\\/\\\/lacanteradelebro.es\\\/wp-content\\\/uploads\\\/2025\\\/06\\\/cropped-Logo_BO2.png\",\"contentUrl\":\"https:\\\/\\\/lacanteradelebro.es\\\/wp-content\\\/uploads\\\/2025\\\/06\\\/cropped-Logo_BO2.png\",\"width\":512,\"height\":512,\"caption\":\"Fernando\"},\"logo\":{\"@id\":\"https:\\\/\\\/lacanteradelebro.es\\\/wp-content\\\/uploads\\\/2025\\\/06\\\/cropped-Logo_BO2.png\"},\"publishingPrinciples\":\"https:\\\/\\\/lacanteradelebro.es\\\/ca\\\/politica-de-privacidad\\\/\",\"ownershipFundingInfo\":\"https:\\\/\\\/lacanteradelebro.es\\\/ca\\\/politica-de-privacidad\\\/\",\"actionableFeedbackPolicy\":\"https:\\\/\\\/lacanteradelebro.es\\\/ca\\\/aviso-legal\\\/\",\"correctionsPolicy\":\"https:\\\/\\\/lacanteradelebro.es\\\/ca\\\/reembolso_devoluciones\\\/\",\"ethicsPolicy\":\"https:\\\/\\\/lacanteradelebro.es\\\/ca\\\/politica-de-cookies\\\/\",\"diversityPolicy\":\"https:\\\/\\\/lacanteradelebro.es\\\/ca\\\/politica-de-cookies\\\/\",\"diversityStaffingReport\":\"https:\\\/\\\/lacanteradelebro.es\\\/ca\\\/politica-de-privacidad\\\/\"}]}<\/script>\n<!-- \/ Yoast SEO Premium plugin. -->","yoast_head_json":{"title":"Pendientes de Granate natural fabricados en plata 925 con bola de dos medidas 10 mm y 8 mm - La Cantera del Ebro","robots":{"index":"index","follow":"follow","max-snippet":"max-snippet:-1","max-image-preview":"max-image-preview:large","max-video-preview":"max-video-preview:-1"},"canonical":"https:\/\/lacanteradelebro.es\/es\/es_es\/producto\/pendientes-de-granate-natural-fabricados-en-plata-925-con-bola-de-dos-medidas-10-mm-y-8-mm\/","og_locale":"es_ES","og_type":"article","og_title":"Pendientes de Granate natural fabricados en plata 925 con bola de dos medidas 10 mm y 8 mm","og_description":"Peso 8 Gr  Tama\u00f1o Pendientes artesanales de granate en plata 925 (bola 8 mm y 10 mm) Pendientes artesanales elaborados en plata de ley 925 y granate natural, una piedra conocida por su intenso color rojo y su car\u00e1cter atemporal. El dise\u00f1o combina dos bolas de granate de 8 mm y 10 mm, creando un contraste equilibrado que aporta movimiento y personalidad a la pieza. Cada par est\u00e1 hecho a mano, lo que convierte a estos pendientes en una joya \u00fanica y especial. \ufe0f Granate natural en bolas de 8 mm y 10 mm Plata de ley 925 \ufe0f Elaboraci\u00f3n artesanal Dise\u00f1o elegante con presencia y movimiento Perfectos para quienes buscan una joya con fuerza, sofisticaci\u00f3n y un acabado artesanal que marca la diferencia.","og_url":"https:\/\/lacanteradelebro.es\/es\/es_es\/producto\/pendientes-de-granate-natural-fabricados-en-plata-925-con-bola-de-dos-medidas-10-mm-y-8-mm\/","og_site_name":"La Cantera del Ebro","og_image":[{"width":2560,"height":1583,"url":"https:\/\/lacanteradelebro.es\/wp-content\/uploads\/2025\/08\/Screenshot_20250815_230608_One-UI-Home-1-scaled.jpg","type":"image\/jpeg"}],"twitter_card":"summary_large_image","twitter_misc":{"Tiempo de lectura":"1 minuto"},"schema":{"@context":"https:\/\/schema.org","@graph":[{"@type":"WebPage","@id":"https:\/\/lacanteradelebro.es\/es_es\/producto\/pendientes-de-granate-natural-fabricados-en-plata-925-con-bola-de-dos-medidas-10-mm-y-8-mm\/","url":"https:\/\/lacanteradelebro.es\/es_es\/producto\/pendientes-de-granate-natural-fabricados-en-plata-925-con-bola-de-dos-medidas-10-mm-y-8-mm\/","name":"Pendientes de Granate natural fabricados en plata 925 con bola de dos medidas 10 mm y 8 mm - La Cantera del Ebro","isPartOf":{"@id":"https:\/\/lacanteradelebro.es\/#website"},"primaryImageOfPage":{"@id":"https:\/\/lacanteradelebro.es\/es_es\/producto\/pendientes-de-granate-natural-fabricados-en-plata-925-con-bola-de-dos-medidas-10-mm-y-8-mm\/#primaryimage"},"image":{"@id":"https:\/\/lacanteradelebro.es\/es_es\/producto\/pendientes-de-granate-natural-fabricados-en-plata-925-con-bola-de-dos-medidas-10-mm-y-8-mm\/#primaryimage"},"thumbnailUrl":"https:\/\/lacanteradelebro.es\/wp-content\/uploads\/2026\/02\/4f38935b90be4ba6b7c576704b0e9472tplv-t5fjg24jzw-origin-jpeg-scaled-1.jpeg","datePublished":"2026-02-23T08:42:51+00:00","breadcrumb":{"@id":"https:\/\/lacanteradelebro.es\/es_es\/producto\/pendientes-de-granate-natural-fabricados-en-plata-925-con-bola-de-dos-medidas-10-mm-y-8-mm\/#breadcrumb"},"inLanguage":"es","potentialAction":[{"@type":"ReadAction","target":["https:\/\/lacanteradelebro.es\/es_es\/producto\/pendientes-de-granate-natural-fabricados-en-plata-925-con-bola-de-dos-medidas-10-mm-y-8-mm\/"]}]},{"@type":"ImageObject","inLanguage":"es","@id":"https:\/\/lacanteradelebro.es\/es_es\/producto\/pendientes-de-granate-natural-fabricados-en-plata-925-con-bola-de-dos-medidas-10-mm-y-8-mm\/#primaryimage","url":"https:\/\/lacanteradelebro.es\/wp-content\/uploads\/2026\/02\/4f38935b90be4ba6b7c576704b0e9472tplv-t5fjg24jzw-origin-jpeg-scaled-1.jpeg","contentUrl":"https:\/\/lacanteradelebro.es\/wp-content\/uploads\/2026\/02\/4f38935b90be4ba6b7c576704b0e9472tplv-t5fjg24jzw-origin-jpeg-scaled-1.jpeg","width":1600,"height":2133},{"@type":"BreadcrumbList","@id":"https:\/\/lacanteradelebro.es\/es_es\/producto\/pendientes-de-granate-natural-fabricados-en-plata-925-con-bola-de-dos-medidas-10-mm-y-8-mm\/#breadcrumb","itemListElement":[{"@type":"ListItem","position":1,"name":"Portada","item":"https:\/\/lacanteradelebro.es\/es\/"},{"@type":"ListItem","position":2,"name":"Shop","item":"https:\/\/lacanteradelebro.es\/ca\/tienda-2\/"},{"@type":"ListItem","position":3,"name":"Pendientes de Granate natural fabricados en plata 925 con bola de dos medidas 10 mm y 8 mm"}]},{"@type":"WebSite","@id":"https:\/\/lacanteradelebro.es\/#website","url":"https:\/\/lacanteradelebro.es\/","name":"La Cantera del Ebro","description":"Transformamos la belleza de la piedra natural y la calidez de la madera artesanal en joyas y objetos \u00fanicos. Cada creaci\u00f3n est\u00e1 hecha a mano con pasi\u00f3n, conect\u00e1ndote con la Tierra a trav\u00e9s de dise\u00f1os exclusivos y llenos de alma.","publisher":{"@id":"https:\/\/lacanteradelebro.es\/#\/schema\/person\/2c7df64eef01f69456a16d6540d266df"},"potentialAction":[{"@type":"SearchAction","target":{"@type":"EntryPoint","urlTemplate":"https:\/\/lacanteradelebro.es\/?s={search_term_string}"},"query-input":{"@type":"PropertyValueSpecification","valueRequired":true,"valueName":"search_term_string"}}],"inLanguage":"es"},{"@type":["Person","Organization"],"@id":"https:\/\/lacanteradelebro.es\/#\/schema\/person\/2c7df64eef01f69456a16d6540d266df","name":"Fernando","image":{"@type":"ImageObject","inLanguage":"es","@id":"https:\/\/lacanteradelebro.es\/wp-content\/uploads\/2025\/06\/cropped-Logo_BO2.png","url":"https:\/\/lacanteradelebro.es\/wp-content\/uploads\/2025\/06\/cropped-Logo_BO2.png","contentUrl":"https:\/\/lacanteradelebro.es\/wp-content\/uploads\/2025\/06\/cropped-Logo_BO2.png","width":512,"height":512,"caption":"Fernando"},"logo":{"@id":"https:\/\/lacanteradelebro.es\/wp-content\/uploads\/2025\/06\/cropped-Logo_BO2.png"},"publishingPrinciples":"https:\/\/lacanteradelebro.es\/ca\/politica-de-privacidad\/","ownershipFundingInfo":"https:\/\/lacanteradelebro.es\/ca\/politica-de-privacidad\/","actionableFeedbackPolicy":"https:\/\/lacanteradelebro.es\/ca\/aviso-legal\/","correctionsPolicy":"https:\/\/lacanteradelebro.es\/ca\/reembolso_devoluciones\/","ethicsPolicy":"https:\/\/lacanteradelebro.es\/ca\/politica-de-cookies\/","diversityPolicy":"https:\/\/lacanteradelebro.es\/ca\/politica-de-cookies\/","diversityStaffingReport":"https:\/\/lacanteradelebro.es\/ca\/politica-de-privacidad\/"}]}},"_links":{"self":[{"href":"https:\/\/lacanteradelebro.es\/es\/wp-json\/wp\/v2\/product\/4543","targetHints":{"allow":["GET"]}}],"collection":[{"href":"https:\/\/lacanteradelebro.es\/es\/wp-json\/wp\/v2\/product"}],"about":[{"href":"https:\/\/lacanteradelebro.es\/es\/wp-json\/wp\/v2\/types\/product"}],"replies":[{"embeddable":true,"href":"https:\/\/lacanteradelebro.es\/es\/wp-json\/wp\/v2\/comments?post=4543"}],"wp:featuredmedia":[{"embeddable":true,"href":"https:\/\/lacanteradelebro.es\/es\/wp-json\/wp\/v2\/media\/4541"}],"wp:attachment":[{"href":"https:\/\/lacanteradelebro.es\/es\/wp-json\/wp\/v2\/media?parent=4543"}],"wp:term":[{"taxonomy":"product_brand","embeddable":true,"href":"https:\/\/lacanteradelebro.es\/es\/wp-json\/wp\/v2\/product_brand?post=4543"},{"taxonomy":"product_cat","embeddable":true,"href":"https:\/\/lacanteradelebro.es\/es\/wp-json\/wp\/v2\/product_cat?post=4543"},{"taxonomy":"product_tag","embeddable":true,"href":"https:\/\/lacanteradelebro.es\/es\/wp-json\/wp\/v2\/product_tag?post=4543"}],"curies":[{"name":"wp","href":"https:\/\/api.w.org\/{rel}","templated":true}]}}