{"id":4473,"date":"2026-02-23T08:39:45","date_gmt":"2026-02-23T08:39:45","guid":{"rendered":"https:\/\/lacanteradelebro.es\/es_es\/producto\/collar-gargantilla-cuarzo-cristal-facetado-engarzado-en-plata-925\/"},"modified":"2026-02-23T08:39:45","modified_gmt":"2026-02-23T08:39:45","slug":"collar-gargantilla-cuarzo-cristal-facetado-engarzado-en-plata-925","status":"publish","type":"product","link":"https:\/\/lacanteradelebro.es\/es\/producto\/collar-gargantilla-cuarzo-cristal-facetado-engarzado-en-plata-925\/","title":{"rendered":"Collar-gargantilla Cuarzo cristal facetado engarzado en  plata 925"},"content":{"rendered":"<p> Collar-gargantilla Cuarzo cristal facetado engarzado en plata 925<\/p>\n<h2>\n<p>  Descripci\u00f3n: <\/p>\n<\/h2>\n<p> Talla 40 (+3,5) Cm<\/p>\n<p> \u2728 <strong>  Detalles del Producto: <\/strong> &#8211; El collar-gargantilla est\u00e1 dise\u00f1ado con cuarzo cristal facetado.  &#8211; El cuarzo cristal es engarzado en plata 925, garantizando un acabado elegante.  &#8211; Este collar es perfecto para aquellos que buscan un accesorio sofisticado.<\/p>\n<p> \u2728 <strong>  Caracter\u00edsticas: <\/strong> &#8211; Material: Cuarzo cristal y plata 925.  &#8211; Dise\u00f1o: Facetado para un brillo destacado.  &#8211; Uso: Ideal para ocasiones especiales o diarias.<\/p>\n<p> \u2728 <strong>  Detalles Adicionales: <\/strong> &#8211; El collar-gargantilla combina elegancia y estilo.  &#8211; Es un accesorio vers\u00e1til que se adapta a diversos looks.  &#8211; Perfecto para regalar a personas que aprecian la belleza del cuarzo cristal.<\/p>\n","protected":false},"excerpt":{"rendered":"<h2 style=\"text-align: left\"><\/h2>\n<p> Collar-gargantilla Cuarzo cristal facetado engarzado en plata 925<\/p>\n<h2 style=\"text-align: left\"> Descripci\u00f3n:<\/h2>\n<p> Talla 40 (+3,5) Cm<\/p>\n<p> \u2728 <strong>  Detalles del Producto: <\/strong> \u2013 El collar-gargantilla est\u00e1 dise\u00f1ado con cuarzo cristal facetado.  \u2013 El cuarzo cristal es engarzado en plata 925, garantizando un acabado elegante.  \u2013 Este collar es perfecto para aquellos que buscan un accesorio sofisticado.<\/p>\n<p> \u2728 <strong>  Caracter\u00edsticas: <\/strong> \u2013 Material: Cuarzo cristal y plata 925.  \u2013 Dise\u00f1o: Facetado para un brillo destacado.  \u2013 Uso: Ideal para ocasiones especiales o diarias.<\/p>\n<p> \u2728 <strong>  Detalles Adicionales: <\/strong> \u2013 El collar-gargantilla combina elegancia y estilo.  \u2013 Es un accesorio vers\u00e1til que se adapta a diversos looks.  \u2013 Perfecto para regalar a personas que aprecian la belleza del cuarzo cristal.<\/p>\n","protected":false},"featured_media":4471,"comment_status":"open","ping_status":"closed","template":"","meta":{"inline_featured_image":false},"product_brand":[],"product_cat":[92,99,90,50,45],"product_tag":[],"class_list":{"0":"post-4473","1":"product","2":"type-product","3":"status-publish","4":"has-post-thumbnail","6":"product_cat-accesorios-de-joyeria-y-derivados","7":"product_cat-collares-y-colgantes-de-piedras-semipreciosas","8":"product_cat-piedras-semipreciosas","9":"product_cat-colgantes","10":"product_cat-joyeria","12":"first","13":"instock","14":"shipping-taxable","15":"purchasable","16":"product-type-simple"},"yoast_head":"<!-- This site is optimized with the Yoast SEO Premium plugin v27.0 (Yoast SEO v27.4) - https:\/\/yoast.com\/product\/yoast-seo-premium-wordpress\/ -->\n<title>Collar-gargantilla Cuarzo cristal facetado engarzado en plata 925 - La Cantera del Ebro<\/title>\n<meta name=\"robots\" content=\"index, follow, max-snippet:-1, max-image-preview:large, max-video-preview:-1\" \/>\n<link rel=\"canonical\" href=\"https:\/\/lacanteradelebro.es\/es\/es_es\/producto\/collar-gargantilla-cuarzo-cristal-facetado-engarzado-en-plata-925\/\" \/>\n<meta property=\"og:locale\" content=\"es_ES\" \/>\n<meta property=\"og:type\" content=\"article\" \/>\n<meta property=\"og:title\" content=\"Collar-gargantilla Cuarzo cristal facetado engarzado en plata 925\" \/>\n<meta property=\"og:description\" content=\"Collar-gargantilla Cuarzo cristal facetado engarzado en plata 925 Descripci\u00f3n: Talla 40 (+3,5) Cm \u2728  Detalles del Producto: \u2013 El collar-gargantilla est\u00e1 dise\u00f1ado con cuarzo cristal facetado. \u2013 El cuarzo cristal es engarzado en plata 925, garantizando un acabado elegante. \u2013 Este collar es perfecto para aquellos que buscan un accesorio sofisticado. \u2728  Caracter\u00edsticas: \u2013 Material: Cuarzo cristal y plata 925. \u2013 Dise\u00f1o: Facetado para un brillo destacado. \u2013 Uso: Ideal para ocasiones especiales o diarias. \u2728  Detalles Adicionales: \u2013 El collar-gargantilla combina elegancia y estilo. \u2013 Es un accesorio vers\u00e1til que se adapta a diversos looks. \u2013 Perfecto para regalar a personas que aprecian la belleza del cuarzo cristal.\" \/>\n<meta property=\"og:url\" content=\"https:\/\/lacanteradelebro.es\/es\/es_es\/producto\/collar-gargantilla-cuarzo-cristal-facetado-engarzado-en-plata-925\/\" \/>\n<meta property=\"og:site_name\" content=\"La Cantera del Ebro\" \/>\n<meta property=\"og:image\" content=\"https:\/\/lacanteradelebro.es\/wp-content\/uploads\/2025\/08\/Screenshot_20250815_230608_One-UI-Home-1-scaled.jpg\" \/>\n\t<meta property=\"og:image:width\" content=\"2560\" \/>\n\t<meta property=\"og:image:height\" content=\"1583\" \/>\n\t<meta property=\"og:image:type\" content=\"image\/jpeg\" \/>\n<meta name=\"twitter:card\" content=\"summary_large_image\" \/>\n<meta name=\"twitter:label1\" content=\"Tiempo de lectura\" \/>\n\t<meta name=\"twitter:data1\" content=\"1 minuto\" \/>\n<script type=\"application\/ld+json\" class=\"yoast-schema-graph\">{\"@context\":\"https:\\\/\\\/schema.org\",\"@graph\":[{\"@type\":\"WebPage\",\"@id\":\"https:\\\/\\\/lacanteradelebro.es\\\/es_es\\\/producto\\\/collar-gargantilla-cuarzo-cristal-facetado-engarzado-en-plata-925\\\/\",\"url\":\"https:\\\/\\\/lacanteradelebro.es\\\/es_es\\\/producto\\\/collar-gargantilla-cuarzo-cristal-facetado-engarzado-en-plata-925\\\/\",\"name\":\"Collar-gargantilla Cuarzo cristal facetado engarzado en plata 925 - La Cantera del Ebro\",\"isPartOf\":{\"@id\":\"https:\\\/\\\/lacanteradelebro.es\\\/#website\"},\"primaryImageOfPage\":{\"@id\":\"https:\\\/\\\/lacanteradelebro.es\\\/es_es\\\/producto\\\/collar-gargantilla-cuarzo-cristal-facetado-engarzado-en-plata-925\\\/#primaryimage\"},\"image\":{\"@id\":\"https:\\\/\\\/lacanteradelebro.es\\\/es_es\\\/producto\\\/collar-gargantilla-cuarzo-cristal-facetado-engarzado-en-plata-925\\\/#primaryimage\"},\"thumbnailUrl\":\"https:\\\/\\\/lacanteradelebro.es\\\/wp-content\\\/uploads\\\/2026\\\/02\\\/d11ae38913094160b8ac36a7dc9ac76ctplv-t5fjg24jzw-origin-jpeg-scaled-3-1.jpeg\",\"datePublished\":\"2026-02-23T08:39:45+00:00\",\"breadcrumb\":{\"@id\":\"https:\\\/\\\/lacanteradelebro.es\\\/es_es\\\/producto\\\/collar-gargantilla-cuarzo-cristal-facetado-engarzado-en-plata-925\\\/#breadcrumb\"},\"inLanguage\":\"es\",\"potentialAction\":[{\"@type\":\"ReadAction\",\"target\":[\"https:\\\/\\\/lacanteradelebro.es\\\/es_es\\\/producto\\\/collar-gargantilla-cuarzo-cristal-facetado-engarzado-en-plata-925\\\/\"]}]},{\"@type\":\"ImageObject\",\"inLanguage\":\"es\",\"@id\":\"https:\\\/\\\/lacanteradelebro.es\\\/es_es\\\/producto\\\/collar-gargantilla-cuarzo-cristal-facetado-engarzado-en-plata-925\\\/#primaryimage\",\"url\":\"https:\\\/\\\/lacanteradelebro.es\\\/wp-content\\\/uploads\\\/2026\\\/02\\\/d11ae38913094160b8ac36a7dc9ac76ctplv-t5fjg24jzw-origin-jpeg-scaled-3-1.jpeg\",\"contentUrl\":\"https:\\\/\\\/lacanteradelebro.es\\\/wp-content\\\/uploads\\\/2026\\\/02\\\/d11ae38913094160b8ac36a7dc9ac76ctplv-t5fjg24jzw-origin-jpeg-scaled-3-1.jpeg\",\"width\":1600,\"height\":2133},{\"@type\":\"BreadcrumbList\",\"@id\":\"https:\\\/\\\/lacanteradelebro.es\\\/es_es\\\/producto\\\/collar-gargantilla-cuarzo-cristal-facetado-engarzado-en-plata-925\\\/#breadcrumb\",\"itemListElement\":[{\"@type\":\"ListItem\",\"position\":1,\"name\":\"Portada\",\"item\":\"https:\\\/\\\/lacanteradelebro.es\\\/es\\\/\"},{\"@type\":\"ListItem\",\"position\":2,\"name\":\"Shop\",\"item\":\"https:\\\/\\\/lacanteradelebro.es\\\/ca\\\/tienda-2\\\/\"},{\"@type\":\"ListItem\",\"position\":3,\"name\":\"Collar-gargantilla Cuarzo cristal facetado engarzado en plata 925\"}]},{\"@type\":\"WebSite\",\"@id\":\"https:\\\/\\\/lacanteradelebro.es\\\/#website\",\"url\":\"https:\\\/\\\/lacanteradelebro.es\\\/\",\"name\":\"La Cantera del Ebro\",\"description\":\"Transformamos la belleza de la piedra natural y la calidez de la madera artesanal en joyas y objetos \u00fanicos. Cada creaci\u00f3n est\u00e1 hecha a mano con pasi\u00f3n, conect\u00e1ndote con la Tierra a trav\u00e9s de dise\u00f1os exclusivos y llenos de alma.\",\"publisher\":{\"@id\":\"https:\\\/\\\/lacanteradelebro.es\\\/#\\\/schema\\\/person\\\/2c7df64eef01f69456a16d6540d266df\"},\"potentialAction\":[{\"@type\":\"SearchAction\",\"target\":{\"@type\":\"EntryPoint\",\"urlTemplate\":\"https:\\\/\\\/lacanteradelebro.es\\\/?s={search_term_string}\"},\"query-input\":{\"@type\":\"PropertyValueSpecification\",\"valueRequired\":true,\"valueName\":\"search_term_string\"}}],\"inLanguage\":\"es\"},{\"@type\":[\"Person\",\"Organization\"],\"@id\":\"https:\\\/\\\/lacanteradelebro.es\\\/#\\\/schema\\\/person\\\/2c7df64eef01f69456a16d6540d266df\",\"name\":\"Fernando\",\"image\":{\"@type\":\"ImageObject\",\"inLanguage\":\"es\",\"@id\":\"https:\\\/\\\/lacanteradelebro.es\\\/wp-content\\\/uploads\\\/2025\\\/06\\\/cropped-Logo_BO2.png\",\"url\":\"https:\\\/\\\/lacanteradelebro.es\\\/wp-content\\\/uploads\\\/2025\\\/06\\\/cropped-Logo_BO2.png\",\"contentUrl\":\"https:\\\/\\\/lacanteradelebro.es\\\/wp-content\\\/uploads\\\/2025\\\/06\\\/cropped-Logo_BO2.png\",\"width\":512,\"height\":512,\"caption\":\"Fernando\"},\"logo\":{\"@id\":\"https:\\\/\\\/lacanteradelebro.es\\\/wp-content\\\/uploads\\\/2025\\\/06\\\/cropped-Logo_BO2.png\"},\"publishingPrinciples\":\"https:\\\/\\\/lacanteradelebro.es\\\/ca\\\/politica-de-privacidad\\\/\",\"ownershipFundingInfo\":\"https:\\\/\\\/lacanteradelebro.es\\\/ca\\\/politica-de-privacidad\\\/\",\"actionableFeedbackPolicy\":\"https:\\\/\\\/lacanteradelebro.es\\\/ca\\\/aviso-legal\\\/\",\"correctionsPolicy\":\"https:\\\/\\\/lacanteradelebro.es\\\/ca\\\/reembolso_devoluciones\\\/\",\"ethicsPolicy\":\"https:\\\/\\\/lacanteradelebro.es\\\/ca\\\/politica-de-cookies\\\/\",\"diversityPolicy\":\"https:\\\/\\\/lacanteradelebro.es\\\/ca\\\/politica-de-cookies\\\/\",\"diversityStaffingReport\":\"https:\\\/\\\/lacanteradelebro.es\\\/ca\\\/politica-de-privacidad\\\/\"}]}<\/script>\n<!-- \/ Yoast SEO Premium plugin. -->","yoast_head_json":{"title":"Collar-gargantilla Cuarzo cristal facetado engarzado en plata 925 - La Cantera del Ebro","robots":{"index":"index","follow":"follow","max-snippet":"max-snippet:-1","max-image-preview":"max-image-preview:large","max-video-preview":"max-video-preview:-1"},"canonical":"https:\/\/lacanteradelebro.es\/es\/es_es\/producto\/collar-gargantilla-cuarzo-cristal-facetado-engarzado-en-plata-925\/","og_locale":"es_ES","og_type":"article","og_title":"Collar-gargantilla Cuarzo cristal facetado engarzado en plata 925","og_description":"Collar-gargantilla Cuarzo cristal facetado engarzado en plata 925 Descripci\u00f3n: Talla 40 (+3,5) Cm \u2728  Detalles del Producto: \u2013 El collar-gargantilla est\u00e1 dise\u00f1ado con cuarzo cristal facetado. \u2013 El cuarzo cristal es engarzado en plata 925, garantizando un acabado elegante. \u2013 Este collar es perfecto para aquellos que buscan un accesorio sofisticado. \u2728  Caracter\u00edsticas: \u2013 Material: Cuarzo cristal y plata 925. \u2013 Dise\u00f1o: Facetado para un brillo destacado. \u2013 Uso: Ideal para ocasiones especiales o diarias. \u2728  Detalles Adicionales: \u2013 El collar-gargantilla combina elegancia y estilo. \u2013 Es un accesorio vers\u00e1til que se adapta a diversos looks. \u2013 Perfecto para regalar a personas que aprecian la belleza del cuarzo cristal.","og_url":"https:\/\/lacanteradelebro.es\/es\/es_es\/producto\/collar-gargantilla-cuarzo-cristal-facetado-engarzado-en-plata-925\/","og_site_name":"La Cantera del Ebro","og_image":[{"width":2560,"height":1583,"url":"https:\/\/lacanteradelebro.es\/wp-content\/uploads\/2025\/08\/Screenshot_20250815_230608_One-UI-Home-1-scaled.jpg","type":"image\/jpeg"}],"twitter_card":"summary_large_image","twitter_misc":{"Tiempo de lectura":"1 minuto"},"schema":{"@context":"https:\/\/schema.org","@graph":[{"@type":"WebPage","@id":"https:\/\/lacanteradelebro.es\/es_es\/producto\/collar-gargantilla-cuarzo-cristal-facetado-engarzado-en-plata-925\/","url":"https:\/\/lacanteradelebro.es\/es_es\/producto\/collar-gargantilla-cuarzo-cristal-facetado-engarzado-en-plata-925\/","name":"Collar-gargantilla Cuarzo cristal facetado engarzado en plata 925 - La Cantera del Ebro","isPartOf":{"@id":"https:\/\/lacanteradelebro.es\/#website"},"primaryImageOfPage":{"@id":"https:\/\/lacanteradelebro.es\/es_es\/producto\/collar-gargantilla-cuarzo-cristal-facetado-engarzado-en-plata-925\/#primaryimage"},"image":{"@id":"https:\/\/lacanteradelebro.es\/es_es\/producto\/collar-gargantilla-cuarzo-cristal-facetado-engarzado-en-plata-925\/#primaryimage"},"thumbnailUrl":"https:\/\/lacanteradelebro.es\/wp-content\/uploads\/2026\/02\/d11ae38913094160b8ac36a7dc9ac76ctplv-t5fjg24jzw-origin-jpeg-scaled-3-1.jpeg","datePublished":"2026-02-23T08:39:45+00:00","breadcrumb":{"@id":"https:\/\/lacanteradelebro.es\/es_es\/producto\/collar-gargantilla-cuarzo-cristal-facetado-engarzado-en-plata-925\/#breadcrumb"},"inLanguage":"es","potentialAction":[{"@type":"ReadAction","target":["https:\/\/lacanteradelebro.es\/es_es\/producto\/collar-gargantilla-cuarzo-cristal-facetado-engarzado-en-plata-925\/"]}]},{"@type":"ImageObject","inLanguage":"es","@id":"https:\/\/lacanteradelebro.es\/es_es\/producto\/collar-gargantilla-cuarzo-cristal-facetado-engarzado-en-plata-925\/#primaryimage","url":"https:\/\/lacanteradelebro.es\/wp-content\/uploads\/2026\/02\/d11ae38913094160b8ac36a7dc9ac76ctplv-t5fjg24jzw-origin-jpeg-scaled-3-1.jpeg","contentUrl":"https:\/\/lacanteradelebro.es\/wp-content\/uploads\/2026\/02\/d11ae38913094160b8ac36a7dc9ac76ctplv-t5fjg24jzw-origin-jpeg-scaled-3-1.jpeg","width":1600,"height":2133},{"@type":"BreadcrumbList","@id":"https:\/\/lacanteradelebro.es\/es_es\/producto\/collar-gargantilla-cuarzo-cristal-facetado-engarzado-en-plata-925\/#breadcrumb","itemListElement":[{"@type":"ListItem","position":1,"name":"Portada","item":"https:\/\/lacanteradelebro.es\/es\/"},{"@type":"ListItem","position":2,"name":"Shop","item":"https:\/\/lacanteradelebro.es\/ca\/tienda-2\/"},{"@type":"ListItem","position":3,"name":"Collar-gargantilla Cuarzo cristal facetado engarzado en plata 925"}]},{"@type":"WebSite","@id":"https:\/\/lacanteradelebro.es\/#website","url":"https:\/\/lacanteradelebro.es\/","name":"La Cantera del Ebro","description":"Transformamos la belleza de la piedra natural y la calidez de la madera artesanal en joyas y objetos \u00fanicos. Cada creaci\u00f3n est\u00e1 hecha a mano con pasi\u00f3n, conect\u00e1ndote con la Tierra a trav\u00e9s de dise\u00f1os exclusivos y llenos de alma.","publisher":{"@id":"https:\/\/lacanteradelebro.es\/#\/schema\/person\/2c7df64eef01f69456a16d6540d266df"},"potentialAction":[{"@type":"SearchAction","target":{"@type":"EntryPoint","urlTemplate":"https:\/\/lacanteradelebro.es\/?s={search_term_string}"},"query-input":{"@type":"PropertyValueSpecification","valueRequired":true,"valueName":"search_term_string"}}],"inLanguage":"es"},{"@type":["Person","Organization"],"@id":"https:\/\/lacanteradelebro.es\/#\/schema\/person\/2c7df64eef01f69456a16d6540d266df","name":"Fernando","image":{"@type":"ImageObject","inLanguage":"es","@id":"https:\/\/lacanteradelebro.es\/wp-content\/uploads\/2025\/06\/cropped-Logo_BO2.png","url":"https:\/\/lacanteradelebro.es\/wp-content\/uploads\/2025\/06\/cropped-Logo_BO2.png","contentUrl":"https:\/\/lacanteradelebro.es\/wp-content\/uploads\/2025\/06\/cropped-Logo_BO2.png","width":512,"height":512,"caption":"Fernando"},"logo":{"@id":"https:\/\/lacanteradelebro.es\/wp-content\/uploads\/2025\/06\/cropped-Logo_BO2.png"},"publishingPrinciples":"https:\/\/lacanteradelebro.es\/ca\/politica-de-privacidad\/","ownershipFundingInfo":"https:\/\/lacanteradelebro.es\/ca\/politica-de-privacidad\/","actionableFeedbackPolicy":"https:\/\/lacanteradelebro.es\/ca\/aviso-legal\/","correctionsPolicy":"https:\/\/lacanteradelebro.es\/ca\/reembolso_devoluciones\/","ethicsPolicy":"https:\/\/lacanteradelebro.es\/ca\/politica-de-cookies\/","diversityPolicy":"https:\/\/lacanteradelebro.es\/ca\/politica-de-cookies\/","diversityStaffingReport":"https:\/\/lacanteradelebro.es\/ca\/politica-de-privacidad\/"}]}},"_links":{"self":[{"href":"https:\/\/lacanteradelebro.es\/es\/wp-json\/wp\/v2\/product\/4473","targetHints":{"allow":["GET"]}}],"collection":[{"href":"https:\/\/lacanteradelebro.es\/es\/wp-json\/wp\/v2\/product"}],"about":[{"href":"https:\/\/lacanteradelebro.es\/es\/wp-json\/wp\/v2\/types\/product"}],"replies":[{"embeddable":true,"href":"https:\/\/lacanteradelebro.es\/es\/wp-json\/wp\/v2\/comments?post=4473"}],"wp:featuredmedia":[{"embeddable":true,"href":"https:\/\/lacanteradelebro.es\/es\/wp-json\/wp\/v2\/media\/4471"}],"wp:attachment":[{"href":"https:\/\/lacanteradelebro.es\/es\/wp-json\/wp\/v2\/media?parent=4473"}],"wp:term":[{"taxonomy":"product_brand","embeddable":true,"href":"https:\/\/lacanteradelebro.es\/es\/wp-json\/wp\/v2\/product_brand?post=4473"},{"taxonomy":"product_cat","embeddable":true,"href":"https:\/\/lacanteradelebro.es\/es\/wp-json\/wp\/v2\/product_cat?post=4473"},{"taxonomy":"product_tag","embeddable":true,"href":"https:\/\/lacanteradelebro.es\/es\/wp-json\/wp\/v2\/product_tag?post=4473"}],"curies":[{"name":"wp","href":"https:\/\/api.w.org\/{rel}","templated":true}]}}