{"id":4452,"date":"2026-02-23T08:39:05","date_gmt":"2026-02-23T08:39:05","guid":{"rendered":"https:\/\/lacanteradelebro.es\/es_es\/producto\/cristal-de-cuarzo-natural-mineral-energetico-para-meditacion-y-sanacion\/"},"modified":"2026-02-23T12:57:03","modified_gmt":"2026-02-23T12:57:03","slug":"cristal-de-cuarzo-natural-mineral-energetico-para-meditacion-y-sanacion","status":"publish","type":"product","link":"https:\/\/lacanteradelebro.es\/es\/producto\/cristal-de-cuarzo-natural-mineral-energetico-para-meditacion-y-sanacion\/","title":{"rendered":"Cristal de Cuarzo Natural &#8211; Mineral Energ\u00e9tico para Meditaci\u00f3n y Sanaci\u00f3n"},"content":{"rendered":"<p> Cuarzo Cristal<\/p>\n<p> Peso 494 Gr.<\/p>\n<p> Alto 14,5 Cm.<\/p>\n<p> Ancho 6 Cm<\/p>\n<p> contiene arcoiris<\/p>\n<p> El cuarzo cristal se considera un mineral poderoso y sanador que tiene propiedades energ\u00e9ticas, protectoras, armonizantes y purificadoras.<\/p>\n<p> Propiedades energ\u00e9ticas<\/p>\n<ul>\n<li>  Absorbe, almacena, libera, desbloquea y regula la energ\u00eda <\/li>\n<li>  Amplificador de la energ\u00eda <\/li>\n<li>  Equilibra y armoniza la energ\u00eda <\/li>\n<li>  Potencia la claridad mental y la intuici\u00f3n <\/li>\n<\/ul>\n<p> Propiedades protectoras<\/p>\n<ul>\n<li>  Protege de las energ\u00edas negativas y malas vibras <\/li>\n<li>  Purifica las energ\u00edas de nuestro cuerpo <\/li>\n<li>  Elimina aquellas energ\u00edas negativas que nos hacen da\u00f1o <\/li>\n<\/ul>\n<p> Propiedades armonizantes Activa y armoniza los chakras, Armoniza y estabiliza el entorno, Es \u00fatil en las relaciones rom\u00e1nticas.<\/p>\n<p> Propiedades purificadoras Limpia las malas energ\u00edas, Permite hacer una limpieza de \u00abcuerpo y alma, Es bueno para el estr\u00e9s.<\/p>\n<p> Usos<\/p>\n<ul>\n<li>  Sanaci\u00f3n <\/li>\n<li>  Meditaci\u00f3n <\/li>\n<li>  Protecci\u00f3n <\/li>\n<li>  Canalizaci\u00f3n <\/li>\n<li>  Manifestaci\u00f3n <\/li>\n<li>  Equilibrio emocional <\/li>\n<li>  Conexi\u00f3n espiritual <\/li>\n<li>  Mejora la meditaci\u00f3n y la conexi\u00f3n espiritual <\/li>\n<li>  Potencia la claridad mental y la intuici\u00f3n <\/li>\n<\/ul>\n","protected":false},"excerpt":{"rendered":"<p> Cuarzo Cristal<\/p>\n<p> Peso 494 Gr.<\/p>\n<p> Alto 14,5 Cm.<\/p>\n<p> Ancho 6 Cm<\/p>\n<p> contiene arcoiris<\/p>\n<p> El cuarzo cristal se considera un mineral poderoso y sanador que tiene propiedades energ\u00e9ticas, protectoras, armonizantes y purificadoras.<\/p>\n<p> Propiedades energ\u00e9ticas<\/p>\n<ul>\n<li>  Absorbe, almacena, libera, desbloquea y regula la energ\u00eda <\/li>\n<li>  Amplificador de la energ\u00eda <\/li>\n<li>  Equilibra y armoniza la energ\u00eda <\/li>\n<li>  Potencia la claridad mental y la intuici\u00f3n <\/li>\n<\/ul>\n<p> Propiedades protectoras<\/p>\n<ul>\n<li>  Protege de las energ\u00edas negativas y malas vibras <\/li>\n<li>  Purifica las energ\u00edas de nuestro cuerpo <\/li>\n<li>  Elimina aquellas energ\u00edas negativas que nos hacen da\u00f1o <\/li>\n<\/ul>\n<p> Propiedades armonizantes Activa y armoniza los chakras, Armoniza y estabiliza el entorno, Es \u00fatil en las relaciones rom\u00e1nticas.<\/p>\n<p> Propiedades purificadoras Limpia las malas energ\u00edas, Permite hacer una limpieza de \u00abcuerpo y alma, Es bueno para el estr\u00e9s.<\/p>\n<p> Usos<\/p>\n<ul>\n<li>  Sanaci\u00f3n <\/li>\n<li>  Meditaci\u00f3n <\/li>\n<li>  Protecci\u00f3n <\/li>\n<li>  Canalizaci\u00f3n <\/li>\n<li>  Manifestaci\u00f3n <\/li>\n<li>  Equilibrio emocional <\/li>\n<li>  Conexi\u00f3n espiritual <\/li>\n<li>  Mejora la meditaci\u00f3n y la conexi\u00f3n espiritual <\/li>\n<li>  Potencia la claridad mental y la intuici\u00f3n <\/li>\n<\/ul>\n","protected":false},"featured_media":4446,"comment_status":"open","ping_status":"closed","template":"","meta":{"inline_featured_image":false},"product_brand":[],"product_cat":[92,90,91,42],"product_tag":[],"class_list":{"0":"post-4452","1":"product","2":"type-product","3":"status-publish","4":"has-post-thumbnail","6":"product_cat-accesorios-de-joyeria-y-derivados","7":"product_cat-piedras-semipreciosas","8":"product_cat-piedras-semipreciosas-semiacabadas","9":"product_cat-minerales","11":"first","12":"instock","13":"shipping-taxable","14":"purchasable","15":"product-type-simple"},"yoast_head":"<!-- This site is optimized with the Yoast SEO Premium plugin v27.0 (Yoast SEO v27.4) - https:\/\/yoast.com\/product\/yoast-seo-premium-wordpress\/ -->\n<title>Cristal de Cuarzo Natural - Mineral Energ\u00e9tico para Meditaci\u00f3n y Sanaci\u00f3n - La Cantera del Ebro<\/title>\n<meta name=\"robots\" content=\"index, follow, max-snippet:-1, max-image-preview:large, max-video-preview:-1\" \/>\n<link rel=\"canonical\" href=\"https:\/\/lacanteradelebro.es\/es\/producto\/cristal-de-cuarzo-natural-mineral-energetico-para-meditacion-y-sanacion\/\" \/>\n<meta property=\"og:locale\" content=\"es_ES\" \/>\n<meta property=\"og:type\" content=\"article\" \/>\n<meta property=\"og:title\" content=\"Cristal de Cuarzo Natural - Mineral Energ\u00e9tico para Meditaci\u00f3n y Sanaci\u00f3n\" \/>\n<meta property=\"og:description\" content=\"Cuarzo Cristal Peso 494 Gr. Alto 14,5 Cm. Ancho 6 Cm contiene arcoiris El cuarzo cristal se considera un mineral poderoso y sanador que tiene propiedades energ\u00e9ticas, protectoras, armonizantes y purificadoras. Propiedades energ\u00e9ticas  Absorbe, almacena, libera, desbloquea y regula la energ\u00eda  Amplificador de la energ\u00eda  Equilibra y armoniza la energ\u00eda  Potencia la claridad mental y la intuici\u00f3n Propiedades protectoras  Protege de las energ\u00edas negativas y malas vibras  Purifica las energ\u00edas de nuestro cuerpo  Elimina aquellas energ\u00edas negativas que nos hacen da\u00f1o Propiedades armonizantes Activa y armoniza los chakras, Armoniza y estabiliza el entorno, Es \u00fatil en las relaciones rom\u00e1nticas. Propiedades purificadoras Limpia las malas energ\u00edas, Permite hacer una limpieza de \u00abcuerpo y alma, Es bueno para el estr\u00e9s. Usos  Sanaci\u00f3n  Meditaci\u00f3n  Protecci\u00f3n  Canalizaci\u00f3n  Manifestaci\u00f3n  Equilibrio emocional  Conexi\u00f3n espiritual  Mejora la meditaci\u00f3n y la conexi\u00f3n espiritual  Potencia la claridad mental y la intuici\u00f3n\" \/>\n<meta property=\"og:url\" content=\"https:\/\/lacanteradelebro.es\/es\/producto\/cristal-de-cuarzo-natural-mineral-energetico-para-meditacion-y-sanacion\/\" \/>\n<meta property=\"og:site_name\" content=\"La Cantera del Ebro\" \/>\n<meta property=\"article:modified_time\" content=\"2026-02-23T12:57:03+00:00\" \/>\n<meta property=\"og:image\" content=\"https:\/\/lacanteradelebro.es\/wp-content\/uploads\/2026\/02\/40ea650a101a4776a73b9ddd53ad4761tplv-t5fjg24jzw-origin-jpeg-scaled-3-1.jpeg\" \/>\n\t<meta property=\"og:image:width\" content=\"1600\" \/>\n\t<meta property=\"og:image:height\" content=\"2133\" \/>\n\t<meta property=\"og:image:type\" content=\"image\/jpeg\" \/>\n<meta name=\"twitter:card\" content=\"summary_large_image\" \/>\n<meta name=\"twitter:label1\" content=\"Tiempo de lectura\" \/>\n\t<meta name=\"twitter:data1\" content=\"1 minuto\" \/>\n<script type=\"application\/ld+json\" class=\"yoast-schema-graph\">{\"@context\":\"https:\\\/\\\/schema.org\",\"@graph\":[{\"@type\":\"WebPage\",\"@id\":\"https:\\\/\\\/lacanteradelebro.es\\\/producto\\\/cristal-de-cuarzo-natural-mineral-energetico-para-meditacion-y-sanacion\\\/\",\"url\":\"https:\\\/\\\/lacanteradelebro.es\\\/producto\\\/cristal-de-cuarzo-natural-mineral-energetico-para-meditacion-y-sanacion\\\/\",\"name\":\"Cristal de Cuarzo Natural - Mineral Energ\u00e9tico para Meditaci\u00f3n y Sanaci\u00f3n - La Cantera del Ebro\",\"isPartOf\":{\"@id\":\"https:\\\/\\\/lacanteradelebro.es\\\/#website\"},\"primaryImageOfPage\":{\"@id\":\"https:\\\/\\\/lacanteradelebro.es\\\/producto\\\/cristal-de-cuarzo-natural-mineral-energetico-para-meditacion-y-sanacion\\\/#primaryimage\"},\"image\":{\"@id\":\"https:\\\/\\\/lacanteradelebro.es\\\/producto\\\/cristal-de-cuarzo-natural-mineral-energetico-para-meditacion-y-sanacion\\\/#primaryimage\"},\"thumbnailUrl\":\"https:\\\/\\\/lacanteradelebro.es\\\/wp-content\\\/uploads\\\/2026\\\/02\\\/40ea650a101a4776a73b9ddd53ad4761tplv-t5fjg24jzw-origin-jpeg-scaled-3-1.jpeg\",\"datePublished\":\"2026-02-23T08:39:05+00:00\",\"dateModified\":\"2026-02-23T12:57:03+00:00\",\"breadcrumb\":{\"@id\":\"https:\\\/\\\/lacanteradelebro.es\\\/producto\\\/cristal-de-cuarzo-natural-mineral-energetico-para-meditacion-y-sanacion\\\/#breadcrumb\"},\"inLanguage\":\"es\",\"potentialAction\":[{\"@type\":\"ReadAction\",\"target\":[\"https:\\\/\\\/lacanteradelebro.es\\\/producto\\\/cristal-de-cuarzo-natural-mineral-energetico-para-meditacion-y-sanacion\\\/\"]}]},{\"@type\":\"ImageObject\",\"inLanguage\":\"es\",\"@id\":\"https:\\\/\\\/lacanteradelebro.es\\\/producto\\\/cristal-de-cuarzo-natural-mineral-energetico-para-meditacion-y-sanacion\\\/#primaryimage\",\"url\":\"https:\\\/\\\/lacanteradelebro.es\\\/wp-content\\\/uploads\\\/2026\\\/02\\\/40ea650a101a4776a73b9ddd53ad4761tplv-t5fjg24jzw-origin-jpeg-scaled-3-1.jpeg\",\"contentUrl\":\"https:\\\/\\\/lacanteradelebro.es\\\/wp-content\\\/uploads\\\/2026\\\/02\\\/40ea650a101a4776a73b9ddd53ad4761tplv-t5fjg24jzw-origin-jpeg-scaled-3-1.jpeg\",\"width\":1600,\"height\":2133},{\"@type\":\"BreadcrumbList\",\"@id\":\"https:\\\/\\\/lacanteradelebro.es\\\/producto\\\/cristal-de-cuarzo-natural-mineral-energetico-para-meditacion-y-sanacion\\\/#breadcrumb\",\"itemListElement\":[{\"@type\":\"ListItem\",\"position\":1,\"name\":\"Portada\",\"item\":\"https:\\\/\\\/lacanteradelebro.es\\\/es\\\/\"},{\"@type\":\"ListItem\",\"position\":2,\"name\":\"Shop\",\"item\":\"https:\\\/\\\/lacanteradelebro.es\\\/ca\\\/tienda-2\\\/\"},{\"@type\":\"ListItem\",\"position\":3,\"name\":\"Cristal de Cuarzo Natural &#8211; Mineral Energ\u00e9tico para Meditaci\u00f3n y Sanaci\u00f3n\"}]},{\"@type\":\"WebSite\",\"@id\":\"https:\\\/\\\/lacanteradelebro.es\\\/#website\",\"url\":\"https:\\\/\\\/lacanteradelebro.es\\\/\",\"name\":\"La Cantera del Ebro\",\"description\":\"Transformamos la belleza de la piedra natural y la calidez de la madera artesanal en joyas y objetos \u00fanicos. Cada creaci\u00f3n est\u00e1 hecha a mano con pasi\u00f3n, conect\u00e1ndote con la Tierra a trav\u00e9s de dise\u00f1os exclusivos y llenos de alma.\",\"publisher\":{\"@id\":\"https:\\\/\\\/lacanteradelebro.es\\\/#\\\/schema\\\/person\\\/2c7df64eef01f69456a16d6540d266df\"},\"potentialAction\":[{\"@type\":\"SearchAction\",\"target\":{\"@type\":\"EntryPoint\",\"urlTemplate\":\"https:\\\/\\\/lacanteradelebro.es\\\/?s={search_term_string}\"},\"query-input\":{\"@type\":\"PropertyValueSpecification\",\"valueRequired\":true,\"valueName\":\"search_term_string\"}}],\"inLanguage\":\"es\"},{\"@type\":[\"Person\",\"Organization\"],\"@id\":\"https:\\\/\\\/lacanteradelebro.es\\\/#\\\/schema\\\/person\\\/2c7df64eef01f69456a16d6540d266df\",\"name\":\"Fernando\",\"image\":{\"@type\":\"ImageObject\",\"inLanguage\":\"es\",\"@id\":\"https:\\\/\\\/lacanteradelebro.es\\\/wp-content\\\/uploads\\\/2025\\\/06\\\/cropped-Logo_BO2.png\",\"url\":\"https:\\\/\\\/lacanteradelebro.es\\\/wp-content\\\/uploads\\\/2025\\\/06\\\/cropped-Logo_BO2.png\",\"contentUrl\":\"https:\\\/\\\/lacanteradelebro.es\\\/wp-content\\\/uploads\\\/2025\\\/06\\\/cropped-Logo_BO2.png\",\"width\":512,\"height\":512,\"caption\":\"Fernando\"},\"logo\":{\"@id\":\"https:\\\/\\\/lacanteradelebro.es\\\/wp-content\\\/uploads\\\/2025\\\/06\\\/cropped-Logo_BO2.png\"},\"publishingPrinciples\":\"https:\\\/\\\/lacanteradelebro.es\\\/ca\\\/politica-de-privacidad\\\/\",\"ownershipFundingInfo\":\"https:\\\/\\\/lacanteradelebro.es\\\/ca\\\/politica-de-privacidad\\\/\",\"actionableFeedbackPolicy\":\"https:\\\/\\\/lacanteradelebro.es\\\/ca\\\/aviso-legal\\\/\",\"correctionsPolicy\":\"https:\\\/\\\/lacanteradelebro.es\\\/ca\\\/reembolso_devoluciones\\\/\",\"ethicsPolicy\":\"https:\\\/\\\/lacanteradelebro.es\\\/ca\\\/politica-de-cookies\\\/\",\"diversityPolicy\":\"https:\\\/\\\/lacanteradelebro.es\\\/ca\\\/politica-de-cookies\\\/\",\"diversityStaffingReport\":\"https:\\\/\\\/lacanteradelebro.es\\\/ca\\\/politica-de-privacidad\\\/\"}]}<\/script>\n<!-- \/ Yoast SEO Premium plugin. -->","yoast_head_json":{"title":"Cristal de Cuarzo Natural - Mineral Energ\u00e9tico para Meditaci\u00f3n y Sanaci\u00f3n - La Cantera del Ebro","robots":{"index":"index","follow":"follow","max-snippet":"max-snippet:-1","max-image-preview":"max-image-preview:large","max-video-preview":"max-video-preview:-1"},"canonical":"https:\/\/lacanteradelebro.es\/es\/producto\/cristal-de-cuarzo-natural-mineral-energetico-para-meditacion-y-sanacion\/","og_locale":"es_ES","og_type":"article","og_title":"Cristal de Cuarzo Natural - Mineral Energ\u00e9tico para Meditaci\u00f3n y Sanaci\u00f3n","og_description":"Cuarzo Cristal Peso 494 Gr. Alto 14,5 Cm. Ancho 6 Cm contiene arcoiris El cuarzo cristal se considera un mineral poderoso y sanador que tiene propiedades energ\u00e9ticas, protectoras, armonizantes y purificadoras. Propiedades energ\u00e9ticas  Absorbe, almacena, libera, desbloquea y regula la energ\u00eda  Amplificador de la energ\u00eda  Equilibra y armoniza la energ\u00eda  Potencia la claridad mental y la intuici\u00f3n Propiedades protectoras  Protege de las energ\u00edas negativas y malas vibras  Purifica las energ\u00edas de nuestro cuerpo  Elimina aquellas energ\u00edas negativas que nos hacen da\u00f1o Propiedades armonizantes Activa y armoniza los chakras, Armoniza y estabiliza el entorno, Es \u00fatil en las relaciones rom\u00e1nticas. Propiedades purificadoras Limpia las malas energ\u00edas, Permite hacer una limpieza de \u00abcuerpo y alma, Es bueno para el estr\u00e9s. Usos  Sanaci\u00f3n  Meditaci\u00f3n  Protecci\u00f3n  Canalizaci\u00f3n  Manifestaci\u00f3n  Equilibrio emocional  Conexi\u00f3n espiritual  Mejora la meditaci\u00f3n y la conexi\u00f3n espiritual  Potencia la claridad mental y la intuici\u00f3n","og_url":"https:\/\/lacanteradelebro.es\/es\/producto\/cristal-de-cuarzo-natural-mineral-energetico-para-meditacion-y-sanacion\/","og_site_name":"La Cantera del Ebro","article_modified_time":"2026-02-23T12:57:03+00:00","og_image":[{"width":1600,"height":2133,"url":"https:\/\/lacanteradelebro.es\/wp-content\/uploads\/2026\/02\/40ea650a101a4776a73b9ddd53ad4761tplv-t5fjg24jzw-origin-jpeg-scaled-3-1.jpeg","type":"image\/jpeg"}],"twitter_card":"summary_large_image","twitter_misc":{"Tiempo de lectura":"1 minuto"},"schema":{"@context":"https:\/\/schema.org","@graph":[{"@type":"WebPage","@id":"https:\/\/lacanteradelebro.es\/producto\/cristal-de-cuarzo-natural-mineral-energetico-para-meditacion-y-sanacion\/","url":"https:\/\/lacanteradelebro.es\/producto\/cristal-de-cuarzo-natural-mineral-energetico-para-meditacion-y-sanacion\/","name":"Cristal de Cuarzo Natural - Mineral Energ\u00e9tico para Meditaci\u00f3n y Sanaci\u00f3n - La Cantera del Ebro","isPartOf":{"@id":"https:\/\/lacanteradelebro.es\/#website"},"primaryImageOfPage":{"@id":"https:\/\/lacanteradelebro.es\/producto\/cristal-de-cuarzo-natural-mineral-energetico-para-meditacion-y-sanacion\/#primaryimage"},"image":{"@id":"https:\/\/lacanteradelebro.es\/producto\/cristal-de-cuarzo-natural-mineral-energetico-para-meditacion-y-sanacion\/#primaryimage"},"thumbnailUrl":"https:\/\/lacanteradelebro.es\/wp-content\/uploads\/2026\/02\/40ea650a101a4776a73b9ddd53ad4761tplv-t5fjg24jzw-origin-jpeg-scaled-3-1.jpeg","datePublished":"2026-02-23T08:39:05+00:00","dateModified":"2026-02-23T12:57:03+00:00","breadcrumb":{"@id":"https:\/\/lacanteradelebro.es\/producto\/cristal-de-cuarzo-natural-mineral-energetico-para-meditacion-y-sanacion\/#breadcrumb"},"inLanguage":"es","potentialAction":[{"@type":"ReadAction","target":["https:\/\/lacanteradelebro.es\/producto\/cristal-de-cuarzo-natural-mineral-energetico-para-meditacion-y-sanacion\/"]}]},{"@type":"ImageObject","inLanguage":"es","@id":"https:\/\/lacanteradelebro.es\/producto\/cristal-de-cuarzo-natural-mineral-energetico-para-meditacion-y-sanacion\/#primaryimage","url":"https:\/\/lacanteradelebro.es\/wp-content\/uploads\/2026\/02\/40ea650a101a4776a73b9ddd53ad4761tplv-t5fjg24jzw-origin-jpeg-scaled-3-1.jpeg","contentUrl":"https:\/\/lacanteradelebro.es\/wp-content\/uploads\/2026\/02\/40ea650a101a4776a73b9ddd53ad4761tplv-t5fjg24jzw-origin-jpeg-scaled-3-1.jpeg","width":1600,"height":2133},{"@type":"BreadcrumbList","@id":"https:\/\/lacanteradelebro.es\/producto\/cristal-de-cuarzo-natural-mineral-energetico-para-meditacion-y-sanacion\/#breadcrumb","itemListElement":[{"@type":"ListItem","position":1,"name":"Portada","item":"https:\/\/lacanteradelebro.es\/es\/"},{"@type":"ListItem","position":2,"name":"Shop","item":"https:\/\/lacanteradelebro.es\/ca\/tienda-2\/"},{"@type":"ListItem","position":3,"name":"Cristal de Cuarzo Natural &#8211; Mineral Energ\u00e9tico para Meditaci\u00f3n y Sanaci\u00f3n"}]},{"@type":"WebSite","@id":"https:\/\/lacanteradelebro.es\/#website","url":"https:\/\/lacanteradelebro.es\/","name":"La Cantera del Ebro","description":"Transformamos la belleza de la piedra natural y la calidez de la madera artesanal en joyas y objetos \u00fanicos. Cada creaci\u00f3n est\u00e1 hecha a mano con pasi\u00f3n, conect\u00e1ndote con la Tierra a trav\u00e9s de dise\u00f1os exclusivos y llenos de alma.","publisher":{"@id":"https:\/\/lacanteradelebro.es\/#\/schema\/person\/2c7df64eef01f69456a16d6540d266df"},"potentialAction":[{"@type":"SearchAction","target":{"@type":"EntryPoint","urlTemplate":"https:\/\/lacanteradelebro.es\/?s={search_term_string}"},"query-input":{"@type":"PropertyValueSpecification","valueRequired":true,"valueName":"search_term_string"}}],"inLanguage":"es"},{"@type":["Person","Organization"],"@id":"https:\/\/lacanteradelebro.es\/#\/schema\/person\/2c7df64eef01f69456a16d6540d266df","name":"Fernando","image":{"@type":"ImageObject","inLanguage":"es","@id":"https:\/\/lacanteradelebro.es\/wp-content\/uploads\/2025\/06\/cropped-Logo_BO2.png","url":"https:\/\/lacanteradelebro.es\/wp-content\/uploads\/2025\/06\/cropped-Logo_BO2.png","contentUrl":"https:\/\/lacanteradelebro.es\/wp-content\/uploads\/2025\/06\/cropped-Logo_BO2.png","width":512,"height":512,"caption":"Fernando"},"logo":{"@id":"https:\/\/lacanteradelebro.es\/wp-content\/uploads\/2025\/06\/cropped-Logo_BO2.png"},"publishingPrinciples":"https:\/\/lacanteradelebro.es\/ca\/politica-de-privacidad\/","ownershipFundingInfo":"https:\/\/lacanteradelebro.es\/ca\/politica-de-privacidad\/","actionableFeedbackPolicy":"https:\/\/lacanteradelebro.es\/ca\/aviso-legal\/","correctionsPolicy":"https:\/\/lacanteradelebro.es\/ca\/reembolso_devoluciones\/","ethicsPolicy":"https:\/\/lacanteradelebro.es\/ca\/politica-de-cookies\/","diversityPolicy":"https:\/\/lacanteradelebro.es\/ca\/politica-de-cookies\/","diversityStaffingReport":"https:\/\/lacanteradelebro.es\/ca\/politica-de-privacidad\/"}]}},"_links":{"self":[{"href":"https:\/\/lacanteradelebro.es\/es\/wp-json\/wp\/v2\/product\/4452","targetHints":{"allow":["GET"]}}],"collection":[{"href":"https:\/\/lacanteradelebro.es\/es\/wp-json\/wp\/v2\/product"}],"about":[{"href":"https:\/\/lacanteradelebro.es\/es\/wp-json\/wp\/v2\/types\/product"}],"replies":[{"embeddable":true,"href":"https:\/\/lacanteradelebro.es\/es\/wp-json\/wp\/v2\/comments?post=4452"}],"wp:featuredmedia":[{"embeddable":true,"href":"https:\/\/lacanteradelebro.es\/es\/wp-json\/wp\/v2\/media\/4446"}],"wp:attachment":[{"href":"https:\/\/lacanteradelebro.es\/es\/wp-json\/wp\/v2\/media?parent=4452"}],"wp:term":[{"taxonomy":"product_brand","embeddable":true,"href":"https:\/\/lacanteradelebro.es\/es\/wp-json\/wp\/v2\/product_brand?post=4452"},{"taxonomy":"product_cat","embeddable":true,"href":"https:\/\/lacanteradelebro.es\/es\/wp-json\/wp\/v2\/product_cat?post=4452"},{"taxonomy":"product_tag","embeddable":true,"href":"https:\/\/lacanteradelebro.es\/es\/wp-json\/wp\/v2\/product_tag?post=4452"}],"curies":[{"name":"wp","href":"https:\/\/api.w.org\/{rel}","templated":true}]}}