{"id":4206,"date":"2026-02-21T09:36:20","date_gmt":"2026-02-21T09:36:20","guid":{"rendered":"https:\/\/lacanteradelebro.es\/es_es\/producto\/anillo-de-amatista-facetada-engarzada-en-plata-925-con-filigrana-artesanal\/"},"modified":"2026-02-21T10:56:52","modified_gmt":"2026-02-21T10:56:52","slug":"anillo-de-amatista-facetada-engarzada-en-plata-925-con-filigrana-artesanal","status":"publish","type":"product","link":"https:\/\/lacanteradelebro.es\/es\/producto\/anillo-de-amatista-facetada-engarzada-en-plata-925-con-filigrana-artesanal\/","title":{"rendered":"Anillo de Amatista facetada engarzada en plata 925 con filigrana artesanal"},"content":{"rendered":"<h2>\n<p>  Descripci\u00f3n del Producto <\/p>\n<\/h2>\n<p> Peso 11gr<\/p>\n<p> Talla 17<\/p>\n<h2>\n<p>  \u2728 <\/p>\n<p>  <strong>   Anillo de Amatista facetada  <\/strong> <\/p>\n<p>  \u2728 <\/p>\n<\/h2>\n<ul>\n<li>  Este anillo presenta una amatista facetada, que brilla con elegancia. \ud83c\udf1f <\/li>\n<li>  Est\u00e1 engarzado en plata 925, garantizando un acabado sofisticado. \ud83c\udffa <\/li>\n<li>  Cuenta con filigrana artesanal, a\u00f1adiendo un toque \u00fanico y detallado. \ud83c\udfa8 <\/li>\n<\/ul>\n<p> El anillo combina la belleza de la amatista con la calidad de la plata 925. La filigrana artesanal lo hace especial. Perfecto para quienes buscan un accesorio \u00fanico y elegante.<\/p>\n<p> \u2728 <strong>  Detalles del Producto <\/strong> \u2728<\/p>\n<ul>\n<li>  Material: Plata 925. \ud83c\udffa <\/li>\n<li>  Piedra: Amatista facetada. \ud83c\udf1f <\/li>\n<li>  Dise\u00f1o: Filigrana artesanal. \ud83c\udfa8 <\/li>\n<\/ul>\n<p> Este anillo es una elecci\u00f3n ideal para quienes valoran la belleza y la calidad en sus joyas.<\/p>\n","protected":false},"excerpt":{"rendered":"<h2 style=\"text-align: left\"> Descripci\u00f3n del Producto<\/h2>\n<p> Peso 11gr<\/p>\n<p> Talla 17<\/p>\n<h2 style=\"text-align: left\"> \u2728 <strong>  Anillo de Amatista facetada <\/strong> \u2728<\/h2>\n<ul>\n<li>  Este anillo presenta una amatista facetada, que brilla con elegancia. \ud83c\udf1f <\/li>\n<li>  Est\u00e1 engarzado en plata 925, garantizando un acabado sofisticado. \ud83c\udffa <\/li>\n<li>  Cuenta con filigrana artesanal, a\u00f1adiendo un toque \u00fanico y detallado. \ud83c\udfa8 <\/li>\n<\/ul>\n<p> El anillo combina la belleza de la amatista con la calidad de la plata 925. La filigrana artesanal lo hace especial. Perfecto para quienes buscan un accesorio \u00fanico y elegante.<\/p>\n<p> \u2728 <strong>  Detalles del Producto <\/strong> \u2728<\/p>\n<ul>\n<li>  Material: Plata 925. \ud83c\udffa <\/li>\n<li>  Piedra: Amatista facetada. \ud83c\udf1f <\/li>\n<li>  Dise\u00f1o: Filigrana artesanal. \ud83c\udfa8 <\/li>\n<\/ul>\n<p> Este anillo es una elecci\u00f3n ideal para quienes valoran la belleza y la calidad en sus joyas.<\/p>\n","protected":false},"featured_media":4202,"comment_status":"open","ping_status":"closed","template":"","meta":{"inline_featured_image":false},"product_brand":[],"product_cat":[92,107,94,88,45],"product_tag":[],"class_list":{"0":"post-4206","1":"product","2":"type-product","3":"status-publish","4":"has-post-thumbnail","6":"product_cat-accesorios-de-joyeria-y-derivados","7":"product_cat-anillos-de-plata","8":"product_cat-plata","9":"product_cat-anillos","10":"product_cat-joyeria","12":"first","13":"instock","14":"shipping-taxable","15":"purchasable","16":"product-type-simple"},"yoast_head":"<!-- This site is optimized with the Yoast SEO Premium plugin v27.0 (Yoast SEO v27.1.1) - https:\/\/yoast.com\/product\/yoast-seo-premium-wordpress\/ -->\n<title>Anillo de Amatista facetada engarzada en plata 925 con filigrana artesanal - La Cantera del Ebro<\/title>\n<meta name=\"robots\" content=\"index, follow, max-snippet:-1, max-image-preview:large, max-video-preview:-1\" \/>\n<link rel=\"canonical\" href=\"https:\/\/lacanteradelebro.es\/es\/producto\/anillo-de-amatista-facetada-engarzada-en-plata-925-con-filigrana-artesanal\/\" \/>\n<meta property=\"og:locale\" content=\"es_ES\" \/>\n<meta property=\"og:type\" content=\"article\" \/>\n<meta property=\"og:title\" content=\"Anillo de Amatista facetada engarzada en plata 925 con filigrana artesanal\" \/>\n<meta property=\"og:description\" content=\"Descripci\u00f3n del Producto Peso 11gr Talla 17 \u2728  Anillo de Amatista facetada \u2728  Este anillo presenta una amatista facetada, que brilla con elegancia. \ud83c\udf1f  Est\u00e1 engarzado en plata 925, garantizando un acabado sofisticado. \ud83c\udffa  Cuenta con filigrana artesanal, a\u00f1adiendo un toque \u00fanico y detallado. \ud83c\udfa8 El anillo combina la belleza de la amatista con la calidad de la plata 925. La filigrana artesanal lo hace especial. Perfecto para quienes buscan un accesorio \u00fanico y elegante. \u2728  Detalles del Producto \u2728  Material: Plata 925. \ud83c\udffa  Piedra: Amatista facetada. \ud83c\udf1f  Dise\u00f1o: Filigrana artesanal. \ud83c\udfa8 Este anillo es una elecci\u00f3n ideal para quienes valoran la belleza y la calidad en sus joyas.\" \/>\n<meta property=\"og:url\" content=\"https:\/\/lacanteradelebro.es\/es\/producto\/anillo-de-amatista-facetada-engarzada-en-plata-925-con-filigrana-artesanal\/\" \/>\n<meta property=\"og:site_name\" content=\"La Cantera del Ebro\" \/>\n<meta property=\"article:modified_time\" content=\"2026-02-21T10:56:52+00:00\" \/>\n<meta property=\"og:image\" content=\"https:\/\/lacanteradelebro.es\/wp-content\/uploads\/2026\/02\/50702f9f9a0f4e06993732875df544eftplv-t5fjg24jzw-origin-jpeg-scaled-1.jpeg\" \/>\n\t<meta property=\"og:image:width\" content=\"1600\" \/>\n\t<meta property=\"og:image:height\" content=\"2133\" \/>\n\t<meta property=\"og:image:type\" content=\"image\/jpeg\" \/>\n<meta name=\"twitter:card\" content=\"summary_large_image\" \/>\n<script type=\"application\/ld+json\" class=\"yoast-schema-graph\">{\"@context\":\"https:\/\/schema.org\",\"@graph\":[{\"@type\":\"WebPage\",\"@id\":\"https:\/\/lacanteradelebro.es\/producto\/anillo-de-amatista-facetada-engarzada-en-plata-925-con-filigrana-artesanal\/\",\"url\":\"https:\/\/lacanteradelebro.es\/producto\/anillo-de-amatista-facetada-engarzada-en-plata-925-con-filigrana-artesanal\/\",\"name\":\"Anillo de Amatista facetada engarzada en plata 925 con filigrana artesanal - La Cantera del Ebro\",\"isPartOf\":{\"@id\":\"https:\/\/lacanteradelebro.es\/#website\"},\"primaryImageOfPage\":{\"@id\":\"https:\/\/lacanteradelebro.es\/producto\/anillo-de-amatista-facetada-engarzada-en-plata-925-con-filigrana-artesanal\/#primaryimage\"},\"image\":{\"@id\":\"https:\/\/lacanteradelebro.es\/producto\/anillo-de-amatista-facetada-engarzada-en-plata-925-con-filigrana-artesanal\/#primaryimage\"},\"thumbnailUrl\":\"https:\/\/lacanteradelebro.es\/wp-content\/uploads\/2026\/02\/50702f9f9a0f4e06993732875df544eftplv-t5fjg24jzw-origin-jpeg-scaled-1.jpeg\",\"datePublished\":\"2026-02-21T09:36:20+00:00\",\"dateModified\":\"2026-02-21T10:56:52+00:00\",\"breadcrumb\":{\"@id\":\"https:\/\/lacanteradelebro.es\/producto\/anillo-de-amatista-facetada-engarzada-en-plata-925-con-filigrana-artesanal\/#breadcrumb\"},\"inLanguage\":\"es\",\"potentialAction\":[{\"@type\":\"ReadAction\",\"target\":[\"https:\/\/lacanteradelebro.es\/producto\/anillo-de-amatista-facetada-engarzada-en-plata-925-con-filigrana-artesanal\/\"]}]},{\"@type\":\"ImageObject\",\"inLanguage\":\"es\",\"@id\":\"https:\/\/lacanteradelebro.es\/producto\/anillo-de-amatista-facetada-engarzada-en-plata-925-con-filigrana-artesanal\/#primaryimage\",\"url\":\"https:\/\/lacanteradelebro.es\/wp-content\/uploads\/2026\/02\/50702f9f9a0f4e06993732875df544eftplv-t5fjg24jzw-origin-jpeg-scaled-1.jpeg\",\"contentUrl\":\"https:\/\/lacanteradelebro.es\/wp-content\/uploads\/2026\/02\/50702f9f9a0f4e06993732875df544eftplv-t5fjg24jzw-origin-jpeg-scaled-1.jpeg\",\"width\":1600,\"height\":2133},{\"@type\":\"BreadcrumbList\",\"@id\":\"https:\/\/lacanteradelebro.es\/producto\/anillo-de-amatista-facetada-engarzada-en-plata-925-con-filigrana-artesanal\/#breadcrumb\",\"itemListElement\":[{\"@type\":\"ListItem\",\"position\":1,\"name\":\"Portada\",\"item\":\"https:\/\/lacanteradelebro.es\/es\/\"},{\"@type\":\"ListItem\",\"position\":2,\"name\":\"Shop\",\"item\":\"https:\/\/lacanteradelebro.es\/ca\/tienda-2\/\"},{\"@type\":\"ListItem\",\"position\":3,\"name\":\"Anillo de Amatista facetada engarzada en plata 925 con filigrana artesanal\"}]},{\"@type\":\"WebSite\",\"@id\":\"https:\/\/lacanteradelebro.es\/#website\",\"url\":\"https:\/\/lacanteradelebro.es\/\",\"name\":\"La Cantera del Ebro\",\"description\":\"Transformamos la belleza de la piedra natural y la calidez de la madera artesanal en joyas y objetos \u00fanicos. Cada creaci\u00f3n est\u00e1 hecha a mano con pasi\u00f3n, conect\u00e1ndote con la Tierra a trav\u00e9s de dise\u00f1os exclusivos y llenos de alma.\",\"publisher\":{\"@id\":\"https:\/\/lacanteradelebro.es\/#\/schema\/person\/2c7df64eef01f69456a16d6540d266df\"},\"potentialAction\":[{\"@type\":\"SearchAction\",\"target\":{\"@type\":\"EntryPoint\",\"urlTemplate\":\"https:\/\/lacanteradelebro.es\/?s={search_term_string}\"},\"query-input\":{\"@type\":\"PropertyValueSpecification\",\"valueRequired\":true,\"valueName\":\"search_term_string\"}}],\"inLanguage\":\"es\"},{\"@type\":[\"Person\",\"Organization\"],\"@id\":\"https:\/\/lacanteradelebro.es\/#\/schema\/person\/2c7df64eef01f69456a16d6540d266df\",\"name\":\"Fernando\",\"image\":{\"@type\":\"ImageObject\",\"inLanguage\":\"es\",\"@id\":\"https:\/\/lacanteradelebro.es\/#\/schema\/person\/image\/\",\"url\":\"https:\/\/lacanteradelebro.es\/wp-content\/uploads\/2025\/06\/cropped-Logo_BO2.png\",\"contentUrl\":\"https:\/\/lacanteradelebro.es\/wp-content\/uploads\/2025\/06\/cropped-Logo_BO2.png\",\"width\":512,\"height\":512,\"caption\":\"Fernando\"},\"logo\":{\"@id\":\"https:\/\/lacanteradelebro.es\/#\/schema\/person\/image\/\"},\"publishingPrinciples\":\"https:\/\/lacanteradelebro.es\/ca\/politica-de-privacidad\/\",\"ownershipFundingInfo\":\"https:\/\/lacanteradelebro.es\/ca\/politica-de-privacidad\/\",\"actionableFeedbackPolicy\":\"https:\/\/lacanteradelebro.es\/ca\/aviso-legal\/\",\"correctionsPolicy\":\"https:\/\/lacanteradelebro.es\/ca\/reembolso_devoluciones\/\",\"ethicsPolicy\":\"https:\/\/lacanteradelebro.es\/ca\/politica-de-cookies\/\",\"diversityPolicy\":\"https:\/\/lacanteradelebro.es\/ca\/politica-de-cookies\/\",\"diversityStaffingReport\":\"https:\/\/lacanteradelebro.es\/ca\/politica-de-privacidad\/\"}]}<\/script>\n<!-- \/ Yoast SEO Premium plugin. -->","yoast_head_json":{"title":"Anillo de Amatista facetada engarzada en plata 925 con filigrana artesanal - La Cantera del Ebro","robots":{"index":"index","follow":"follow","max-snippet":"max-snippet:-1","max-image-preview":"max-image-preview:large","max-video-preview":"max-video-preview:-1"},"canonical":"https:\/\/lacanteradelebro.es\/es\/producto\/anillo-de-amatista-facetada-engarzada-en-plata-925-con-filigrana-artesanal\/","og_locale":"es_ES","og_type":"article","og_title":"Anillo de Amatista facetada engarzada en plata 925 con filigrana artesanal","og_description":"Descripci\u00f3n del Producto Peso 11gr Talla 17 \u2728  Anillo de Amatista facetada \u2728  Este anillo presenta una amatista facetada, que brilla con elegancia. \ud83c\udf1f  Est\u00e1 engarzado en plata 925, garantizando un acabado sofisticado. \ud83c\udffa  Cuenta con filigrana artesanal, a\u00f1adiendo un toque \u00fanico y detallado. \ud83c\udfa8 El anillo combina la belleza de la amatista con la calidad de la plata 925. La filigrana artesanal lo hace especial. Perfecto para quienes buscan un accesorio \u00fanico y elegante. \u2728  Detalles del Producto \u2728  Material: Plata 925. \ud83c\udffa  Piedra: Amatista facetada. \ud83c\udf1f  Dise\u00f1o: Filigrana artesanal. \ud83c\udfa8 Este anillo es una elecci\u00f3n ideal para quienes valoran la belleza y la calidad en sus joyas.","og_url":"https:\/\/lacanteradelebro.es\/es\/producto\/anillo-de-amatista-facetada-engarzada-en-plata-925-con-filigrana-artesanal\/","og_site_name":"La Cantera del Ebro","article_modified_time":"2026-02-21T10:56:52+00:00","og_image":[{"width":1600,"height":2133,"url":"https:\/\/lacanteradelebro.es\/wp-content\/uploads\/2026\/02\/50702f9f9a0f4e06993732875df544eftplv-t5fjg24jzw-origin-jpeg-scaled-1.jpeg","type":"image\/jpeg"}],"twitter_card":"summary_large_image","schema":{"@context":"https:\/\/schema.org","@graph":[{"@type":"WebPage","@id":"https:\/\/lacanteradelebro.es\/producto\/anillo-de-amatista-facetada-engarzada-en-plata-925-con-filigrana-artesanal\/","url":"https:\/\/lacanteradelebro.es\/producto\/anillo-de-amatista-facetada-engarzada-en-plata-925-con-filigrana-artesanal\/","name":"Anillo de Amatista facetada engarzada en plata 925 con filigrana artesanal - La Cantera del Ebro","isPartOf":{"@id":"https:\/\/lacanteradelebro.es\/#website"},"primaryImageOfPage":{"@id":"https:\/\/lacanteradelebro.es\/producto\/anillo-de-amatista-facetada-engarzada-en-plata-925-con-filigrana-artesanal\/#primaryimage"},"image":{"@id":"https:\/\/lacanteradelebro.es\/producto\/anillo-de-amatista-facetada-engarzada-en-plata-925-con-filigrana-artesanal\/#primaryimage"},"thumbnailUrl":"https:\/\/lacanteradelebro.es\/wp-content\/uploads\/2026\/02\/50702f9f9a0f4e06993732875df544eftplv-t5fjg24jzw-origin-jpeg-scaled-1.jpeg","datePublished":"2026-02-21T09:36:20+00:00","dateModified":"2026-02-21T10:56:52+00:00","breadcrumb":{"@id":"https:\/\/lacanteradelebro.es\/producto\/anillo-de-amatista-facetada-engarzada-en-plata-925-con-filigrana-artesanal\/#breadcrumb"},"inLanguage":"es","potentialAction":[{"@type":"ReadAction","target":["https:\/\/lacanteradelebro.es\/producto\/anillo-de-amatista-facetada-engarzada-en-plata-925-con-filigrana-artesanal\/"]}]},{"@type":"ImageObject","inLanguage":"es","@id":"https:\/\/lacanteradelebro.es\/producto\/anillo-de-amatista-facetada-engarzada-en-plata-925-con-filigrana-artesanal\/#primaryimage","url":"https:\/\/lacanteradelebro.es\/wp-content\/uploads\/2026\/02\/50702f9f9a0f4e06993732875df544eftplv-t5fjg24jzw-origin-jpeg-scaled-1.jpeg","contentUrl":"https:\/\/lacanteradelebro.es\/wp-content\/uploads\/2026\/02\/50702f9f9a0f4e06993732875df544eftplv-t5fjg24jzw-origin-jpeg-scaled-1.jpeg","width":1600,"height":2133},{"@type":"BreadcrumbList","@id":"https:\/\/lacanteradelebro.es\/producto\/anillo-de-amatista-facetada-engarzada-en-plata-925-con-filigrana-artesanal\/#breadcrumb","itemListElement":[{"@type":"ListItem","position":1,"name":"Portada","item":"https:\/\/lacanteradelebro.es\/es\/"},{"@type":"ListItem","position":2,"name":"Shop","item":"https:\/\/lacanteradelebro.es\/ca\/tienda-2\/"},{"@type":"ListItem","position":3,"name":"Anillo de Amatista facetada engarzada en plata 925 con filigrana artesanal"}]},{"@type":"WebSite","@id":"https:\/\/lacanteradelebro.es\/#website","url":"https:\/\/lacanteradelebro.es\/","name":"La Cantera del Ebro","description":"Transformamos la belleza de la piedra natural y la calidez de la madera artesanal en joyas y objetos \u00fanicos. Cada creaci\u00f3n est\u00e1 hecha a mano con pasi\u00f3n, conect\u00e1ndote con la Tierra a trav\u00e9s de dise\u00f1os exclusivos y llenos de alma.","publisher":{"@id":"https:\/\/lacanteradelebro.es\/#\/schema\/person\/2c7df64eef01f69456a16d6540d266df"},"potentialAction":[{"@type":"SearchAction","target":{"@type":"EntryPoint","urlTemplate":"https:\/\/lacanteradelebro.es\/?s={search_term_string}"},"query-input":{"@type":"PropertyValueSpecification","valueRequired":true,"valueName":"search_term_string"}}],"inLanguage":"es"},{"@type":["Person","Organization"],"@id":"https:\/\/lacanteradelebro.es\/#\/schema\/person\/2c7df64eef01f69456a16d6540d266df","name":"Fernando","image":{"@type":"ImageObject","inLanguage":"es","@id":"https:\/\/lacanteradelebro.es\/#\/schema\/person\/image\/","url":"https:\/\/lacanteradelebro.es\/wp-content\/uploads\/2025\/06\/cropped-Logo_BO2.png","contentUrl":"https:\/\/lacanteradelebro.es\/wp-content\/uploads\/2025\/06\/cropped-Logo_BO2.png","width":512,"height":512,"caption":"Fernando"},"logo":{"@id":"https:\/\/lacanteradelebro.es\/#\/schema\/person\/image\/"},"publishingPrinciples":"https:\/\/lacanteradelebro.es\/ca\/politica-de-privacidad\/","ownershipFundingInfo":"https:\/\/lacanteradelebro.es\/ca\/politica-de-privacidad\/","actionableFeedbackPolicy":"https:\/\/lacanteradelebro.es\/ca\/aviso-legal\/","correctionsPolicy":"https:\/\/lacanteradelebro.es\/ca\/reembolso_devoluciones\/","ethicsPolicy":"https:\/\/lacanteradelebro.es\/ca\/politica-de-cookies\/","diversityPolicy":"https:\/\/lacanteradelebro.es\/ca\/politica-de-cookies\/","diversityStaffingReport":"https:\/\/lacanteradelebro.es\/ca\/politica-de-privacidad\/"}]}},"_links":{"self":[{"href":"https:\/\/lacanteradelebro.es\/es\/wp-json\/wp\/v2\/product\/4206","targetHints":{"allow":["GET"]}}],"collection":[{"href":"https:\/\/lacanteradelebro.es\/es\/wp-json\/wp\/v2\/product"}],"about":[{"href":"https:\/\/lacanteradelebro.es\/es\/wp-json\/wp\/v2\/types\/product"}],"replies":[{"embeddable":true,"href":"https:\/\/lacanteradelebro.es\/es\/wp-json\/wp\/v2\/comments?post=4206"}],"wp:featuredmedia":[{"embeddable":true,"href":"https:\/\/lacanteradelebro.es\/es\/wp-json\/wp\/v2\/media\/4202"}],"wp:attachment":[{"href":"https:\/\/lacanteradelebro.es\/es\/wp-json\/wp\/v2\/media?parent=4206"}],"wp:term":[{"taxonomy":"product_brand","embeddable":true,"href":"https:\/\/lacanteradelebro.es\/es\/wp-json\/wp\/v2\/product_brand?post=4206"},{"taxonomy":"product_cat","embeddable":true,"href":"https:\/\/lacanteradelebro.es\/es\/wp-json\/wp\/v2\/product_cat?post=4206"},{"taxonomy":"product_tag","embeddable":true,"href":"https:\/\/lacanteradelebro.es\/es\/wp-json\/wp\/v2\/product_tag?post=4206"}],"curies":[{"name":"wp","href":"https:\/\/api.w.org\/{rel}","templated":true}]}}