{"id":4195,"date":"2026-02-21T09:35:50","date_gmt":"2026-02-21T09:35:50","guid":{"rendered":"https:\/\/lacanteradelebro.es\/es_es\/producto\/colgante-de-prasiolita-doble-facetado-engarzado-en-plata-925-con-filigrana-artesanal\/"},"modified":"2026-02-21T10:56:53","modified_gmt":"2026-02-21T10:56:53","slug":"colgante-de-prasiolita-doble-facetado-engarzado-en-plata-925-con-filigrana-artesanal","status":"publish","type":"product","link":"https:\/\/lacanteradelebro.es\/es\/producto\/colgante-de-prasiolita-doble-facetado-engarzado-en-plata-925-con-filigrana-artesanal\/","title":{"rendered":"Colgante de Prasiolita doble facetado engarzado en plata 925 con filigrana artesanal"},"content":{"rendered":"<h2>\n<p>  Descripci\u00f3n del Producto <\/p>\n<\/h2>\n<p> Peso 16 gr<\/p>\n<p> Tama\u00f1o 4*2,5*0,8  cm\u2728 <strong>  Colgante de Prasiolita doble facetado <\/strong> \u2728<\/p>\n<ul>\n<li>  Este colgante est\u00e1 hecho de prasiolita doble facetada, ofreciendo un brillo \u00fanico. \ud83c\udf1f <\/li>\n<li>  Est\u00e1 engarzado en plata 925, garantizando una calidad superior. \ud83c\udffa <\/li>\n<li>  Cuenta con filigrana artesanal, a\u00f1adiendo un toque de elegancia y detalle. \ud83c\udfa8 <\/li>\n<\/ul>\n<p> Este colgante combina la belleza de la prasiolita con la plata 925, creando una pieza \u00fanica. La filigrana artesanal a\u00f1ade un elemento especial, haciendo de este colgante una elecci\u00f3n destacada. Perfecto para quienes buscan un accesorio con significado y estilo.<\/p>\n","protected":false},"excerpt":{"rendered":"<h2 style=\"text-align: left\"> Descripci\u00f3n del Producto<\/h2>\n<p> Peso 16 gr<\/p>\n<p> Tama\u00f1o 4*2,5*0,8  cm\u2728 <strong>  Colgante de Prasiolita doble facetado <\/strong> \u2728<\/p>\n<ul>\n<li>  Este colgante est\u00e1 hecho de prasiolita doble facetada, ofreciendo un brillo \u00fanico. \ud83c\udf1f <\/li>\n<li>  Est\u00e1 engarzado en plata 925, garantizando una calidad superior. \ud83c\udffa <\/li>\n<li>  Cuenta con filigrana artesanal, a\u00f1adiendo un toque de elegancia y detalle. \ud83c\udfa8 <\/li>\n<\/ul>\n<p> Este colgante combina la belleza de la prasiolita con la plata 925, creando una pieza \u00fanica. La filigrana artesanal a\u00f1ade un elemento especial, haciendo de este colgante una elecci\u00f3n destacada. Perfecto para quienes buscan un accesorio con significado y estilo.<\/p>\n","protected":false},"featured_media":4191,"comment_status":"open","ping_status":"closed","template":"","meta":{"inline_featured_image":false},"product_brand":[],"product_cat":[92,105,94,50,45],"product_tag":[],"class_list":{"0":"post-4195","1":"product","2":"type-product","3":"status-publish","4":"has-post-thumbnail","6":"product_cat-accesorios-de-joyeria-y-derivados","7":"product_cat-collares-y-colgantes-de-plata","8":"product_cat-plata","9":"product_cat-colgantes","10":"product_cat-joyeria","12":"first","13":"instock","14":"shipping-taxable","15":"purchasable","16":"product-type-simple"},"yoast_head":"<!-- This site is optimized with the Yoast SEO Premium plugin v27.0 (Yoast SEO v27.1.1) - https:\/\/yoast.com\/product\/yoast-seo-premium-wordpress\/ -->\n<title>Colgante de Prasiolita doble facetado engarzado en plata 925 con filigrana artesanal - La Cantera del Ebro<\/title>\n<meta name=\"robots\" content=\"index, follow, max-snippet:-1, max-image-preview:large, max-video-preview:-1\" \/>\n<link rel=\"canonical\" href=\"https:\/\/lacanteradelebro.es\/es\/producto\/colgante-de-prasiolita-doble-facetado-engarzado-en-plata-925-con-filigrana-artesanal\/\" \/>\n<meta property=\"og:locale\" content=\"es_ES\" \/>\n<meta property=\"og:type\" content=\"article\" \/>\n<meta property=\"og:title\" content=\"Colgante de Prasiolita doble facetado engarzado en plata 925 con filigrana artesanal\" \/>\n<meta property=\"og:description\" content=\"Descripci\u00f3n del Producto Peso 16 gr Tama\u00f1o 4*2,5*0,8 cm\u2728  Colgante de Prasiolita doble facetado \u2728  Este colgante est\u00e1 hecho de prasiolita doble facetada, ofreciendo un brillo \u00fanico. \ud83c\udf1f  Est\u00e1 engarzado en plata 925, garantizando una calidad superior. \ud83c\udffa  Cuenta con filigrana artesanal, a\u00f1adiendo un toque de elegancia y detalle. \ud83c\udfa8 Este colgante combina la belleza de la prasiolita con la plata 925, creando una pieza \u00fanica. La filigrana artesanal a\u00f1ade un elemento especial, haciendo de este colgante una elecci\u00f3n destacada. Perfecto para quienes buscan un accesorio con significado y estilo.\" \/>\n<meta property=\"og:url\" content=\"https:\/\/lacanteradelebro.es\/es\/producto\/colgante-de-prasiolita-doble-facetado-engarzado-en-plata-925-con-filigrana-artesanal\/\" \/>\n<meta property=\"og:site_name\" content=\"La Cantera del Ebro\" \/>\n<meta property=\"article:modified_time\" content=\"2026-02-21T10:56:53+00:00\" \/>\n<meta property=\"og:image\" content=\"https:\/\/lacanteradelebro.es\/wp-content\/uploads\/2026\/02\/63f257481e124f5fb28d13cdb64a8aa1tplv-t5fjg24jzw-origin-jpeg-scaled-1.jpeg\" \/>\n\t<meta property=\"og:image:width\" content=\"1600\" \/>\n\t<meta property=\"og:image:height\" content=\"2133\" \/>\n\t<meta property=\"og:image:type\" content=\"image\/jpeg\" \/>\n<meta name=\"twitter:card\" content=\"summary_large_image\" \/>\n<script type=\"application\/ld+json\" class=\"yoast-schema-graph\">{\"@context\":\"https:\/\/schema.org\",\"@graph\":[{\"@type\":\"WebPage\",\"@id\":\"https:\/\/lacanteradelebro.es\/producto\/colgante-de-prasiolita-doble-facetado-engarzado-en-plata-925-con-filigrana-artesanal\/\",\"url\":\"https:\/\/lacanteradelebro.es\/producto\/colgante-de-prasiolita-doble-facetado-engarzado-en-plata-925-con-filigrana-artesanal\/\",\"name\":\"Colgante de Prasiolita doble facetado engarzado en plata 925 con filigrana artesanal - La Cantera del Ebro\",\"isPartOf\":{\"@id\":\"https:\/\/lacanteradelebro.es\/#website\"},\"primaryImageOfPage\":{\"@id\":\"https:\/\/lacanteradelebro.es\/producto\/colgante-de-prasiolita-doble-facetado-engarzado-en-plata-925-con-filigrana-artesanal\/#primaryimage\"},\"image\":{\"@id\":\"https:\/\/lacanteradelebro.es\/producto\/colgante-de-prasiolita-doble-facetado-engarzado-en-plata-925-con-filigrana-artesanal\/#primaryimage\"},\"thumbnailUrl\":\"https:\/\/lacanteradelebro.es\/wp-content\/uploads\/2026\/02\/63f257481e124f5fb28d13cdb64a8aa1tplv-t5fjg24jzw-origin-jpeg-scaled-1.jpeg\",\"datePublished\":\"2026-02-21T09:35:50+00:00\",\"dateModified\":\"2026-02-21T10:56:53+00:00\",\"breadcrumb\":{\"@id\":\"https:\/\/lacanteradelebro.es\/producto\/colgante-de-prasiolita-doble-facetado-engarzado-en-plata-925-con-filigrana-artesanal\/#breadcrumb\"},\"inLanguage\":\"es\",\"potentialAction\":[{\"@type\":\"ReadAction\",\"target\":[\"https:\/\/lacanteradelebro.es\/producto\/colgante-de-prasiolita-doble-facetado-engarzado-en-plata-925-con-filigrana-artesanal\/\"]}]},{\"@type\":\"ImageObject\",\"inLanguage\":\"es\",\"@id\":\"https:\/\/lacanteradelebro.es\/producto\/colgante-de-prasiolita-doble-facetado-engarzado-en-plata-925-con-filigrana-artesanal\/#primaryimage\",\"url\":\"https:\/\/lacanteradelebro.es\/wp-content\/uploads\/2026\/02\/63f257481e124f5fb28d13cdb64a8aa1tplv-t5fjg24jzw-origin-jpeg-scaled-1.jpeg\",\"contentUrl\":\"https:\/\/lacanteradelebro.es\/wp-content\/uploads\/2026\/02\/63f257481e124f5fb28d13cdb64a8aa1tplv-t5fjg24jzw-origin-jpeg-scaled-1.jpeg\",\"width\":1600,\"height\":2133},{\"@type\":\"BreadcrumbList\",\"@id\":\"https:\/\/lacanteradelebro.es\/producto\/colgante-de-prasiolita-doble-facetado-engarzado-en-plata-925-con-filigrana-artesanal\/#breadcrumb\",\"itemListElement\":[{\"@type\":\"ListItem\",\"position\":1,\"name\":\"Portada\",\"item\":\"https:\/\/lacanteradelebro.es\/es\/\"},{\"@type\":\"ListItem\",\"position\":2,\"name\":\"Shop\",\"item\":\"https:\/\/lacanteradelebro.es\/ca\/tienda-2\/\"},{\"@type\":\"ListItem\",\"position\":3,\"name\":\"Colgante de Prasiolita doble facetado engarzado en plata 925 con filigrana artesanal\"}]},{\"@type\":\"WebSite\",\"@id\":\"https:\/\/lacanteradelebro.es\/#website\",\"url\":\"https:\/\/lacanteradelebro.es\/\",\"name\":\"La Cantera del Ebro\",\"description\":\"Transformamos la belleza de la piedra natural y la calidez de la madera artesanal en joyas y objetos \u00fanicos. Cada creaci\u00f3n est\u00e1 hecha a mano con pasi\u00f3n, conect\u00e1ndote con la Tierra a trav\u00e9s de dise\u00f1os exclusivos y llenos de alma.\",\"publisher\":{\"@id\":\"https:\/\/lacanteradelebro.es\/#\/schema\/person\/2c7df64eef01f69456a16d6540d266df\"},\"potentialAction\":[{\"@type\":\"SearchAction\",\"target\":{\"@type\":\"EntryPoint\",\"urlTemplate\":\"https:\/\/lacanteradelebro.es\/?s={search_term_string}\"},\"query-input\":{\"@type\":\"PropertyValueSpecification\",\"valueRequired\":true,\"valueName\":\"search_term_string\"}}],\"inLanguage\":\"es\"},{\"@type\":[\"Person\",\"Organization\"],\"@id\":\"https:\/\/lacanteradelebro.es\/#\/schema\/person\/2c7df64eef01f69456a16d6540d266df\",\"name\":\"Fernando\",\"image\":{\"@type\":\"ImageObject\",\"inLanguage\":\"es\",\"@id\":\"https:\/\/lacanteradelebro.es\/#\/schema\/person\/image\/\",\"url\":\"https:\/\/lacanteradelebro.es\/wp-content\/uploads\/2025\/06\/cropped-Logo_BO2.png\",\"contentUrl\":\"https:\/\/lacanteradelebro.es\/wp-content\/uploads\/2025\/06\/cropped-Logo_BO2.png\",\"width\":512,\"height\":512,\"caption\":\"Fernando\"},\"logo\":{\"@id\":\"https:\/\/lacanteradelebro.es\/#\/schema\/person\/image\/\"},\"publishingPrinciples\":\"https:\/\/lacanteradelebro.es\/ca\/politica-de-privacidad\/\",\"ownershipFundingInfo\":\"https:\/\/lacanteradelebro.es\/ca\/politica-de-privacidad\/\",\"actionableFeedbackPolicy\":\"https:\/\/lacanteradelebro.es\/ca\/aviso-legal\/\",\"correctionsPolicy\":\"https:\/\/lacanteradelebro.es\/ca\/reembolso_devoluciones\/\",\"ethicsPolicy\":\"https:\/\/lacanteradelebro.es\/ca\/politica-de-cookies\/\",\"diversityPolicy\":\"https:\/\/lacanteradelebro.es\/ca\/politica-de-cookies\/\",\"diversityStaffingReport\":\"https:\/\/lacanteradelebro.es\/ca\/politica-de-privacidad\/\"}]}<\/script>\n<!-- \/ Yoast SEO Premium plugin. -->","yoast_head_json":{"title":"Colgante de Prasiolita doble facetado engarzado en plata 925 con filigrana artesanal - La Cantera del Ebro","robots":{"index":"index","follow":"follow","max-snippet":"max-snippet:-1","max-image-preview":"max-image-preview:large","max-video-preview":"max-video-preview:-1"},"canonical":"https:\/\/lacanteradelebro.es\/es\/producto\/colgante-de-prasiolita-doble-facetado-engarzado-en-plata-925-con-filigrana-artesanal\/","og_locale":"es_ES","og_type":"article","og_title":"Colgante de Prasiolita doble facetado engarzado en plata 925 con filigrana artesanal","og_description":"Descripci\u00f3n del Producto Peso 16 gr Tama\u00f1o 4*2,5*0,8 cm\u2728  Colgante de Prasiolita doble facetado \u2728  Este colgante est\u00e1 hecho de prasiolita doble facetada, ofreciendo un brillo \u00fanico. \ud83c\udf1f  Est\u00e1 engarzado en plata 925, garantizando una calidad superior. \ud83c\udffa  Cuenta con filigrana artesanal, a\u00f1adiendo un toque de elegancia y detalle. \ud83c\udfa8 Este colgante combina la belleza de la prasiolita con la plata 925, creando una pieza \u00fanica. La filigrana artesanal a\u00f1ade un elemento especial, haciendo de este colgante una elecci\u00f3n destacada. Perfecto para quienes buscan un accesorio con significado y estilo.","og_url":"https:\/\/lacanteradelebro.es\/es\/producto\/colgante-de-prasiolita-doble-facetado-engarzado-en-plata-925-con-filigrana-artesanal\/","og_site_name":"La Cantera del Ebro","article_modified_time":"2026-02-21T10:56:53+00:00","og_image":[{"width":1600,"height":2133,"url":"https:\/\/lacanteradelebro.es\/wp-content\/uploads\/2026\/02\/63f257481e124f5fb28d13cdb64a8aa1tplv-t5fjg24jzw-origin-jpeg-scaled-1.jpeg","type":"image\/jpeg"}],"twitter_card":"summary_large_image","schema":{"@context":"https:\/\/schema.org","@graph":[{"@type":"WebPage","@id":"https:\/\/lacanteradelebro.es\/producto\/colgante-de-prasiolita-doble-facetado-engarzado-en-plata-925-con-filigrana-artesanal\/","url":"https:\/\/lacanteradelebro.es\/producto\/colgante-de-prasiolita-doble-facetado-engarzado-en-plata-925-con-filigrana-artesanal\/","name":"Colgante de Prasiolita doble facetado engarzado en plata 925 con filigrana artesanal - La Cantera del Ebro","isPartOf":{"@id":"https:\/\/lacanteradelebro.es\/#website"},"primaryImageOfPage":{"@id":"https:\/\/lacanteradelebro.es\/producto\/colgante-de-prasiolita-doble-facetado-engarzado-en-plata-925-con-filigrana-artesanal\/#primaryimage"},"image":{"@id":"https:\/\/lacanteradelebro.es\/producto\/colgante-de-prasiolita-doble-facetado-engarzado-en-plata-925-con-filigrana-artesanal\/#primaryimage"},"thumbnailUrl":"https:\/\/lacanteradelebro.es\/wp-content\/uploads\/2026\/02\/63f257481e124f5fb28d13cdb64a8aa1tplv-t5fjg24jzw-origin-jpeg-scaled-1.jpeg","datePublished":"2026-02-21T09:35:50+00:00","dateModified":"2026-02-21T10:56:53+00:00","breadcrumb":{"@id":"https:\/\/lacanteradelebro.es\/producto\/colgante-de-prasiolita-doble-facetado-engarzado-en-plata-925-con-filigrana-artesanal\/#breadcrumb"},"inLanguage":"es","potentialAction":[{"@type":"ReadAction","target":["https:\/\/lacanteradelebro.es\/producto\/colgante-de-prasiolita-doble-facetado-engarzado-en-plata-925-con-filigrana-artesanal\/"]}]},{"@type":"ImageObject","inLanguage":"es","@id":"https:\/\/lacanteradelebro.es\/producto\/colgante-de-prasiolita-doble-facetado-engarzado-en-plata-925-con-filigrana-artesanal\/#primaryimage","url":"https:\/\/lacanteradelebro.es\/wp-content\/uploads\/2026\/02\/63f257481e124f5fb28d13cdb64a8aa1tplv-t5fjg24jzw-origin-jpeg-scaled-1.jpeg","contentUrl":"https:\/\/lacanteradelebro.es\/wp-content\/uploads\/2026\/02\/63f257481e124f5fb28d13cdb64a8aa1tplv-t5fjg24jzw-origin-jpeg-scaled-1.jpeg","width":1600,"height":2133},{"@type":"BreadcrumbList","@id":"https:\/\/lacanteradelebro.es\/producto\/colgante-de-prasiolita-doble-facetado-engarzado-en-plata-925-con-filigrana-artesanal\/#breadcrumb","itemListElement":[{"@type":"ListItem","position":1,"name":"Portada","item":"https:\/\/lacanteradelebro.es\/es\/"},{"@type":"ListItem","position":2,"name":"Shop","item":"https:\/\/lacanteradelebro.es\/ca\/tienda-2\/"},{"@type":"ListItem","position":3,"name":"Colgante de Prasiolita doble facetado engarzado en plata 925 con filigrana artesanal"}]},{"@type":"WebSite","@id":"https:\/\/lacanteradelebro.es\/#website","url":"https:\/\/lacanteradelebro.es\/","name":"La Cantera del Ebro","description":"Transformamos la belleza de la piedra natural y la calidez de la madera artesanal en joyas y objetos \u00fanicos. Cada creaci\u00f3n est\u00e1 hecha a mano con pasi\u00f3n, conect\u00e1ndote con la Tierra a trav\u00e9s de dise\u00f1os exclusivos y llenos de alma.","publisher":{"@id":"https:\/\/lacanteradelebro.es\/#\/schema\/person\/2c7df64eef01f69456a16d6540d266df"},"potentialAction":[{"@type":"SearchAction","target":{"@type":"EntryPoint","urlTemplate":"https:\/\/lacanteradelebro.es\/?s={search_term_string}"},"query-input":{"@type":"PropertyValueSpecification","valueRequired":true,"valueName":"search_term_string"}}],"inLanguage":"es"},{"@type":["Person","Organization"],"@id":"https:\/\/lacanteradelebro.es\/#\/schema\/person\/2c7df64eef01f69456a16d6540d266df","name":"Fernando","image":{"@type":"ImageObject","inLanguage":"es","@id":"https:\/\/lacanteradelebro.es\/#\/schema\/person\/image\/","url":"https:\/\/lacanteradelebro.es\/wp-content\/uploads\/2025\/06\/cropped-Logo_BO2.png","contentUrl":"https:\/\/lacanteradelebro.es\/wp-content\/uploads\/2025\/06\/cropped-Logo_BO2.png","width":512,"height":512,"caption":"Fernando"},"logo":{"@id":"https:\/\/lacanteradelebro.es\/#\/schema\/person\/image\/"},"publishingPrinciples":"https:\/\/lacanteradelebro.es\/ca\/politica-de-privacidad\/","ownershipFundingInfo":"https:\/\/lacanteradelebro.es\/ca\/politica-de-privacidad\/","actionableFeedbackPolicy":"https:\/\/lacanteradelebro.es\/ca\/aviso-legal\/","correctionsPolicy":"https:\/\/lacanteradelebro.es\/ca\/reembolso_devoluciones\/","ethicsPolicy":"https:\/\/lacanteradelebro.es\/ca\/politica-de-cookies\/","diversityPolicy":"https:\/\/lacanteradelebro.es\/ca\/politica-de-cookies\/","diversityStaffingReport":"https:\/\/lacanteradelebro.es\/ca\/politica-de-privacidad\/"}]}},"_links":{"self":[{"href":"https:\/\/lacanteradelebro.es\/es\/wp-json\/wp\/v2\/product\/4195","targetHints":{"allow":["GET"]}}],"collection":[{"href":"https:\/\/lacanteradelebro.es\/es\/wp-json\/wp\/v2\/product"}],"about":[{"href":"https:\/\/lacanteradelebro.es\/es\/wp-json\/wp\/v2\/types\/product"}],"replies":[{"embeddable":true,"href":"https:\/\/lacanteradelebro.es\/es\/wp-json\/wp\/v2\/comments?post=4195"}],"wp:featuredmedia":[{"embeddable":true,"href":"https:\/\/lacanteradelebro.es\/es\/wp-json\/wp\/v2\/media\/4191"}],"wp:attachment":[{"href":"https:\/\/lacanteradelebro.es\/es\/wp-json\/wp\/v2\/media?parent=4195"}],"wp:term":[{"taxonomy":"product_brand","embeddable":true,"href":"https:\/\/lacanteradelebro.es\/es\/wp-json\/wp\/v2\/product_brand?post=4195"},{"taxonomy":"product_cat","embeddable":true,"href":"https:\/\/lacanteradelebro.es\/es\/wp-json\/wp\/v2\/product_cat?post=4195"},{"taxonomy":"product_tag","embeddable":true,"href":"https:\/\/lacanteradelebro.es\/es\/wp-json\/wp\/v2\/product_tag?post=4195"}],"curies":[{"name":"wp","href":"https:\/\/api.w.org\/{rel}","templated":true}]}}