{"id":4170,"date":"2026-02-21T09:34:24","date_gmt":"2026-02-21T09:34:24","guid":{"rendered":"https:\/\/lacanteradelebro.es\/es_es\/producto\/pulsera-elastica-de-agata-agua-mar-acabado-en-plata-925-fabricacion-propia\/"},"modified":"2026-02-21T10:56:55","modified_gmt":"2026-02-21T10:56:55","slug":"pulsera-elastica-de-agata-agua-mar-acabado-en-plata-925-fabricacion-propia","status":"publish","type":"product","link":"https:\/\/lacanteradelebro.es\/es\/producto\/pulsera-elastica-de-agata-agua-mar-acabado-en-plata-925-fabricacion-propia\/","title":{"rendered":"Pulsera elastica  de Agata agua mar acabado en plata 925, fabricacion propia"},"content":{"rendered":"<h2>\n<p>  Descripci\u00f3n del Producto <\/p>\n<\/h2>\n<p> Tama\u00f1o Bola : 10 mm<\/p>\n<p> Talla: 18 cm<\/p>\n<p> Frabricacion propia, para cualquier otra talla mandar un mensaje.<\/p>\n<p> \u2728 <strong>  Pulsera El\u00e1stica de Agata <\/strong> \u2728<\/p>\n<ul>\n<li>  <strong>   Material:  <\/strong>  Esta pulsera est\u00e1 fabricada con agata y acabado en plata 925. \ud83c\udf0a <\/li>\n<li>  <strong>   Dise\u00f1o:  <\/strong>  La pulsera tiene un dise\u00f1o el\u00e1stico, lo que la hace c\u00f3moda de usar. \ud83c\udf1f <\/li>\n<li>  <strong>   Origen:  <\/strong>  La pulsera es de fabricaci\u00f3n propia, garantizando su autenticidad. \ud83c\udfed <\/li>\n<\/ul>\n<p> Esta pulsera de agata y plata 925 es una pieza \u00fanica. Su acabado en plata 925 le da un toque elegante. La pulsera es el\u00e1stica, lo que la hace perfecta para el uso diario. Fabricada de forma propia, esta pulsera es una opci\u00f3n confiable.<\/p>\n","protected":false},"excerpt":{"rendered":"<h2 style=\"text-align: left\"> Descripci\u00f3n del Producto<\/h2>\n<p> Tama\u00f1o Bola : 10 mm<\/p>\n<p> Talla: 18 cm<\/p>\n<p> Frabricacion propia, para cualquier otra talla mandar un mensaje.<\/p>\n<p> \u2728 <strong>  Pulsera El\u00e1stica de Agata <\/strong> \u2728<\/p>\n<ul>\n<li>  <strong>   Material:  <\/strong>  Esta pulsera est\u00e1 fabricada con agata y acabado en plata 925. \ud83c\udf0a <\/li>\n<li>  <strong>   Dise\u00f1o:  <\/strong>  La pulsera tiene un dise\u00f1o el\u00e1stico, lo que la hace c\u00f3moda de usar. \ud83c\udf1f <\/li>\n<li>  <strong>   Origen:  <\/strong>  La pulsera es de fabricaci\u00f3n propia, garantizando su autenticidad. \ud83c\udfed <\/li>\n<\/ul>\n<p> Esta pulsera de agata y plata 925 es una pieza \u00fanica. Su acabado en plata 925 le da un toque elegante. La pulsera es el\u00e1stica, lo que la hace perfecta para el uso diario. Fabricada de forma propia, esta pulsera es una opci\u00f3n confiable.<\/p>\n","protected":false},"featured_media":4167,"comment_status":"open","ping_status":"closed","template":"","meta":{"inline_featured_image":false},"product_brand":[],"product_cat":[92,90,100,45,43],"product_tag":[],"class_list":{"0":"post-4170","1":"product","2":"type-product","3":"status-publish","4":"has-post-thumbnail","6":"product_cat-accesorios-de-joyeria-y-derivados","7":"product_cat-piedras-semipreciosas","8":"product_cat-pulseras-y-tobilleras-de-piedras-semipreciosas","9":"product_cat-joyeria","10":"product_cat-pulseras","12":"first","13":"instock","14":"shipping-taxable","15":"purchasable","16":"product-type-simple"},"yoast_head":"<!-- This site is optimized with the Yoast SEO Premium plugin v27.0 (Yoast SEO v27.1.1) - https:\/\/yoast.com\/product\/yoast-seo-premium-wordpress\/ -->\n<title>Pulsera elastica de Agata agua mar acabado en plata 925, fabricacion propia - La Cantera del Ebro<\/title>\n<meta name=\"robots\" content=\"index, follow, max-snippet:-1, max-image-preview:large, max-video-preview:-1\" \/>\n<link rel=\"canonical\" href=\"https:\/\/lacanteradelebro.es\/es\/producto\/pulsera-elastica-de-agata-agua-mar-acabado-en-plata-925-fabricacion-propia\/\" \/>\n<meta property=\"og:locale\" content=\"es_ES\" \/>\n<meta property=\"og:type\" content=\"article\" \/>\n<meta property=\"og:title\" content=\"Pulsera elastica de Agata agua mar acabado en plata 925, fabricacion propia\" \/>\n<meta property=\"og:description\" content=\"Descripci\u00f3n del Producto Tama\u00f1o Bola : 10 mm Talla: 18 cm Frabricacion propia, para cualquier otra talla mandar un mensaje. \u2728  Pulsera El\u00e1stica de Agata \u2728   Material:  Esta pulsera est\u00e1 fabricada con agata y acabado en plata 925. \ud83c\udf0a    Dise\u00f1o:  La pulsera tiene un dise\u00f1o el\u00e1stico, lo que la hace c\u00f3moda de usar. \ud83c\udf1f    Origen:  La pulsera es de fabricaci\u00f3n propia, garantizando su autenticidad. \ud83c\udfed Esta pulsera de agata y plata 925 es una pieza \u00fanica. Su acabado en plata 925 le da un toque elegante. La pulsera es el\u00e1stica, lo que la hace perfecta para el uso diario. Fabricada de forma propia, esta pulsera es una opci\u00f3n confiable.\" \/>\n<meta property=\"og:url\" content=\"https:\/\/lacanteradelebro.es\/es\/producto\/pulsera-elastica-de-agata-agua-mar-acabado-en-plata-925-fabricacion-propia\/\" \/>\n<meta property=\"og:site_name\" content=\"La Cantera del Ebro\" \/>\n<meta property=\"article:modified_time\" content=\"2026-02-21T10:56:55+00:00\" \/>\n<meta property=\"og:image\" content=\"https:\/\/lacanteradelebro.es\/wp-content\/uploads\/2026\/02\/731da36b0ddb4657a4bc197132938a7etplv-t5fjg24jzw-origin-jpeg-scaled-1.jpeg\" \/>\n\t<meta property=\"og:image:width\" content=\"1600\" \/>\n\t<meta property=\"og:image:height\" content=\"2133\" \/>\n\t<meta property=\"og:image:type\" content=\"image\/jpeg\" \/>\n<meta name=\"twitter:card\" content=\"summary_large_image\" \/>\n<meta name=\"twitter:label1\" content=\"Tiempo de lectura\" \/>\n\t<meta name=\"twitter:data1\" content=\"1 minuto\" \/>\n<script type=\"application\/ld+json\" class=\"yoast-schema-graph\">{\"@context\":\"https:\/\/schema.org\",\"@graph\":[{\"@type\":\"WebPage\",\"@id\":\"https:\/\/lacanteradelebro.es\/producto\/pulsera-elastica-de-agata-agua-mar-acabado-en-plata-925-fabricacion-propia\/\",\"url\":\"https:\/\/lacanteradelebro.es\/producto\/pulsera-elastica-de-agata-agua-mar-acabado-en-plata-925-fabricacion-propia\/\",\"name\":\"Pulsera elastica de Agata agua mar acabado en plata 925, fabricacion propia - La Cantera del Ebro\",\"isPartOf\":{\"@id\":\"https:\/\/lacanteradelebro.es\/#website\"},\"primaryImageOfPage\":{\"@id\":\"https:\/\/lacanteradelebro.es\/producto\/pulsera-elastica-de-agata-agua-mar-acabado-en-plata-925-fabricacion-propia\/#primaryimage\"},\"image\":{\"@id\":\"https:\/\/lacanteradelebro.es\/producto\/pulsera-elastica-de-agata-agua-mar-acabado-en-plata-925-fabricacion-propia\/#primaryimage\"},\"thumbnailUrl\":\"https:\/\/lacanteradelebro.es\/wp-content\/uploads\/2026\/02\/731da36b0ddb4657a4bc197132938a7etplv-t5fjg24jzw-origin-jpeg-scaled-1.jpeg\",\"datePublished\":\"2026-02-21T09:34:24+00:00\",\"dateModified\":\"2026-02-21T10:56:55+00:00\",\"breadcrumb\":{\"@id\":\"https:\/\/lacanteradelebro.es\/producto\/pulsera-elastica-de-agata-agua-mar-acabado-en-plata-925-fabricacion-propia\/#breadcrumb\"},\"inLanguage\":\"es\",\"potentialAction\":[{\"@type\":\"ReadAction\",\"target\":[\"https:\/\/lacanteradelebro.es\/producto\/pulsera-elastica-de-agata-agua-mar-acabado-en-plata-925-fabricacion-propia\/\"]}]},{\"@type\":\"ImageObject\",\"inLanguage\":\"es\",\"@id\":\"https:\/\/lacanteradelebro.es\/producto\/pulsera-elastica-de-agata-agua-mar-acabado-en-plata-925-fabricacion-propia\/#primaryimage\",\"url\":\"https:\/\/lacanteradelebro.es\/wp-content\/uploads\/2026\/02\/731da36b0ddb4657a4bc197132938a7etplv-t5fjg24jzw-origin-jpeg-scaled-1.jpeg\",\"contentUrl\":\"https:\/\/lacanteradelebro.es\/wp-content\/uploads\/2026\/02\/731da36b0ddb4657a4bc197132938a7etplv-t5fjg24jzw-origin-jpeg-scaled-1.jpeg\",\"width\":1600,\"height\":2133},{\"@type\":\"BreadcrumbList\",\"@id\":\"https:\/\/lacanteradelebro.es\/producto\/pulsera-elastica-de-agata-agua-mar-acabado-en-plata-925-fabricacion-propia\/#breadcrumb\",\"itemListElement\":[{\"@type\":\"ListItem\",\"position\":1,\"name\":\"Portada\",\"item\":\"https:\/\/lacanteradelebro.es\/es\/\"},{\"@type\":\"ListItem\",\"position\":2,\"name\":\"Shop\",\"item\":\"https:\/\/lacanteradelebro.es\/ca\/tienda-2\/\"},{\"@type\":\"ListItem\",\"position\":3,\"name\":\"Pulsera elastica de Agata agua mar acabado en plata 925, fabricacion propia\"}]},{\"@type\":\"WebSite\",\"@id\":\"https:\/\/lacanteradelebro.es\/#website\",\"url\":\"https:\/\/lacanteradelebro.es\/\",\"name\":\"La Cantera del Ebro\",\"description\":\"Transformamos la belleza de la piedra natural y la calidez de la madera artesanal en joyas y objetos \u00fanicos. Cada creaci\u00f3n est\u00e1 hecha a mano con pasi\u00f3n, conect\u00e1ndote con la Tierra a trav\u00e9s de dise\u00f1os exclusivos y llenos de alma.\",\"publisher\":{\"@id\":\"https:\/\/lacanteradelebro.es\/#\/schema\/person\/2c7df64eef01f69456a16d6540d266df\"},\"potentialAction\":[{\"@type\":\"SearchAction\",\"target\":{\"@type\":\"EntryPoint\",\"urlTemplate\":\"https:\/\/lacanteradelebro.es\/?s={search_term_string}\"},\"query-input\":{\"@type\":\"PropertyValueSpecification\",\"valueRequired\":true,\"valueName\":\"search_term_string\"}}],\"inLanguage\":\"es\"},{\"@type\":[\"Person\",\"Organization\"],\"@id\":\"https:\/\/lacanteradelebro.es\/#\/schema\/person\/2c7df64eef01f69456a16d6540d266df\",\"name\":\"Fernando\",\"image\":{\"@type\":\"ImageObject\",\"inLanguage\":\"es\",\"@id\":\"https:\/\/lacanteradelebro.es\/#\/schema\/person\/image\/\",\"url\":\"https:\/\/lacanteradelebro.es\/wp-content\/uploads\/2025\/06\/cropped-Logo_BO2.png\",\"contentUrl\":\"https:\/\/lacanteradelebro.es\/wp-content\/uploads\/2025\/06\/cropped-Logo_BO2.png\",\"width\":512,\"height\":512,\"caption\":\"Fernando\"},\"logo\":{\"@id\":\"https:\/\/lacanteradelebro.es\/#\/schema\/person\/image\/\"},\"publishingPrinciples\":\"https:\/\/lacanteradelebro.es\/ca\/politica-de-privacidad\/\",\"ownershipFundingInfo\":\"https:\/\/lacanteradelebro.es\/ca\/politica-de-privacidad\/\",\"actionableFeedbackPolicy\":\"https:\/\/lacanteradelebro.es\/ca\/aviso-legal\/\",\"correctionsPolicy\":\"https:\/\/lacanteradelebro.es\/ca\/reembolso_devoluciones\/\",\"ethicsPolicy\":\"https:\/\/lacanteradelebro.es\/ca\/politica-de-cookies\/\",\"diversityPolicy\":\"https:\/\/lacanteradelebro.es\/ca\/politica-de-cookies\/\",\"diversityStaffingReport\":\"https:\/\/lacanteradelebro.es\/ca\/politica-de-privacidad\/\"}]}<\/script>\n<!-- \/ Yoast SEO Premium plugin. -->","yoast_head_json":{"title":"Pulsera elastica de Agata agua mar acabado en plata 925, fabricacion propia - La Cantera del Ebro","robots":{"index":"index","follow":"follow","max-snippet":"max-snippet:-1","max-image-preview":"max-image-preview:large","max-video-preview":"max-video-preview:-1"},"canonical":"https:\/\/lacanteradelebro.es\/es\/producto\/pulsera-elastica-de-agata-agua-mar-acabado-en-plata-925-fabricacion-propia\/","og_locale":"es_ES","og_type":"article","og_title":"Pulsera elastica de Agata agua mar acabado en plata 925, fabricacion propia","og_description":"Descripci\u00f3n del Producto Tama\u00f1o Bola : 10 mm Talla: 18 cm Frabricacion propia, para cualquier otra talla mandar un mensaje. \u2728  Pulsera El\u00e1stica de Agata \u2728   Material:  Esta pulsera est\u00e1 fabricada con agata y acabado en plata 925. \ud83c\udf0a    Dise\u00f1o:  La pulsera tiene un dise\u00f1o el\u00e1stico, lo que la hace c\u00f3moda de usar. \ud83c\udf1f    Origen:  La pulsera es de fabricaci\u00f3n propia, garantizando su autenticidad. \ud83c\udfed Esta pulsera de agata y plata 925 es una pieza \u00fanica. Su acabado en plata 925 le da un toque elegante. La pulsera es el\u00e1stica, lo que la hace perfecta para el uso diario. Fabricada de forma propia, esta pulsera es una opci\u00f3n confiable.","og_url":"https:\/\/lacanteradelebro.es\/es\/producto\/pulsera-elastica-de-agata-agua-mar-acabado-en-plata-925-fabricacion-propia\/","og_site_name":"La Cantera del Ebro","article_modified_time":"2026-02-21T10:56:55+00:00","og_image":[{"width":1600,"height":2133,"url":"https:\/\/lacanteradelebro.es\/wp-content\/uploads\/2026\/02\/731da36b0ddb4657a4bc197132938a7etplv-t5fjg24jzw-origin-jpeg-scaled-1.jpeg","type":"image\/jpeg"}],"twitter_card":"summary_large_image","twitter_misc":{"Tiempo de lectura":"1 minuto"},"schema":{"@context":"https:\/\/schema.org","@graph":[{"@type":"WebPage","@id":"https:\/\/lacanteradelebro.es\/producto\/pulsera-elastica-de-agata-agua-mar-acabado-en-plata-925-fabricacion-propia\/","url":"https:\/\/lacanteradelebro.es\/producto\/pulsera-elastica-de-agata-agua-mar-acabado-en-plata-925-fabricacion-propia\/","name":"Pulsera elastica de Agata agua mar acabado en plata 925, fabricacion propia - La Cantera del Ebro","isPartOf":{"@id":"https:\/\/lacanteradelebro.es\/#website"},"primaryImageOfPage":{"@id":"https:\/\/lacanteradelebro.es\/producto\/pulsera-elastica-de-agata-agua-mar-acabado-en-plata-925-fabricacion-propia\/#primaryimage"},"image":{"@id":"https:\/\/lacanteradelebro.es\/producto\/pulsera-elastica-de-agata-agua-mar-acabado-en-plata-925-fabricacion-propia\/#primaryimage"},"thumbnailUrl":"https:\/\/lacanteradelebro.es\/wp-content\/uploads\/2026\/02\/731da36b0ddb4657a4bc197132938a7etplv-t5fjg24jzw-origin-jpeg-scaled-1.jpeg","datePublished":"2026-02-21T09:34:24+00:00","dateModified":"2026-02-21T10:56:55+00:00","breadcrumb":{"@id":"https:\/\/lacanteradelebro.es\/producto\/pulsera-elastica-de-agata-agua-mar-acabado-en-plata-925-fabricacion-propia\/#breadcrumb"},"inLanguage":"es","potentialAction":[{"@type":"ReadAction","target":["https:\/\/lacanteradelebro.es\/producto\/pulsera-elastica-de-agata-agua-mar-acabado-en-plata-925-fabricacion-propia\/"]}]},{"@type":"ImageObject","inLanguage":"es","@id":"https:\/\/lacanteradelebro.es\/producto\/pulsera-elastica-de-agata-agua-mar-acabado-en-plata-925-fabricacion-propia\/#primaryimage","url":"https:\/\/lacanteradelebro.es\/wp-content\/uploads\/2026\/02\/731da36b0ddb4657a4bc197132938a7etplv-t5fjg24jzw-origin-jpeg-scaled-1.jpeg","contentUrl":"https:\/\/lacanteradelebro.es\/wp-content\/uploads\/2026\/02\/731da36b0ddb4657a4bc197132938a7etplv-t5fjg24jzw-origin-jpeg-scaled-1.jpeg","width":1600,"height":2133},{"@type":"BreadcrumbList","@id":"https:\/\/lacanteradelebro.es\/producto\/pulsera-elastica-de-agata-agua-mar-acabado-en-plata-925-fabricacion-propia\/#breadcrumb","itemListElement":[{"@type":"ListItem","position":1,"name":"Portada","item":"https:\/\/lacanteradelebro.es\/es\/"},{"@type":"ListItem","position":2,"name":"Shop","item":"https:\/\/lacanteradelebro.es\/ca\/tienda-2\/"},{"@type":"ListItem","position":3,"name":"Pulsera elastica de Agata agua mar acabado en plata 925, fabricacion propia"}]},{"@type":"WebSite","@id":"https:\/\/lacanteradelebro.es\/#website","url":"https:\/\/lacanteradelebro.es\/","name":"La Cantera del Ebro","description":"Transformamos la belleza de la piedra natural y la calidez de la madera artesanal en joyas y objetos \u00fanicos. Cada creaci\u00f3n est\u00e1 hecha a mano con pasi\u00f3n, conect\u00e1ndote con la Tierra a trav\u00e9s de dise\u00f1os exclusivos y llenos de alma.","publisher":{"@id":"https:\/\/lacanteradelebro.es\/#\/schema\/person\/2c7df64eef01f69456a16d6540d266df"},"potentialAction":[{"@type":"SearchAction","target":{"@type":"EntryPoint","urlTemplate":"https:\/\/lacanteradelebro.es\/?s={search_term_string}"},"query-input":{"@type":"PropertyValueSpecification","valueRequired":true,"valueName":"search_term_string"}}],"inLanguage":"es"},{"@type":["Person","Organization"],"@id":"https:\/\/lacanteradelebro.es\/#\/schema\/person\/2c7df64eef01f69456a16d6540d266df","name":"Fernando","image":{"@type":"ImageObject","inLanguage":"es","@id":"https:\/\/lacanteradelebro.es\/#\/schema\/person\/image\/","url":"https:\/\/lacanteradelebro.es\/wp-content\/uploads\/2025\/06\/cropped-Logo_BO2.png","contentUrl":"https:\/\/lacanteradelebro.es\/wp-content\/uploads\/2025\/06\/cropped-Logo_BO2.png","width":512,"height":512,"caption":"Fernando"},"logo":{"@id":"https:\/\/lacanteradelebro.es\/#\/schema\/person\/image\/"},"publishingPrinciples":"https:\/\/lacanteradelebro.es\/ca\/politica-de-privacidad\/","ownershipFundingInfo":"https:\/\/lacanteradelebro.es\/ca\/politica-de-privacidad\/","actionableFeedbackPolicy":"https:\/\/lacanteradelebro.es\/ca\/aviso-legal\/","correctionsPolicy":"https:\/\/lacanteradelebro.es\/ca\/reembolso_devoluciones\/","ethicsPolicy":"https:\/\/lacanteradelebro.es\/ca\/politica-de-cookies\/","diversityPolicy":"https:\/\/lacanteradelebro.es\/ca\/politica-de-cookies\/","diversityStaffingReport":"https:\/\/lacanteradelebro.es\/ca\/politica-de-privacidad\/"}]}},"_links":{"self":[{"href":"https:\/\/lacanteradelebro.es\/es\/wp-json\/wp\/v2\/product\/4170","targetHints":{"allow":["GET"]}}],"collection":[{"href":"https:\/\/lacanteradelebro.es\/es\/wp-json\/wp\/v2\/product"}],"about":[{"href":"https:\/\/lacanteradelebro.es\/es\/wp-json\/wp\/v2\/types\/product"}],"replies":[{"embeddable":true,"href":"https:\/\/lacanteradelebro.es\/es\/wp-json\/wp\/v2\/comments?post=4170"}],"wp:featuredmedia":[{"embeddable":true,"href":"https:\/\/lacanteradelebro.es\/es\/wp-json\/wp\/v2\/media\/4167"}],"wp:attachment":[{"href":"https:\/\/lacanteradelebro.es\/es\/wp-json\/wp\/v2\/media?parent=4170"}],"wp:term":[{"taxonomy":"product_brand","embeddable":true,"href":"https:\/\/lacanteradelebro.es\/es\/wp-json\/wp\/v2\/product_brand?post=4170"},{"taxonomy":"product_cat","embeddable":true,"href":"https:\/\/lacanteradelebro.es\/es\/wp-json\/wp\/v2\/product_cat?post=4170"},{"taxonomy":"product_tag","embeddable":true,"href":"https:\/\/lacanteradelebro.es\/es\/wp-json\/wp\/v2\/product_tag?post=4170"}],"curies":[{"name":"wp","href":"https:\/\/api.w.org\/{rel}","templated":true}]}}