{"id":4166,"date":"2026-02-21T09:34:12","date_gmt":"2026-02-21T09:34:12","guid":{"rendered":"https:\/\/lacanteradelebro.es\/es_es\/producto\/pulsera-elastica-de-amazonita-extra-acabados-en-plata-925-fabricacion-propia\/"},"modified":"2026-02-21T10:56:55","modified_gmt":"2026-02-21T10:56:55","slug":"pulsera-elastica-de-amazonita-extra-acabados-en-plata-925-fabricacion-propia","status":"publish","type":"product","link":"https:\/\/lacanteradelebro.es\/es\/producto\/pulsera-elastica-de-amazonita-extra-acabados-en-plata-925-fabricacion-propia\/","title":{"rendered":"Pulsera elastica de Amazonita extra, acabados en plata 925. Fabricacion propia"},"content":{"rendered":"<h3>\n<p>  Pulsera El\u00e1stica de Amazonita Extra <\/p>\n<\/h3>\n<p> \u2728Tama\u00f1o Bola : 10 mm<\/p>\n<p> Talla: 18 cm<\/p>\n<p> Frabricacion propia, para cualquier otra talla mandar un mensaje.<\/p>\n<p> <strong>  Caracter\u00edsticas Principales: <\/strong><\/p>\n<ul>\n<li>  Pulsera el\u00e1stica de Amazonita extra, con acabados en plata 925. <\/li>\n<li>  Fabricaci\u00f3n propia, garantizando un dise\u00f1o exclusivo. <\/li>\n<li>  La pulsera combina la belleza de la Amazonita con el brillo de la plata 925. <\/li>\n<\/ul>\n<h3>\n<p>  Detalles del Producto: <\/p>\n<\/h3>\n<ul>\n<li>  Material: Amazonita extra y plata 925. <\/li>\n<li>  Dise\u00f1o: El\u00e1stico para mayor comodidad. <\/li>\n<li>  Fabricaci\u00f3n: Hecha a mano, asegurando un producto \u00fanico. <\/li>\n<\/ul>\n<h3>\n<p>  Informaci\u00f3n Adicional: <\/p>\n<\/h3>\n<ul>\n<li>  Ideal para quienes buscan una pulsera con un toque de elegancia. <\/li>\n<li>  Perfecta para ocasiones especiales o uso diario. \ud83c\udf1f <\/li>\n<\/ul>\n<h3>\n<p>  Nota: <\/p>\n<\/h3>\n<p> Esta pulsera es una elecci\u00f3n perfecta para aquellos que valoran la belleza y la autenticidad en sus accesorios.<\/p>\n","protected":false},"excerpt":{"rendered":"<h3 style=\"text-align: left\"> Pulsera El\u00e1stica de Amazonita Extra<\/h3>\n<p> \u2728Tama\u00f1o Bola : 10 mm<\/p>\n<p> Talla: 18 cm<\/p>\n<p> Frabricacion propia, para cualquier otra talla mandar un mensaje.<\/p>\n<p> <strong>  Caracter\u00edsticas Principales: <\/strong><\/p>\n<ul>\n<li>  Pulsera el\u00e1stica de Amazonita extra, con acabados en plata 925. <\/li>\n<li>  Fabricaci\u00f3n propia, garantizando un dise\u00f1o exclusivo. <\/li>\n<li>  La pulsera combina la belleza de la Amazonita con el brillo de la plata 925. <\/li>\n<\/ul>\n<h3 style=\"text-align: left\"> Detalles del Producto:<\/h3>\n<ul>\n<li>  Material: Amazonita extra y plata 925. <\/li>\n<li>  Dise\u00f1o: El\u00e1stico para mayor comodidad. <\/li>\n<li>  Fabricaci\u00f3n: Hecha a mano, asegurando un producto \u00fanico. <\/li>\n<\/ul>\n<h3 style=\"text-align: left\"> Informaci\u00f3n Adicional:<\/h3>\n<ul>\n<li>  Ideal para quienes buscan una pulsera con un toque de elegancia. <\/li>\n<li>  Perfecta para ocasiones especiales o uso diario. \ud83c\udf1f <\/li>\n<\/ul>\n<h3 style=\"text-align: left\"> Nota:<\/h3>\n<p> Esta pulsera es una elecci\u00f3n perfecta para aquellos que valoran la belleza y la autenticidad en sus accesorios.<\/p>\n","protected":false},"featured_media":4163,"comment_status":"open","ping_status":"closed","template":"","meta":{"inline_featured_image":false},"product_brand":[],"product_cat":[92,90,100,45,43],"product_tag":[],"class_list":{"0":"post-4166","1":"product","2":"type-product","3":"status-publish","4":"has-post-thumbnail","6":"product_cat-accesorios-de-joyeria-y-derivados","7":"product_cat-piedras-semipreciosas","8":"product_cat-pulseras-y-tobilleras-de-piedras-semipreciosas","9":"product_cat-joyeria","10":"product_cat-pulseras","12":"first","13":"instock","14":"shipping-taxable","15":"purchasable","16":"product-type-simple"},"yoast_head":"<!-- This site is optimized with the Yoast SEO Premium plugin v27.0 (Yoast SEO v27.1.1) - https:\/\/yoast.com\/product\/yoast-seo-premium-wordpress\/ -->\n<title>Pulsera elastica de Amazonita extra, acabados en plata 925. Fabricacion propia - La Cantera del Ebro<\/title>\n<meta name=\"robots\" content=\"index, follow, max-snippet:-1, max-image-preview:large, max-video-preview:-1\" \/>\n<link rel=\"canonical\" href=\"https:\/\/lacanteradelebro.es\/es\/producto\/pulsera-elastica-de-amazonita-extra-acabados-en-plata-925-fabricacion-propia\/\" \/>\n<meta property=\"og:locale\" content=\"es_ES\" \/>\n<meta property=\"og:type\" content=\"article\" \/>\n<meta property=\"og:title\" content=\"Pulsera elastica de Amazonita extra, acabados en plata 925. Fabricacion propia\" \/>\n<meta property=\"og:description\" content=\"Pulsera El\u00e1stica de Amazonita Extra \u2728Tama\u00f1o Bola : 10 mm Talla: 18 cm Frabricacion propia, para cualquier otra talla mandar un mensaje.  Caracter\u00edsticas Principales:  Pulsera el\u00e1stica de Amazonita extra, con acabados en plata 925.  Fabricaci\u00f3n propia, garantizando un dise\u00f1o exclusivo.  La pulsera combina la belleza de la Amazonita con el brillo de la plata 925. Detalles del Producto:  Material: Amazonita extra y plata 925.  Dise\u00f1o: El\u00e1stico para mayor comodidad.  Fabricaci\u00f3n: Hecha a mano, asegurando un producto \u00fanico. Informaci\u00f3n Adicional:  Ideal para quienes buscan una pulsera con un toque de elegancia.  Perfecta para ocasiones especiales o uso diario. \ud83c\udf1f Nota: Esta pulsera es una elecci\u00f3n perfecta para aquellos que valoran la belleza y la autenticidad en sus accesorios.\" \/>\n<meta property=\"og:url\" content=\"https:\/\/lacanteradelebro.es\/es\/producto\/pulsera-elastica-de-amazonita-extra-acabados-en-plata-925-fabricacion-propia\/\" \/>\n<meta property=\"og:site_name\" content=\"La Cantera del Ebro\" \/>\n<meta property=\"article:modified_time\" content=\"2026-02-21T10:56:55+00:00\" \/>\n<meta property=\"og:image\" content=\"https:\/\/lacanteradelebro.es\/wp-content\/uploads\/2026\/02\/af9244b410e5401c8cb864fec70ff8edtplv-t5fjg24jzw-origin-jpeg-scaled-1.jpeg\" \/>\n\t<meta property=\"og:image:width\" content=\"1600\" \/>\n\t<meta property=\"og:image:height\" content=\"2133\" \/>\n\t<meta property=\"og:image:type\" content=\"image\/jpeg\" \/>\n<meta name=\"twitter:card\" content=\"summary_large_image\" \/>\n<meta name=\"twitter:label1\" content=\"Tiempo de lectura\" \/>\n\t<meta name=\"twitter:data1\" content=\"1 minuto\" \/>\n<script type=\"application\/ld+json\" class=\"yoast-schema-graph\">{\"@context\":\"https:\/\/schema.org\",\"@graph\":[{\"@type\":\"WebPage\",\"@id\":\"https:\/\/lacanteradelebro.es\/producto\/pulsera-elastica-de-amazonita-extra-acabados-en-plata-925-fabricacion-propia\/\",\"url\":\"https:\/\/lacanteradelebro.es\/producto\/pulsera-elastica-de-amazonita-extra-acabados-en-plata-925-fabricacion-propia\/\",\"name\":\"Pulsera elastica de Amazonita extra, acabados en plata 925. Fabricacion propia - La Cantera del Ebro\",\"isPartOf\":{\"@id\":\"https:\/\/lacanteradelebro.es\/#website\"},\"primaryImageOfPage\":{\"@id\":\"https:\/\/lacanteradelebro.es\/producto\/pulsera-elastica-de-amazonita-extra-acabados-en-plata-925-fabricacion-propia\/#primaryimage\"},\"image\":{\"@id\":\"https:\/\/lacanteradelebro.es\/producto\/pulsera-elastica-de-amazonita-extra-acabados-en-plata-925-fabricacion-propia\/#primaryimage\"},\"thumbnailUrl\":\"https:\/\/lacanteradelebro.es\/wp-content\/uploads\/2026\/02\/af9244b410e5401c8cb864fec70ff8edtplv-t5fjg24jzw-origin-jpeg-scaled-1.jpeg\",\"datePublished\":\"2026-02-21T09:34:12+00:00\",\"dateModified\":\"2026-02-21T10:56:55+00:00\",\"breadcrumb\":{\"@id\":\"https:\/\/lacanteradelebro.es\/producto\/pulsera-elastica-de-amazonita-extra-acabados-en-plata-925-fabricacion-propia\/#breadcrumb\"},\"inLanguage\":\"es\",\"potentialAction\":[{\"@type\":\"ReadAction\",\"target\":[\"https:\/\/lacanteradelebro.es\/producto\/pulsera-elastica-de-amazonita-extra-acabados-en-plata-925-fabricacion-propia\/\"]}]},{\"@type\":\"ImageObject\",\"inLanguage\":\"es\",\"@id\":\"https:\/\/lacanteradelebro.es\/producto\/pulsera-elastica-de-amazonita-extra-acabados-en-plata-925-fabricacion-propia\/#primaryimage\",\"url\":\"https:\/\/lacanteradelebro.es\/wp-content\/uploads\/2026\/02\/af9244b410e5401c8cb864fec70ff8edtplv-t5fjg24jzw-origin-jpeg-scaled-1.jpeg\",\"contentUrl\":\"https:\/\/lacanteradelebro.es\/wp-content\/uploads\/2026\/02\/af9244b410e5401c8cb864fec70ff8edtplv-t5fjg24jzw-origin-jpeg-scaled-1.jpeg\",\"width\":1600,\"height\":2133},{\"@type\":\"BreadcrumbList\",\"@id\":\"https:\/\/lacanteradelebro.es\/producto\/pulsera-elastica-de-amazonita-extra-acabados-en-plata-925-fabricacion-propia\/#breadcrumb\",\"itemListElement\":[{\"@type\":\"ListItem\",\"position\":1,\"name\":\"Portada\",\"item\":\"https:\/\/lacanteradelebro.es\/es\/\"},{\"@type\":\"ListItem\",\"position\":2,\"name\":\"Shop\",\"item\":\"https:\/\/lacanteradelebro.es\/ca\/tienda-2\/\"},{\"@type\":\"ListItem\",\"position\":3,\"name\":\"Pulsera elastica de Amazonita extra, acabados en plata 925. Fabricacion propia\"}]},{\"@type\":\"WebSite\",\"@id\":\"https:\/\/lacanteradelebro.es\/#website\",\"url\":\"https:\/\/lacanteradelebro.es\/\",\"name\":\"La Cantera del Ebro\",\"description\":\"Transformamos la belleza de la piedra natural y la calidez de la madera artesanal en joyas y objetos \u00fanicos. Cada creaci\u00f3n est\u00e1 hecha a mano con pasi\u00f3n, conect\u00e1ndote con la Tierra a trav\u00e9s de dise\u00f1os exclusivos y llenos de alma.\",\"publisher\":{\"@id\":\"https:\/\/lacanteradelebro.es\/#\/schema\/person\/2c7df64eef01f69456a16d6540d266df\"},\"potentialAction\":[{\"@type\":\"SearchAction\",\"target\":{\"@type\":\"EntryPoint\",\"urlTemplate\":\"https:\/\/lacanteradelebro.es\/?s={search_term_string}\"},\"query-input\":{\"@type\":\"PropertyValueSpecification\",\"valueRequired\":true,\"valueName\":\"search_term_string\"}}],\"inLanguage\":\"es\"},{\"@type\":[\"Person\",\"Organization\"],\"@id\":\"https:\/\/lacanteradelebro.es\/#\/schema\/person\/2c7df64eef01f69456a16d6540d266df\",\"name\":\"Fernando\",\"image\":{\"@type\":\"ImageObject\",\"inLanguage\":\"es\",\"@id\":\"https:\/\/lacanteradelebro.es\/#\/schema\/person\/image\/\",\"url\":\"https:\/\/lacanteradelebro.es\/wp-content\/uploads\/2025\/06\/cropped-Logo_BO2.png\",\"contentUrl\":\"https:\/\/lacanteradelebro.es\/wp-content\/uploads\/2025\/06\/cropped-Logo_BO2.png\",\"width\":512,\"height\":512,\"caption\":\"Fernando\"},\"logo\":{\"@id\":\"https:\/\/lacanteradelebro.es\/#\/schema\/person\/image\/\"},\"publishingPrinciples\":\"https:\/\/lacanteradelebro.es\/ca\/politica-de-privacidad\/\",\"ownershipFundingInfo\":\"https:\/\/lacanteradelebro.es\/ca\/politica-de-privacidad\/\",\"actionableFeedbackPolicy\":\"https:\/\/lacanteradelebro.es\/ca\/aviso-legal\/\",\"correctionsPolicy\":\"https:\/\/lacanteradelebro.es\/ca\/reembolso_devoluciones\/\",\"ethicsPolicy\":\"https:\/\/lacanteradelebro.es\/ca\/politica-de-cookies\/\",\"diversityPolicy\":\"https:\/\/lacanteradelebro.es\/ca\/politica-de-cookies\/\",\"diversityStaffingReport\":\"https:\/\/lacanteradelebro.es\/ca\/politica-de-privacidad\/\"}]}<\/script>\n<!-- \/ Yoast SEO Premium plugin. -->","yoast_head_json":{"title":"Pulsera elastica de Amazonita extra, acabados en plata 925. Fabricacion propia - La Cantera del Ebro","robots":{"index":"index","follow":"follow","max-snippet":"max-snippet:-1","max-image-preview":"max-image-preview:large","max-video-preview":"max-video-preview:-1"},"canonical":"https:\/\/lacanteradelebro.es\/es\/producto\/pulsera-elastica-de-amazonita-extra-acabados-en-plata-925-fabricacion-propia\/","og_locale":"es_ES","og_type":"article","og_title":"Pulsera elastica de Amazonita extra, acabados en plata 925. Fabricacion propia","og_description":"Pulsera El\u00e1stica de Amazonita Extra \u2728Tama\u00f1o Bola : 10 mm Talla: 18 cm Frabricacion propia, para cualquier otra talla mandar un mensaje.  Caracter\u00edsticas Principales:  Pulsera el\u00e1stica de Amazonita extra, con acabados en plata 925.  Fabricaci\u00f3n propia, garantizando un dise\u00f1o exclusivo.  La pulsera combina la belleza de la Amazonita con el brillo de la plata 925. Detalles del Producto:  Material: Amazonita extra y plata 925.  Dise\u00f1o: El\u00e1stico para mayor comodidad.  Fabricaci\u00f3n: Hecha a mano, asegurando un producto \u00fanico. Informaci\u00f3n Adicional:  Ideal para quienes buscan una pulsera con un toque de elegancia.  Perfecta para ocasiones especiales o uso diario. \ud83c\udf1f Nota: Esta pulsera es una elecci\u00f3n perfecta para aquellos que valoran la belleza y la autenticidad en sus accesorios.","og_url":"https:\/\/lacanteradelebro.es\/es\/producto\/pulsera-elastica-de-amazonita-extra-acabados-en-plata-925-fabricacion-propia\/","og_site_name":"La Cantera del Ebro","article_modified_time":"2026-02-21T10:56:55+00:00","og_image":[{"width":1600,"height":2133,"url":"https:\/\/lacanteradelebro.es\/wp-content\/uploads\/2026\/02\/af9244b410e5401c8cb864fec70ff8edtplv-t5fjg24jzw-origin-jpeg-scaled-1.jpeg","type":"image\/jpeg"}],"twitter_card":"summary_large_image","twitter_misc":{"Tiempo de lectura":"1 minuto"},"schema":{"@context":"https:\/\/schema.org","@graph":[{"@type":"WebPage","@id":"https:\/\/lacanteradelebro.es\/producto\/pulsera-elastica-de-amazonita-extra-acabados-en-plata-925-fabricacion-propia\/","url":"https:\/\/lacanteradelebro.es\/producto\/pulsera-elastica-de-amazonita-extra-acabados-en-plata-925-fabricacion-propia\/","name":"Pulsera elastica de Amazonita extra, acabados en plata 925. Fabricacion propia - La Cantera del Ebro","isPartOf":{"@id":"https:\/\/lacanteradelebro.es\/#website"},"primaryImageOfPage":{"@id":"https:\/\/lacanteradelebro.es\/producto\/pulsera-elastica-de-amazonita-extra-acabados-en-plata-925-fabricacion-propia\/#primaryimage"},"image":{"@id":"https:\/\/lacanteradelebro.es\/producto\/pulsera-elastica-de-amazonita-extra-acabados-en-plata-925-fabricacion-propia\/#primaryimage"},"thumbnailUrl":"https:\/\/lacanteradelebro.es\/wp-content\/uploads\/2026\/02\/af9244b410e5401c8cb864fec70ff8edtplv-t5fjg24jzw-origin-jpeg-scaled-1.jpeg","datePublished":"2026-02-21T09:34:12+00:00","dateModified":"2026-02-21T10:56:55+00:00","breadcrumb":{"@id":"https:\/\/lacanteradelebro.es\/producto\/pulsera-elastica-de-amazonita-extra-acabados-en-plata-925-fabricacion-propia\/#breadcrumb"},"inLanguage":"es","potentialAction":[{"@type":"ReadAction","target":["https:\/\/lacanteradelebro.es\/producto\/pulsera-elastica-de-amazonita-extra-acabados-en-plata-925-fabricacion-propia\/"]}]},{"@type":"ImageObject","inLanguage":"es","@id":"https:\/\/lacanteradelebro.es\/producto\/pulsera-elastica-de-amazonita-extra-acabados-en-plata-925-fabricacion-propia\/#primaryimage","url":"https:\/\/lacanteradelebro.es\/wp-content\/uploads\/2026\/02\/af9244b410e5401c8cb864fec70ff8edtplv-t5fjg24jzw-origin-jpeg-scaled-1.jpeg","contentUrl":"https:\/\/lacanteradelebro.es\/wp-content\/uploads\/2026\/02\/af9244b410e5401c8cb864fec70ff8edtplv-t5fjg24jzw-origin-jpeg-scaled-1.jpeg","width":1600,"height":2133},{"@type":"BreadcrumbList","@id":"https:\/\/lacanteradelebro.es\/producto\/pulsera-elastica-de-amazonita-extra-acabados-en-plata-925-fabricacion-propia\/#breadcrumb","itemListElement":[{"@type":"ListItem","position":1,"name":"Portada","item":"https:\/\/lacanteradelebro.es\/es\/"},{"@type":"ListItem","position":2,"name":"Shop","item":"https:\/\/lacanteradelebro.es\/ca\/tienda-2\/"},{"@type":"ListItem","position":3,"name":"Pulsera elastica de Amazonita extra, acabados en plata 925. Fabricacion propia"}]},{"@type":"WebSite","@id":"https:\/\/lacanteradelebro.es\/#website","url":"https:\/\/lacanteradelebro.es\/","name":"La Cantera del Ebro","description":"Transformamos la belleza de la piedra natural y la calidez de la madera artesanal en joyas y objetos \u00fanicos. Cada creaci\u00f3n est\u00e1 hecha a mano con pasi\u00f3n, conect\u00e1ndote con la Tierra a trav\u00e9s de dise\u00f1os exclusivos y llenos de alma.","publisher":{"@id":"https:\/\/lacanteradelebro.es\/#\/schema\/person\/2c7df64eef01f69456a16d6540d266df"},"potentialAction":[{"@type":"SearchAction","target":{"@type":"EntryPoint","urlTemplate":"https:\/\/lacanteradelebro.es\/?s={search_term_string}"},"query-input":{"@type":"PropertyValueSpecification","valueRequired":true,"valueName":"search_term_string"}}],"inLanguage":"es"},{"@type":["Person","Organization"],"@id":"https:\/\/lacanteradelebro.es\/#\/schema\/person\/2c7df64eef01f69456a16d6540d266df","name":"Fernando","image":{"@type":"ImageObject","inLanguage":"es","@id":"https:\/\/lacanteradelebro.es\/#\/schema\/person\/image\/","url":"https:\/\/lacanteradelebro.es\/wp-content\/uploads\/2025\/06\/cropped-Logo_BO2.png","contentUrl":"https:\/\/lacanteradelebro.es\/wp-content\/uploads\/2025\/06\/cropped-Logo_BO2.png","width":512,"height":512,"caption":"Fernando"},"logo":{"@id":"https:\/\/lacanteradelebro.es\/#\/schema\/person\/image\/"},"publishingPrinciples":"https:\/\/lacanteradelebro.es\/ca\/politica-de-privacidad\/","ownershipFundingInfo":"https:\/\/lacanteradelebro.es\/ca\/politica-de-privacidad\/","actionableFeedbackPolicy":"https:\/\/lacanteradelebro.es\/ca\/aviso-legal\/","correctionsPolicy":"https:\/\/lacanteradelebro.es\/ca\/reembolso_devoluciones\/","ethicsPolicy":"https:\/\/lacanteradelebro.es\/ca\/politica-de-cookies\/","diversityPolicy":"https:\/\/lacanteradelebro.es\/ca\/politica-de-cookies\/","diversityStaffingReport":"https:\/\/lacanteradelebro.es\/ca\/politica-de-privacidad\/"}]}},"_links":{"self":[{"href":"https:\/\/lacanteradelebro.es\/es\/wp-json\/wp\/v2\/product\/4166","targetHints":{"allow":["GET"]}}],"collection":[{"href":"https:\/\/lacanteradelebro.es\/es\/wp-json\/wp\/v2\/product"}],"about":[{"href":"https:\/\/lacanteradelebro.es\/es\/wp-json\/wp\/v2\/types\/product"}],"replies":[{"embeddable":true,"href":"https:\/\/lacanteradelebro.es\/es\/wp-json\/wp\/v2\/comments?post=4166"}],"wp:featuredmedia":[{"embeddable":true,"href":"https:\/\/lacanteradelebro.es\/es\/wp-json\/wp\/v2\/media\/4163"}],"wp:attachment":[{"href":"https:\/\/lacanteradelebro.es\/es\/wp-json\/wp\/v2\/media?parent=4166"}],"wp:term":[{"taxonomy":"product_brand","embeddable":true,"href":"https:\/\/lacanteradelebro.es\/es\/wp-json\/wp\/v2\/product_brand?post=4166"},{"taxonomy":"product_cat","embeddable":true,"href":"https:\/\/lacanteradelebro.es\/es\/wp-json\/wp\/v2\/product_cat?post=4166"},{"taxonomy":"product_tag","embeddable":true,"href":"https:\/\/lacanteradelebro.es\/es\/wp-json\/wp\/v2\/product_tag?post=4166"}],"curies":[{"name":"wp","href":"https:\/\/api.w.org\/{rel}","templated":true}]}}