{"id":4154,"date":"2026-02-21T09:33:41","date_gmt":"2026-02-21T09:33:41","guid":{"rendered":"https:\/\/lacanteradelebro.es\/es_es\/producto\/gran-punta-de-amatista-chevron-de-gran-calidad-mineral-natural\/"},"modified":"2026-02-21T10:56:57","modified_gmt":"2026-02-21T10:56:57","slug":"gran-punta-de-amatista-chevron-de-gran-calidad-mineral-natural","status":"publish","type":"product","link":"https:\/\/lacanteradelebro.es\/es\/producto\/gran-punta-de-amatista-chevron-de-gran-calidad-mineral-natural\/","title":{"rendered":"Gran punta de Amatista Chevron de gran calidad mineral natural"},"content":{"rendered":"<p> <strong>  Peso 676 Gr <\/strong><\/p>\n<p> <strong>  Tama\u00f1o 15*6*6 <\/strong><\/p>\n<p> <strong>  Amatista Chevron de Gran Calidad \u2013 Origen Brasil <\/strong><\/p>\n<p> Descubre la belleza \u00fanica de esta <strong>  amatista chevron <\/strong> brasile\u00f1a, una pieza excepcional que combina la profundidad del violeta con las elegantes franjas blancas del cuarzo lechoso. Su <strong>  brillo natural <\/strong> , claridad y patr\u00f3n perfectamente definido la convierten en una gema ideal tanto para coleccionistas como para amantes de la energ\u00eda espiritual.<\/p>\n<p> Procedente de <strong>  Brasil <\/strong> , uno de los yacimientos m\u00e1s prestigiosos del mundo, esta amatista destaca por: <strong>  Color intenso <\/strong> con matices p\u00farpura profundos. <strong>  Franjas chevron n\u00edtidas y arm\u00f3nicas <\/strong> , propias de ejemplares de alta categor\u00eda. <strong>  Lustre brillante <\/strong> y pulido impecable.  Piedra ideal para decoraci\u00f3n, meditaci\u00f3n, reiki y armonizaci\u00f3n energ\u00e9tica.<\/p>\n<p> Una pieza aut\u00e9ntica, elegante y de calidad superior, perfecta para regalar o ampliar tu colecci\u00f3n de minerales premium.<\/p>\n","protected":false},"excerpt":{"rendered":"<p> <strong>  Peso 676 Gr <\/strong><\/p>\n<p> <strong>  Tama\u00f1o 15*6*6 <\/strong><\/p>\n<p> <strong>  Amatista Chevron de Gran Calidad \u2013 Origen Brasil <\/strong><\/p>\n<p> Descubre la belleza \u00fanica de esta <strong>  amatista chevron <\/strong> brasile\u00f1a, una pieza excepcional que combina la profundidad del violeta con las elegantes franjas blancas del cuarzo lechoso. Su <strong>  brillo natural <\/strong> , claridad y patr\u00f3n perfectamente definido la convierten en una gema ideal tanto para coleccionistas como para amantes de la energ\u00eda espiritual.<\/p>\n<p> Procedente de <strong>  Brasil <\/strong> , uno de los yacimientos m\u00e1s prestigiosos del mundo, esta amatista destaca por: <strong>  Color intenso <\/strong> con matices p\u00farpura profundos. <strong>  Franjas chevron n\u00edtidas y arm\u00f3nicas <\/strong> , propias de ejemplares de alta categor\u00eda. <strong>  Lustre brillante <\/strong> y pulido impecable.  Piedra ideal para decoraci\u00f3n, meditaci\u00f3n, reiki y armonizaci\u00f3n energ\u00e9tica.<\/p>\n<p> Una pieza aut\u00e9ntica, elegante y de calidad superior, perfecta para regalar o ampliar tu colecci\u00f3n de minerales premium.<\/p>\n","protected":false},"featured_media":4149,"comment_status":"open","ping_status":"closed","template":"","meta":{"inline_featured_image":false},"product_brand":[],"product_cat":[92,90,91,42],"product_tag":[],"class_list":{"0":"post-4154","1":"product","2":"type-product","3":"status-publish","4":"has-post-thumbnail","6":"product_cat-accesorios-de-joyeria-y-derivados","7":"product_cat-piedras-semipreciosas","8":"product_cat-piedras-semipreciosas-semiacabadas","9":"product_cat-minerales","11":"first","12":"instock","13":"shipping-taxable","14":"purchasable","15":"product-type-simple"},"yoast_head":"<!-- This site is optimized with the Yoast SEO Premium plugin v27.0 (Yoast SEO v27.1.1) - https:\/\/yoast.com\/product\/yoast-seo-premium-wordpress\/ -->\n<title>Gran punta de Amatista Chevron de gran calidad mineral natural - La Cantera del Ebro<\/title>\n<meta name=\"robots\" content=\"index, follow, max-snippet:-1, max-image-preview:large, max-video-preview:-1\" \/>\n<link rel=\"canonical\" href=\"https:\/\/lacanteradelebro.es\/es\/producto\/gran-punta-de-amatista-chevron-de-gran-calidad-mineral-natural\/\" \/>\n<meta property=\"og:locale\" content=\"es_ES\" \/>\n<meta property=\"og:type\" content=\"article\" \/>\n<meta property=\"og:title\" content=\"Gran punta de Amatista Chevron de gran calidad mineral natural\" \/>\n<meta property=\"og:description\" content=\"Peso 676 Gr  Tama\u00f1o 15*6*6  Amatista Chevron de Gran Calidad \u2013 Origen Brasil Descubre la belleza \u00fanica de esta  amatista chevron brasile\u00f1a, una pieza excepcional que combina la profundidad del violeta con las elegantes franjas blancas del cuarzo lechoso. Su  brillo natural , claridad y patr\u00f3n perfectamente definido la convierten en una gema ideal tanto para coleccionistas como para amantes de la energ\u00eda espiritual. Procedente de  Brasil , uno de los yacimientos m\u00e1s prestigiosos del mundo, esta amatista destaca por:  Color intenso con matices p\u00farpura profundos.  Franjas chevron n\u00edtidas y arm\u00f3nicas , propias de ejemplares de alta categor\u00eda.  Lustre brillante y pulido impecable. Piedra ideal para decoraci\u00f3n, meditaci\u00f3n, reiki y armonizaci\u00f3n energ\u00e9tica. Una pieza aut\u00e9ntica, elegante y de calidad superior, perfecta para regalar o ampliar tu colecci\u00f3n de minerales premium.\" \/>\n<meta property=\"og:url\" content=\"https:\/\/lacanteradelebro.es\/es\/producto\/gran-punta-de-amatista-chevron-de-gran-calidad-mineral-natural\/\" \/>\n<meta property=\"og:site_name\" content=\"La Cantera del Ebro\" \/>\n<meta property=\"article:modified_time\" content=\"2026-02-21T10:56:57+00:00\" \/>\n<meta property=\"og:image\" content=\"https:\/\/lacanteradelebro.es\/wp-content\/uploads\/2026\/02\/241290d758a64e9b94d35ffd83b67656tplv-t5fjg24jzw-origin-jpeg-scaled-1.jpeg\" \/>\n\t<meta property=\"og:image:width\" content=\"1600\" \/>\n\t<meta property=\"og:image:height\" content=\"2133\" \/>\n\t<meta property=\"og:image:type\" content=\"image\/jpeg\" \/>\n<meta name=\"twitter:card\" content=\"summary_large_image\" \/>\n<meta name=\"twitter:label1\" content=\"Tiempo de lectura\" \/>\n\t<meta name=\"twitter:data1\" content=\"1 minuto\" \/>\n<script type=\"application\/ld+json\" class=\"yoast-schema-graph\">{\"@context\":\"https:\/\/schema.org\",\"@graph\":[{\"@type\":\"WebPage\",\"@id\":\"https:\/\/lacanteradelebro.es\/producto\/gran-punta-de-amatista-chevron-de-gran-calidad-mineral-natural\/\",\"url\":\"https:\/\/lacanteradelebro.es\/producto\/gran-punta-de-amatista-chevron-de-gran-calidad-mineral-natural\/\",\"name\":\"Gran punta de Amatista Chevron de gran calidad mineral natural - La Cantera del Ebro\",\"isPartOf\":{\"@id\":\"https:\/\/lacanteradelebro.es\/#website\"},\"primaryImageOfPage\":{\"@id\":\"https:\/\/lacanteradelebro.es\/producto\/gran-punta-de-amatista-chevron-de-gran-calidad-mineral-natural\/#primaryimage\"},\"image\":{\"@id\":\"https:\/\/lacanteradelebro.es\/producto\/gran-punta-de-amatista-chevron-de-gran-calidad-mineral-natural\/#primaryimage\"},\"thumbnailUrl\":\"https:\/\/lacanteradelebro.es\/wp-content\/uploads\/2026\/02\/241290d758a64e9b94d35ffd83b67656tplv-t5fjg24jzw-origin-jpeg-scaled-1.jpeg\",\"datePublished\":\"2026-02-21T09:33:41+00:00\",\"dateModified\":\"2026-02-21T10:56:57+00:00\",\"breadcrumb\":{\"@id\":\"https:\/\/lacanteradelebro.es\/producto\/gran-punta-de-amatista-chevron-de-gran-calidad-mineral-natural\/#breadcrumb\"},\"inLanguage\":\"es\",\"potentialAction\":[{\"@type\":\"ReadAction\",\"target\":[\"https:\/\/lacanteradelebro.es\/producto\/gran-punta-de-amatista-chevron-de-gran-calidad-mineral-natural\/\"]}]},{\"@type\":\"ImageObject\",\"inLanguage\":\"es\",\"@id\":\"https:\/\/lacanteradelebro.es\/producto\/gran-punta-de-amatista-chevron-de-gran-calidad-mineral-natural\/#primaryimage\",\"url\":\"https:\/\/lacanteradelebro.es\/wp-content\/uploads\/2026\/02\/241290d758a64e9b94d35ffd83b67656tplv-t5fjg24jzw-origin-jpeg-scaled-1.jpeg\",\"contentUrl\":\"https:\/\/lacanteradelebro.es\/wp-content\/uploads\/2026\/02\/241290d758a64e9b94d35ffd83b67656tplv-t5fjg24jzw-origin-jpeg-scaled-1.jpeg\",\"width\":1600,\"height\":2133},{\"@type\":\"BreadcrumbList\",\"@id\":\"https:\/\/lacanteradelebro.es\/producto\/gran-punta-de-amatista-chevron-de-gran-calidad-mineral-natural\/#breadcrumb\",\"itemListElement\":[{\"@type\":\"ListItem\",\"position\":1,\"name\":\"Portada\",\"item\":\"https:\/\/lacanteradelebro.es\/es\/\"},{\"@type\":\"ListItem\",\"position\":2,\"name\":\"Shop\",\"item\":\"https:\/\/lacanteradelebro.es\/ca\/tienda-2\/\"},{\"@type\":\"ListItem\",\"position\":3,\"name\":\"Gran punta de Amatista Chevron de gran calidad mineral natural\"}]},{\"@type\":\"WebSite\",\"@id\":\"https:\/\/lacanteradelebro.es\/#website\",\"url\":\"https:\/\/lacanteradelebro.es\/\",\"name\":\"La Cantera del Ebro\",\"description\":\"Transformamos la belleza de la piedra natural y la calidez de la madera artesanal en joyas y objetos \u00fanicos. Cada creaci\u00f3n est\u00e1 hecha a mano con pasi\u00f3n, conect\u00e1ndote con la Tierra a trav\u00e9s de dise\u00f1os exclusivos y llenos de alma.\",\"publisher\":{\"@id\":\"https:\/\/lacanteradelebro.es\/#\/schema\/person\/2c7df64eef01f69456a16d6540d266df\"},\"potentialAction\":[{\"@type\":\"SearchAction\",\"target\":{\"@type\":\"EntryPoint\",\"urlTemplate\":\"https:\/\/lacanteradelebro.es\/?s={search_term_string}\"},\"query-input\":{\"@type\":\"PropertyValueSpecification\",\"valueRequired\":true,\"valueName\":\"search_term_string\"}}],\"inLanguage\":\"es\"},{\"@type\":[\"Person\",\"Organization\"],\"@id\":\"https:\/\/lacanteradelebro.es\/#\/schema\/person\/2c7df64eef01f69456a16d6540d266df\",\"name\":\"Fernando\",\"image\":{\"@type\":\"ImageObject\",\"inLanguage\":\"es\",\"@id\":\"https:\/\/lacanteradelebro.es\/#\/schema\/person\/image\/\",\"url\":\"https:\/\/lacanteradelebro.es\/wp-content\/uploads\/2025\/06\/cropped-Logo_BO2.png\",\"contentUrl\":\"https:\/\/lacanteradelebro.es\/wp-content\/uploads\/2025\/06\/cropped-Logo_BO2.png\",\"width\":512,\"height\":512,\"caption\":\"Fernando\"},\"logo\":{\"@id\":\"https:\/\/lacanteradelebro.es\/#\/schema\/person\/image\/\"},\"publishingPrinciples\":\"https:\/\/lacanteradelebro.es\/ca\/politica-de-privacidad\/\",\"ownershipFundingInfo\":\"https:\/\/lacanteradelebro.es\/ca\/politica-de-privacidad\/\",\"actionableFeedbackPolicy\":\"https:\/\/lacanteradelebro.es\/ca\/aviso-legal\/\",\"correctionsPolicy\":\"https:\/\/lacanteradelebro.es\/ca\/reembolso_devoluciones\/\",\"ethicsPolicy\":\"https:\/\/lacanteradelebro.es\/ca\/politica-de-cookies\/\",\"diversityPolicy\":\"https:\/\/lacanteradelebro.es\/ca\/politica-de-cookies\/\",\"diversityStaffingReport\":\"https:\/\/lacanteradelebro.es\/ca\/politica-de-privacidad\/\"}]}<\/script>\n<!-- \/ Yoast SEO Premium plugin. -->","yoast_head_json":{"title":"Gran punta de Amatista Chevron de gran calidad mineral natural - La Cantera del Ebro","robots":{"index":"index","follow":"follow","max-snippet":"max-snippet:-1","max-image-preview":"max-image-preview:large","max-video-preview":"max-video-preview:-1"},"canonical":"https:\/\/lacanteradelebro.es\/es\/producto\/gran-punta-de-amatista-chevron-de-gran-calidad-mineral-natural\/","og_locale":"es_ES","og_type":"article","og_title":"Gran punta de Amatista Chevron de gran calidad mineral natural","og_description":"Peso 676 Gr  Tama\u00f1o 15*6*6  Amatista Chevron de Gran Calidad \u2013 Origen Brasil Descubre la belleza \u00fanica de esta  amatista chevron brasile\u00f1a, una pieza excepcional que combina la profundidad del violeta con las elegantes franjas blancas del cuarzo lechoso. Su  brillo natural , claridad y patr\u00f3n perfectamente definido la convierten en una gema ideal tanto para coleccionistas como para amantes de la energ\u00eda espiritual. Procedente de  Brasil , uno de los yacimientos m\u00e1s prestigiosos del mundo, esta amatista destaca por:  Color intenso con matices p\u00farpura profundos.  Franjas chevron n\u00edtidas y arm\u00f3nicas , propias de ejemplares de alta categor\u00eda.  Lustre brillante y pulido impecable. Piedra ideal para decoraci\u00f3n, meditaci\u00f3n, reiki y armonizaci\u00f3n energ\u00e9tica. Una pieza aut\u00e9ntica, elegante y de calidad superior, perfecta para regalar o ampliar tu colecci\u00f3n de minerales premium.","og_url":"https:\/\/lacanteradelebro.es\/es\/producto\/gran-punta-de-amatista-chevron-de-gran-calidad-mineral-natural\/","og_site_name":"La Cantera del Ebro","article_modified_time":"2026-02-21T10:56:57+00:00","og_image":[{"width":1600,"height":2133,"url":"https:\/\/lacanteradelebro.es\/wp-content\/uploads\/2026\/02\/241290d758a64e9b94d35ffd83b67656tplv-t5fjg24jzw-origin-jpeg-scaled-1.jpeg","type":"image\/jpeg"}],"twitter_card":"summary_large_image","twitter_misc":{"Tiempo de lectura":"1 minuto"},"schema":{"@context":"https:\/\/schema.org","@graph":[{"@type":"WebPage","@id":"https:\/\/lacanteradelebro.es\/producto\/gran-punta-de-amatista-chevron-de-gran-calidad-mineral-natural\/","url":"https:\/\/lacanteradelebro.es\/producto\/gran-punta-de-amatista-chevron-de-gran-calidad-mineral-natural\/","name":"Gran punta de Amatista Chevron de gran calidad mineral natural - La Cantera del Ebro","isPartOf":{"@id":"https:\/\/lacanteradelebro.es\/#website"},"primaryImageOfPage":{"@id":"https:\/\/lacanteradelebro.es\/producto\/gran-punta-de-amatista-chevron-de-gran-calidad-mineral-natural\/#primaryimage"},"image":{"@id":"https:\/\/lacanteradelebro.es\/producto\/gran-punta-de-amatista-chevron-de-gran-calidad-mineral-natural\/#primaryimage"},"thumbnailUrl":"https:\/\/lacanteradelebro.es\/wp-content\/uploads\/2026\/02\/241290d758a64e9b94d35ffd83b67656tplv-t5fjg24jzw-origin-jpeg-scaled-1.jpeg","datePublished":"2026-02-21T09:33:41+00:00","dateModified":"2026-02-21T10:56:57+00:00","breadcrumb":{"@id":"https:\/\/lacanteradelebro.es\/producto\/gran-punta-de-amatista-chevron-de-gran-calidad-mineral-natural\/#breadcrumb"},"inLanguage":"es","potentialAction":[{"@type":"ReadAction","target":["https:\/\/lacanteradelebro.es\/producto\/gran-punta-de-amatista-chevron-de-gran-calidad-mineral-natural\/"]}]},{"@type":"ImageObject","inLanguage":"es","@id":"https:\/\/lacanteradelebro.es\/producto\/gran-punta-de-amatista-chevron-de-gran-calidad-mineral-natural\/#primaryimage","url":"https:\/\/lacanteradelebro.es\/wp-content\/uploads\/2026\/02\/241290d758a64e9b94d35ffd83b67656tplv-t5fjg24jzw-origin-jpeg-scaled-1.jpeg","contentUrl":"https:\/\/lacanteradelebro.es\/wp-content\/uploads\/2026\/02\/241290d758a64e9b94d35ffd83b67656tplv-t5fjg24jzw-origin-jpeg-scaled-1.jpeg","width":1600,"height":2133},{"@type":"BreadcrumbList","@id":"https:\/\/lacanteradelebro.es\/producto\/gran-punta-de-amatista-chevron-de-gran-calidad-mineral-natural\/#breadcrumb","itemListElement":[{"@type":"ListItem","position":1,"name":"Portada","item":"https:\/\/lacanteradelebro.es\/es\/"},{"@type":"ListItem","position":2,"name":"Shop","item":"https:\/\/lacanteradelebro.es\/ca\/tienda-2\/"},{"@type":"ListItem","position":3,"name":"Gran punta de Amatista Chevron de gran calidad mineral natural"}]},{"@type":"WebSite","@id":"https:\/\/lacanteradelebro.es\/#website","url":"https:\/\/lacanteradelebro.es\/","name":"La Cantera del Ebro","description":"Transformamos la belleza de la piedra natural y la calidez de la madera artesanal en joyas y objetos \u00fanicos. Cada creaci\u00f3n est\u00e1 hecha a mano con pasi\u00f3n, conect\u00e1ndote con la Tierra a trav\u00e9s de dise\u00f1os exclusivos y llenos de alma.","publisher":{"@id":"https:\/\/lacanteradelebro.es\/#\/schema\/person\/2c7df64eef01f69456a16d6540d266df"},"potentialAction":[{"@type":"SearchAction","target":{"@type":"EntryPoint","urlTemplate":"https:\/\/lacanteradelebro.es\/?s={search_term_string}"},"query-input":{"@type":"PropertyValueSpecification","valueRequired":true,"valueName":"search_term_string"}}],"inLanguage":"es"},{"@type":["Person","Organization"],"@id":"https:\/\/lacanteradelebro.es\/#\/schema\/person\/2c7df64eef01f69456a16d6540d266df","name":"Fernando","image":{"@type":"ImageObject","inLanguage":"es","@id":"https:\/\/lacanteradelebro.es\/#\/schema\/person\/image\/","url":"https:\/\/lacanteradelebro.es\/wp-content\/uploads\/2025\/06\/cropped-Logo_BO2.png","contentUrl":"https:\/\/lacanteradelebro.es\/wp-content\/uploads\/2025\/06\/cropped-Logo_BO2.png","width":512,"height":512,"caption":"Fernando"},"logo":{"@id":"https:\/\/lacanteradelebro.es\/#\/schema\/person\/image\/"},"publishingPrinciples":"https:\/\/lacanteradelebro.es\/ca\/politica-de-privacidad\/","ownershipFundingInfo":"https:\/\/lacanteradelebro.es\/ca\/politica-de-privacidad\/","actionableFeedbackPolicy":"https:\/\/lacanteradelebro.es\/ca\/aviso-legal\/","correctionsPolicy":"https:\/\/lacanteradelebro.es\/ca\/reembolso_devoluciones\/","ethicsPolicy":"https:\/\/lacanteradelebro.es\/ca\/politica-de-cookies\/","diversityPolicy":"https:\/\/lacanteradelebro.es\/ca\/politica-de-cookies\/","diversityStaffingReport":"https:\/\/lacanteradelebro.es\/ca\/politica-de-privacidad\/"}]}},"_links":{"self":[{"href":"https:\/\/lacanteradelebro.es\/es\/wp-json\/wp\/v2\/product\/4154","targetHints":{"allow":["GET"]}}],"collection":[{"href":"https:\/\/lacanteradelebro.es\/es\/wp-json\/wp\/v2\/product"}],"about":[{"href":"https:\/\/lacanteradelebro.es\/es\/wp-json\/wp\/v2\/types\/product"}],"replies":[{"embeddable":true,"href":"https:\/\/lacanteradelebro.es\/es\/wp-json\/wp\/v2\/comments?post=4154"}],"wp:featuredmedia":[{"embeddable":true,"href":"https:\/\/lacanteradelebro.es\/es\/wp-json\/wp\/v2\/media\/4149"}],"wp:attachment":[{"href":"https:\/\/lacanteradelebro.es\/es\/wp-json\/wp\/v2\/media?parent=4154"}],"wp:term":[{"taxonomy":"product_brand","embeddable":true,"href":"https:\/\/lacanteradelebro.es\/es\/wp-json\/wp\/v2\/product_brand?post=4154"},{"taxonomy":"product_cat","embeddable":true,"href":"https:\/\/lacanteradelebro.es\/es\/wp-json\/wp\/v2\/product_cat?post=4154"},{"taxonomy":"product_tag","embeddable":true,"href":"https:\/\/lacanteradelebro.es\/es\/wp-json\/wp\/v2\/product_tag?post=4154"}],"curies":[{"name":"wp","href":"https:\/\/api.w.org\/{rel}","templated":true}]}}