{"id":4148,"date":"2026-02-21T09:33:27","date_gmt":"2026-02-21T09:33:27","guid":{"rendered":"https:\/\/lacanteradelebro.es\/es_es\/producto\/amatista-con-peana-de-hierro-gran-calidad-con-trazas-de-cacoxenita\/"},"modified":"2026-02-26T09:41:28","modified_gmt":"2026-02-26T09:41:28","slug":"amatista-con-peana-de-hierro-gran-calidad-con-trazas-de-cacoxenita","status":"publish","type":"product","link":"https:\/\/lacanteradelebro.es\/es\/producto\/amatista-con-peana-de-hierro-gran-calidad-con-trazas-de-cacoxenita\/","title":{"rendered":"Amatista con peana de hierro gran calidad, con trazas de cacoxenita"},"content":{"rendered":"<p><strong> Peso 1345 Gr <\/strong><\/p>\n<p><strong> Tama\u00f1o 17*14*8 cm <\/strong><\/p>\n<p><strong> Amatista con Cacoxenita \u2013 Calidad Premium | Origen Brasil <\/strong> Si buscas una pieza realmente especial , esta amatista es para ti. Extra\u00edda de Brasil, una de las fuentes m\u00e1s reconocidas del mundo, presenta <strong> trazas naturales de cacoxenita <\/strong> , un mineral muy valorado por sus destellos dorados y su energ\u00eda \u00fanica.<\/p>\n<p><strong> Caracter\u00edsticas destacadas: <\/strong><\/p>\n<ul>\n<li>Amatista de <strong> alta pureza <\/strong> y color violeta profundo<\/li>\n<li>Inclusiones visibles de <strong> cacoxenita <\/strong> , conocidas como \u201clluvia dorada\u201d<\/li>\n<li>Brillo excepcional y estructura intacta<\/li>\n<li>Origen: <strong> Minas Gerais, Brasil <\/strong><\/li>\n<li>Ideal para coleccionistas, sanadores energ\u00e9ticos o amantes de los cristales de lujo<\/li>\n<\/ul>\n<p><strong> Beneficios energ\u00e9ticos: <\/strong> La combinaci\u00f3n de amatista y cacoxenita es considerada un amplificador espiritual, perfecta para meditar, elevar vibraciones y atraer claridad mental.<\/p>\n","protected":false},"excerpt":{"rendered":"<p><strong> Peso 1345 Gr <\/strong><\/p>\n<p><strong> Tama\u00f1o 17*14*8 cm <\/strong><\/p>\n<p><strong> Amatista con Cacoxenita \u2013 Calidad Premium | Origen Brasil <\/strong> Si buscas una pieza <em> realmente especial <\/em> , esta amatista es para ti. Extra\u00edda de Brasil, una de las fuentes m\u00e1s reconocidas del mundo, presenta <strong> trazas naturales de cacoxenita <\/strong> , un mineral muy valorado por sus destellos dorados y su energ\u00eda \u00fanica.<\/p>\n<p><strong> Caracter\u00edsticas destacadas: <\/strong><\/p>\n<ul>\n<li>Amatista de <strong> alta pureza <\/strong> y color violeta profundo<\/li>\n<li>Inclusiones visibles de <strong> cacoxenita <\/strong> , conocidas como \u201clluvia dorada\u201d<\/li>\n<li>Brillo excepcional y estructura intacta<\/li>\n<li>Origen: <strong> Minas Gerais, Brasil <\/strong><\/li>\n<li>Ideal para coleccionistas, sanadores energ\u00e9ticos o amantes de los cristales de lujo<\/li>\n<\/ul>\n<p><strong> Beneficios energ\u00e9ticos: <\/strong> La combinaci\u00f3n de amatista y cacoxenita es considerada un amplificador espiritual, perfecta para meditar, elevar vibraciones y atraer claridad mental.<\/p>\n","protected":false},"featured_media":4141,"comment_status":"open","ping_status":"closed","template":"","meta":{"inline_featured_image":false},"product_brand":[],"product_cat":[92,90,91,42],"product_tag":[],"class_list":{"0":"post-4148","1":"product","2":"type-product","3":"status-publish","4":"has-post-thumbnail","6":"product_cat-accesorios-de-joyeria-y-derivados","7":"product_cat-piedras-semipreciosas","8":"product_cat-piedras-semipreciosas-semiacabadas","9":"product_cat-minerales","11":"first","12":"instock","13":"shipping-taxable","14":"purchasable","15":"product-type-simple"},"yoast_head":"<!-- This site is optimized with the Yoast SEO Premium plugin v27.0 (Yoast SEO v27.1.1) - https:\/\/yoast.com\/product\/yoast-seo-premium-wordpress\/ -->\n<title>Amatista con peana de hierro gran calidad, con trazas de cacoxenita - La Cantera del Ebro<\/title>\n<meta name=\"robots\" content=\"index, follow, max-snippet:-1, max-image-preview:large, max-video-preview:-1\" \/>\n<link rel=\"canonical\" href=\"https:\/\/lacanteradelebro.es\/es\/producto\/amatista-con-peana-de-hierro-gran-calidad-con-trazas-de-cacoxenita\/\" \/>\n<meta property=\"og:locale\" content=\"es_ES\" \/>\n<meta property=\"og:type\" content=\"article\" \/>\n<meta property=\"og:title\" content=\"Amatista con peana de hierro gran calidad, con trazas de cacoxenita\" \/>\n<meta property=\"og:description\" content=\"Peso 1345 Gr   Tama\u00f1o 17*14*8 cm   Amatista con Cacoxenita \u2013 Calidad Premium | Origen Brasil Si buscas una pieza realmente especial , esta amatista es para ti. Extra\u00edda de Brasil, una de las fuentes m\u00e1s reconocidas del mundo, presenta trazas naturales de cacoxenita , un mineral muy valorado por sus destellos dorados y su energ\u00eda \u00fanica.   Caracter\u00edsticas destacadas:    Amatista de alta pureza y color violeta profundo  Inclusiones visibles de cacoxenita , conocidas como \u201clluvia dorada\u201d  Brillo excepcional y estructura intacta  Origen: Minas Gerais, Brasil   Ideal para coleccionistas, sanadores energ\u00e9ticos o amantes de los cristales de lujo   Beneficios energ\u00e9ticos: La combinaci\u00f3n de amatista y cacoxenita es considerada un amplificador espiritual, perfecta para meditar, elevar vibraciones y atraer claridad mental.\" \/>\n<meta property=\"og:url\" content=\"https:\/\/lacanteradelebro.es\/es\/producto\/amatista-con-peana-de-hierro-gran-calidad-con-trazas-de-cacoxenita\/\" \/>\n<meta property=\"og:site_name\" content=\"La Cantera del Ebro\" \/>\n<meta property=\"article:modified_time\" content=\"2026-02-26T09:41:28+00:00\" \/>\n<meta property=\"og:image\" content=\"https:\/\/lacanteradelebro.es\/wp-content\/uploads\/2026\/02\/9c11340b1ccb46beb158b7c2e6a5ff1btplv-t5fjg24jzw-origin-jpeg-scaled-1.jpeg\" \/>\n\t<meta property=\"og:image:width\" content=\"1600\" \/>\n\t<meta property=\"og:image:height\" content=\"2133\" \/>\n\t<meta property=\"og:image:type\" content=\"image\/jpeg\" \/>\n<meta name=\"twitter:card\" content=\"summary_large_image\" \/>\n<meta name=\"twitter:label1\" content=\"Tiempo de lectura\" \/>\n\t<meta name=\"twitter:data1\" content=\"1 minuto\" \/>\n<script type=\"application\/ld+json\" class=\"yoast-schema-graph\">{\"@context\":\"https:\/\/schema.org\",\"@graph\":[{\"@type\":\"WebPage\",\"@id\":\"https:\/\/lacanteradelebro.es\/producto\/amatista-con-peana-de-hierro-gran-calidad-con-trazas-de-cacoxenita\/\",\"url\":\"https:\/\/lacanteradelebro.es\/producto\/amatista-con-peana-de-hierro-gran-calidad-con-trazas-de-cacoxenita\/\",\"name\":\"Amatista con peana de hierro gran calidad, con trazas de cacoxenita - La Cantera del Ebro\",\"isPartOf\":{\"@id\":\"https:\/\/lacanteradelebro.es\/#website\"},\"primaryImageOfPage\":{\"@id\":\"https:\/\/lacanteradelebro.es\/producto\/amatista-con-peana-de-hierro-gran-calidad-con-trazas-de-cacoxenita\/#primaryimage\"},\"image\":{\"@id\":\"https:\/\/lacanteradelebro.es\/producto\/amatista-con-peana-de-hierro-gran-calidad-con-trazas-de-cacoxenita\/#primaryimage\"},\"thumbnailUrl\":\"https:\/\/lacanteradelebro.es\/wp-content\/uploads\/2026\/02\/9c11340b1ccb46beb158b7c2e6a5ff1btplv-t5fjg24jzw-origin-jpeg-scaled-1.jpeg\",\"datePublished\":\"2026-02-21T09:33:27+00:00\",\"dateModified\":\"2026-02-26T09:41:28+00:00\",\"breadcrumb\":{\"@id\":\"https:\/\/lacanteradelebro.es\/producto\/amatista-con-peana-de-hierro-gran-calidad-con-trazas-de-cacoxenita\/#breadcrumb\"},\"inLanguage\":\"es\",\"potentialAction\":[{\"@type\":\"ReadAction\",\"target\":[\"https:\/\/lacanteradelebro.es\/producto\/amatista-con-peana-de-hierro-gran-calidad-con-trazas-de-cacoxenita\/\"]}]},{\"@type\":\"ImageObject\",\"inLanguage\":\"es\",\"@id\":\"https:\/\/lacanteradelebro.es\/producto\/amatista-con-peana-de-hierro-gran-calidad-con-trazas-de-cacoxenita\/#primaryimage\",\"url\":\"https:\/\/lacanteradelebro.es\/wp-content\/uploads\/2026\/02\/9c11340b1ccb46beb158b7c2e6a5ff1btplv-t5fjg24jzw-origin-jpeg-scaled-1.jpeg\",\"contentUrl\":\"https:\/\/lacanteradelebro.es\/wp-content\/uploads\/2026\/02\/9c11340b1ccb46beb158b7c2e6a5ff1btplv-t5fjg24jzw-origin-jpeg-scaled-1.jpeg\",\"width\":1600,\"height\":2133},{\"@type\":\"BreadcrumbList\",\"@id\":\"https:\/\/lacanteradelebro.es\/producto\/amatista-con-peana-de-hierro-gran-calidad-con-trazas-de-cacoxenita\/#breadcrumb\",\"itemListElement\":[{\"@type\":\"ListItem\",\"position\":1,\"name\":\"Portada\",\"item\":\"https:\/\/lacanteradelebro.es\/es\/\"},{\"@type\":\"ListItem\",\"position\":2,\"name\":\"Shop\",\"item\":\"https:\/\/lacanteradelebro.es\/ca\/tienda-2\/\"},{\"@type\":\"ListItem\",\"position\":3,\"name\":\"Amatista con peana de hierro gran calidad, con trazas de cacoxenita\"}]},{\"@type\":\"WebSite\",\"@id\":\"https:\/\/lacanteradelebro.es\/#website\",\"url\":\"https:\/\/lacanteradelebro.es\/\",\"name\":\"La Cantera del Ebro\",\"description\":\"Transformamos la belleza de la piedra natural y la calidez de la madera artesanal en joyas y objetos \u00fanicos. Cada creaci\u00f3n est\u00e1 hecha a mano con pasi\u00f3n, conect\u00e1ndote con la Tierra a trav\u00e9s de dise\u00f1os exclusivos y llenos de alma.\",\"publisher\":{\"@id\":\"https:\/\/lacanteradelebro.es\/#\/schema\/person\/2c7df64eef01f69456a16d6540d266df\"},\"potentialAction\":[{\"@type\":\"SearchAction\",\"target\":{\"@type\":\"EntryPoint\",\"urlTemplate\":\"https:\/\/lacanteradelebro.es\/?s={search_term_string}\"},\"query-input\":{\"@type\":\"PropertyValueSpecification\",\"valueRequired\":true,\"valueName\":\"search_term_string\"}}],\"inLanguage\":\"es\"},{\"@type\":[\"Person\",\"Organization\"],\"@id\":\"https:\/\/lacanteradelebro.es\/#\/schema\/person\/2c7df64eef01f69456a16d6540d266df\",\"name\":\"Fernando\",\"image\":{\"@type\":\"ImageObject\",\"inLanguage\":\"es\",\"@id\":\"https:\/\/lacanteradelebro.es\/#\/schema\/person\/image\/\",\"url\":\"https:\/\/lacanteradelebro.es\/wp-content\/uploads\/2025\/06\/cropped-Logo_BO2.png\",\"contentUrl\":\"https:\/\/lacanteradelebro.es\/wp-content\/uploads\/2025\/06\/cropped-Logo_BO2.png\",\"width\":512,\"height\":512,\"caption\":\"Fernando\"},\"logo\":{\"@id\":\"https:\/\/lacanteradelebro.es\/#\/schema\/person\/image\/\"},\"publishingPrinciples\":\"https:\/\/lacanteradelebro.es\/ca\/politica-de-privacidad\/\",\"ownershipFundingInfo\":\"https:\/\/lacanteradelebro.es\/ca\/politica-de-privacidad\/\",\"actionableFeedbackPolicy\":\"https:\/\/lacanteradelebro.es\/ca\/aviso-legal\/\",\"correctionsPolicy\":\"https:\/\/lacanteradelebro.es\/ca\/reembolso_devoluciones\/\",\"ethicsPolicy\":\"https:\/\/lacanteradelebro.es\/ca\/politica-de-cookies\/\",\"diversityPolicy\":\"https:\/\/lacanteradelebro.es\/ca\/politica-de-cookies\/\",\"diversityStaffingReport\":\"https:\/\/lacanteradelebro.es\/ca\/politica-de-privacidad\/\"}]}<\/script>\n<!-- \/ Yoast SEO Premium plugin. -->","yoast_head_json":{"title":"Amatista con peana de hierro gran calidad, con trazas de cacoxenita - La Cantera del Ebro","robots":{"index":"index","follow":"follow","max-snippet":"max-snippet:-1","max-image-preview":"max-image-preview:large","max-video-preview":"max-video-preview:-1"},"canonical":"https:\/\/lacanteradelebro.es\/es\/producto\/amatista-con-peana-de-hierro-gran-calidad-con-trazas-de-cacoxenita\/","og_locale":"es_ES","og_type":"article","og_title":"Amatista con peana de hierro gran calidad, con trazas de cacoxenita","og_description":"Peso 1345 Gr   Tama\u00f1o 17*14*8 cm   Amatista con Cacoxenita \u2013 Calidad Premium | Origen Brasil Si buscas una pieza realmente especial , esta amatista es para ti. Extra\u00edda de Brasil, una de las fuentes m\u00e1s reconocidas del mundo, presenta trazas naturales de cacoxenita , un mineral muy valorado por sus destellos dorados y su energ\u00eda \u00fanica.   Caracter\u00edsticas destacadas:    Amatista de alta pureza y color violeta profundo  Inclusiones visibles de cacoxenita , conocidas como \u201clluvia dorada\u201d  Brillo excepcional y estructura intacta  Origen: Minas Gerais, Brasil   Ideal para coleccionistas, sanadores energ\u00e9ticos o amantes de los cristales de lujo   Beneficios energ\u00e9ticos: La combinaci\u00f3n de amatista y cacoxenita es considerada un amplificador espiritual, perfecta para meditar, elevar vibraciones y atraer claridad mental.","og_url":"https:\/\/lacanteradelebro.es\/es\/producto\/amatista-con-peana-de-hierro-gran-calidad-con-trazas-de-cacoxenita\/","og_site_name":"La Cantera del Ebro","article_modified_time":"2026-02-26T09:41:28+00:00","og_image":[{"width":1600,"height":2133,"url":"https:\/\/lacanteradelebro.es\/wp-content\/uploads\/2026\/02\/9c11340b1ccb46beb158b7c2e6a5ff1btplv-t5fjg24jzw-origin-jpeg-scaled-1.jpeg","type":"image\/jpeg"}],"twitter_card":"summary_large_image","twitter_misc":{"Tiempo de lectura":"1 minuto"},"schema":{"@context":"https:\/\/schema.org","@graph":[{"@type":"WebPage","@id":"https:\/\/lacanteradelebro.es\/producto\/amatista-con-peana-de-hierro-gran-calidad-con-trazas-de-cacoxenita\/","url":"https:\/\/lacanteradelebro.es\/producto\/amatista-con-peana-de-hierro-gran-calidad-con-trazas-de-cacoxenita\/","name":"Amatista con peana de hierro gran calidad, con trazas de cacoxenita - La Cantera del Ebro","isPartOf":{"@id":"https:\/\/lacanteradelebro.es\/#website"},"primaryImageOfPage":{"@id":"https:\/\/lacanteradelebro.es\/producto\/amatista-con-peana-de-hierro-gran-calidad-con-trazas-de-cacoxenita\/#primaryimage"},"image":{"@id":"https:\/\/lacanteradelebro.es\/producto\/amatista-con-peana-de-hierro-gran-calidad-con-trazas-de-cacoxenita\/#primaryimage"},"thumbnailUrl":"https:\/\/lacanteradelebro.es\/wp-content\/uploads\/2026\/02\/9c11340b1ccb46beb158b7c2e6a5ff1btplv-t5fjg24jzw-origin-jpeg-scaled-1.jpeg","datePublished":"2026-02-21T09:33:27+00:00","dateModified":"2026-02-26T09:41:28+00:00","breadcrumb":{"@id":"https:\/\/lacanteradelebro.es\/producto\/amatista-con-peana-de-hierro-gran-calidad-con-trazas-de-cacoxenita\/#breadcrumb"},"inLanguage":"es","potentialAction":[{"@type":"ReadAction","target":["https:\/\/lacanteradelebro.es\/producto\/amatista-con-peana-de-hierro-gran-calidad-con-trazas-de-cacoxenita\/"]}]},{"@type":"ImageObject","inLanguage":"es","@id":"https:\/\/lacanteradelebro.es\/producto\/amatista-con-peana-de-hierro-gran-calidad-con-trazas-de-cacoxenita\/#primaryimage","url":"https:\/\/lacanteradelebro.es\/wp-content\/uploads\/2026\/02\/9c11340b1ccb46beb158b7c2e6a5ff1btplv-t5fjg24jzw-origin-jpeg-scaled-1.jpeg","contentUrl":"https:\/\/lacanteradelebro.es\/wp-content\/uploads\/2026\/02\/9c11340b1ccb46beb158b7c2e6a5ff1btplv-t5fjg24jzw-origin-jpeg-scaled-1.jpeg","width":1600,"height":2133},{"@type":"BreadcrumbList","@id":"https:\/\/lacanteradelebro.es\/producto\/amatista-con-peana-de-hierro-gran-calidad-con-trazas-de-cacoxenita\/#breadcrumb","itemListElement":[{"@type":"ListItem","position":1,"name":"Portada","item":"https:\/\/lacanteradelebro.es\/es\/"},{"@type":"ListItem","position":2,"name":"Shop","item":"https:\/\/lacanteradelebro.es\/ca\/tienda-2\/"},{"@type":"ListItem","position":3,"name":"Amatista con peana de hierro gran calidad, con trazas de cacoxenita"}]},{"@type":"WebSite","@id":"https:\/\/lacanteradelebro.es\/#website","url":"https:\/\/lacanteradelebro.es\/","name":"La Cantera del Ebro","description":"Transformamos la belleza de la piedra natural y la calidez de la madera artesanal en joyas y objetos \u00fanicos. Cada creaci\u00f3n est\u00e1 hecha a mano con pasi\u00f3n, conect\u00e1ndote con la Tierra a trav\u00e9s de dise\u00f1os exclusivos y llenos de alma.","publisher":{"@id":"https:\/\/lacanteradelebro.es\/#\/schema\/person\/2c7df64eef01f69456a16d6540d266df"},"potentialAction":[{"@type":"SearchAction","target":{"@type":"EntryPoint","urlTemplate":"https:\/\/lacanteradelebro.es\/?s={search_term_string}"},"query-input":{"@type":"PropertyValueSpecification","valueRequired":true,"valueName":"search_term_string"}}],"inLanguage":"es"},{"@type":["Person","Organization"],"@id":"https:\/\/lacanteradelebro.es\/#\/schema\/person\/2c7df64eef01f69456a16d6540d266df","name":"Fernando","image":{"@type":"ImageObject","inLanguage":"es","@id":"https:\/\/lacanteradelebro.es\/#\/schema\/person\/image\/","url":"https:\/\/lacanteradelebro.es\/wp-content\/uploads\/2025\/06\/cropped-Logo_BO2.png","contentUrl":"https:\/\/lacanteradelebro.es\/wp-content\/uploads\/2025\/06\/cropped-Logo_BO2.png","width":512,"height":512,"caption":"Fernando"},"logo":{"@id":"https:\/\/lacanteradelebro.es\/#\/schema\/person\/image\/"},"publishingPrinciples":"https:\/\/lacanteradelebro.es\/ca\/politica-de-privacidad\/","ownershipFundingInfo":"https:\/\/lacanteradelebro.es\/ca\/politica-de-privacidad\/","actionableFeedbackPolicy":"https:\/\/lacanteradelebro.es\/ca\/aviso-legal\/","correctionsPolicy":"https:\/\/lacanteradelebro.es\/ca\/reembolso_devoluciones\/","ethicsPolicy":"https:\/\/lacanteradelebro.es\/ca\/politica-de-cookies\/","diversityPolicy":"https:\/\/lacanteradelebro.es\/ca\/politica-de-cookies\/","diversityStaffingReport":"https:\/\/lacanteradelebro.es\/ca\/politica-de-privacidad\/"}]}},"_links":{"self":[{"href":"https:\/\/lacanteradelebro.es\/es\/wp-json\/wp\/v2\/product\/4148","targetHints":{"allow":["GET"]}}],"collection":[{"href":"https:\/\/lacanteradelebro.es\/es\/wp-json\/wp\/v2\/product"}],"about":[{"href":"https:\/\/lacanteradelebro.es\/es\/wp-json\/wp\/v2\/types\/product"}],"replies":[{"embeddable":true,"href":"https:\/\/lacanteradelebro.es\/es\/wp-json\/wp\/v2\/comments?post=4148"}],"wp:featuredmedia":[{"embeddable":true,"href":"https:\/\/lacanteradelebro.es\/es\/wp-json\/wp\/v2\/media\/4141"}],"wp:attachment":[{"href":"https:\/\/lacanteradelebro.es\/es\/wp-json\/wp\/v2\/media?parent=4148"}],"wp:term":[{"taxonomy":"product_brand","embeddable":true,"href":"https:\/\/lacanteradelebro.es\/es\/wp-json\/wp\/v2\/product_brand?post=4148"},{"taxonomy":"product_cat","embeddable":true,"href":"https:\/\/lacanteradelebro.es\/es\/wp-json\/wp\/v2\/product_cat?post=4148"},{"taxonomy":"product_tag","embeddable":true,"href":"https:\/\/lacanteradelebro.es\/es\/wp-json\/wp\/v2\/product_tag?post=4148"}],"curies":[{"name":"wp","href":"https:\/\/api.w.org\/{rel}","templated":true}]}}