{"id":4042,"date":"2026-02-21T09:28:47","date_gmt":"2026-02-21T09:28:47","guid":{"rendered":"https:\/\/lacanteradelebro.es\/es_es\/producto\/masivo-de-lapislazuli-de-gran-calidad\/"},"modified":"2026-02-21T10:57:08","modified_gmt":"2026-02-21T10:57:08","slug":"masivo-de-lapislazuli-de-gran-calidad","status":"publish","type":"product","link":"https:\/\/lacanteradelebro.es\/es\/producto\/masivo-de-lapislazuli-de-gran-calidad\/","title":{"rendered":"Masivo de Lapislazuli de gran calidad"},"content":{"rendered":"<p> Masivo de Lapislazuli de gran calidad<\/p>\n<h2>\n<p>  Descripci\u00f3n: <\/p>\n<\/h2>\n<p> Peso 1,430 Kg<\/p>\n<p> Tama\u00f1o 14*21*3 cm<\/p>\n<p> \u2728 <strong>  Caracter\u00edsticas del Producto: <\/strong> &#8211; El Masivo de Lapislazuli es de gran calidad, seg\u00fan se indica.  &#8211; Este producto es ideal para aquellos que buscan un masivo de lapislazuli de alta calidad.  &#8211; La calidad del masivo se destaca por su gran calidad, como se menciona en la informaci\u00f3n del producto.<\/p>\n<p> \u2728 <strong>  Detalles del Producto: <\/strong> &#8211; El masivo est\u00e1 hecho de lapislazuli.  &#8211; No se proporcionan detalles adicionales sobre el material o las especificaciones.  &#8211; El producto es de gran calidad, como se menciona en la descripci\u00f3n.<\/p>\n<p> \u2728 <strong>  Uso del Producto: <\/strong> &#8211; Este masivo de lapislazuli es adecuado para diversas aplicaciones.  &#8211; Es ideal para quienes buscan un masivo de lapislazuli de gran calidad.  &#8211; No se proporcionan instrucciones espec\u00edficas de uso.<\/p>\n","protected":false},"excerpt":{"rendered":"<p> Masivo de Lapislazuli de gran calidad<\/p>\n<h2 style=\"text-align: left\"> Descripci\u00f3n:<\/h2>\n<p> Peso 1,430 Kg<\/p>\n<p> Tama\u00f1o 14*21*3 cm<\/p>\n<p> \u2728 <strong>  Caracter\u00edsticas del Producto: <\/strong> \u2013 El Masivo de Lapislazuli es de gran calidad, seg\u00fan se indica.  \u2013 Este producto es ideal para aquellos que buscan un masivo de lapislazuli de alta calidad.  \u2013 La calidad del masivo se destaca por su gran calidad, como se menciona en la informaci\u00f3n del producto.<\/p>\n<p> \u2728 <strong>  Detalles del Producto: <\/strong> \u2013 El masivo est\u00e1 hecho de lapislazuli.  \u2013 No se proporcionan detalles adicionales sobre el material o las especificaciones.  \u2013 El producto es de gran calidad, como se menciona en la descripci\u00f3n.<\/p>\n<p> \u2728 <strong>  Uso del Producto: <\/strong> \u2013 Este masivo de lapislazuli es adecuado para diversas aplicaciones.  \u2013 Es ideal para quienes buscan un masivo de lapislazuli de gran calidad.  \u2013 No se proporcionan instrucciones espec\u00edficas de uso.<\/p>\n","protected":false},"featured_media":4037,"comment_status":"open","ping_status":"closed","template":"","meta":{"inline_featured_image":false},"product_brand":[],"product_cat":[92,90,91,42],"product_tag":[],"class_list":{"0":"post-4042","1":"product","2":"type-product","3":"status-publish","4":"has-post-thumbnail","6":"product_cat-accesorios-de-joyeria-y-derivados","7":"product_cat-piedras-semipreciosas","8":"product_cat-piedras-semipreciosas-semiacabadas","9":"product_cat-minerales","11":"first","12":"instock","13":"shipping-taxable","14":"purchasable","15":"product-type-simple"},"yoast_head":"<!-- This site is optimized with the Yoast SEO Premium plugin v27.0 (Yoast SEO v27.1.1) - https:\/\/yoast.com\/product\/yoast-seo-premium-wordpress\/ -->\n<title>Masivo de Lapislazuli de gran calidad - La Cantera del Ebro<\/title>\n<meta name=\"robots\" content=\"index, follow, max-snippet:-1, max-image-preview:large, max-video-preview:-1\" \/>\n<link rel=\"canonical\" href=\"https:\/\/lacanteradelebro.es\/es\/producto\/masivo-de-lapislazuli-de-gran-calidad\/\" \/>\n<meta property=\"og:locale\" content=\"es_ES\" \/>\n<meta property=\"og:type\" content=\"article\" \/>\n<meta property=\"og:title\" content=\"Masivo de Lapislazuli de gran calidad\" \/>\n<meta property=\"og:description\" content=\"Masivo de Lapislazuli de gran calidad Descripci\u00f3n: Peso 1,430 Kg Tama\u00f1o 14*21*3 cm \u2728  Caracter\u00edsticas del Producto: \u2013 El Masivo de Lapislazuli es de gran calidad, seg\u00fan se indica. \u2013 Este producto es ideal para aquellos que buscan un masivo de lapislazuli de alta calidad. \u2013 La calidad del masivo se destaca por su gran calidad, como se menciona en la informaci\u00f3n del producto. \u2728  Detalles del Producto: \u2013 El masivo est\u00e1 hecho de lapislazuli. \u2013 No se proporcionan detalles adicionales sobre el material o las especificaciones. \u2013 El producto es de gran calidad, como se menciona en la descripci\u00f3n. \u2728  Uso del Producto: \u2013 Este masivo de lapislazuli es adecuado para diversas aplicaciones. \u2013 Es ideal para quienes buscan un masivo de lapislazuli de gran calidad. \u2013 No se proporcionan instrucciones espec\u00edficas de uso.\" \/>\n<meta property=\"og:url\" content=\"https:\/\/lacanteradelebro.es\/es\/producto\/masivo-de-lapislazuli-de-gran-calidad\/\" \/>\n<meta property=\"og:site_name\" content=\"La Cantera del Ebro\" \/>\n<meta property=\"article:modified_time\" content=\"2026-02-21T10:57:08+00:00\" \/>\n<meta property=\"og:image\" content=\"https:\/\/lacanteradelebro.es\/wp-content\/uploads\/2026\/02\/030f6bac142445fe80489f939bd0ec94tplv-t5fjg24jzw-origin-jpeg-scaled-1.jpeg\" \/>\n\t<meta property=\"og:image:width\" content=\"1600\" \/>\n\t<meta property=\"og:image:height\" content=\"2133\" \/>\n\t<meta property=\"og:image:type\" content=\"image\/jpeg\" \/>\n<meta name=\"twitter:card\" content=\"summary_large_image\" \/>\n<meta name=\"twitter:label1\" content=\"Tiempo de lectura\" \/>\n\t<meta name=\"twitter:data1\" content=\"1 minuto\" \/>\n<script type=\"application\/ld+json\" class=\"yoast-schema-graph\">{\"@context\":\"https:\/\/schema.org\",\"@graph\":[{\"@type\":\"WebPage\",\"@id\":\"https:\/\/lacanteradelebro.es\/producto\/masivo-de-lapislazuli-de-gran-calidad\/\",\"url\":\"https:\/\/lacanteradelebro.es\/producto\/masivo-de-lapislazuli-de-gran-calidad\/\",\"name\":\"Masivo de Lapislazuli de gran calidad - La Cantera del Ebro\",\"isPartOf\":{\"@id\":\"https:\/\/lacanteradelebro.es\/#website\"},\"primaryImageOfPage\":{\"@id\":\"https:\/\/lacanteradelebro.es\/producto\/masivo-de-lapislazuli-de-gran-calidad\/#primaryimage\"},\"image\":{\"@id\":\"https:\/\/lacanteradelebro.es\/producto\/masivo-de-lapislazuli-de-gran-calidad\/#primaryimage\"},\"thumbnailUrl\":\"https:\/\/lacanteradelebro.es\/wp-content\/uploads\/2026\/02\/030f6bac142445fe80489f939bd0ec94tplv-t5fjg24jzw-origin-jpeg-scaled-1.jpeg\",\"datePublished\":\"2026-02-21T09:28:47+00:00\",\"dateModified\":\"2026-02-21T10:57:08+00:00\",\"breadcrumb\":{\"@id\":\"https:\/\/lacanteradelebro.es\/producto\/masivo-de-lapislazuli-de-gran-calidad\/#breadcrumb\"},\"inLanguage\":\"es\",\"potentialAction\":[{\"@type\":\"ReadAction\",\"target\":[\"https:\/\/lacanteradelebro.es\/producto\/masivo-de-lapislazuli-de-gran-calidad\/\"]}]},{\"@type\":\"ImageObject\",\"inLanguage\":\"es\",\"@id\":\"https:\/\/lacanteradelebro.es\/producto\/masivo-de-lapislazuli-de-gran-calidad\/#primaryimage\",\"url\":\"https:\/\/lacanteradelebro.es\/wp-content\/uploads\/2026\/02\/030f6bac142445fe80489f939bd0ec94tplv-t5fjg24jzw-origin-jpeg-scaled-1.jpeg\",\"contentUrl\":\"https:\/\/lacanteradelebro.es\/wp-content\/uploads\/2026\/02\/030f6bac142445fe80489f939bd0ec94tplv-t5fjg24jzw-origin-jpeg-scaled-1.jpeg\",\"width\":1600,\"height\":2133},{\"@type\":\"BreadcrumbList\",\"@id\":\"https:\/\/lacanteradelebro.es\/producto\/masivo-de-lapislazuli-de-gran-calidad\/#breadcrumb\",\"itemListElement\":[{\"@type\":\"ListItem\",\"position\":1,\"name\":\"Portada\",\"item\":\"https:\/\/lacanteradelebro.es\/es\/\"},{\"@type\":\"ListItem\",\"position\":2,\"name\":\"Shop\",\"item\":\"https:\/\/lacanteradelebro.es\/ca\/tienda-2\/\"},{\"@type\":\"ListItem\",\"position\":3,\"name\":\"Masivo de Lapislazuli de gran calidad\"}]},{\"@type\":\"WebSite\",\"@id\":\"https:\/\/lacanteradelebro.es\/#website\",\"url\":\"https:\/\/lacanteradelebro.es\/\",\"name\":\"La Cantera del Ebro\",\"description\":\"Transformamos la belleza de la piedra natural y la calidez de la madera artesanal en joyas y objetos \u00fanicos. Cada creaci\u00f3n est\u00e1 hecha a mano con pasi\u00f3n, conect\u00e1ndote con la Tierra a trav\u00e9s de dise\u00f1os exclusivos y llenos de alma.\",\"publisher\":{\"@id\":\"https:\/\/lacanteradelebro.es\/#\/schema\/person\/2c7df64eef01f69456a16d6540d266df\"},\"potentialAction\":[{\"@type\":\"SearchAction\",\"target\":{\"@type\":\"EntryPoint\",\"urlTemplate\":\"https:\/\/lacanteradelebro.es\/?s={search_term_string}\"},\"query-input\":{\"@type\":\"PropertyValueSpecification\",\"valueRequired\":true,\"valueName\":\"search_term_string\"}}],\"inLanguage\":\"es\"},{\"@type\":[\"Person\",\"Organization\"],\"@id\":\"https:\/\/lacanteradelebro.es\/#\/schema\/person\/2c7df64eef01f69456a16d6540d266df\",\"name\":\"Fernando\",\"image\":{\"@type\":\"ImageObject\",\"inLanguage\":\"es\",\"@id\":\"https:\/\/lacanteradelebro.es\/#\/schema\/person\/image\/\",\"url\":\"https:\/\/lacanteradelebro.es\/wp-content\/uploads\/2025\/06\/cropped-Logo_BO2.png\",\"contentUrl\":\"https:\/\/lacanteradelebro.es\/wp-content\/uploads\/2025\/06\/cropped-Logo_BO2.png\",\"width\":512,\"height\":512,\"caption\":\"Fernando\"},\"logo\":{\"@id\":\"https:\/\/lacanteradelebro.es\/#\/schema\/person\/image\/\"},\"publishingPrinciples\":\"https:\/\/lacanteradelebro.es\/ca\/politica-de-privacidad\/\",\"ownershipFundingInfo\":\"https:\/\/lacanteradelebro.es\/ca\/politica-de-privacidad\/\",\"actionableFeedbackPolicy\":\"https:\/\/lacanteradelebro.es\/ca\/aviso-legal\/\",\"correctionsPolicy\":\"https:\/\/lacanteradelebro.es\/ca\/reembolso_devoluciones\/\",\"ethicsPolicy\":\"https:\/\/lacanteradelebro.es\/ca\/politica-de-cookies\/\",\"diversityPolicy\":\"https:\/\/lacanteradelebro.es\/ca\/politica-de-cookies\/\",\"diversityStaffingReport\":\"https:\/\/lacanteradelebro.es\/ca\/politica-de-privacidad\/\"}]}<\/script>\n<!-- \/ Yoast SEO Premium plugin. -->","yoast_head_json":{"title":"Masivo de Lapislazuli de gran calidad - La Cantera del Ebro","robots":{"index":"index","follow":"follow","max-snippet":"max-snippet:-1","max-image-preview":"max-image-preview:large","max-video-preview":"max-video-preview:-1"},"canonical":"https:\/\/lacanteradelebro.es\/es\/producto\/masivo-de-lapislazuli-de-gran-calidad\/","og_locale":"es_ES","og_type":"article","og_title":"Masivo de Lapislazuli de gran calidad","og_description":"Masivo de Lapislazuli de gran calidad Descripci\u00f3n: Peso 1,430 Kg Tama\u00f1o 14*21*3 cm \u2728  Caracter\u00edsticas del Producto: \u2013 El Masivo de Lapislazuli es de gran calidad, seg\u00fan se indica. \u2013 Este producto es ideal para aquellos que buscan un masivo de lapislazuli de alta calidad. \u2013 La calidad del masivo se destaca por su gran calidad, como se menciona en la informaci\u00f3n del producto. \u2728  Detalles del Producto: \u2013 El masivo est\u00e1 hecho de lapislazuli. \u2013 No se proporcionan detalles adicionales sobre el material o las especificaciones. \u2013 El producto es de gran calidad, como se menciona en la descripci\u00f3n. \u2728  Uso del Producto: \u2013 Este masivo de lapislazuli es adecuado para diversas aplicaciones. \u2013 Es ideal para quienes buscan un masivo de lapislazuli de gran calidad. \u2013 No se proporcionan instrucciones espec\u00edficas de uso.","og_url":"https:\/\/lacanteradelebro.es\/es\/producto\/masivo-de-lapislazuli-de-gran-calidad\/","og_site_name":"La Cantera del Ebro","article_modified_time":"2026-02-21T10:57:08+00:00","og_image":[{"width":1600,"height":2133,"url":"https:\/\/lacanteradelebro.es\/wp-content\/uploads\/2026\/02\/030f6bac142445fe80489f939bd0ec94tplv-t5fjg24jzw-origin-jpeg-scaled-1.jpeg","type":"image\/jpeg"}],"twitter_card":"summary_large_image","twitter_misc":{"Tiempo de lectura":"1 minuto"},"schema":{"@context":"https:\/\/schema.org","@graph":[{"@type":"WebPage","@id":"https:\/\/lacanteradelebro.es\/producto\/masivo-de-lapislazuli-de-gran-calidad\/","url":"https:\/\/lacanteradelebro.es\/producto\/masivo-de-lapislazuli-de-gran-calidad\/","name":"Masivo de Lapislazuli de gran calidad - La Cantera del Ebro","isPartOf":{"@id":"https:\/\/lacanteradelebro.es\/#website"},"primaryImageOfPage":{"@id":"https:\/\/lacanteradelebro.es\/producto\/masivo-de-lapislazuli-de-gran-calidad\/#primaryimage"},"image":{"@id":"https:\/\/lacanteradelebro.es\/producto\/masivo-de-lapislazuli-de-gran-calidad\/#primaryimage"},"thumbnailUrl":"https:\/\/lacanteradelebro.es\/wp-content\/uploads\/2026\/02\/030f6bac142445fe80489f939bd0ec94tplv-t5fjg24jzw-origin-jpeg-scaled-1.jpeg","datePublished":"2026-02-21T09:28:47+00:00","dateModified":"2026-02-21T10:57:08+00:00","breadcrumb":{"@id":"https:\/\/lacanteradelebro.es\/producto\/masivo-de-lapislazuli-de-gran-calidad\/#breadcrumb"},"inLanguage":"es","potentialAction":[{"@type":"ReadAction","target":["https:\/\/lacanteradelebro.es\/producto\/masivo-de-lapislazuli-de-gran-calidad\/"]}]},{"@type":"ImageObject","inLanguage":"es","@id":"https:\/\/lacanteradelebro.es\/producto\/masivo-de-lapislazuli-de-gran-calidad\/#primaryimage","url":"https:\/\/lacanteradelebro.es\/wp-content\/uploads\/2026\/02\/030f6bac142445fe80489f939bd0ec94tplv-t5fjg24jzw-origin-jpeg-scaled-1.jpeg","contentUrl":"https:\/\/lacanteradelebro.es\/wp-content\/uploads\/2026\/02\/030f6bac142445fe80489f939bd0ec94tplv-t5fjg24jzw-origin-jpeg-scaled-1.jpeg","width":1600,"height":2133},{"@type":"BreadcrumbList","@id":"https:\/\/lacanteradelebro.es\/producto\/masivo-de-lapislazuli-de-gran-calidad\/#breadcrumb","itemListElement":[{"@type":"ListItem","position":1,"name":"Portada","item":"https:\/\/lacanteradelebro.es\/es\/"},{"@type":"ListItem","position":2,"name":"Shop","item":"https:\/\/lacanteradelebro.es\/ca\/tienda-2\/"},{"@type":"ListItem","position":3,"name":"Masivo de Lapislazuli de gran calidad"}]},{"@type":"WebSite","@id":"https:\/\/lacanteradelebro.es\/#website","url":"https:\/\/lacanteradelebro.es\/","name":"La Cantera del Ebro","description":"Transformamos la belleza de la piedra natural y la calidez de la madera artesanal en joyas y objetos \u00fanicos. Cada creaci\u00f3n est\u00e1 hecha a mano con pasi\u00f3n, conect\u00e1ndote con la Tierra a trav\u00e9s de dise\u00f1os exclusivos y llenos de alma.","publisher":{"@id":"https:\/\/lacanteradelebro.es\/#\/schema\/person\/2c7df64eef01f69456a16d6540d266df"},"potentialAction":[{"@type":"SearchAction","target":{"@type":"EntryPoint","urlTemplate":"https:\/\/lacanteradelebro.es\/?s={search_term_string}"},"query-input":{"@type":"PropertyValueSpecification","valueRequired":true,"valueName":"search_term_string"}}],"inLanguage":"es"},{"@type":["Person","Organization"],"@id":"https:\/\/lacanteradelebro.es\/#\/schema\/person\/2c7df64eef01f69456a16d6540d266df","name":"Fernando","image":{"@type":"ImageObject","inLanguage":"es","@id":"https:\/\/lacanteradelebro.es\/#\/schema\/person\/image\/","url":"https:\/\/lacanteradelebro.es\/wp-content\/uploads\/2025\/06\/cropped-Logo_BO2.png","contentUrl":"https:\/\/lacanteradelebro.es\/wp-content\/uploads\/2025\/06\/cropped-Logo_BO2.png","width":512,"height":512,"caption":"Fernando"},"logo":{"@id":"https:\/\/lacanteradelebro.es\/#\/schema\/person\/image\/"},"publishingPrinciples":"https:\/\/lacanteradelebro.es\/ca\/politica-de-privacidad\/","ownershipFundingInfo":"https:\/\/lacanteradelebro.es\/ca\/politica-de-privacidad\/","actionableFeedbackPolicy":"https:\/\/lacanteradelebro.es\/ca\/aviso-legal\/","correctionsPolicy":"https:\/\/lacanteradelebro.es\/ca\/reembolso_devoluciones\/","ethicsPolicy":"https:\/\/lacanteradelebro.es\/ca\/politica-de-cookies\/","diversityPolicy":"https:\/\/lacanteradelebro.es\/ca\/politica-de-cookies\/","diversityStaffingReport":"https:\/\/lacanteradelebro.es\/ca\/politica-de-privacidad\/"}]}},"_links":{"self":[{"href":"https:\/\/lacanteradelebro.es\/es\/wp-json\/wp\/v2\/product\/4042","targetHints":{"allow":["GET"]}}],"collection":[{"href":"https:\/\/lacanteradelebro.es\/es\/wp-json\/wp\/v2\/product"}],"about":[{"href":"https:\/\/lacanteradelebro.es\/es\/wp-json\/wp\/v2\/types\/product"}],"replies":[{"embeddable":true,"href":"https:\/\/lacanteradelebro.es\/es\/wp-json\/wp\/v2\/comments?post=4042"}],"wp:featuredmedia":[{"embeddable":true,"href":"https:\/\/lacanteradelebro.es\/es\/wp-json\/wp\/v2\/media\/4037"}],"wp:attachment":[{"href":"https:\/\/lacanteradelebro.es\/es\/wp-json\/wp\/v2\/media?parent=4042"}],"wp:term":[{"taxonomy":"product_brand","embeddable":true,"href":"https:\/\/lacanteradelebro.es\/es\/wp-json\/wp\/v2\/product_brand?post=4042"},{"taxonomy":"product_cat","embeddable":true,"href":"https:\/\/lacanteradelebro.es\/es\/wp-json\/wp\/v2\/product_cat?post=4042"},{"taxonomy":"product_tag","embeddable":true,"href":"https:\/\/lacanteradelebro.es\/es\/wp-json\/wp\/v2\/product_tag?post=4042"}],"curies":[{"name":"wp","href":"https:\/\/api.w.org\/{rel}","templated":true}]}}