{"id":3999,"date":"2026-02-21T09:26:08","date_gmt":"2026-02-21T09:26:08","guid":{"rendered":"https:\/\/lacanteradelebro.es\/es_es\/producto\/rosa-del-desierto-origen-argelia-mineral-natural\/"},"modified":"2026-02-21T10:57:13","modified_gmt":"2026-02-21T10:57:13","slug":"rosa-del-desierto-origen-argelia-mineral-natural","status":"publish","type":"product","link":"https:\/\/lacanteradelebro.es\/es\/producto\/rosa-del-desierto-origen-argelia-mineral-natural\/","title":{"rendered":"Rosa del desierto origen Argelia mineral natural"},"content":{"rendered":"<p> Peso 118 Kg<\/p>\n<h2>\n<p>  Descripci\u00f3n: <\/p>\n<\/h2>\n<p> \u2728 <strong>  Caracter\u00edsticas del Producto: <\/strong> \u2728  \u2022 Rosa del desierto de origen Argelia.  \u2022 Mineral natural, ideal para coleccionistas.<\/p>\n<p> \u2728 <strong>  Informaci\u00f3n Adicional: <\/strong> \u2728  Este producto presenta un inter\u00e9s espec\u00edfico para aquellos que coleccionan minerales naturales. La rosa del desierto, proveniente de Argelia, es una pieza \u00fanica que refleja la belleza del mineral en su forma m\u00e1s pura. No se especifican detalles adicionales sobre su tama\u00f1o o uso. Mant\u00e9n tu colecci\u00f3n con esta pieza natural.<\/p>\n<p> \u2728 <strong>  Nota: <\/strong> \u2728  Recuerda, este producto es simplemente un mineral natural de origen Argelia. Perfecto para coleccionistas.<\/p>\n","protected":false},"excerpt":{"rendered":"<p> Peso 118 Kg<\/p>\n<h2 style=\"text-align: left\"> Descripci\u00f3n:<\/h2>\n<p> \u2728 <strong>  Caracter\u00edsticas del Producto: <\/strong> \u2728  \u2022 Rosa del desierto de origen Argelia.  \u2022 Mineral natural, ideal para coleccionistas.<\/p>\n<p> \u2728 <strong>  Informaci\u00f3n Adicional: <\/strong> \u2728  Este producto presenta un inter\u00e9s espec\u00edfico para aquellos que coleccionan minerales naturales. La rosa del desierto, proveniente de Argelia, es una pieza \u00fanica que refleja la belleza del mineral en su forma m\u00e1s pura. No se especifican detalles adicionales sobre su tama\u00f1o o uso. Mant\u00e9n tu colecci\u00f3n con esta pieza natural.<\/p>\n<p> \u2728 <strong>  Nota: <\/strong> \u2728  Recuerda, este producto es simplemente un mineral natural de origen Argelia. Perfecto para coleccionistas.<\/p>\n","protected":false},"featured_media":3995,"comment_status":"open","ping_status":"closed","template":"","meta":{"inline_featured_image":false},"product_brand":[],"product_cat":[92,90,91,42],"product_tag":[],"class_list":{"0":"post-3999","1":"product","2":"type-product","3":"status-publish","4":"has-post-thumbnail","6":"product_cat-accesorios-de-joyeria-y-derivados","7":"product_cat-piedras-semipreciosas","8":"product_cat-piedras-semipreciosas-semiacabadas","9":"product_cat-minerales","11":"first","12":"instock","13":"shipping-taxable","14":"purchasable","15":"product-type-simple"},"yoast_head":"<!-- This site is optimized with the Yoast SEO Premium plugin v27.0 (Yoast SEO v27.1.1) - https:\/\/yoast.com\/product\/yoast-seo-premium-wordpress\/ -->\n<title>Rosa del desierto origen Argelia mineral natural - La Cantera del Ebro<\/title>\n<meta name=\"robots\" content=\"index, follow, max-snippet:-1, max-image-preview:large, max-video-preview:-1\" \/>\n<link rel=\"canonical\" href=\"https:\/\/lacanteradelebro.es\/es\/producto\/rosa-del-desierto-origen-argelia-mineral-natural\/\" \/>\n<meta property=\"og:locale\" content=\"es_ES\" \/>\n<meta property=\"og:type\" content=\"article\" \/>\n<meta property=\"og:title\" content=\"Rosa del desierto origen Argelia mineral natural\" \/>\n<meta property=\"og:description\" content=\"Peso 118 Kg Descripci\u00f3n: \u2728  Caracter\u00edsticas del Producto: \u2728 \u2022 Rosa del desierto de origen Argelia. \u2022 Mineral natural, ideal para coleccionistas. \u2728  Informaci\u00f3n Adicional: \u2728 Este producto presenta un inter\u00e9s espec\u00edfico para aquellos que coleccionan minerales naturales. La rosa del desierto, proveniente de Argelia, es una pieza \u00fanica que refleja la belleza del mineral en su forma m\u00e1s pura. No se especifican detalles adicionales sobre su tama\u00f1o o uso. Mant\u00e9n tu colecci\u00f3n con esta pieza natural. \u2728  Nota: \u2728 Recuerda, este producto es simplemente un mineral natural de origen Argelia. Perfecto para coleccionistas.\" \/>\n<meta property=\"og:url\" content=\"https:\/\/lacanteradelebro.es\/es\/producto\/rosa-del-desierto-origen-argelia-mineral-natural\/\" \/>\n<meta property=\"og:site_name\" content=\"La Cantera del Ebro\" \/>\n<meta property=\"article:modified_time\" content=\"2026-02-21T10:57:13+00:00\" \/>\n<meta property=\"og:image\" content=\"https:\/\/lacanteradelebro.es\/wp-content\/uploads\/2026\/02\/7b95dad309954ab58f67a2742c21f734tplv-t5fjg24jzw-origin-jpeg-scaled-1.jpeg\" \/>\n\t<meta property=\"og:image:width\" content=\"1600\" \/>\n\t<meta property=\"og:image:height\" content=\"2133\" \/>\n\t<meta property=\"og:image:type\" content=\"image\/jpeg\" \/>\n<meta name=\"twitter:card\" content=\"summary_large_image\" \/>\n<script type=\"application\/ld+json\" class=\"yoast-schema-graph\">{\"@context\":\"https:\/\/schema.org\",\"@graph\":[{\"@type\":\"WebPage\",\"@id\":\"https:\/\/lacanteradelebro.es\/producto\/rosa-del-desierto-origen-argelia-mineral-natural\/\",\"url\":\"https:\/\/lacanteradelebro.es\/producto\/rosa-del-desierto-origen-argelia-mineral-natural\/\",\"name\":\"Rosa del desierto origen Argelia mineral natural - La Cantera del Ebro\",\"isPartOf\":{\"@id\":\"https:\/\/lacanteradelebro.es\/#website\"},\"primaryImageOfPage\":{\"@id\":\"https:\/\/lacanteradelebro.es\/producto\/rosa-del-desierto-origen-argelia-mineral-natural\/#primaryimage\"},\"image\":{\"@id\":\"https:\/\/lacanteradelebro.es\/producto\/rosa-del-desierto-origen-argelia-mineral-natural\/#primaryimage\"},\"thumbnailUrl\":\"https:\/\/lacanteradelebro.es\/wp-content\/uploads\/2026\/02\/7b95dad309954ab58f67a2742c21f734tplv-t5fjg24jzw-origin-jpeg-scaled-1.jpeg\",\"datePublished\":\"2026-02-21T09:26:08+00:00\",\"dateModified\":\"2026-02-21T10:57:13+00:00\",\"breadcrumb\":{\"@id\":\"https:\/\/lacanteradelebro.es\/producto\/rosa-del-desierto-origen-argelia-mineral-natural\/#breadcrumb\"},\"inLanguage\":\"es\",\"potentialAction\":[{\"@type\":\"ReadAction\",\"target\":[\"https:\/\/lacanteradelebro.es\/producto\/rosa-del-desierto-origen-argelia-mineral-natural\/\"]}]},{\"@type\":\"ImageObject\",\"inLanguage\":\"es\",\"@id\":\"https:\/\/lacanteradelebro.es\/producto\/rosa-del-desierto-origen-argelia-mineral-natural\/#primaryimage\",\"url\":\"https:\/\/lacanteradelebro.es\/wp-content\/uploads\/2026\/02\/7b95dad309954ab58f67a2742c21f734tplv-t5fjg24jzw-origin-jpeg-scaled-1.jpeg\",\"contentUrl\":\"https:\/\/lacanteradelebro.es\/wp-content\/uploads\/2026\/02\/7b95dad309954ab58f67a2742c21f734tplv-t5fjg24jzw-origin-jpeg-scaled-1.jpeg\",\"width\":1600,\"height\":2133},{\"@type\":\"BreadcrumbList\",\"@id\":\"https:\/\/lacanteradelebro.es\/producto\/rosa-del-desierto-origen-argelia-mineral-natural\/#breadcrumb\",\"itemListElement\":[{\"@type\":\"ListItem\",\"position\":1,\"name\":\"Portada\",\"item\":\"https:\/\/lacanteradelebro.es\/es\/\"},{\"@type\":\"ListItem\",\"position\":2,\"name\":\"Shop\",\"item\":\"https:\/\/lacanteradelebro.es\/ca\/tienda-2\/\"},{\"@type\":\"ListItem\",\"position\":3,\"name\":\"Rosa del desierto origen Argelia mineral natural\"}]},{\"@type\":\"WebSite\",\"@id\":\"https:\/\/lacanteradelebro.es\/#website\",\"url\":\"https:\/\/lacanteradelebro.es\/\",\"name\":\"La Cantera del Ebro\",\"description\":\"Transformamos la belleza de la piedra natural y la calidez de la madera artesanal en joyas y objetos \u00fanicos. Cada creaci\u00f3n est\u00e1 hecha a mano con pasi\u00f3n, conect\u00e1ndote con la Tierra a trav\u00e9s de dise\u00f1os exclusivos y llenos de alma.\",\"publisher\":{\"@id\":\"https:\/\/lacanteradelebro.es\/#\/schema\/person\/2c7df64eef01f69456a16d6540d266df\"},\"potentialAction\":[{\"@type\":\"SearchAction\",\"target\":{\"@type\":\"EntryPoint\",\"urlTemplate\":\"https:\/\/lacanteradelebro.es\/?s={search_term_string}\"},\"query-input\":{\"@type\":\"PropertyValueSpecification\",\"valueRequired\":true,\"valueName\":\"search_term_string\"}}],\"inLanguage\":\"es\"},{\"@type\":[\"Person\",\"Organization\"],\"@id\":\"https:\/\/lacanteradelebro.es\/#\/schema\/person\/2c7df64eef01f69456a16d6540d266df\",\"name\":\"Fernando\",\"image\":{\"@type\":\"ImageObject\",\"inLanguage\":\"es\",\"@id\":\"https:\/\/lacanteradelebro.es\/#\/schema\/person\/image\/\",\"url\":\"https:\/\/lacanteradelebro.es\/wp-content\/uploads\/2025\/06\/cropped-Logo_BO2.png\",\"contentUrl\":\"https:\/\/lacanteradelebro.es\/wp-content\/uploads\/2025\/06\/cropped-Logo_BO2.png\",\"width\":512,\"height\":512,\"caption\":\"Fernando\"},\"logo\":{\"@id\":\"https:\/\/lacanteradelebro.es\/#\/schema\/person\/image\/\"},\"publishingPrinciples\":\"https:\/\/lacanteradelebro.es\/ca\/politica-de-privacidad\/\",\"ownershipFundingInfo\":\"https:\/\/lacanteradelebro.es\/ca\/politica-de-privacidad\/\",\"actionableFeedbackPolicy\":\"https:\/\/lacanteradelebro.es\/ca\/aviso-legal\/\",\"correctionsPolicy\":\"https:\/\/lacanteradelebro.es\/ca\/reembolso_devoluciones\/\",\"ethicsPolicy\":\"https:\/\/lacanteradelebro.es\/ca\/politica-de-cookies\/\",\"diversityPolicy\":\"https:\/\/lacanteradelebro.es\/ca\/politica-de-cookies\/\",\"diversityStaffingReport\":\"https:\/\/lacanteradelebro.es\/ca\/politica-de-privacidad\/\"}]}<\/script>\n<!-- \/ Yoast SEO Premium plugin. -->","yoast_head_json":{"title":"Rosa del desierto origen Argelia mineral natural - La Cantera del Ebro","robots":{"index":"index","follow":"follow","max-snippet":"max-snippet:-1","max-image-preview":"max-image-preview:large","max-video-preview":"max-video-preview:-1"},"canonical":"https:\/\/lacanteradelebro.es\/es\/producto\/rosa-del-desierto-origen-argelia-mineral-natural\/","og_locale":"es_ES","og_type":"article","og_title":"Rosa del desierto origen Argelia mineral natural","og_description":"Peso 118 Kg Descripci\u00f3n: \u2728  Caracter\u00edsticas del Producto: \u2728 \u2022 Rosa del desierto de origen Argelia. \u2022 Mineral natural, ideal para coleccionistas. \u2728  Informaci\u00f3n Adicional: \u2728 Este producto presenta un inter\u00e9s espec\u00edfico para aquellos que coleccionan minerales naturales. La rosa del desierto, proveniente de Argelia, es una pieza \u00fanica que refleja la belleza del mineral en su forma m\u00e1s pura. No se especifican detalles adicionales sobre su tama\u00f1o o uso. Mant\u00e9n tu colecci\u00f3n con esta pieza natural. \u2728  Nota: \u2728 Recuerda, este producto es simplemente un mineral natural de origen Argelia. Perfecto para coleccionistas.","og_url":"https:\/\/lacanteradelebro.es\/es\/producto\/rosa-del-desierto-origen-argelia-mineral-natural\/","og_site_name":"La Cantera del Ebro","article_modified_time":"2026-02-21T10:57:13+00:00","og_image":[{"width":1600,"height":2133,"url":"https:\/\/lacanteradelebro.es\/wp-content\/uploads\/2026\/02\/7b95dad309954ab58f67a2742c21f734tplv-t5fjg24jzw-origin-jpeg-scaled-1.jpeg","type":"image\/jpeg"}],"twitter_card":"summary_large_image","schema":{"@context":"https:\/\/schema.org","@graph":[{"@type":"WebPage","@id":"https:\/\/lacanteradelebro.es\/producto\/rosa-del-desierto-origen-argelia-mineral-natural\/","url":"https:\/\/lacanteradelebro.es\/producto\/rosa-del-desierto-origen-argelia-mineral-natural\/","name":"Rosa del desierto origen Argelia mineral natural - La Cantera del Ebro","isPartOf":{"@id":"https:\/\/lacanteradelebro.es\/#website"},"primaryImageOfPage":{"@id":"https:\/\/lacanteradelebro.es\/producto\/rosa-del-desierto-origen-argelia-mineral-natural\/#primaryimage"},"image":{"@id":"https:\/\/lacanteradelebro.es\/producto\/rosa-del-desierto-origen-argelia-mineral-natural\/#primaryimage"},"thumbnailUrl":"https:\/\/lacanteradelebro.es\/wp-content\/uploads\/2026\/02\/7b95dad309954ab58f67a2742c21f734tplv-t5fjg24jzw-origin-jpeg-scaled-1.jpeg","datePublished":"2026-02-21T09:26:08+00:00","dateModified":"2026-02-21T10:57:13+00:00","breadcrumb":{"@id":"https:\/\/lacanteradelebro.es\/producto\/rosa-del-desierto-origen-argelia-mineral-natural\/#breadcrumb"},"inLanguage":"es","potentialAction":[{"@type":"ReadAction","target":["https:\/\/lacanteradelebro.es\/producto\/rosa-del-desierto-origen-argelia-mineral-natural\/"]}]},{"@type":"ImageObject","inLanguage":"es","@id":"https:\/\/lacanteradelebro.es\/producto\/rosa-del-desierto-origen-argelia-mineral-natural\/#primaryimage","url":"https:\/\/lacanteradelebro.es\/wp-content\/uploads\/2026\/02\/7b95dad309954ab58f67a2742c21f734tplv-t5fjg24jzw-origin-jpeg-scaled-1.jpeg","contentUrl":"https:\/\/lacanteradelebro.es\/wp-content\/uploads\/2026\/02\/7b95dad309954ab58f67a2742c21f734tplv-t5fjg24jzw-origin-jpeg-scaled-1.jpeg","width":1600,"height":2133},{"@type":"BreadcrumbList","@id":"https:\/\/lacanteradelebro.es\/producto\/rosa-del-desierto-origen-argelia-mineral-natural\/#breadcrumb","itemListElement":[{"@type":"ListItem","position":1,"name":"Portada","item":"https:\/\/lacanteradelebro.es\/es\/"},{"@type":"ListItem","position":2,"name":"Shop","item":"https:\/\/lacanteradelebro.es\/ca\/tienda-2\/"},{"@type":"ListItem","position":3,"name":"Rosa del desierto origen Argelia mineral natural"}]},{"@type":"WebSite","@id":"https:\/\/lacanteradelebro.es\/#website","url":"https:\/\/lacanteradelebro.es\/","name":"La Cantera del Ebro","description":"Transformamos la belleza de la piedra natural y la calidez de la madera artesanal en joyas y objetos \u00fanicos. Cada creaci\u00f3n est\u00e1 hecha a mano con pasi\u00f3n, conect\u00e1ndote con la Tierra a trav\u00e9s de dise\u00f1os exclusivos y llenos de alma.","publisher":{"@id":"https:\/\/lacanteradelebro.es\/#\/schema\/person\/2c7df64eef01f69456a16d6540d266df"},"potentialAction":[{"@type":"SearchAction","target":{"@type":"EntryPoint","urlTemplate":"https:\/\/lacanteradelebro.es\/?s={search_term_string}"},"query-input":{"@type":"PropertyValueSpecification","valueRequired":true,"valueName":"search_term_string"}}],"inLanguage":"es"},{"@type":["Person","Organization"],"@id":"https:\/\/lacanteradelebro.es\/#\/schema\/person\/2c7df64eef01f69456a16d6540d266df","name":"Fernando","image":{"@type":"ImageObject","inLanguage":"es","@id":"https:\/\/lacanteradelebro.es\/#\/schema\/person\/image\/","url":"https:\/\/lacanteradelebro.es\/wp-content\/uploads\/2025\/06\/cropped-Logo_BO2.png","contentUrl":"https:\/\/lacanteradelebro.es\/wp-content\/uploads\/2025\/06\/cropped-Logo_BO2.png","width":512,"height":512,"caption":"Fernando"},"logo":{"@id":"https:\/\/lacanteradelebro.es\/#\/schema\/person\/image\/"},"publishingPrinciples":"https:\/\/lacanteradelebro.es\/ca\/politica-de-privacidad\/","ownershipFundingInfo":"https:\/\/lacanteradelebro.es\/ca\/politica-de-privacidad\/","actionableFeedbackPolicy":"https:\/\/lacanteradelebro.es\/ca\/aviso-legal\/","correctionsPolicy":"https:\/\/lacanteradelebro.es\/ca\/reembolso_devoluciones\/","ethicsPolicy":"https:\/\/lacanteradelebro.es\/ca\/politica-de-cookies\/","diversityPolicy":"https:\/\/lacanteradelebro.es\/ca\/politica-de-cookies\/","diversityStaffingReport":"https:\/\/lacanteradelebro.es\/ca\/politica-de-privacidad\/"}]}},"_links":{"self":[{"href":"https:\/\/lacanteradelebro.es\/es\/wp-json\/wp\/v2\/product\/3999","targetHints":{"allow":["GET"]}}],"collection":[{"href":"https:\/\/lacanteradelebro.es\/es\/wp-json\/wp\/v2\/product"}],"about":[{"href":"https:\/\/lacanteradelebro.es\/es\/wp-json\/wp\/v2\/types\/product"}],"replies":[{"embeddable":true,"href":"https:\/\/lacanteradelebro.es\/es\/wp-json\/wp\/v2\/comments?post=3999"}],"wp:featuredmedia":[{"embeddable":true,"href":"https:\/\/lacanteradelebro.es\/es\/wp-json\/wp\/v2\/media\/3995"}],"wp:attachment":[{"href":"https:\/\/lacanteradelebro.es\/es\/wp-json\/wp\/v2\/media?parent=3999"}],"wp:term":[{"taxonomy":"product_brand","embeddable":true,"href":"https:\/\/lacanteradelebro.es\/es\/wp-json\/wp\/v2\/product_brand?post=3999"},{"taxonomy":"product_cat","embeddable":true,"href":"https:\/\/lacanteradelebro.es\/es\/wp-json\/wp\/v2\/product_cat?post=3999"},{"taxonomy":"product_tag","embeddable":true,"href":"https:\/\/lacanteradelebro.es\/es\/wp-json\/wp\/v2\/product_tag?post=3999"}],"curies":[{"name":"wp","href":"https:\/\/api.w.org\/{rel}","templated":true}]}}