{"id":3923,"date":"2026-02-21T09:21:58","date_gmt":"2026-02-21T09:21:58","guid":{"rendered":"https:\/\/lacanteradelebro.es\/es_es\/producto\/pulsera-multimineral-y-plata-de-925-aaa\/"},"modified":"2026-02-21T10:57:21","modified_gmt":"2026-02-21T10:57:21","slug":"pulsera-multimineral-y-plata-de-925-aaa","status":"publish","type":"product","link":"https:\/\/lacanteradelebro.es\/es\/producto\/pulsera-multimineral-y-plata-de-925-aaa\/","title":{"rendered":"pulsera multimineral y plata de 925, AAA"},"content":{"rendered":"<h2>\n<p>  Descripci\u00f3n: <\/p>\n<\/h2>\n<p> pulsera de pietercita, perla de rio,cuarzo ahumado, larvequita y labradorita, piedra luna<\/p>\n<p> medida  17\/21 cm largo<\/p>\n<p> ancho 2.5 cm<\/p>\n<p> \u2728 <strong>  Caracter\u00edsticas Principales: <\/strong> &#8211; La pulsera es multimineral, combinando diversos minerales para un dise\u00f1o \u00fanico.  &#8211; Hecha de plata de 925, garantiza un acabado elegante y duradero.  &#8211; Calidad AAA, asegurando una excelente apariencia y resistencia.<\/p>\n<p> \u2728 <strong>  Detalles del Producto: <\/strong> &#8211; La pulsera es ideal para quienes buscan un accesorio vers\u00e1til y de calidad.  &#8211; Perfecta para combinar con diferentes estilos de ropa.  &#8211; Material de plata de 925 y minerales multiminerales para un look distintivo.<\/p>\n<p> \u2728 <strong>  Calidad y Material: <\/strong> &#8211; Fabricada con plata de 925 y minerales multiminerales.  &#8211; Calidad AAA para una apariencia impecable.  &#8211; Apto para uso diario y ocasiones especiales.<\/p>\n","protected":false},"excerpt":{"rendered":"<h2>\n<p>  Descripci\u00f3n: <\/p>\n<\/h2>\n<p> pulsera de pietercita, perla de rio,cuarzo ahumado, larvequita y labradorita, piedra luna<\/p>\n<p> medida  17\/21 cm largo<\/p>\n<p> ancho 2.5 cm<\/p>\n<p> \u2728 <strong>  Caracter\u00edsticas Principales: <\/strong> &#8211; La pulsera es multimineral, combinando diversos minerales para un dise\u00f1o \u00fanico.  &#8211; Hecha de plata de 925, garantiza un acabado elegante y duradero.  &#8211; Calidad AAA, asegurando una excelente apariencia y resistencia.<\/p>\n<p> \u2728 <strong>  Detalles del Producto: <\/strong> &#8211; La pulsera es ideal para quienes buscan un accesorio vers\u00e1til y de calidad.  &#8211; Perfecta para combinar con diferentes estilos de ropa.  &#8211; Material de plata de 925 y minerales multiminerales para un look distintivo.<\/p>\n<p> \u2728 <strong>  Calidad y Material: <\/strong> &#8211; Fabricada con plata de 925 y minerales multiminerales.  &#8211; Calidad AAA para una apariencia impecable.  &#8211; Apto para uso diario y ocasiones especiales.<\/p>\n","protected":false},"featured_media":3922,"comment_status":"open","ping_status":"closed","template":"","meta":{"inline_featured_image":false},"product_brand":[],"product_cat":[92,90,100,45,43],"product_tag":[],"class_list":{"0":"post-3923","1":"product","2":"type-product","3":"status-publish","4":"has-post-thumbnail","6":"product_cat-accesorios-de-joyeria-y-derivados","7":"product_cat-piedras-semipreciosas","8":"product_cat-pulseras-y-tobilleras-de-piedras-semipreciosas","9":"product_cat-joyeria","10":"product_cat-pulseras","11":"pa_brand-la-cantera-del-ebro","13":"first","14":"instock","15":"shipping-taxable","16":"purchasable","17":"product-type-simple"},"yoast_head":"<!-- This site is optimized with the Yoast SEO Premium plugin v27.0 (Yoast SEO v27.1.1) - https:\/\/yoast.com\/product\/yoast-seo-premium-wordpress\/ -->\n<title>pulsera multimineral y plata de 925, AAA - La Cantera del Ebro<\/title>\n<meta name=\"robots\" content=\"index, follow, max-snippet:-1, max-image-preview:large, max-video-preview:-1\" \/>\n<link rel=\"canonical\" href=\"https:\/\/lacanteradelebro.es\/es\/producto\/pulsera-multimineral-y-plata-de-925-aaa\/\" \/>\n<meta property=\"og:locale\" content=\"es_ES\" \/>\n<meta property=\"og:type\" content=\"article\" \/>\n<meta property=\"og:title\" content=\"pulsera multimineral y plata de 925, AAA\" \/>\n<meta property=\"og:description\" content=\"Descripci\u00f3n: pulsera de pietercita, perla de rio,cuarzo ahumado, larvequita y labradorita, piedra luna medida 17\/21 cm largo ancho 2.5 cm \u2728  Caracter\u00edsticas Principales: - La pulsera es multimineral, combinando diversos minerales para un dise\u00f1o \u00fanico. - Hecha de plata de 925, garantiza un acabado elegante y duradero. - Calidad AAA, asegurando una excelente apariencia y resistencia. \u2728  Detalles del Producto: - La pulsera es ideal para quienes buscan un accesorio vers\u00e1til y de calidad. - Perfecta para combinar con diferentes estilos de ropa. - Material de plata de 925 y minerales multiminerales para un look distintivo. \u2728  Calidad y Material: - Fabricada con plata de 925 y minerales multiminerales. - Calidad AAA para una apariencia impecable. - Apto para uso diario y ocasiones especiales.\" \/>\n<meta property=\"og:url\" content=\"https:\/\/lacanteradelebro.es\/es\/producto\/pulsera-multimineral-y-plata-de-925-aaa\/\" \/>\n<meta property=\"og:site_name\" content=\"La Cantera del Ebro\" \/>\n<meta property=\"article:modified_time\" content=\"2026-02-21T10:57:21+00:00\" \/>\n<meta property=\"og:image\" content=\"https:\/\/lacanteradelebro.es\/wp-content\/uploads\/2026\/02\/532db27aa79c4eca9969bfa0652e2051tplv-t5fjg24jzw-origin-jpeg-2-scaled.jpeg\" \/>\n\t<meta property=\"og:image:width\" content=\"1920\" \/>\n\t<meta property=\"og:image:height\" content=\"2560\" \/>\n\t<meta property=\"og:image:type\" content=\"image\/jpeg\" \/>\n<meta name=\"twitter:card\" content=\"summary_large_image\" \/>\n<meta name=\"twitter:label1\" content=\"Tiempo de lectura\" \/>\n\t<meta name=\"twitter:data1\" content=\"1 minuto\" \/>\n<script type=\"application\/ld+json\" class=\"yoast-schema-graph\">{\"@context\":\"https:\/\/schema.org\",\"@graph\":[{\"@type\":\"WebPage\",\"@id\":\"https:\/\/lacanteradelebro.es\/producto\/pulsera-multimineral-y-plata-de-925-aaa\/\",\"url\":\"https:\/\/lacanteradelebro.es\/producto\/pulsera-multimineral-y-plata-de-925-aaa\/\",\"name\":\"pulsera multimineral y plata de 925, AAA - La Cantera del Ebro\",\"isPartOf\":{\"@id\":\"https:\/\/lacanteradelebro.es\/#website\"},\"primaryImageOfPage\":{\"@id\":\"https:\/\/lacanteradelebro.es\/producto\/pulsera-multimineral-y-plata-de-925-aaa\/#primaryimage\"},\"image\":{\"@id\":\"https:\/\/lacanteradelebro.es\/producto\/pulsera-multimineral-y-plata-de-925-aaa\/#primaryimage\"},\"thumbnailUrl\":\"https:\/\/lacanteradelebro.es\/wp-content\/uploads\/2026\/02\/532db27aa79c4eca9969bfa0652e2051tplv-t5fjg24jzw-origin-jpeg-2-scaled.jpeg\",\"datePublished\":\"2026-02-21T09:21:58+00:00\",\"dateModified\":\"2026-02-21T10:57:21+00:00\",\"breadcrumb\":{\"@id\":\"https:\/\/lacanteradelebro.es\/producto\/pulsera-multimineral-y-plata-de-925-aaa\/#breadcrumb\"},\"inLanguage\":\"es\",\"potentialAction\":[{\"@type\":\"ReadAction\",\"target\":[\"https:\/\/lacanteradelebro.es\/producto\/pulsera-multimineral-y-plata-de-925-aaa\/\"]}]},{\"@type\":\"ImageObject\",\"inLanguage\":\"es\",\"@id\":\"https:\/\/lacanteradelebro.es\/producto\/pulsera-multimineral-y-plata-de-925-aaa\/#primaryimage\",\"url\":\"https:\/\/lacanteradelebro.es\/wp-content\/uploads\/2026\/02\/532db27aa79c4eca9969bfa0652e2051tplv-t5fjg24jzw-origin-jpeg-2-scaled.jpeg\",\"contentUrl\":\"https:\/\/lacanteradelebro.es\/wp-content\/uploads\/2026\/02\/532db27aa79c4eca9969bfa0652e2051tplv-t5fjg24jzw-origin-jpeg-2-scaled.jpeg\",\"width\":1920,\"height\":2560},{\"@type\":\"BreadcrumbList\",\"@id\":\"https:\/\/lacanteradelebro.es\/producto\/pulsera-multimineral-y-plata-de-925-aaa\/#breadcrumb\",\"itemListElement\":[{\"@type\":\"ListItem\",\"position\":1,\"name\":\"Portada\",\"item\":\"https:\/\/lacanteradelebro.es\/es\/\"},{\"@type\":\"ListItem\",\"position\":2,\"name\":\"Shop\",\"item\":\"https:\/\/lacanteradelebro.es\/ca\/tienda-2\/\"},{\"@type\":\"ListItem\",\"position\":3,\"name\":\"pulsera multimineral y plata de 925, AAA\"}]},{\"@type\":\"WebSite\",\"@id\":\"https:\/\/lacanteradelebro.es\/#website\",\"url\":\"https:\/\/lacanteradelebro.es\/\",\"name\":\"La Cantera del Ebro\",\"description\":\"Transformamos la belleza de la piedra natural y la calidez de la madera artesanal en joyas y objetos \u00fanicos. Cada creaci\u00f3n est\u00e1 hecha a mano con pasi\u00f3n, conect\u00e1ndote con la Tierra a trav\u00e9s de dise\u00f1os exclusivos y llenos de alma.\",\"publisher\":{\"@id\":\"https:\/\/lacanteradelebro.es\/#\/schema\/person\/2c7df64eef01f69456a16d6540d266df\"},\"potentialAction\":[{\"@type\":\"SearchAction\",\"target\":{\"@type\":\"EntryPoint\",\"urlTemplate\":\"https:\/\/lacanteradelebro.es\/?s={search_term_string}\"},\"query-input\":{\"@type\":\"PropertyValueSpecification\",\"valueRequired\":true,\"valueName\":\"search_term_string\"}}],\"inLanguage\":\"es\"},{\"@type\":[\"Person\",\"Organization\"],\"@id\":\"https:\/\/lacanteradelebro.es\/#\/schema\/person\/2c7df64eef01f69456a16d6540d266df\",\"name\":\"Fernando\",\"image\":{\"@type\":\"ImageObject\",\"inLanguage\":\"es\",\"@id\":\"https:\/\/lacanteradelebro.es\/#\/schema\/person\/image\/\",\"url\":\"https:\/\/lacanteradelebro.es\/wp-content\/uploads\/2025\/06\/cropped-Logo_BO2.png\",\"contentUrl\":\"https:\/\/lacanteradelebro.es\/wp-content\/uploads\/2025\/06\/cropped-Logo_BO2.png\",\"width\":512,\"height\":512,\"caption\":\"Fernando\"},\"logo\":{\"@id\":\"https:\/\/lacanteradelebro.es\/#\/schema\/person\/image\/\"},\"publishingPrinciples\":\"https:\/\/lacanteradelebro.es\/ca\/politica-de-privacidad\/\",\"ownershipFundingInfo\":\"https:\/\/lacanteradelebro.es\/ca\/politica-de-privacidad\/\",\"actionableFeedbackPolicy\":\"https:\/\/lacanteradelebro.es\/ca\/aviso-legal\/\",\"correctionsPolicy\":\"https:\/\/lacanteradelebro.es\/ca\/reembolso_devoluciones\/\",\"ethicsPolicy\":\"https:\/\/lacanteradelebro.es\/ca\/politica-de-cookies\/\",\"diversityPolicy\":\"https:\/\/lacanteradelebro.es\/ca\/politica-de-cookies\/\",\"diversityStaffingReport\":\"https:\/\/lacanteradelebro.es\/ca\/politica-de-privacidad\/\"}]}<\/script>\n<!-- \/ Yoast SEO Premium plugin. -->","yoast_head_json":{"title":"pulsera multimineral y plata de 925, AAA - La Cantera del Ebro","robots":{"index":"index","follow":"follow","max-snippet":"max-snippet:-1","max-image-preview":"max-image-preview:large","max-video-preview":"max-video-preview:-1"},"canonical":"https:\/\/lacanteradelebro.es\/es\/producto\/pulsera-multimineral-y-plata-de-925-aaa\/","og_locale":"es_ES","og_type":"article","og_title":"pulsera multimineral y plata de 925, AAA","og_description":"Descripci\u00f3n: pulsera de pietercita, perla de rio,cuarzo ahumado, larvequita y labradorita, piedra luna medida 17\/21 cm largo ancho 2.5 cm \u2728  Caracter\u00edsticas Principales: - La pulsera es multimineral, combinando diversos minerales para un dise\u00f1o \u00fanico. - Hecha de plata de 925, garantiza un acabado elegante y duradero. - Calidad AAA, asegurando una excelente apariencia y resistencia. \u2728  Detalles del Producto: - La pulsera es ideal para quienes buscan un accesorio vers\u00e1til y de calidad. - Perfecta para combinar con diferentes estilos de ropa. - Material de plata de 925 y minerales multiminerales para un look distintivo. \u2728  Calidad y Material: - Fabricada con plata de 925 y minerales multiminerales. - Calidad AAA para una apariencia impecable. - Apto para uso diario y ocasiones especiales.","og_url":"https:\/\/lacanteradelebro.es\/es\/producto\/pulsera-multimineral-y-plata-de-925-aaa\/","og_site_name":"La Cantera del Ebro","article_modified_time":"2026-02-21T10:57:21+00:00","og_image":[{"width":1920,"height":2560,"url":"https:\/\/lacanteradelebro.es\/wp-content\/uploads\/2026\/02\/532db27aa79c4eca9969bfa0652e2051tplv-t5fjg24jzw-origin-jpeg-2-scaled.jpeg","type":"image\/jpeg"}],"twitter_card":"summary_large_image","twitter_misc":{"Tiempo de lectura":"1 minuto"},"schema":{"@context":"https:\/\/schema.org","@graph":[{"@type":"WebPage","@id":"https:\/\/lacanteradelebro.es\/producto\/pulsera-multimineral-y-plata-de-925-aaa\/","url":"https:\/\/lacanteradelebro.es\/producto\/pulsera-multimineral-y-plata-de-925-aaa\/","name":"pulsera multimineral y plata de 925, AAA - La Cantera del Ebro","isPartOf":{"@id":"https:\/\/lacanteradelebro.es\/#website"},"primaryImageOfPage":{"@id":"https:\/\/lacanteradelebro.es\/producto\/pulsera-multimineral-y-plata-de-925-aaa\/#primaryimage"},"image":{"@id":"https:\/\/lacanteradelebro.es\/producto\/pulsera-multimineral-y-plata-de-925-aaa\/#primaryimage"},"thumbnailUrl":"https:\/\/lacanteradelebro.es\/wp-content\/uploads\/2026\/02\/532db27aa79c4eca9969bfa0652e2051tplv-t5fjg24jzw-origin-jpeg-2-scaled.jpeg","datePublished":"2026-02-21T09:21:58+00:00","dateModified":"2026-02-21T10:57:21+00:00","breadcrumb":{"@id":"https:\/\/lacanteradelebro.es\/producto\/pulsera-multimineral-y-plata-de-925-aaa\/#breadcrumb"},"inLanguage":"es","potentialAction":[{"@type":"ReadAction","target":["https:\/\/lacanteradelebro.es\/producto\/pulsera-multimineral-y-plata-de-925-aaa\/"]}]},{"@type":"ImageObject","inLanguage":"es","@id":"https:\/\/lacanteradelebro.es\/producto\/pulsera-multimineral-y-plata-de-925-aaa\/#primaryimage","url":"https:\/\/lacanteradelebro.es\/wp-content\/uploads\/2026\/02\/532db27aa79c4eca9969bfa0652e2051tplv-t5fjg24jzw-origin-jpeg-2-scaled.jpeg","contentUrl":"https:\/\/lacanteradelebro.es\/wp-content\/uploads\/2026\/02\/532db27aa79c4eca9969bfa0652e2051tplv-t5fjg24jzw-origin-jpeg-2-scaled.jpeg","width":1920,"height":2560},{"@type":"BreadcrumbList","@id":"https:\/\/lacanteradelebro.es\/producto\/pulsera-multimineral-y-plata-de-925-aaa\/#breadcrumb","itemListElement":[{"@type":"ListItem","position":1,"name":"Portada","item":"https:\/\/lacanteradelebro.es\/es\/"},{"@type":"ListItem","position":2,"name":"Shop","item":"https:\/\/lacanteradelebro.es\/ca\/tienda-2\/"},{"@type":"ListItem","position":3,"name":"pulsera multimineral y plata de 925, AAA"}]},{"@type":"WebSite","@id":"https:\/\/lacanteradelebro.es\/#website","url":"https:\/\/lacanteradelebro.es\/","name":"La Cantera del Ebro","description":"Transformamos la belleza de la piedra natural y la calidez de la madera artesanal en joyas y objetos \u00fanicos. Cada creaci\u00f3n est\u00e1 hecha a mano con pasi\u00f3n, conect\u00e1ndote con la Tierra a trav\u00e9s de dise\u00f1os exclusivos y llenos de alma.","publisher":{"@id":"https:\/\/lacanteradelebro.es\/#\/schema\/person\/2c7df64eef01f69456a16d6540d266df"},"potentialAction":[{"@type":"SearchAction","target":{"@type":"EntryPoint","urlTemplate":"https:\/\/lacanteradelebro.es\/?s={search_term_string}"},"query-input":{"@type":"PropertyValueSpecification","valueRequired":true,"valueName":"search_term_string"}}],"inLanguage":"es"},{"@type":["Person","Organization"],"@id":"https:\/\/lacanteradelebro.es\/#\/schema\/person\/2c7df64eef01f69456a16d6540d266df","name":"Fernando","image":{"@type":"ImageObject","inLanguage":"es","@id":"https:\/\/lacanteradelebro.es\/#\/schema\/person\/image\/","url":"https:\/\/lacanteradelebro.es\/wp-content\/uploads\/2025\/06\/cropped-Logo_BO2.png","contentUrl":"https:\/\/lacanteradelebro.es\/wp-content\/uploads\/2025\/06\/cropped-Logo_BO2.png","width":512,"height":512,"caption":"Fernando"},"logo":{"@id":"https:\/\/lacanteradelebro.es\/#\/schema\/person\/image\/"},"publishingPrinciples":"https:\/\/lacanteradelebro.es\/ca\/politica-de-privacidad\/","ownershipFundingInfo":"https:\/\/lacanteradelebro.es\/ca\/politica-de-privacidad\/","actionableFeedbackPolicy":"https:\/\/lacanteradelebro.es\/ca\/aviso-legal\/","correctionsPolicy":"https:\/\/lacanteradelebro.es\/ca\/reembolso_devoluciones\/","ethicsPolicy":"https:\/\/lacanteradelebro.es\/ca\/politica-de-cookies\/","diversityPolicy":"https:\/\/lacanteradelebro.es\/ca\/politica-de-cookies\/","diversityStaffingReport":"https:\/\/lacanteradelebro.es\/ca\/politica-de-privacidad\/"}]}},"_links":{"self":[{"href":"https:\/\/lacanteradelebro.es\/es\/wp-json\/wp\/v2\/product\/3923","targetHints":{"allow":["GET"]}}],"collection":[{"href":"https:\/\/lacanteradelebro.es\/es\/wp-json\/wp\/v2\/product"}],"about":[{"href":"https:\/\/lacanteradelebro.es\/es\/wp-json\/wp\/v2\/types\/product"}],"replies":[{"embeddable":true,"href":"https:\/\/lacanteradelebro.es\/es\/wp-json\/wp\/v2\/comments?post=3923"}],"wp:featuredmedia":[{"embeddable":true,"href":"https:\/\/lacanteradelebro.es\/es\/wp-json\/wp\/v2\/media\/3922"}],"wp:attachment":[{"href":"https:\/\/lacanteradelebro.es\/es\/wp-json\/wp\/v2\/media?parent=3923"}],"wp:term":[{"taxonomy":"product_brand","embeddable":true,"href":"https:\/\/lacanteradelebro.es\/es\/wp-json\/wp\/v2\/product_brand?post=3923"},{"taxonomy":"product_cat","embeddable":true,"href":"https:\/\/lacanteradelebro.es\/es\/wp-json\/wp\/v2\/product_cat?post=3923"},{"taxonomy":"product_tag","embeddable":true,"href":"https:\/\/lacanteradelebro.es\/es\/wp-json\/wp\/v2\/product_tag?post=3923"}],"curies":[{"name":"wp","href":"https:\/\/api.w.org\/{rel}","templated":true}]}}