{"id":687,"date":"2025-07-09T11:58:19","date_gmt":"2025-07-09T11:58:19","guid":{"rendered":"https:\/\/lacanteradelebro.es\/?page_id=687"},"modified":"2025-07-09T12:03:22","modified_gmt":"2025-07-09T12:03:22","slug":"politica-de-cookies","status":"publish","type":"page","link":"https:\/\/lacanteradelebro.es\/es\/politica-de-cookies\/","title":{"rendered":"Pol\u00edtica de cookies"},"content":{"rendered":"\t\t<div data-elementor-type=\"wp-page\" data-elementor-id=\"687\" class=\"elementor elementor-687\" data-elementor-post-type=\"page\">\n\t\t\t\t<div class=\"elementor-element elementor-element-13922189 e-flex e-con-boxed e-con e-parent\" data-id=\"13922189\" data-element_type=\"container\" data-e-type=\"container\">\n\t\t\t\t\t<div class=\"e-con-inner\">\n\t\t\t\t<div class=\"elementor-element elementor-element-48c68228 elementor-widget elementor-widget-text-editor\" data-id=\"48c68228\" data-element_type=\"widget\" data-e-type=\"widget\" data-widget_type=\"text-editor.default\">\n\t\t\t\t<div class=\"elementor-widget-container\">\n\t\t\t\t\t\t\t\t\t<h1>Pol\u00edtica de Cookies<\/h1><p>En <strong>La Cantera del Ebro<\/strong>, utilizamos cookies y tecnolog\u00edas similares para mejorar su experiencia de navegaci\u00f3n en nuestra web. Esta pol\u00edtica explica qu\u00e9 son las cookies, c\u00f3mo las utilizamos y c\u00f3mo puede gestionarlas. Cumplimos con el Reglamento General de Protecci\u00f3n de Datos (RGPD) y la Ley 34\/2002, de 11 de julio, de servicios de la sociedad de la informaci\u00f3n y de comercio electr\u00f3nico (LSSI-CE).<\/p><p>&#8212;<\/p><h2>1. \u00bfQu\u00e9 son las Cookies?<\/h2><p>Las cookies son peque\u00f1os archivos de texto que se descargan en su dispositivo (ordenador, tablet, tel\u00e9fono m\u00f3vil, etc.) cuando visita una p\u00e1gina web. Permiten a la web recordar informaci\u00f3n sobre su visita, como su idioma preferido o las preferencias de inicio de sesi\u00f3n, facilitando as\u00ed su pr\u00f3xima visita y haciendo el sitio m\u00e1s \u00fatil.<\/p><p>&#8212;<\/p><h2>2. Tipos de Cookies Utilizadas<\/h2><p>En La Cantera del Ebro, utilizamos los siguientes tipos de cookies:<\/p><h3>a) Cookies Propias<\/h3><p>Son aquellas que se env\u00edan a su equipo desde un equipo o dominio gestionado por nosotros y desde el que prestamos el servicio que usted solicita.<\/p><ul><li><strong>Cookies t\u00e9cnicas:<\/strong> Son esenciales para el funcionamiento b\u00e1sico de la web y le permiten navegar por ella y utilizar sus funciones (ej. identificar su sesi\u00f3n, acceder a zonas de acceso restringido, recordar elementos de un pedido). Sin estas cookies, la web no funcionar\u00eda correctamente.<\/li><li><strong>Cookies de personalizaci\u00f3n:<\/strong> Le permiten acceder al servicio con algunas caracter\u00edsticas de car\u00e1cter general predefinidas en funci\u00f3n de una serie de criterios en su terminal (ej. idioma, tipo de navegador a trav\u00e9s del cual accede al servicio, la configuraci\u00f3n regional desde donde accede al servicio, etc.).<\/li><\/ul><h3>b) Cookies de Terceros<\/h3><p>Son aquellas que se env\u00edan a su equipo desde un equipo o dominio que no es gestionado por nosotros, sino por otra entidad que trata los datos obtenidos a trav\u00e9s de las cookies.<\/p><ul><li><strong>Cookies de an\u00e1lisis:<\/strong> Nos permiten cuantificar el n\u00famero de usuarios y as\u00ed realizar la medici\u00f3n y an\u00e1lisis estad\u00edstico de la utilizaci\u00f3n que hacen los usuarios del servicio ofertado. Para ello se analiza su navegaci\u00f3n en nuestra p\u00e1gina web con el fin de mejorar la oferta de productos o servicios que le ofrecemos. Por ejemplo, utilizamos Google Analytics para entender c\u00f3mo los visitantes interact\u00faan con nuestra web.<\/li><li><strong>Cookies de marketing\/publicidad:<\/strong> Permiten la gesti\u00f3n, de la forma m\u00e1s eficaz posible, de los espacios publicitarios que, en su caso, el editor haya incluido en una p\u00e1gina web, aplicaci\u00f3n o plataforma desde la que presta el servicio solicitado. Pueden almacenar informaci\u00f3n del comportamiento de los usuarios obtenida a trav\u00e9s de la observaci\u00f3n continuada de sus h\u00e1bitos de navegaci\u00f3n, lo que permite desarrollar un perfil espec\u00edfico para mostrar publicidad en funci\u00f3n del mismo.<\/li><\/ul><p>&#8212;<\/p><h2>3. \u00bfQu\u00e9 Cookies Espec\u00edficas Usamos?<\/h2><p>A continuaci\u00f3n, detallamos algunas de las cookies que podr\u00edan ser utilizadas en nuestra web:<\/p><table><thead><tr><th>Nombre de la Cookie<\/th><th>Proveedor<\/th><th>Finalidad<\/th><th>Duraci\u00f3n<\/th><th>Tipo<\/th><\/tr><\/thead><tbody><tr><td><code>PHPSESSID<\/code><\/td><td>La Cantera del Ebro<\/td><td>Mantiene la sesi\u00f3n del usuario. Esencial para la navegaci\u00f3n.<\/td><td>Sesi\u00f3n<\/td><td>Propia (T\u00e9cnica)<\/td><\/tr><tr><td><code>_ga<\/code><\/td><td>Google Analytics<\/td><td>Registra una identificaci\u00f3n \u00fanica que se utiliza para generar datos estad\u00edsticos sobre c\u00f3mo el visitante utiliza el sitio web.<\/td><td>2 a\u00f1os<\/td><td>Tercero (An\u00e1lisis)<\/td><\/tr><tr><td><code>_gid<\/code><\/td><td>Google Analytics<\/td><td>Registra una identificaci\u00f3n \u00fanica que se utiliza para generar datos estad\u00edsticos sobre c\u00f3mo el visitante utiliza el sitio web.<\/td><td>24 horas<\/td><td>Tercero (An\u00e1lisis)<\/td><\/tr><tr><td><code>_gat<\/code><\/td><td>Google Analytics<\/td><td>Se utiliza para limitar el porcentaje de solicitudes.<\/td><td>1 minuto<\/td><td>Tercero (An\u00e1lisis)<\/td><\/tr><tr><td><code>cookie_consent<\/code><\/td><td>La Cantera del Ebro<\/td><td>Almacena su preferencia de consentimiento de cookies.<\/td><td>1 a\u00f1o<\/td><td>Propia (T\u00e9cnica)<\/td><\/tr><\/tbody><\/table><p>Tenga en cuenta que la lista puede variar ligeramente seg\u00fan las funcionalidades activas y los servicios de terceros que se integren puntualmente.<\/p><p>&#8212;<\/p><h2>4. Gesti\u00f3n y Desactivaci\u00f3n de Cookies<\/h2><p>Usted tiene la opci\u00f3n de permitir, bloquear o eliminar las cookies instaladas en su equipo mediante la configuraci\u00f3n de las opciones del navegador que utilice. Tenga en cuenta que si desactiva las cookies, es posible que algunas funciones de la web no est\u00e9n disponibles o que su experiencia de navegaci\u00f3n se vea limitada.<\/p><p>A continuaci\u00f3n, le indicamos c\u00f3mo puede gestionar las cookies en los navegadores m\u00e1s comunes:<\/p><ul><li><a href=\"https:\/\/support.google.com\/chrome\/answer\/95647?hl=es\" target=\"_blank\" rel=\"noopener noreferrer\"><strong>Google Chrome<\/strong><\/a><\/li><li><a href=\"https:\/\/support.mozilla.org\/es\/kb\/habilitar-y-deshabilitar-cookies-que-los-sitios-web\" target=\"_blank\" rel=\"noopener noreferrer\"><strong>Mozilla Firefox<\/strong><\/a><\/li><li><a href=\"https:\/\/support.microsoft.com\/es-es\/microsoft-edge\/eliminar-las-cookies-en-microsoft-edge-63947406-40ac-c3b8-579b-2a79ad6a9537\" target=\"_blank\" rel=\"noopener noreferrer\"><strong>Microsoft Edge<\/strong><\/a><\/li><li><a href=\"https:\/\/support.apple.com\/es-es\/guide\/safari\/sfri11471\/mac\" target=\"_blank\" rel=\"noopener noreferrer\"><strong>Safari<\/strong><\/a><\/li><\/ul><p>Para la gesti\u00f3n de las cookies de Google Analytics, puede instalar el complemento de inhabilitaci\u00f3n para navegadores de Google Analytics, disponible en <a href=\"https:\/\/tools.google.com\/dlpage\/gaoptout?hl=es\" target=\"_blank\" rel=\"noopener noreferrer\">https:\/\/tools.google.com\/dlpage\/gaoptout?hl=es<\/a>.<\/p><p>Muchos navegadores le permiten activar un \u00abmodo inc\u00f3gnito\u00bb o \u00abnavegaci\u00f3n privada\u00bb para que las cookies se eliminen autom\u00e1ticamente cuando cierra el navegador. Consulte la ayuda de su navegador para m\u00e1s informaci\u00f3n.<\/p><p>&#8212;<\/p><h2>5. Consentimiento<\/h2><p>Al navegar y continuar en nuestra web, usted estar\u00e1 consintiendo el uso de las cookies antes mencionadas, y en las condiciones contenidas en esta Pol\u00edtica de Cookies. Si no est\u00e1 de acuerdo con el uso de estas cookies, por favor, no contin\u00fae navegando por nuestra web o configure su navegador para rechazarlas.<\/p><p>Mostraremos un aviso de cookies o banner para informarle sobre nuestra pol\u00edtica de cookies y solicitar su consentimiento. Su consentimiento quedar\u00e1 registrado y tendr\u00e1 una validez de 12 meses, tras los cuales se le volver\u00e1 a solicitar.<\/p><p>&#8212;<\/p><h2>6. Actualizaciones de la Pol\u00edtica de Cookies<\/h2><p>Esta Pol\u00edtica de Cookies puede ser actualizada peri\u00f3dicamente para adaptarla a novedades legislativas o a cambios en los servicios que ofrecemos. Le recomendamos revisar esta pol\u00edtica con regularidad para estar informado sobre c\u00f3mo utilizamos las cookies.<\/p><p>&#8212;<\/p><h2>7. Contacto<\/h2><p>Si tiene alguna pregunta sobre nuestra Pol\u00edtica de Cookies, puede contactarnos a trav\u00e9s de:<\/p><address>Email: <a href=\"mailto:lacanteradelebro@gmail.com\">lacanteradelebro@gmail.com<\/a><\/address>\t\t\t\t\t\t\t\t<\/div>\n\t\t\t\t<\/div>\n\t\t\t\t\t<\/div>\n\t\t\t\t<\/div>\n\t\t\t\t<\/div>\n\t\t","protected":false},"excerpt":{"rendered":"<p>Pol\u00edtica de Cookies En La Cantera del Ebro, utilizamos cookies y tecnolog\u00edas similares para mejorar su experiencia de navegaci\u00f3n en nuestra web. Esta pol\u00edtica explica qu\u00e9 son las cookies, c\u00f3mo las utilizamos y c\u00f3mo puede gestionarlas. Cumplimos con el Reglamento General de Protecci\u00f3n de Datos (RGPD) y la Ley 34\/2002, de 11 de julio, de [&hellip;]<\/p>\n","protected":false},"author":2,"featured_media":0,"parent":0,"menu_order":0,"comment_status":"closed","ping_status":"closed","template":"","meta":{"inline_featured_image":false,"footnotes":""},"class_list":["post-687","page","type-page","status-publish","hentry"],"yoast_head":"<!-- This site is optimized with the Yoast SEO Premium plugin v27.0 (Yoast SEO v27.1.1) - https:\/\/yoast.com\/product\/yoast-seo-premium-wordpress\/ -->\n<title>Pol\u00edtica de cookies - La Cantera del Ebro<\/title>\n<meta name=\"robots\" content=\"index, follow, max-snippet:-1, max-image-preview:large, max-video-preview:-1\" \/>\n<link rel=\"canonical\" href=\"https:\/\/lacanteradelebro.es\/es\/politica-de-cookies\/\" \/>\n<meta property=\"og:locale\" content=\"es_ES\" \/>\n<meta property=\"og:type\" content=\"article\" \/>\n<meta property=\"og:title\" content=\"Pol\u00edtica de cookies\" \/>\n<meta property=\"og:description\" content=\"Pol\u00edtica de Cookies En La Cantera del Ebro, utilizamos cookies y tecnolog\u00edas similares para mejorar su experiencia de navegaci\u00f3n en nuestra web. Esta pol\u00edtica explica qu\u00e9 son las cookies, c\u00f3mo las utilizamos y c\u00f3mo puede gestionarlas. Cumplimos con el Reglamento General de Protecci\u00f3n de Datos (RGPD) y la Ley 34\/2002, de 11 de julio, de [&hellip;]\" \/>\n<meta property=\"og:url\" content=\"https:\/\/lacanteradelebro.es\/es\/politica-de-cookies\/\" \/>\n<meta property=\"og:site_name\" content=\"La Cantera del Ebro\" \/>\n<meta property=\"article:modified_time\" content=\"2025-07-09T12:03:22+00:00\" \/>\n<meta property=\"og:image\" content=\"https:\/\/lacanteradelebro.es\/wp-content\/uploads\/2025\/08\/Screenshot_20250815_230608_One-UI-Home-1-scaled.jpg\" \/>\n\t<meta property=\"og:image:width\" content=\"2560\" \/>\n\t<meta property=\"og:image:height\" content=\"1583\" \/>\n\t<meta property=\"og:image:type\" content=\"image\/jpeg\" \/>\n<meta name=\"twitter:card\" content=\"summary_large_image\" \/>\n<meta name=\"twitter:label1\" content=\"Tiempo de lectura\" \/>\n\t<meta name=\"twitter:data1\" content=\"5 minutos\" \/>\n<script type=\"application\/ld+json\" class=\"yoast-schema-graph\">{\"@context\":\"https:\/\/schema.org\",\"@graph\":[{\"@type\":\"WebPage\",\"@id\":\"https:\/\/lacanteradelebro.es\/ca\/politica-de-cookies\/\",\"url\":\"https:\/\/lacanteradelebro.es\/ca\/politica-de-cookies\/\",\"name\":\"Pol\u00edtica de cookies - La Cantera del Ebro\",\"isPartOf\":{\"@id\":\"https:\/\/lacanteradelebro.es\/#website\"},\"datePublished\":\"2025-07-09T11:58:19+00:00\",\"dateModified\":\"2025-07-09T12:03:22+00:00\",\"breadcrumb\":{\"@id\":\"https:\/\/lacanteradelebro.es\/ca\/politica-de-cookies\/#breadcrumb\"},\"inLanguage\":\"es\",\"potentialAction\":[{\"@type\":\"ReadAction\",\"target\":[\"https:\/\/lacanteradelebro.es\/ca\/politica-de-cookies\/\"]}]},{\"@type\":\"BreadcrumbList\",\"@id\":\"https:\/\/lacanteradelebro.es\/ca\/politica-de-cookies\/#breadcrumb\",\"itemListElement\":[{\"@type\":\"ListItem\",\"position\":1,\"name\":\"Portada\",\"item\":\"https:\/\/lacanteradelebro.es\/es\/\"},{\"@type\":\"ListItem\",\"position\":2,\"name\":\"Pol\u00edtica de cookies\"}]},{\"@type\":\"WebSite\",\"@id\":\"https:\/\/lacanteradelebro.es\/#website\",\"url\":\"https:\/\/lacanteradelebro.es\/\",\"name\":\"La Cantera del Ebro\",\"description\":\"Transformamos la belleza de la piedra natural y la calidez de la madera artesanal en joyas y objetos \u00fanicos. Cada creaci\u00f3n est\u00e1 hecha a mano con pasi\u00f3n, conect\u00e1ndote con la Tierra a trav\u00e9s de dise\u00f1os exclusivos y llenos de alma.\",\"publisher\":{\"@id\":\"https:\/\/lacanteradelebro.es\/#\/schema\/person\/2c7df64eef01f69456a16d6540d266df\"},\"potentialAction\":[{\"@type\":\"SearchAction\",\"target\":{\"@type\":\"EntryPoint\",\"urlTemplate\":\"https:\/\/lacanteradelebro.es\/?s={search_term_string}\"},\"query-input\":{\"@type\":\"PropertyValueSpecification\",\"valueRequired\":true,\"valueName\":\"search_term_string\"}}],\"inLanguage\":\"es\"},{\"@type\":[\"Person\",\"Organization\"],\"@id\":\"https:\/\/lacanteradelebro.es\/#\/schema\/person\/2c7df64eef01f69456a16d6540d266df\",\"name\":\"Fernando\",\"image\":{\"@type\":\"ImageObject\",\"inLanguage\":\"es\",\"@id\":\"https:\/\/lacanteradelebro.es\/#\/schema\/person\/image\/\",\"url\":\"https:\/\/lacanteradelebro.es\/wp-content\/uploads\/2025\/06\/cropped-Logo_BO2.png\",\"contentUrl\":\"https:\/\/lacanteradelebro.es\/wp-content\/uploads\/2025\/06\/cropped-Logo_BO2.png\",\"width\":512,\"height\":512,\"caption\":\"Fernando\"},\"logo\":{\"@id\":\"https:\/\/lacanteradelebro.es\/#\/schema\/person\/image\/\"},\"publishingPrinciples\":\"https:\/\/lacanteradelebro.es\/ca\/politica-de-privacidad\/\",\"ownershipFundingInfo\":\"https:\/\/lacanteradelebro.es\/ca\/politica-de-privacidad\/\",\"actionableFeedbackPolicy\":\"https:\/\/lacanteradelebro.es\/ca\/aviso-legal\/\",\"correctionsPolicy\":\"https:\/\/lacanteradelebro.es\/ca\/reembolso_devoluciones\/\",\"ethicsPolicy\":\"https:\/\/lacanteradelebro.es\/ca\/politica-de-cookies\/\",\"diversityPolicy\":\"https:\/\/lacanteradelebro.es\/ca\/politica-de-cookies\/\",\"diversityStaffingReport\":\"https:\/\/lacanteradelebro.es\/ca\/politica-de-privacidad\/\"}]}<\/script>\n<!-- \/ Yoast SEO Premium plugin. -->","yoast_head_json":{"title":"Pol\u00edtica de cookies - La Cantera del Ebro","robots":{"index":"index","follow":"follow","max-snippet":"max-snippet:-1","max-image-preview":"max-image-preview:large","max-video-preview":"max-video-preview:-1"},"canonical":"https:\/\/lacanteradelebro.es\/es\/politica-de-cookies\/","og_locale":"es_ES","og_type":"article","og_title":"Pol\u00edtica de cookies","og_description":"Pol\u00edtica de Cookies En La Cantera del Ebro, utilizamos cookies y tecnolog\u00edas similares para mejorar su experiencia de navegaci\u00f3n en nuestra web. Esta pol\u00edtica explica qu\u00e9 son las cookies, c\u00f3mo las utilizamos y c\u00f3mo puede gestionarlas. Cumplimos con el Reglamento General de Protecci\u00f3n de Datos (RGPD) y la Ley 34\/2002, de 11 de julio, de [&hellip;]","og_url":"https:\/\/lacanteradelebro.es\/es\/politica-de-cookies\/","og_site_name":"La Cantera del Ebro","article_modified_time":"2025-07-09T12:03:22+00:00","og_image":[{"width":2560,"height":1583,"url":"https:\/\/lacanteradelebro.es\/wp-content\/uploads\/2025\/08\/Screenshot_20250815_230608_One-UI-Home-1-scaled.jpg","type":"image\/jpeg"}],"twitter_card":"summary_large_image","twitter_misc":{"Tiempo de lectura":"5 minutos"},"schema":{"@context":"https:\/\/schema.org","@graph":[{"@type":"WebPage","@id":"https:\/\/lacanteradelebro.es\/ca\/politica-de-cookies\/","url":"https:\/\/lacanteradelebro.es\/ca\/politica-de-cookies\/","name":"Pol\u00edtica de cookies - La Cantera del Ebro","isPartOf":{"@id":"https:\/\/lacanteradelebro.es\/#website"},"datePublished":"2025-07-09T11:58:19+00:00","dateModified":"2025-07-09T12:03:22+00:00","breadcrumb":{"@id":"https:\/\/lacanteradelebro.es\/ca\/politica-de-cookies\/#breadcrumb"},"inLanguage":"es","potentialAction":[{"@type":"ReadAction","target":["https:\/\/lacanteradelebro.es\/ca\/politica-de-cookies\/"]}]},{"@type":"BreadcrumbList","@id":"https:\/\/lacanteradelebro.es\/ca\/politica-de-cookies\/#breadcrumb","itemListElement":[{"@type":"ListItem","position":1,"name":"Portada","item":"https:\/\/lacanteradelebro.es\/es\/"},{"@type":"ListItem","position":2,"name":"Pol\u00edtica de cookies"}]},{"@type":"WebSite","@id":"https:\/\/lacanteradelebro.es\/#website","url":"https:\/\/lacanteradelebro.es\/","name":"La Cantera del Ebro","description":"Transformamos la belleza de la piedra natural y la calidez de la madera artesanal en joyas y objetos \u00fanicos. Cada creaci\u00f3n est\u00e1 hecha a mano con pasi\u00f3n, conect\u00e1ndote con la Tierra a trav\u00e9s de dise\u00f1os exclusivos y llenos de alma.","publisher":{"@id":"https:\/\/lacanteradelebro.es\/#\/schema\/person\/2c7df64eef01f69456a16d6540d266df"},"potentialAction":[{"@type":"SearchAction","target":{"@type":"EntryPoint","urlTemplate":"https:\/\/lacanteradelebro.es\/?s={search_term_string}"},"query-input":{"@type":"PropertyValueSpecification","valueRequired":true,"valueName":"search_term_string"}}],"inLanguage":"es"},{"@type":["Person","Organization"],"@id":"https:\/\/lacanteradelebro.es\/#\/schema\/person\/2c7df64eef01f69456a16d6540d266df","name":"Fernando","image":{"@type":"ImageObject","inLanguage":"es","@id":"https:\/\/lacanteradelebro.es\/#\/schema\/person\/image\/","url":"https:\/\/lacanteradelebro.es\/wp-content\/uploads\/2025\/06\/cropped-Logo_BO2.png","contentUrl":"https:\/\/lacanteradelebro.es\/wp-content\/uploads\/2025\/06\/cropped-Logo_BO2.png","width":512,"height":512,"caption":"Fernando"},"logo":{"@id":"https:\/\/lacanteradelebro.es\/#\/schema\/person\/image\/"},"publishingPrinciples":"https:\/\/lacanteradelebro.es\/ca\/politica-de-privacidad\/","ownershipFundingInfo":"https:\/\/lacanteradelebro.es\/ca\/politica-de-privacidad\/","actionableFeedbackPolicy":"https:\/\/lacanteradelebro.es\/ca\/aviso-legal\/","correctionsPolicy":"https:\/\/lacanteradelebro.es\/ca\/reembolso_devoluciones\/","ethicsPolicy":"https:\/\/lacanteradelebro.es\/ca\/politica-de-cookies\/","diversityPolicy":"https:\/\/lacanteradelebro.es\/ca\/politica-de-cookies\/","diversityStaffingReport":"https:\/\/lacanteradelebro.es\/ca\/politica-de-privacidad\/"}]}},"_links":{"self":[{"href":"https:\/\/lacanteradelebro.es\/es\/wp-json\/wp\/v2\/pages\/687","targetHints":{"allow":["GET"]}}],"collection":[{"href":"https:\/\/lacanteradelebro.es\/es\/wp-json\/wp\/v2\/pages"}],"about":[{"href":"https:\/\/lacanteradelebro.es\/es\/wp-json\/wp\/v2\/types\/page"}],"author":[{"embeddable":true,"href":"https:\/\/lacanteradelebro.es\/es\/wp-json\/wp\/v2\/users\/2"}],"replies":[{"embeddable":true,"href":"https:\/\/lacanteradelebro.es\/es\/wp-json\/wp\/v2\/comments?post=687"}],"version-history":[{"count":4,"href":"https:\/\/lacanteradelebro.es\/es\/wp-json\/wp\/v2\/pages\/687\/revisions"}],"predecessor-version":[{"id":695,"href":"https:\/\/lacanteradelebro.es\/es\/wp-json\/wp\/v2\/pages\/687\/revisions\/695"}],"wp:attachment":[{"href":"https:\/\/lacanteradelebro.es\/es\/wp-json\/wp\/v2\/media?parent=687"}],"curies":[{"name":"wp","href":"https:\/\/api.w.org\/{rel}","templated":true}]}}