{"id":4719,"date":"2026-02-24T18:07:01","date_gmt":"2026-02-24T18:07:01","guid":{"rendered":"https:\/\/lacanteradelebro.es\/?post_type=product&#038;p=4719"},"modified":"2026-02-24T18:07:53","modified_gmt":"2026-02-24T18:07:53","slug":"amatista-con-peana-de-hierro-mineral-natural","status":"publish","type":"product","link":"https:\/\/lacanteradelebro.es\/ca\/producte\/amatista-con-peana-de-hierro-mineral-natural\/","title":{"rendered":"Amatista con peana de hierro, mineral natural"},"content":{"rendered":"<p data-start=\"194\" data-end=\"252\">\u2728 <strong data-start=\"196\" data-end=\"250\">Peana de Amatista Natural \u2013 Origen Minas de Brasil<\/strong> \u2728<\/p>\n<p data-start=\"254\" data-end=\"999\">\ud83d\udd39 <strong data-start=\"257\" data-end=\"270\">Producto:<\/strong> Peana de amatista en bruto montada sobre base de metal<br data-start=\"333\" data-end=\"336\" \/>\ud83d\udd39 <strong data-start=\"339\" data-end=\"350\">Origen:<\/strong> Minas de Brasil \u2014 uno de los lugares m\u00e1s reconocidos del mundo por la calidad de sus amatistas naturales, con tonos intensos de p\u00farpura y formaciones cristalinas \u00fanicas. <br data-start=\"558\" data-end=\"561\" \/>\ud83d\udd39 <strong data-start=\"564\" data-end=\"577\">Material:<\/strong> Amatista (variedad de cuarzo) natural, con textura y cristalizaci\u00f3n aut\u00e9ntica<br data-start=\"655\" data-end=\"658\" \/>\ud83d\udd39 <strong data-start=\"661\" data-end=\"673\">Acabado:<\/strong> Montada en una <strong data-start=\"689\" data-end=\"718\">base\/peana hecha a medida<\/strong>, ideal para decoraci\u00f3n, altar, meditaci\u00f3n o espacio espiritual. <br data-start=\"820\" data-end=\"823\" \/>\ud83d\udd39 <strong data-start=\"826\" data-end=\"837\">Tama\u00f1o: 17*13*7 cm<\/strong><\/p>\n<p data-start=\"254\" data-end=\"999\"><strong data-start=\"826\" data-end=\"837\">\u00a0 \u00a0 \u00a0 Peso<\/strong> 1348 Gr<\/p>\n<p data-start=\"254\" data-end=\"999\">\ud83d\udd39 <strong data-start=\"925\" data-end=\"935\">Color:<\/strong> Morado vibrante con variaciones naturales \u2014 cada pieza es \u00fanica<\/p>\n<p data-start=\"1001\" data-end=\"1060\">\u2728 <strong data-start=\"1003\" data-end=\"1060\">Caracter\u00edsticas que te ayudar\u00e1n a venderla en TikTok:<\/strong><\/p>\n<p data-start=\"1062\" data-end=\"1676\">\ud83c\udfa5 <em data-start=\"1065\" data-end=\"1073\">Visual<\/em>: Muestra la pieza girando con luz natural para resaltar el brillo de los cristales.<br data-start=\"1157\" data-end=\"1160\" \/>\ud83d\udc9c <em data-start=\"1163\" data-end=\"1172\">Energ\u00eda<\/em>: \u201cLa amatista es conocida por su capacidad de transmitir calma, serenidad y conexi\u00f3n interior.\u201d<br data-start=\"1268\" data-end=\"1271\" \/>\ud83c\udff7\ufe0f <em data-start=\"1275\" data-end=\"1291\">Hecho a medida<\/em>: Base\/peana adaptada para que luzca de forma elegante en cualquier espacio.<br data-start=\"1367\" data-end=\"1370\" \/>\ud83c\udf0d <em data-start=\"1373\" data-end=\"1381\">Origen<\/em>: Destaca que proviene <strong data-start=\"1404\" data-end=\"1439\">directamente de minas en Brasil<\/strong>, famoso por sus amatistas de alta calidad y color \u00fanico. <br data-start=\"1534\" data-end=\"1537\" \/><strong data-start=\"1587\" data-end=\"1616\">\u00a0 \u00a0 \u00a0No hay dos piezas iguales<\/strong> (cada geoda\/cristal tiene vetas, formas y tonos distintos).<\/p>","protected":false},"excerpt":{"rendered":"<p>\u2728 Peana de Amatista Natural \u2013 Origen Minas de Brasil \u2728 \ud83d\udd39 Producto: Peana de amatista en bruto montada sobre base de metal\ud83d\udd39 Origen: Minas de Brasil \u2014 uno de los lugares m\u00e1s reconocidos del mundo por la calidad de sus amatistas naturales, con tonos intensos de p\u00farpura y formaciones cristalinas \u00fanicas. \ud83d\udd39 Material: Amatista [&hellip;]<\/p>\n","protected":false},"featured_media":4724,"comment_status":"open","ping_status":"closed","template":"","meta":{"inline_featured_image":false},"product_brand":[],"product_cat":[92,90,91,42],"product_tag":[],"class_list":{"0":"post-4719","1":"product","2":"type-product","3":"status-publish","4":"has-post-thumbnail","6":"product_cat-accesorios-de-joyeria-y-derivados","7":"product_cat-piedras-semipreciosas","8":"product_cat-piedras-semipreciosas-semiacabadas","9":"product_cat-minerales","11":"first","12":"instock","13":"sold-individually","14":"shipping-taxable","15":"purchasable","16":"product-type-simple"},"yoast_head":"<!-- This site is optimized with the Yoast SEO Premium plugin v27.0 (Yoast SEO v27.1.1) - https:\/\/yoast.com\/product\/yoast-seo-premium-wordpress\/ -->\n<title>Amatista con peana de hierro, mineral natural - La Cantera del Ebro<\/title>\n<meta name=\"robots\" content=\"index, follow, max-snippet:-1, max-image-preview:large, max-video-preview:-1\" \/>\n<link rel=\"canonical\" href=\"https:\/\/lacanteradelebro.es\/ca\/producte\/amatista-con-peana-de-hierro-mineral-natural\/\" \/>\n<meta property=\"og:locale\" content=\"ca_ES\" \/>\n<meta property=\"og:type\" content=\"article\" \/>\n<meta property=\"og:title\" content=\"Amatista con peana de hierro, mineral natural\" \/>\n<meta property=\"og:description\" content=\"\u2728 Peana de Amatista Natural \u2013 Origen Minas de Brasil \u2728 \ud83d\udd39 Producto: Peana de amatista en bruto montada sobre base de metal\ud83d\udd39 Origen: Minas de Brasil \u2014 uno de los lugares m\u00e1s reconocidos del mundo por la calidad de sus amatistas naturales, con tonos intensos de p\u00farpura y formaciones cristalinas \u00fanicas. \ud83d\udd39 Material: Amatista [&hellip;]\" \/>\n<meta property=\"og:url\" content=\"https:\/\/lacanteradelebro.es\/ca\/producte\/amatista-con-peana-de-hierro-mineral-natural\/\" \/>\n<meta property=\"og:site_name\" content=\"La Cantera del Ebro\" \/>\n<meta property=\"article:modified_time\" content=\"2026-02-24T18:07:53+00:00\" \/>\n<meta property=\"og:image\" content=\"https:\/\/lacanteradelebro.es\/wp-content\/uploads\/2026\/02\/20251117_124741-scaled.jpg\" \/>\n\t<meta property=\"og:image:width\" content=\"1920\" \/>\n\t<meta property=\"og:image:height\" content=\"2560\" \/>\n\t<meta property=\"og:image:type\" content=\"image\/jpeg\" \/>\n<meta name=\"twitter:card\" content=\"summary_large_image\" \/>\n<meta name=\"twitter:label1\" content=\"Temps estimat de lectura\" \/>\n\t<meta name=\"twitter:data1\" content=\"2 minuts\" \/>\n<script type=\"application\/ld+json\" class=\"yoast-schema-graph\">{\"@context\":\"https:\/\/schema.org\",\"@graph\":[{\"@type\":\"WebPage\",\"@id\":\"https:\/\/lacanteradelebro.es\/producto\/amatista-con-peana-de-hierro-mineral-natural\/\",\"url\":\"https:\/\/lacanteradelebro.es\/producto\/amatista-con-peana-de-hierro-mineral-natural\/\",\"name\":\"Amatista con peana de hierro, mineral natural - La Cantera del Ebro\",\"isPartOf\":{\"@id\":\"https:\/\/lacanteradelebro.es\/#website\"},\"primaryImageOfPage\":{\"@id\":\"https:\/\/lacanteradelebro.es\/producto\/amatista-con-peana-de-hierro-mineral-natural\/#primaryimage\"},\"image\":{\"@id\":\"https:\/\/lacanteradelebro.es\/producto\/amatista-con-peana-de-hierro-mineral-natural\/#primaryimage\"},\"thumbnailUrl\":\"https:\/\/lacanteradelebro.es\/wp-content\/uploads\/2026\/02\/20251117_124741-scaled.jpg\",\"datePublished\":\"2026-02-24T18:07:01+00:00\",\"dateModified\":\"2026-02-24T18:07:53+00:00\",\"breadcrumb\":{\"@id\":\"https:\/\/lacanteradelebro.es\/producto\/amatista-con-peana-de-hierro-mineral-natural\/#breadcrumb\"},\"inLanguage\":\"ca\",\"potentialAction\":[{\"@type\":\"ReadAction\",\"target\":[\"https:\/\/lacanteradelebro.es\/producto\/amatista-con-peana-de-hierro-mineral-natural\/\"]}]},{\"@type\":\"ImageObject\",\"inLanguage\":\"ca\",\"@id\":\"https:\/\/lacanteradelebro.es\/producto\/amatista-con-peana-de-hierro-mineral-natural\/#primaryimage\",\"url\":\"https:\/\/lacanteradelebro.es\/wp-content\/uploads\/2026\/02\/20251117_124741-scaled.jpg\",\"contentUrl\":\"https:\/\/lacanteradelebro.es\/wp-content\/uploads\/2026\/02\/20251117_124741-scaled.jpg\",\"width\":1920,\"height\":2560},{\"@type\":\"BreadcrumbList\",\"@id\":\"https:\/\/lacanteradelebro.es\/producto\/amatista-con-peana-de-hierro-mineral-natural\/#breadcrumb\",\"itemListElement\":[{\"@type\":\"ListItem\",\"position\":1,\"name\":\"Portada\",\"item\":\"https:\/\/lacanteradelebro.es\/es\/\"},{\"@type\":\"ListItem\",\"position\":2,\"name\":\"Shop\",\"item\":\"https:\/\/lacanteradelebro.es\/ca\/tienda-2\/\"},{\"@type\":\"ListItem\",\"position\":3,\"name\":\"Amatista con peana de hierro, mineral natural\"}]},{\"@type\":\"WebSite\",\"@id\":\"https:\/\/lacanteradelebro.es\/#website\",\"url\":\"https:\/\/lacanteradelebro.es\/\",\"name\":\"La Cantera del Ebro\",\"description\":\"Transformamos la belleza de la piedra natural y la calidez de la madera artesanal en joyas y objetos \u00fanicos. Cada creaci\u00f3n est\u00e1 hecha a mano con pasi\u00f3n, conect\u00e1ndote con la Tierra a trav\u00e9s de dise\u00f1os exclusivos y llenos de alma.\",\"publisher\":{\"@id\":\"https:\/\/lacanteradelebro.es\/#\/schema\/person\/2c7df64eef01f69456a16d6540d266df\"},\"potentialAction\":[{\"@type\":\"SearchAction\",\"target\":{\"@type\":\"EntryPoint\",\"urlTemplate\":\"https:\/\/lacanteradelebro.es\/?s={search_term_string}\"},\"query-input\":{\"@type\":\"PropertyValueSpecification\",\"valueRequired\":true,\"valueName\":\"search_term_string\"}}],\"inLanguage\":\"ca\"},{\"@type\":[\"Person\",\"Organization\"],\"@id\":\"https:\/\/lacanteradelebro.es\/#\/schema\/person\/2c7df64eef01f69456a16d6540d266df\",\"name\":\"Fernando\",\"image\":{\"@type\":\"ImageObject\",\"inLanguage\":\"ca\",\"@id\":\"https:\/\/lacanteradelebro.es\/#\/schema\/person\/image\/\",\"url\":\"https:\/\/lacanteradelebro.es\/wp-content\/uploads\/2025\/06\/cropped-Logo_BO2.png\",\"contentUrl\":\"https:\/\/lacanteradelebro.es\/wp-content\/uploads\/2025\/06\/cropped-Logo_BO2.png\",\"width\":512,\"height\":512,\"caption\":\"Fernando\"},\"logo\":{\"@id\":\"https:\/\/lacanteradelebro.es\/#\/schema\/person\/image\/\"},\"publishingPrinciples\":\"https:\/\/lacanteradelebro.es\/ca\/politica-de-privacidad\/\",\"ownershipFundingInfo\":\"https:\/\/lacanteradelebro.es\/ca\/politica-de-privacidad\/\",\"actionableFeedbackPolicy\":\"https:\/\/lacanteradelebro.es\/ca\/aviso-legal\/\",\"correctionsPolicy\":\"https:\/\/lacanteradelebro.es\/ca\/reembolso_devoluciones\/\",\"ethicsPolicy\":\"https:\/\/lacanteradelebro.es\/ca\/politica-de-cookies\/\",\"diversityPolicy\":\"https:\/\/lacanteradelebro.es\/ca\/politica-de-cookies\/\",\"diversityStaffingReport\":\"https:\/\/lacanteradelebro.es\/ca\/politica-de-privacidad\/\"}]}<\/script>\n<!-- \/ Yoast SEO Premium plugin. -->","yoast_head_json":{"title":"Amatista con peana de hierro, mineral natural - La Cantera del Ebro","robots":{"index":"index","follow":"follow","max-snippet":"max-snippet:-1","max-image-preview":"max-image-preview:large","max-video-preview":"max-video-preview:-1"},"canonical":"https:\/\/lacanteradelebro.es\/ca\/producte\/amatista-con-peana-de-hierro-mineral-natural\/","og_locale":"ca_ES","og_type":"article","og_title":"Amatista con peana de hierro, mineral natural","og_description":"\u2728 Peana de Amatista Natural \u2013 Origen Minas de Brasil \u2728 \ud83d\udd39 Producto: Peana de amatista en bruto montada sobre base de metal\ud83d\udd39 Origen: Minas de Brasil \u2014 uno de los lugares m\u00e1s reconocidos del mundo por la calidad de sus amatistas naturales, con tonos intensos de p\u00farpura y formaciones cristalinas \u00fanicas. \ud83d\udd39 Material: Amatista [&hellip;]","og_url":"https:\/\/lacanteradelebro.es\/ca\/producte\/amatista-con-peana-de-hierro-mineral-natural\/","og_site_name":"La Cantera del Ebro","article_modified_time":"2026-02-24T18:07:53+00:00","og_image":[{"width":1920,"height":2560,"url":"https:\/\/lacanteradelebro.es\/wp-content\/uploads\/2026\/02\/20251117_124741-scaled.jpg","type":"image\/jpeg"}],"twitter_card":"summary_large_image","twitter_misc":{"Temps estimat de lectura":"2 minuts"},"schema":{"@context":"https:\/\/schema.org","@graph":[{"@type":"WebPage","@id":"https:\/\/lacanteradelebro.es\/producto\/amatista-con-peana-de-hierro-mineral-natural\/","url":"https:\/\/lacanteradelebro.es\/producto\/amatista-con-peana-de-hierro-mineral-natural\/","name":"Amatista con peana de hierro, mineral natural - La Cantera del Ebro","isPartOf":{"@id":"https:\/\/lacanteradelebro.es\/#website"},"primaryImageOfPage":{"@id":"https:\/\/lacanteradelebro.es\/producto\/amatista-con-peana-de-hierro-mineral-natural\/#primaryimage"},"image":{"@id":"https:\/\/lacanteradelebro.es\/producto\/amatista-con-peana-de-hierro-mineral-natural\/#primaryimage"},"thumbnailUrl":"https:\/\/lacanteradelebro.es\/wp-content\/uploads\/2026\/02\/20251117_124741-scaled.jpg","datePublished":"2026-02-24T18:07:01+00:00","dateModified":"2026-02-24T18:07:53+00:00","breadcrumb":{"@id":"https:\/\/lacanteradelebro.es\/producto\/amatista-con-peana-de-hierro-mineral-natural\/#breadcrumb"},"inLanguage":"ca","potentialAction":[{"@type":"ReadAction","target":["https:\/\/lacanteradelebro.es\/producto\/amatista-con-peana-de-hierro-mineral-natural\/"]}]},{"@type":"ImageObject","inLanguage":"ca","@id":"https:\/\/lacanteradelebro.es\/producto\/amatista-con-peana-de-hierro-mineral-natural\/#primaryimage","url":"https:\/\/lacanteradelebro.es\/wp-content\/uploads\/2026\/02\/20251117_124741-scaled.jpg","contentUrl":"https:\/\/lacanteradelebro.es\/wp-content\/uploads\/2026\/02\/20251117_124741-scaled.jpg","width":1920,"height":2560},{"@type":"BreadcrumbList","@id":"https:\/\/lacanteradelebro.es\/producto\/amatista-con-peana-de-hierro-mineral-natural\/#breadcrumb","itemListElement":[{"@type":"ListItem","position":1,"name":"Portada","item":"https:\/\/lacanteradelebro.es\/es\/"},{"@type":"ListItem","position":2,"name":"Shop","item":"https:\/\/lacanteradelebro.es\/ca\/tienda-2\/"},{"@type":"ListItem","position":3,"name":"Amatista con peana de hierro, mineral natural"}]},{"@type":"WebSite","@id":"https:\/\/lacanteradelebro.es\/#website","url":"https:\/\/lacanteradelebro.es\/","name":"La Cantera del Ebro","description":"Transformamos la belleza de la piedra natural y la calidez de la madera artesanal en joyas y objetos \u00fanicos. Cada creaci\u00f3n est\u00e1 hecha a mano con pasi\u00f3n, conect\u00e1ndote con la Tierra a trav\u00e9s de dise\u00f1os exclusivos y llenos de alma.","publisher":{"@id":"https:\/\/lacanteradelebro.es\/#\/schema\/person\/2c7df64eef01f69456a16d6540d266df"},"potentialAction":[{"@type":"SearchAction","target":{"@type":"EntryPoint","urlTemplate":"https:\/\/lacanteradelebro.es\/?s={search_term_string}"},"query-input":{"@type":"PropertyValueSpecification","valueRequired":true,"valueName":"search_term_string"}}],"inLanguage":"ca"},{"@type":["Person","Organization"],"@id":"https:\/\/lacanteradelebro.es\/#\/schema\/person\/2c7df64eef01f69456a16d6540d266df","name":"Fernando","image":{"@type":"ImageObject","inLanguage":"ca","@id":"https:\/\/lacanteradelebro.es\/#\/schema\/person\/image\/","url":"https:\/\/lacanteradelebro.es\/wp-content\/uploads\/2025\/06\/cropped-Logo_BO2.png","contentUrl":"https:\/\/lacanteradelebro.es\/wp-content\/uploads\/2025\/06\/cropped-Logo_BO2.png","width":512,"height":512,"caption":"Fernando"},"logo":{"@id":"https:\/\/lacanteradelebro.es\/#\/schema\/person\/image\/"},"publishingPrinciples":"https:\/\/lacanteradelebro.es\/ca\/politica-de-privacidad\/","ownershipFundingInfo":"https:\/\/lacanteradelebro.es\/ca\/politica-de-privacidad\/","actionableFeedbackPolicy":"https:\/\/lacanteradelebro.es\/ca\/aviso-legal\/","correctionsPolicy":"https:\/\/lacanteradelebro.es\/ca\/reembolso_devoluciones\/","ethicsPolicy":"https:\/\/lacanteradelebro.es\/ca\/politica-de-cookies\/","diversityPolicy":"https:\/\/lacanteradelebro.es\/ca\/politica-de-cookies\/","diversityStaffingReport":"https:\/\/lacanteradelebro.es\/ca\/politica-de-privacidad\/"}]}},"_links":{"self":[{"href":"https:\/\/lacanteradelebro.es\/ca\/wp-json\/wp\/v2\/product\/4719","targetHints":{"allow":["GET"]}}],"collection":[{"href":"https:\/\/lacanteradelebro.es\/ca\/wp-json\/wp\/v2\/product"}],"about":[{"href":"https:\/\/lacanteradelebro.es\/ca\/wp-json\/wp\/v2\/types\/product"}],"replies":[{"embeddable":true,"href":"https:\/\/lacanteradelebro.es\/ca\/wp-json\/wp\/v2\/comments?post=4719"}],"wp:featuredmedia":[{"embeddable":true,"href":"https:\/\/lacanteradelebro.es\/ca\/wp-json\/wp\/v2\/media\/4724"}],"wp:attachment":[{"href":"https:\/\/lacanteradelebro.es\/ca\/wp-json\/wp\/v2\/media?parent=4719"}],"wp:term":[{"taxonomy":"product_brand","embeddable":true,"href":"https:\/\/lacanteradelebro.es\/ca\/wp-json\/wp\/v2\/product_brand?post=4719"},{"taxonomy":"product_cat","embeddable":true,"href":"https:\/\/lacanteradelebro.es\/ca\/wp-json\/wp\/v2\/product_cat?post=4719"},{"taxonomy":"product_tag","embeddable":true,"href":"https:\/\/lacanteradelebro.es\/ca\/wp-json\/wp\/v2\/product_tag?post=4719"}],"curies":[{"name":"wp","href":"https:\/\/api.w.org\/{rel}","templated":true}]}}