{"id":4589,"date":"2026-02-23T08:44:35","date_gmt":"2026-02-23T08:44:35","guid":{"rendered":"https:\/\/lacanteradelebro.es\/es_es\/producto\/zafiro-azul-y-plata-925-colgante-de-plata-de-ley-con-piedra-de-zafiro-azul-elegante-y-duradero\/"},"modified":"2026-02-23T08:44:35","modified_gmt":"2026-02-23T08:44:35","slug":"zafiro-azul-y-plata-925-colgante-de-plata-de-ley-con-piedra-de-zafiro-azul-elegante-y-duradero","status":"publish","type":"product","link":"https:\/\/lacanteradelebro.es\/ca\/producte\/zafiro-azul-y-plata-925-colgante-de-plata-de-ley-con-piedra-de-zafiro-azul-elegante-y-duradero\/","title":{"rendered":"Zafiro Azul y Plata 925 Colgante de Plata de Ley con Piedra de Zafiro Azul Elegante y Duradero"},"content":{"rendered":"<h2>\n<p>  Descripci\u00f3n del Producto <\/p>\n<\/h2>\n<p> \u2728 <strong>  Zafiro Azul y Plata 925 <\/strong> \u2728<\/p>\n<ul>\n<li>  <strong>   Colgante de Plata de Ley:  <\/strong>  Este colgante est\u00e1 hecho de plata de ley, garantizando un acabado elegante y duradero. \ud83c\udffa <\/li>\n<li>  <strong>   Piedra de Zafiro Azul:  <\/strong>  El colgante incluye una piedra de zafiro azul, a\u00f1adiendo un toque de elegancia y distinci\u00f3n. \ud83d\udc8e <\/li>\n<li>  <strong>   Elegante y Duradero:  <\/strong>  Este colgante es tanto elegante como duradero, ideal para quienes buscan un accesorio de calidad. \ud83c\udf1f <\/li>\n<\/ul>\n<p> Este colgante de plata de ley con piedra de zafiro azul es una elecci\u00f3n perfecta para quienes valoran la elegancia y la durabilidad en sus joyas.<\/p>","protected":false},"excerpt":{"rendered":"<h2> Descripci\u00f3n del Producto<\/h2>\n<p> \u2728 <strong>  Zafiro Azul y Plata 925 <\/strong> \u2728<\/p>\n<ul>\n<li>  <strong>   Colgante de Plata de Ley:  <\/strong>  Este colgante est\u00e1 hecho de plata de ley, garantizando un acabado elegante y duradero. \ud83c\udffa <\/li>\n<li>  <strong>   Piedra de Zafiro Azul:  <\/strong>  El colgante incluye una piedra de zafiro azul, a\u00f1adiendo un toque de elegancia y distinci\u00f3n. \ud83d\udc8e <\/li>\n<li>  <strong>   Elegante y Duradero:  <\/strong>  Este colgante es tanto elegante como duradero, ideal para quienes buscan un accesorio de calidad. \ud83c\udf1f <\/li>\n<\/ul>\n<p> Este colgante de plata de ley con piedra de zafiro azul es una elecci\u00f3n perfecta para quienes valoran la elegancia y la durabilidad en sus joyas.<\/p>","protected":false},"featured_media":4588,"comment_status":"open","ping_status":"closed","template":"","meta":{"inline_featured_image":false},"product_brand":[],"product_cat":[92,104,90,50,45],"product_tag":[],"class_list":{"0":"post-4589","1":"product","2":"type-product","3":"status-publish","4":"has-post-thumbnail","6":"product_cat-accesorios-de-joyeria-y-derivados","7":"product_cat-juegos-de-joyas-de-piedras-semipreciosas","8":"product_cat-piedras-semipreciosas","9":"product_cat-colgantes","10":"product_cat-joyeria","12":"first","13":"instock","14":"shipping-taxable","15":"purchasable","16":"product-type-simple"},"yoast_head":"<!-- This site is optimized with the Yoast SEO Premium plugin v27.0 (Yoast SEO v27.4) - https:\/\/yoast.com\/product\/yoast-seo-premium-wordpress\/ -->\n<title>Zafiro Azul y Plata 925 Colgante de Plata de Ley con Piedra de Zafiro Azul Elegante y Duradero - La Cantera del Ebro<\/title>\n<meta name=\"robots\" content=\"index, follow, max-snippet:-1, max-image-preview:large, max-video-preview:-1\" \/>\n<link rel=\"canonical\" href=\"https:\/\/lacanteradelebro.es\/ca\/es_es\/producte\/zafiro-azul-y-plata-925-colgante-de-plata-de-ley-con-piedra-de-zafiro-azul-elegante-y-duradero\/\" \/>\n<meta property=\"og:locale\" content=\"ca_ES\" \/>\n<meta property=\"og:type\" content=\"article\" \/>\n<meta property=\"og:title\" content=\"Zafiro Azul y Plata 925 Colgante de Plata de Ley con Piedra de Zafiro Azul Elegante y Duradero\" \/>\n<meta property=\"og:description\" content=\"Descripci\u00f3n del Producto \u2728  Zafiro Azul y Plata 925 \u2728   Colgante de Plata de Ley:  Este colgante est\u00e1 hecho de plata de ley, garantizando un acabado elegante y duradero. \ud83c\udffa    Piedra de Zafiro Azul:  El colgante incluye una piedra de zafiro azul, a\u00f1adiendo un toque de elegancia y distinci\u00f3n. \ud83d\udc8e    Elegante y Duradero:  Este colgante es tanto elegante como duradero, ideal para quienes buscan un accesorio de calidad. \ud83c\udf1f Este colgante de plata de ley con piedra de zafiro azul es una elecci\u00f3n perfecta para quienes valoran la elegancia y la durabilidad en sus joyas.\" \/>\n<meta property=\"og:url\" content=\"https:\/\/lacanteradelebro.es\/ca\/es_es\/producte\/zafiro-azul-y-plata-925-colgante-de-plata-de-ley-con-piedra-de-zafiro-azul-elegante-y-duradero\/\" \/>\n<meta property=\"og:site_name\" content=\"La Cantera del Ebro\" \/>\n<meta property=\"og:image\" content=\"https:\/\/lacanteradelebro.es\/wp-content\/uploads\/2025\/08\/Screenshot_20250815_230608_One-UI-Home-1-scaled.jpg\" \/>\n\t<meta property=\"og:image:width\" content=\"2560\" \/>\n\t<meta property=\"og:image:height\" content=\"1583\" \/>\n\t<meta property=\"og:image:type\" content=\"image\/jpeg\" \/>\n<meta name=\"twitter:card\" content=\"summary_large_image\" \/>\n<script type=\"application\/ld+json\" class=\"yoast-schema-graph\">{\"@context\":\"https:\\\/\\\/schema.org\",\"@graph\":[{\"@type\":\"WebPage\",\"@id\":\"https:\\\/\\\/lacanteradelebro.es\\\/es_es\\\/producto\\\/zafiro-azul-y-plata-925-colgante-de-plata-de-ley-con-piedra-de-zafiro-azul-elegante-y-duradero\\\/\",\"url\":\"https:\\\/\\\/lacanteradelebro.es\\\/es_es\\\/producto\\\/zafiro-azul-y-plata-925-colgante-de-plata-de-ley-con-piedra-de-zafiro-azul-elegante-y-duradero\\\/\",\"name\":\"Zafiro Azul y Plata 925 Colgante de Plata de Ley con Piedra de Zafiro Azul Elegante y Duradero - La Cantera del Ebro\",\"isPartOf\":{\"@id\":\"https:\\\/\\\/lacanteradelebro.es\\\/#website\"},\"primaryImageOfPage\":{\"@id\":\"https:\\\/\\\/lacanteradelebro.es\\\/es_es\\\/producto\\\/zafiro-azul-y-plata-925-colgante-de-plata-de-ley-con-piedra-de-zafiro-azul-elegante-y-duradero\\\/#primaryimage\"},\"image\":{\"@id\":\"https:\\\/\\\/lacanteradelebro.es\\\/es_es\\\/producto\\\/zafiro-azul-y-plata-925-colgante-de-plata-de-ley-con-piedra-de-zafiro-azul-elegante-y-duradero\\\/#primaryimage\"},\"thumbnailUrl\":\"https:\\\/\\\/lacanteradelebro.es\\\/wp-content\\\/uploads\\\/2026\\\/02\\\/93ca5422e6044380bcd25a7691368bf5tplv-t5fjg24jzw-origin-jpeg-1.jpeg\",\"datePublished\":\"2026-02-23T08:44:35+00:00\",\"breadcrumb\":{\"@id\":\"https:\\\/\\\/lacanteradelebro.es\\\/es_es\\\/producto\\\/zafiro-azul-y-plata-925-colgante-de-plata-de-ley-con-piedra-de-zafiro-azul-elegante-y-duradero\\\/#breadcrumb\"},\"inLanguage\":\"ca\",\"potentialAction\":[{\"@type\":\"ReadAction\",\"target\":[\"https:\\\/\\\/lacanteradelebro.es\\\/es_es\\\/producto\\\/zafiro-azul-y-plata-925-colgante-de-plata-de-ley-con-piedra-de-zafiro-azul-elegante-y-duradero\\\/\"]}]},{\"@type\":\"ImageObject\",\"inLanguage\":\"ca\",\"@id\":\"https:\\\/\\\/lacanteradelebro.es\\\/es_es\\\/producto\\\/zafiro-azul-y-plata-925-colgante-de-plata-de-ley-con-piedra-de-zafiro-azul-elegante-y-duradero\\\/#primaryimage\",\"url\":\"https:\\\/\\\/lacanteradelebro.es\\\/wp-content\\\/uploads\\\/2026\\\/02\\\/93ca5422e6044380bcd25a7691368bf5tplv-t5fjg24jzw-origin-jpeg-1.jpeg\",\"contentUrl\":\"https:\\\/\\\/lacanteradelebro.es\\\/wp-content\\\/uploads\\\/2026\\\/02\\\/93ca5422e6044380bcd25a7691368bf5tplv-t5fjg24jzw-origin-jpeg-1.jpeg\",\"width\":1000,\"height\":1000},{\"@type\":\"BreadcrumbList\",\"@id\":\"https:\\\/\\\/lacanteradelebro.es\\\/es_es\\\/producto\\\/zafiro-azul-y-plata-925-colgante-de-plata-de-ley-con-piedra-de-zafiro-azul-elegante-y-duradero\\\/#breadcrumb\",\"itemListElement\":[{\"@type\":\"ListItem\",\"position\":1,\"name\":\"Portada\",\"item\":\"https:\\\/\\\/lacanteradelebro.es\\\/es\\\/\"},{\"@type\":\"ListItem\",\"position\":2,\"name\":\"Shop\",\"item\":\"https:\\\/\\\/lacanteradelebro.es\\\/ca\\\/tienda-2\\\/\"},{\"@type\":\"ListItem\",\"position\":3,\"name\":\"Zafiro Azul y Plata 925 Colgante de Plata de Ley con Piedra de Zafiro Azul Elegante y Duradero\"}]},{\"@type\":\"WebSite\",\"@id\":\"https:\\\/\\\/lacanteradelebro.es\\\/#website\",\"url\":\"https:\\\/\\\/lacanteradelebro.es\\\/\",\"name\":\"La Cantera del Ebro\",\"description\":\"Transformamos la belleza de la piedra natural y la calidez de la madera artesanal en joyas y objetos \u00fanicos. Cada creaci\u00f3n est\u00e1 hecha a mano con pasi\u00f3n, conect\u00e1ndote con la Tierra a trav\u00e9s de dise\u00f1os exclusivos y llenos de alma.\",\"publisher\":{\"@id\":\"https:\\\/\\\/lacanteradelebro.es\\\/#\\\/schema\\\/person\\\/2c7df64eef01f69456a16d6540d266df\"},\"potentialAction\":[{\"@type\":\"SearchAction\",\"target\":{\"@type\":\"EntryPoint\",\"urlTemplate\":\"https:\\\/\\\/lacanteradelebro.es\\\/?s={search_term_string}\"},\"query-input\":{\"@type\":\"PropertyValueSpecification\",\"valueRequired\":true,\"valueName\":\"search_term_string\"}}],\"inLanguage\":\"ca\"},{\"@type\":[\"Person\",\"Organization\"],\"@id\":\"https:\\\/\\\/lacanteradelebro.es\\\/#\\\/schema\\\/person\\\/2c7df64eef01f69456a16d6540d266df\",\"name\":\"Fernando\",\"image\":{\"@type\":\"ImageObject\",\"inLanguage\":\"ca\",\"@id\":\"https:\\\/\\\/lacanteradelebro.es\\\/wp-content\\\/uploads\\\/2025\\\/06\\\/cropped-Logo_BO2.png\",\"url\":\"https:\\\/\\\/lacanteradelebro.es\\\/wp-content\\\/uploads\\\/2025\\\/06\\\/cropped-Logo_BO2.png\",\"contentUrl\":\"https:\\\/\\\/lacanteradelebro.es\\\/wp-content\\\/uploads\\\/2025\\\/06\\\/cropped-Logo_BO2.png\",\"width\":512,\"height\":512,\"caption\":\"Fernando\"},\"logo\":{\"@id\":\"https:\\\/\\\/lacanteradelebro.es\\\/wp-content\\\/uploads\\\/2025\\\/06\\\/cropped-Logo_BO2.png\"},\"publishingPrinciples\":\"https:\\\/\\\/lacanteradelebro.es\\\/ca\\\/politica-de-privacidad\\\/\",\"ownershipFundingInfo\":\"https:\\\/\\\/lacanteradelebro.es\\\/ca\\\/politica-de-privacidad\\\/\",\"actionableFeedbackPolicy\":\"https:\\\/\\\/lacanteradelebro.es\\\/ca\\\/aviso-legal\\\/\",\"correctionsPolicy\":\"https:\\\/\\\/lacanteradelebro.es\\\/ca\\\/reembolso_devoluciones\\\/\",\"ethicsPolicy\":\"https:\\\/\\\/lacanteradelebro.es\\\/ca\\\/politica-de-cookies\\\/\",\"diversityPolicy\":\"https:\\\/\\\/lacanteradelebro.es\\\/ca\\\/politica-de-cookies\\\/\",\"diversityStaffingReport\":\"https:\\\/\\\/lacanteradelebro.es\\\/ca\\\/politica-de-privacidad\\\/\"}]}<\/script>\n<!-- \/ Yoast SEO Premium plugin. -->","yoast_head_json":{"title":"Zafiro Azul y Plata 925 Colgante de Plata de Ley con Piedra de Zafiro Azul Elegante y Duradero - La Cantera del Ebro","robots":{"index":"index","follow":"follow","max-snippet":"max-snippet:-1","max-image-preview":"max-image-preview:large","max-video-preview":"max-video-preview:-1"},"canonical":"https:\/\/lacanteradelebro.es\/ca\/es_es\/producte\/zafiro-azul-y-plata-925-colgante-de-plata-de-ley-con-piedra-de-zafiro-azul-elegante-y-duradero\/","og_locale":"ca_ES","og_type":"article","og_title":"Zafiro Azul y Plata 925 Colgante de Plata de Ley con Piedra de Zafiro Azul Elegante y Duradero","og_description":"Descripci\u00f3n del Producto \u2728  Zafiro Azul y Plata 925 \u2728   Colgante de Plata de Ley:  Este colgante est\u00e1 hecho de plata de ley, garantizando un acabado elegante y duradero. \ud83c\udffa    Piedra de Zafiro Azul:  El colgante incluye una piedra de zafiro azul, a\u00f1adiendo un toque de elegancia y distinci\u00f3n. \ud83d\udc8e    Elegante y Duradero:  Este colgante es tanto elegante como duradero, ideal para quienes buscan un accesorio de calidad. \ud83c\udf1f Este colgante de plata de ley con piedra de zafiro azul es una elecci\u00f3n perfecta para quienes valoran la elegancia y la durabilidad en sus joyas.","og_url":"https:\/\/lacanteradelebro.es\/ca\/es_es\/producte\/zafiro-azul-y-plata-925-colgante-de-plata-de-ley-con-piedra-de-zafiro-azul-elegante-y-duradero\/","og_site_name":"La Cantera del Ebro","og_image":[{"width":2560,"height":1583,"url":"https:\/\/lacanteradelebro.es\/wp-content\/uploads\/2025\/08\/Screenshot_20250815_230608_One-UI-Home-1-scaled.jpg","type":"image\/jpeg"}],"twitter_card":"summary_large_image","schema":{"@context":"https:\/\/schema.org","@graph":[{"@type":"WebPage","@id":"https:\/\/lacanteradelebro.es\/es_es\/producto\/zafiro-azul-y-plata-925-colgante-de-plata-de-ley-con-piedra-de-zafiro-azul-elegante-y-duradero\/","url":"https:\/\/lacanteradelebro.es\/es_es\/producto\/zafiro-azul-y-plata-925-colgante-de-plata-de-ley-con-piedra-de-zafiro-azul-elegante-y-duradero\/","name":"Zafiro Azul y Plata 925 Colgante de Plata de Ley con Piedra de Zafiro Azul Elegante y Duradero - La Cantera del Ebro","isPartOf":{"@id":"https:\/\/lacanteradelebro.es\/#website"},"primaryImageOfPage":{"@id":"https:\/\/lacanteradelebro.es\/es_es\/producto\/zafiro-azul-y-plata-925-colgante-de-plata-de-ley-con-piedra-de-zafiro-azul-elegante-y-duradero\/#primaryimage"},"image":{"@id":"https:\/\/lacanteradelebro.es\/es_es\/producto\/zafiro-azul-y-plata-925-colgante-de-plata-de-ley-con-piedra-de-zafiro-azul-elegante-y-duradero\/#primaryimage"},"thumbnailUrl":"https:\/\/lacanteradelebro.es\/wp-content\/uploads\/2026\/02\/93ca5422e6044380bcd25a7691368bf5tplv-t5fjg24jzw-origin-jpeg-1.jpeg","datePublished":"2026-02-23T08:44:35+00:00","breadcrumb":{"@id":"https:\/\/lacanteradelebro.es\/es_es\/producto\/zafiro-azul-y-plata-925-colgante-de-plata-de-ley-con-piedra-de-zafiro-azul-elegante-y-duradero\/#breadcrumb"},"inLanguage":"ca","potentialAction":[{"@type":"ReadAction","target":["https:\/\/lacanteradelebro.es\/es_es\/producto\/zafiro-azul-y-plata-925-colgante-de-plata-de-ley-con-piedra-de-zafiro-azul-elegante-y-duradero\/"]}]},{"@type":"ImageObject","inLanguage":"ca","@id":"https:\/\/lacanteradelebro.es\/es_es\/producto\/zafiro-azul-y-plata-925-colgante-de-plata-de-ley-con-piedra-de-zafiro-azul-elegante-y-duradero\/#primaryimage","url":"https:\/\/lacanteradelebro.es\/wp-content\/uploads\/2026\/02\/93ca5422e6044380bcd25a7691368bf5tplv-t5fjg24jzw-origin-jpeg-1.jpeg","contentUrl":"https:\/\/lacanteradelebro.es\/wp-content\/uploads\/2026\/02\/93ca5422e6044380bcd25a7691368bf5tplv-t5fjg24jzw-origin-jpeg-1.jpeg","width":1000,"height":1000},{"@type":"BreadcrumbList","@id":"https:\/\/lacanteradelebro.es\/es_es\/producto\/zafiro-azul-y-plata-925-colgante-de-plata-de-ley-con-piedra-de-zafiro-azul-elegante-y-duradero\/#breadcrumb","itemListElement":[{"@type":"ListItem","position":1,"name":"Portada","item":"https:\/\/lacanteradelebro.es\/es\/"},{"@type":"ListItem","position":2,"name":"Shop","item":"https:\/\/lacanteradelebro.es\/ca\/tienda-2\/"},{"@type":"ListItem","position":3,"name":"Zafiro Azul y Plata 925 Colgante de Plata de Ley con Piedra de Zafiro Azul Elegante y Duradero"}]},{"@type":"WebSite","@id":"https:\/\/lacanteradelebro.es\/#website","url":"https:\/\/lacanteradelebro.es\/","name":"La Cantera del Ebro","description":"Transformamos la belleza de la piedra natural y la calidez de la madera artesanal en joyas y objetos \u00fanicos. Cada creaci\u00f3n est\u00e1 hecha a mano con pasi\u00f3n, conect\u00e1ndote con la Tierra a trav\u00e9s de dise\u00f1os exclusivos y llenos de alma.","publisher":{"@id":"https:\/\/lacanteradelebro.es\/#\/schema\/person\/2c7df64eef01f69456a16d6540d266df"},"potentialAction":[{"@type":"SearchAction","target":{"@type":"EntryPoint","urlTemplate":"https:\/\/lacanteradelebro.es\/?s={search_term_string}"},"query-input":{"@type":"PropertyValueSpecification","valueRequired":true,"valueName":"search_term_string"}}],"inLanguage":"ca"},{"@type":["Person","Organization"],"@id":"https:\/\/lacanteradelebro.es\/#\/schema\/person\/2c7df64eef01f69456a16d6540d266df","name":"Fernando","image":{"@type":"ImageObject","inLanguage":"ca","@id":"https:\/\/lacanteradelebro.es\/wp-content\/uploads\/2025\/06\/cropped-Logo_BO2.png","url":"https:\/\/lacanteradelebro.es\/wp-content\/uploads\/2025\/06\/cropped-Logo_BO2.png","contentUrl":"https:\/\/lacanteradelebro.es\/wp-content\/uploads\/2025\/06\/cropped-Logo_BO2.png","width":512,"height":512,"caption":"Fernando"},"logo":{"@id":"https:\/\/lacanteradelebro.es\/wp-content\/uploads\/2025\/06\/cropped-Logo_BO2.png"},"publishingPrinciples":"https:\/\/lacanteradelebro.es\/ca\/politica-de-privacidad\/","ownershipFundingInfo":"https:\/\/lacanteradelebro.es\/ca\/politica-de-privacidad\/","actionableFeedbackPolicy":"https:\/\/lacanteradelebro.es\/ca\/aviso-legal\/","correctionsPolicy":"https:\/\/lacanteradelebro.es\/ca\/reembolso_devoluciones\/","ethicsPolicy":"https:\/\/lacanteradelebro.es\/ca\/politica-de-cookies\/","diversityPolicy":"https:\/\/lacanteradelebro.es\/ca\/politica-de-cookies\/","diversityStaffingReport":"https:\/\/lacanteradelebro.es\/ca\/politica-de-privacidad\/"}]}},"_links":{"self":[{"href":"https:\/\/lacanteradelebro.es\/ca\/wp-json\/wp\/v2\/product\/4589","targetHints":{"allow":["GET"]}}],"collection":[{"href":"https:\/\/lacanteradelebro.es\/ca\/wp-json\/wp\/v2\/product"}],"about":[{"href":"https:\/\/lacanteradelebro.es\/ca\/wp-json\/wp\/v2\/types\/product"}],"replies":[{"embeddable":true,"href":"https:\/\/lacanteradelebro.es\/ca\/wp-json\/wp\/v2\/comments?post=4589"}],"wp:featuredmedia":[{"embeddable":true,"href":"https:\/\/lacanteradelebro.es\/ca\/wp-json\/wp\/v2\/media\/4588"}],"wp:attachment":[{"href":"https:\/\/lacanteradelebro.es\/ca\/wp-json\/wp\/v2\/media?parent=4589"}],"wp:term":[{"taxonomy":"product_brand","embeddable":true,"href":"https:\/\/lacanteradelebro.es\/ca\/wp-json\/wp\/v2\/product_brand?post=4589"},{"taxonomy":"product_cat","embeddable":true,"href":"https:\/\/lacanteradelebro.es\/ca\/wp-json\/wp\/v2\/product_cat?post=4589"},{"taxonomy":"product_tag","embeddable":true,"href":"https:\/\/lacanteradelebro.es\/ca\/wp-json\/wp\/v2\/product_tag?post=4589"}],"curies":[{"name":"wp","href":"https:\/\/api.w.org\/{rel}","templated":true}]}}