{"id":4577,"date":"2026-02-23T08:44:07","date_gmt":"2026-02-23T08:44:07","guid":{"rendered":"https:\/\/lacanteradelebro.es\/es_es\/producto\/pulsera-de-topacio-blanco-engarzado-en-plata-925-mineral-natural\/"},"modified":"2026-02-23T08:44:07","modified_gmt":"2026-02-23T08:44:07","slug":"pulsera-de-topacio-blanco-engarzado-en-plata-925-mineral-natural","status":"publish","type":"product","link":"https:\/\/lacanteradelebro.es\/ca\/producte\/pulsera-de-topacio-blanco-engarzado-en-plata-925-mineral-natural\/","title":{"rendered":"Pulsera de Topacio Blanco engarzado en plata 925, mineral natural"},"content":{"rendered":"<p> <strong>  Peso 18 cm <\/strong><\/p>\n<p> <strong>  Talla 17\/19 cm <\/strong><\/p>\n<p> <strong>  Pulsera de topacio blanco engarzada en plata 925 <\/strong><\/p>\n<p> Elegante y luminosa, esta pulsera de topacio blanco destaca por su brillo limpio y transparente, que aporta un toque de sofisticaci\u00f3n discreta. Las piedras est\u00e1n cuidadosamente engarzadas en plata de ley 925, creando un dise\u00f1o delicado y atemporal que realza la luz natural del topacio. Perfecta para complementar cualquier look, desde el m\u00e1s sencillo hasta el m\u00e1s refinado.<\/p>\n<p> Topacio blanco natural  Engarce en plata de ley 925  Dise\u00f1o fino y elegante  Ligera y c\u00f3moda para uso diario<\/p>\n<p> Una joya vers\u00e1til y sofisticada, ideal para regalar o para a\u00f1adir un toque de luz y elegancia a tu colecci\u00f3n.<\/p>","protected":false},"excerpt":{"rendered":"<p> <strong>  Peso 18 cm <\/strong><\/p>\n<p> <strong>  Talla 17\/19 cm <\/strong><\/p>\n<p> <strong>  Pulsera de topacio blanco engarzada en plata 925 <\/strong><\/p>\n<p> Elegante y luminosa, esta pulsera de topacio blanco destaca por su brillo limpio y transparente, que aporta un toque de sofisticaci\u00f3n discreta. Las piedras est\u00e1n cuidadosamente engarzadas en plata de ley 925, creando un dise\u00f1o delicado y atemporal que realza la luz natural del topacio. Perfecta para complementar cualquier look, desde el m\u00e1s sencillo hasta el m\u00e1s refinado.<\/p>\n<p> Topacio blanco natural  Engarce en plata de ley 925  Dise\u00f1o fino y elegante  Ligera y c\u00f3moda para uso diario<\/p>\n<p> Una joya vers\u00e1til y sofisticada, ideal para regalar o para a\u00f1adir un toque de luz y elegancia a tu colecci\u00f3n.<\/p>","protected":false},"featured_media":4575,"comment_status":"open","ping_status":"closed","template":"","meta":{"inline_featured_image":false},"product_brand":[],"product_cat":[92,90,100,45,43],"product_tag":[],"class_list":{"0":"post-4577","1":"product","2":"type-product","3":"status-publish","4":"has-post-thumbnail","6":"product_cat-accesorios-de-joyeria-y-derivados","7":"product_cat-piedras-semipreciosas","8":"product_cat-pulseras-y-tobilleras-de-piedras-semipreciosas","9":"product_cat-joyeria","10":"product_cat-pulseras","12":"first","13":"instock","14":"shipping-taxable","15":"purchasable","16":"product-type-simple"},"yoast_head":"<!-- This site is optimized with the Yoast SEO Premium plugin v27.0 (Yoast SEO v27.4) - https:\/\/yoast.com\/product\/yoast-seo-premium-wordpress\/ -->\n<title>Pulsera de Topacio Blanco engarzado en plata 925, mineral natural - La Cantera del Ebro<\/title>\n<meta name=\"robots\" content=\"index, follow, max-snippet:-1, max-image-preview:large, max-video-preview:-1\" \/>\n<link rel=\"canonical\" href=\"https:\/\/lacanteradelebro.es\/ca\/es_es\/producte\/pulsera-de-topacio-blanco-engarzado-en-plata-925-mineral-natural\/\" \/>\n<meta property=\"og:locale\" content=\"ca_ES\" \/>\n<meta property=\"og:type\" content=\"article\" \/>\n<meta property=\"og:title\" content=\"Pulsera de Topacio Blanco engarzado en plata 925, mineral natural\" \/>\n<meta property=\"og:description\" content=\"Peso 18 cm  Talla 17\/19 cm  Pulsera de topacio blanco engarzada en plata 925 Elegante y luminosa, esta pulsera de topacio blanco destaca por su brillo limpio y transparente, que aporta un toque de sofisticaci\u00f3n discreta. Las piedras est\u00e1n cuidadosamente engarzadas en plata de ley 925, creando un dise\u00f1o delicado y atemporal que realza la luz natural del topacio. Perfecta para complementar cualquier look, desde el m\u00e1s sencillo hasta el m\u00e1s refinado. Topacio blanco natural Engarce en plata de ley 925 Dise\u00f1o fino y elegante Ligera y c\u00f3moda para uso diario Una joya vers\u00e1til y sofisticada, ideal para regalar o para a\u00f1adir un toque de luz y elegancia a tu colecci\u00f3n.\" \/>\n<meta property=\"og:url\" content=\"https:\/\/lacanteradelebro.es\/ca\/es_es\/producte\/pulsera-de-topacio-blanco-engarzado-en-plata-925-mineral-natural\/\" \/>\n<meta property=\"og:site_name\" content=\"La Cantera del Ebro\" \/>\n<meta property=\"og:image\" content=\"https:\/\/lacanteradelebro.es\/wp-content\/uploads\/2025\/08\/Screenshot_20250815_230608_One-UI-Home-1-scaled.jpg\" \/>\n\t<meta property=\"og:image:width\" content=\"2560\" \/>\n\t<meta property=\"og:image:height\" content=\"1583\" \/>\n\t<meta property=\"og:image:type\" content=\"image\/jpeg\" \/>\n<meta name=\"twitter:card\" content=\"summary_large_image\" \/>\n<meta name=\"twitter:label1\" content=\"Temps estimat de lectura\" \/>\n\t<meta name=\"twitter:data1\" content=\"1 minut\" \/>\n<script type=\"application\/ld+json\" class=\"yoast-schema-graph\">{\"@context\":\"https:\\\/\\\/schema.org\",\"@graph\":[{\"@type\":\"WebPage\",\"@id\":\"https:\\\/\\\/lacanteradelebro.es\\\/es_es\\\/producto\\\/pulsera-de-topacio-blanco-engarzado-en-plata-925-mineral-natural\\\/\",\"url\":\"https:\\\/\\\/lacanteradelebro.es\\\/es_es\\\/producto\\\/pulsera-de-topacio-blanco-engarzado-en-plata-925-mineral-natural\\\/\",\"name\":\"Pulsera de Topacio Blanco engarzado en plata 925, mineral natural - La Cantera del Ebro\",\"isPartOf\":{\"@id\":\"https:\\\/\\\/lacanteradelebro.es\\\/#website\"},\"primaryImageOfPage\":{\"@id\":\"https:\\\/\\\/lacanteradelebro.es\\\/es_es\\\/producto\\\/pulsera-de-topacio-blanco-engarzado-en-plata-925-mineral-natural\\\/#primaryimage\"},\"image\":{\"@id\":\"https:\\\/\\\/lacanteradelebro.es\\\/es_es\\\/producto\\\/pulsera-de-topacio-blanco-engarzado-en-plata-925-mineral-natural\\\/#primaryimage\"},\"thumbnailUrl\":\"https:\\\/\\\/lacanteradelebro.es\\\/wp-content\\\/uploads\\\/2026\\\/02\\\/e4c0721878004185a64fc96e29de6833tplv-t5fjg24jzw-origin-jpeg-scaled-1.jpeg\",\"datePublished\":\"2026-02-23T08:44:07+00:00\",\"breadcrumb\":{\"@id\":\"https:\\\/\\\/lacanteradelebro.es\\\/es_es\\\/producto\\\/pulsera-de-topacio-blanco-engarzado-en-plata-925-mineral-natural\\\/#breadcrumb\"},\"inLanguage\":\"ca\",\"potentialAction\":[{\"@type\":\"ReadAction\",\"target\":[\"https:\\\/\\\/lacanteradelebro.es\\\/es_es\\\/producto\\\/pulsera-de-topacio-blanco-engarzado-en-plata-925-mineral-natural\\\/\"]}]},{\"@type\":\"ImageObject\",\"inLanguage\":\"ca\",\"@id\":\"https:\\\/\\\/lacanteradelebro.es\\\/es_es\\\/producto\\\/pulsera-de-topacio-blanco-engarzado-en-plata-925-mineral-natural\\\/#primaryimage\",\"url\":\"https:\\\/\\\/lacanteradelebro.es\\\/wp-content\\\/uploads\\\/2026\\\/02\\\/e4c0721878004185a64fc96e29de6833tplv-t5fjg24jzw-origin-jpeg-scaled-1.jpeg\",\"contentUrl\":\"https:\\\/\\\/lacanteradelebro.es\\\/wp-content\\\/uploads\\\/2026\\\/02\\\/e4c0721878004185a64fc96e29de6833tplv-t5fjg24jzw-origin-jpeg-scaled-1.jpeg\",\"width\":1600,\"height\":2133},{\"@type\":\"BreadcrumbList\",\"@id\":\"https:\\\/\\\/lacanteradelebro.es\\\/es_es\\\/producto\\\/pulsera-de-topacio-blanco-engarzado-en-plata-925-mineral-natural\\\/#breadcrumb\",\"itemListElement\":[{\"@type\":\"ListItem\",\"position\":1,\"name\":\"Portada\",\"item\":\"https:\\\/\\\/lacanteradelebro.es\\\/es\\\/\"},{\"@type\":\"ListItem\",\"position\":2,\"name\":\"Shop\",\"item\":\"https:\\\/\\\/lacanteradelebro.es\\\/ca\\\/tienda-2\\\/\"},{\"@type\":\"ListItem\",\"position\":3,\"name\":\"Pulsera de Topacio Blanco engarzado en plata 925, mineral natural\"}]},{\"@type\":\"WebSite\",\"@id\":\"https:\\\/\\\/lacanteradelebro.es\\\/#website\",\"url\":\"https:\\\/\\\/lacanteradelebro.es\\\/\",\"name\":\"La Cantera del Ebro\",\"description\":\"Transformamos la belleza de la piedra natural y la calidez de la madera artesanal en joyas y objetos \u00fanicos. Cada creaci\u00f3n est\u00e1 hecha a mano con pasi\u00f3n, conect\u00e1ndote con la Tierra a trav\u00e9s de dise\u00f1os exclusivos y llenos de alma.\",\"publisher\":{\"@id\":\"https:\\\/\\\/lacanteradelebro.es\\\/#\\\/schema\\\/person\\\/2c7df64eef01f69456a16d6540d266df\"},\"potentialAction\":[{\"@type\":\"SearchAction\",\"target\":{\"@type\":\"EntryPoint\",\"urlTemplate\":\"https:\\\/\\\/lacanteradelebro.es\\\/?s={search_term_string}\"},\"query-input\":{\"@type\":\"PropertyValueSpecification\",\"valueRequired\":true,\"valueName\":\"search_term_string\"}}],\"inLanguage\":\"ca\"},{\"@type\":[\"Person\",\"Organization\"],\"@id\":\"https:\\\/\\\/lacanteradelebro.es\\\/#\\\/schema\\\/person\\\/2c7df64eef01f69456a16d6540d266df\",\"name\":\"Fernando\",\"image\":{\"@type\":\"ImageObject\",\"inLanguage\":\"ca\",\"@id\":\"https:\\\/\\\/lacanteradelebro.es\\\/wp-content\\\/uploads\\\/2025\\\/06\\\/cropped-Logo_BO2.png\",\"url\":\"https:\\\/\\\/lacanteradelebro.es\\\/wp-content\\\/uploads\\\/2025\\\/06\\\/cropped-Logo_BO2.png\",\"contentUrl\":\"https:\\\/\\\/lacanteradelebro.es\\\/wp-content\\\/uploads\\\/2025\\\/06\\\/cropped-Logo_BO2.png\",\"width\":512,\"height\":512,\"caption\":\"Fernando\"},\"logo\":{\"@id\":\"https:\\\/\\\/lacanteradelebro.es\\\/wp-content\\\/uploads\\\/2025\\\/06\\\/cropped-Logo_BO2.png\"},\"publishingPrinciples\":\"https:\\\/\\\/lacanteradelebro.es\\\/ca\\\/politica-de-privacidad\\\/\",\"ownershipFundingInfo\":\"https:\\\/\\\/lacanteradelebro.es\\\/ca\\\/politica-de-privacidad\\\/\",\"actionableFeedbackPolicy\":\"https:\\\/\\\/lacanteradelebro.es\\\/ca\\\/aviso-legal\\\/\",\"correctionsPolicy\":\"https:\\\/\\\/lacanteradelebro.es\\\/ca\\\/reembolso_devoluciones\\\/\",\"ethicsPolicy\":\"https:\\\/\\\/lacanteradelebro.es\\\/ca\\\/politica-de-cookies\\\/\",\"diversityPolicy\":\"https:\\\/\\\/lacanteradelebro.es\\\/ca\\\/politica-de-cookies\\\/\",\"diversityStaffingReport\":\"https:\\\/\\\/lacanteradelebro.es\\\/ca\\\/politica-de-privacidad\\\/\"}]}<\/script>\n<!-- \/ Yoast SEO Premium plugin. -->","yoast_head_json":{"title":"Pulsera de Topacio Blanco engarzado en plata 925, mineral natural - La Cantera del Ebro","robots":{"index":"index","follow":"follow","max-snippet":"max-snippet:-1","max-image-preview":"max-image-preview:large","max-video-preview":"max-video-preview:-1"},"canonical":"https:\/\/lacanteradelebro.es\/ca\/es_es\/producte\/pulsera-de-topacio-blanco-engarzado-en-plata-925-mineral-natural\/","og_locale":"ca_ES","og_type":"article","og_title":"Pulsera de Topacio Blanco engarzado en plata 925, mineral natural","og_description":"Peso 18 cm  Talla 17\/19 cm  Pulsera de topacio blanco engarzada en plata 925 Elegante y luminosa, esta pulsera de topacio blanco destaca por su brillo limpio y transparente, que aporta un toque de sofisticaci\u00f3n discreta. Las piedras est\u00e1n cuidadosamente engarzadas en plata de ley 925, creando un dise\u00f1o delicado y atemporal que realza la luz natural del topacio. Perfecta para complementar cualquier look, desde el m\u00e1s sencillo hasta el m\u00e1s refinado. Topacio blanco natural Engarce en plata de ley 925 Dise\u00f1o fino y elegante Ligera y c\u00f3moda para uso diario Una joya vers\u00e1til y sofisticada, ideal para regalar o para a\u00f1adir un toque de luz y elegancia a tu colecci\u00f3n.","og_url":"https:\/\/lacanteradelebro.es\/ca\/es_es\/producte\/pulsera-de-topacio-blanco-engarzado-en-plata-925-mineral-natural\/","og_site_name":"La Cantera del Ebro","og_image":[{"width":2560,"height":1583,"url":"https:\/\/lacanteradelebro.es\/wp-content\/uploads\/2025\/08\/Screenshot_20250815_230608_One-UI-Home-1-scaled.jpg","type":"image\/jpeg"}],"twitter_card":"summary_large_image","twitter_misc":{"Temps estimat de lectura":"1 minut"},"schema":{"@context":"https:\/\/schema.org","@graph":[{"@type":"WebPage","@id":"https:\/\/lacanteradelebro.es\/es_es\/producto\/pulsera-de-topacio-blanco-engarzado-en-plata-925-mineral-natural\/","url":"https:\/\/lacanteradelebro.es\/es_es\/producto\/pulsera-de-topacio-blanco-engarzado-en-plata-925-mineral-natural\/","name":"Pulsera de Topacio Blanco engarzado en plata 925, mineral natural - La Cantera del Ebro","isPartOf":{"@id":"https:\/\/lacanteradelebro.es\/#website"},"primaryImageOfPage":{"@id":"https:\/\/lacanteradelebro.es\/es_es\/producto\/pulsera-de-topacio-blanco-engarzado-en-plata-925-mineral-natural\/#primaryimage"},"image":{"@id":"https:\/\/lacanteradelebro.es\/es_es\/producto\/pulsera-de-topacio-blanco-engarzado-en-plata-925-mineral-natural\/#primaryimage"},"thumbnailUrl":"https:\/\/lacanteradelebro.es\/wp-content\/uploads\/2026\/02\/e4c0721878004185a64fc96e29de6833tplv-t5fjg24jzw-origin-jpeg-scaled-1.jpeg","datePublished":"2026-02-23T08:44:07+00:00","breadcrumb":{"@id":"https:\/\/lacanteradelebro.es\/es_es\/producto\/pulsera-de-topacio-blanco-engarzado-en-plata-925-mineral-natural\/#breadcrumb"},"inLanguage":"ca","potentialAction":[{"@type":"ReadAction","target":["https:\/\/lacanteradelebro.es\/es_es\/producto\/pulsera-de-topacio-blanco-engarzado-en-plata-925-mineral-natural\/"]}]},{"@type":"ImageObject","inLanguage":"ca","@id":"https:\/\/lacanteradelebro.es\/es_es\/producto\/pulsera-de-topacio-blanco-engarzado-en-plata-925-mineral-natural\/#primaryimage","url":"https:\/\/lacanteradelebro.es\/wp-content\/uploads\/2026\/02\/e4c0721878004185a64fc96e29de6833tplv-t5fjg24jzw-origin-jpeg-scaled-1.jpeg","contentUrl":"https:\/\/lacanteradelebro.es\/wp-content\/uploads\/2026\/02\/e4c0721878004185a64fc96e29de6833tplv-t5fjg24jzw-origin-jpeg-scaled-1.jpeg","width":1600,"height":2133},{"@type":"BreadcrumbList","@id":"https:\/\/lacanteradelebro.es\/es_es\/producto\/pulsera-de-topacio-blanco-engarzado-en-plata-925-mineral-natural\/#breadcrumb","itemListElement":[{"@type":"ListItem","position":1,"name":"Portada","item":"https:\/\/lacanteradelebro.es\/es\/"},{"@type":"ListItem","position":2,"name":"Shop","item":"https:\/\/lacanteradelebro.es\/ca\/tienda-2\/"},{"@type":"ListItem","position":3,"name":"Pulsera de Topacio Blanco engarzado en plata 925, mineral natural"}]},{"@type":"WebSite","@id":"https:\/\/lacanteradelebro.es\/#website","url":"https:\/\/lacanteradelebro.es\/","name":"La Cantera del Ebro","description":"Transformamos la belleza de la piedra natural y la calidez de la madera artesanal en joyas y objetos \u00fanicos. Cada creaci\u00f3n est\u00e1 hecha a mano con pasi\u00f3n, conect\u00e1ndote con la Tierra a trav\u00e9s de dise\u00f1os exclusivos y llenos de alma.","publisher":{"@id":"https:\/\/lacanteradelebro.es\/#\/schema\/person\/2c7df64eef01f69456a16d6540d266df"},"potentialAction":[{"@type":"SearchAction","target":{"@type":"EntryPoint","urlTemplate":"https:\/\/lacanteradelebro.es\/?s={search_term_string}"},"query-input":{"@type":"PropertyValueSpecification","valueRequired":true,"valueName":"search_term_string"}}],"inLanguage":"ca"},{"@type":["Person","Organization"],"@id":"https:\/\/lacanteradelebro.es\/#\/schema\/person\/2c7df64eef01f69456a16d6540d266df","name":"Fernando","image":{"@type":"ImageObject","inLanguage":"ca","@id":"https:\/\/lacanteradelebro.es\/wp-content\/uploads\/2025\/06\/cropped-Logo_BO2.png","url":"https:\/\/lacanteradelebro.es\/wp-content\/uploads\/2025\/06\/cropped-Logo_BO2.png","contentUrl":"https:\/\/lacanteradelebro.es\/wp-content\/uploads\/2025\/06\/cropped-Logo_BO2.png","width":512,"height":512,"caption":"Fernando"},"logo":{"@id":"https:\/\/lacanteradelebro.es\/wp-content\/uploads\/2025\/06\/cropped-Logo_BO2.png"},"publishingPrinciples":"https:\/\/lacanteradelebro.es\/ca\/politica-de-privacidad\/","ownershipFundingInfo":"https:\/\/lacanteradelebro.es\/ca\/politica-de-privacidad\/","actionableFeedbackPolicy":"https:\/\/lacanteradelebro.es\/ca\/aviso-legal\/","correctionsPolicy":"https:\/\/lacanteradelebro.es\/ca\/reembolso_devoluciones\/","ethicsPolicy":"https:\/\/lacanteradelebro.es\/ca\/politica-de-cookies\/","diversityPolicy":"https:\/\/lacanteradelebro.es\/ca\/politica-de-cookies\/","diversityStaffingReport":"https:\/\/lacanteradelebro.es\/ca\/politica-de-privacidad\/"}]}},"_links":{"self":[{"href":"https:\/\/lacanteradelebro.es\/ca\/wp-json\/wp\/v2\/product\/4577","targetHints":{"allow":["GET"]}}],"collection":[{"href":"https:\/\/lacanteradelebro.es\/ca\/wp-json\/wp\/v2\/product"}],"about":[{"href":"https:\/\/lacanteradelebro.es\/ca\/wp-json\/wp\/v2\/types\/product"}],"replies":[{"embeddable":true,"href":"https:\/\/lacanteradelebro.es\/ca\/wp-json\/wp\/v2\/comments?post=4577"}],"wp:featuredmedia":[{"embeddable":true,"href":"https:\/\/lacanteradelebro.es\/ca\/wp-json\/wp\/v2\/media\/4575"}],"wp:attachment":[{"href":"https:\/\/lacanteradelebro.es\/ca\/wp-json\/wp\/v2\/media?parent=4577"}],"wp:term":[{"taxonomy":"product_brand","embeddable":true,"href":"https:\/\/lacanteradelebro.es\/ca\/wp-json\/wp\/v2\/product_brand?post=4577"},{"taxonomy":"product_cat","embeddable":true,"href":"https:\/\/lacanteradelebro.es\/ca\/wp-json\/wp\/v2\/product_cat?post=4577"},{"taxonomy":"product_tag","embeddable":true,"href":"https:\/\/lacanteradelebro.es\/ca\/wp-json\/wp\/v2\/product_tag?post=4577"}],"curies":[{"name":"wp","href":"https:\/\/api.w.org\/{rel}","templated":true}]}}