{"id":4516,"date":"2026-02-23T08:41:41","date_gmt":"2026-02-23T08:41:41","guid":{"rendered":"https:\/\/lacanteradelebro.es\/es_es\/producto\/pendientes-gotlan-en-plata-de-ley-y-cuarzo-cristal-mineral-natural\/"},"modified":"2026-02-23T08:41:41","modified_gmt":"2026-02-23T08:41:41","slug":"pendientes-gotlan-en-plata-de-ley-y-cuarzo-cristal-mineral-natural","status":"publish","type":"product","link":"https:\/\/lacanteradelebro.es\/ca\/producte\/pendientes-gotlan-en-plata-de-ley-y-cuarzo-cristal-mineral-natural\/","title":{"rendered":"Pendientes Gotlan en plata de ley y cuarzo cristal, mineral natural"},"content":{"rendered":"<p> <strong>  Peso 15 Gr <\/strong><\/p>\n<p> <strong>  Tama\u00f1o 4 cm de largo <\/strong><\/p>\n<p> <strong>  Pendientes Gotlan de plata y cuarzo cristal <\/strong><\/p>\n<p> Elegantes y atemporales, los pendientes Gotlan combinan la pureza de la plata con la transparencia luminosa del cuarzo cristal. Su dise\u00f1o delicado realza la luz natural del mineral, creando un brillo sutil que aporta sofisticaci\u00f3n sin exceso. Ideales para el d\u00eda a d\u00eda o para completar un look m\u00e1s especial, estos pendientes son una apuesta segura para quienes buscan estilo, equilibrio y un toque natural.<\/p>\n<p> Plata de alta calidad  Cuarzo cristal natural  Dise\u00f1o elegante y vers\u00e1til  Ligeros y c\u00f3modos de llevar<\/p>\n<p> Perfectos para regalar o para darte un capricho con una joya que nunca pasa de moda.<\/p>","protected":false},"excerpt":{"rendered":"<p> <strong>  Peso 15 Gr <\/strong><\/p>\n<p> <strong>  Tama\u00f1o 4 cm de largo <\/strong><\/p>\n<p> <strong>  Pendientes Gotlan de plata y cuarzo cristal <\/strong><\/p>\n<p> Elegantes y atemporales, los pendientes Gotlan combinan la pureza de la plata con la transparencia luminosa del cuarzo cristal. Su dise\u00f1o delicado realza la luz natural del mineral, creando un brillo sutil que aporta sofisticaci\u00f3n sin exceso. Ideales para el d\u00eda a d\u00eda o para completar un look m\u00e1s especial, estos pendientes son una apuesta segura para quienes buscan estilo, equilibrio y un toque natural.<\/p>\n<p> Plata de alta calidad  Cuarzo cristal natural  Dise\u00f1o elegante y vers\u00e1til  Ligeros y c\u00f3modos de llevar<\/p>\n<p> Perfectos para regalar o para darte un capricho con una joya que nunca pasa de moda.<\/p>","protected":false},"featured_media":4514,"comment_status":"open","ping_status":"closed","template":"","meta":{"inline_featured_image":false},"product_brand":[],"product_cat":[92,96,90,45,121],"product_tag":[],"class_list":{"0":"post-4516","1":"product","2":"type-product","3":"status-publish","4":"has-post-thumbnail","6":"product_cat-accesorios-de-joyeria-y-derivados","7":"product_cat-pendientes-de-piedras-semipreciosas","8":"product_cat-piedras-semipreciosas","9":"product_cat-joyeria","10":"product_cat-pendientes","12":"first","13":"instock","14":"shipping-taxable","15":"purchasable","16":"product-type-simple"},"yoast_head":"<!-- This site is optimized with the Yoast SEO Premium plugin v27.0 (Yoast SEO v27.4) - https:\/\/yoast.com\/product\/yoast-seo-premium-wordpress\/ -->\n<title>Pendientes Gotlan en plata de ley y cuarzo cristal, mineral natural - La Cantera del Ebro<\/title>\n<meta name=\"robots\" content=\"index, follow, max-snippet:-1, max-image-preview:large, max-video-preview:-1\" \/>\n<link rel=\"canonical\" href=\"https:\/\/lacanteradelebro.es\/ca\/es_es\/producte\/pendientes-gotlan-en-plata-de-ley-y-cuarzo-cristal-mineral-natural\/\" \/>\n<meta property=\"og:locale\" content=\"ca_ES\" \/>\n<meta property=\"og:type\" content=\"article\" \/>\n<meta property=\"og:title\" content=\"Pendientes Gotlan en plata de ley y cuarzo cristal, mineral natural\" \/>\n<meta property=\"og:description\" content=\"Peso 15 Gr  Tama\u00f1o 4 cm de largo  Pendientes Gotlan de plata y cuarzo cristal Elegantes y atemporales, los pendientes Gotlan combinan la pureza de la plata con la transparencia luminosa del cuarzo cristal. Su dise\u00f1o delicado realza la luz natural del mineral, creando un brillo sutil que aporta sofisticaci\u00f3n sin exceso. Ideales para el d\u00eda a d\u00eda o para completar un look m\u00e1s especial, estos pendientes son una apuesta segura para quienes buscan estilo, equilibrio y un toque natural. Plata de alta calidad Cuarzo cristal natural Dise\u00f1o elegante y vers\u00e1til Ligeros y c\u00f3modos de llevar Perfectos para regalar o para darte un capricho con una joya que nunca pasa de moda.\" \/>\n<meta property=\"og:url\" content=\"https:\/\/lacanteradelebro.es\/ca\/es_es\/producte\/pendientes-gotlan-en-plata-de-ley-y-cuarzo-cristal-mineral-natural\/\" \/>\n<meta property=\"og:site_name\" content=\"La Cantera del Ebro\" \/>\n<meta property=\"og:image\" content=\"https:\/\/lacanteradelebro.es\/wp-content\/uploads\/2025\/08\/Screenshot_20250815_230608_One-UI-Home-1-scaled.jpg\" \/>\n\t<meta property=\"og:image:width\" content=\"2560\" \/>\n\t<meta property=\"og:image:height\" content=\"1583\" \/>\n\t<meta property=\"og:image:type\" content=\"image\/jpeg\" \/>\n<meta name=\"twitter:card\" content=\"summary_large_image\" \/>\n<meta name=\"twitter:label1\" content=\"Temps estimat de lectura\" \/>\n\t<meta name=\"twitter:data1\" content=\"1 minut\" \/>\n<script type=\"application\/ld+json\" class=\"yoast-schema-graph\">{\"@context\":\"https:\\\/\\\/schema.org\",\"@graph\":[{\"@type\":\"WebPage\",\"@id\":\"https:\\\/\\\/lacanteradelebro.es\\\/es_es\\\/producto\\\/pendientes-gotlan-en-plata-de-ley-y-cuarzo-cristal-mineral-natural\\\/\",\"url\":\"https:\\\/\\\/lacanteradelebro.es\\\/es_es\\\/producto\\\/pendientes-gotlan-en-plata-de-ley-y-cuarzo-cristal-mineral-natural\\\/\",\"name\":\"Pendientes Gotlan en plata de ley y cuarzo cristal, mineral natural - La Cantera del Ebro\",\"isPartOf\":{\"@id\":\"https:\\\/\\\/lacanteradelebro.es\\\/#website\"},\"primaryImageOfPage\":{\"@id\":\"https:\\\/\\\/lacanteradelebro.es\\\/es_es\\\/producto\\\/pendientes-gotlan-en-plata-de-ley-y-cuarzo-cristal-mineral-natural\\\/#primaryimage\"},\"image\":{\"@id\":\"https:\\\/\\\/lacanteradelebro.es\\\/es_es\\\/producto\\\/pendientes-gotlan-en-plata-de-ley-y-cuarzo-cristal-mineral-natural\\\/#primaryimage\"},\"thumbnailUrl\":\"https:\\\/\\\/lacanteradelebro.es\\\/wp-content\\\/uploads\\\/2026\\\/02\\\/ec2ca6cd744545d58b434392a1c2625btplv-t5fjg24jzw-origin-jpeg-scaled-1.jpeg\",\"datePublished\":\"2026-02-23T08:41:41+00:00\",\"breadcrumb\":{\"@id\":\"https:\\\/\\\/lacanteradelebro.es\\\/es_es\\\/producto\\\/pendientes-gotlan-en-plata-de-ley-y-cuarzo-cristal-mineral-natural\\\/#breadcrumb\"},\"inLanguage\":\"ca\",\"potentialAction\":[{\"@type\":\"ReadAction\",\"target\":[\"https:\\\/\\\/lacanteradelebro.es\\\/es_es\\\/producto\\\/pendientes-gotlan-en-plata-de-ley-y-cuarzo-cristal-mineral-natural\\\/\"]}]},{\"@type\":\"ImageObject\",\"inLanguage\":\"ca\",\"@id\":\"https:\\\/\\\/lacanteradelebro.es\\\/es_es\\\/producto\\\/pendientes-gotlan-en-plata-de-ley-y-cuarzo-cristal-mineral-natural\\\/#primaryimage\",\"url\":\"https:\\\/\\\/lacanteradelebro.es\\\/wp-content\\\/uploads\\\/2026\\\/02\\\/ec2ca6cd744545d58b434392a1c2625btplv-t5fjg24jzw-origin-jpeg-scaled-1.jpeg\",\"contentUrl\":\"https:\\\/\\\/lacanteradelebro.es\\\/wp-content\\\/uploads\\\/2026\\\/02\\\/ec2ca6cd744545d58b434392a1c2625btplv-t5fjg24jzw-origin-jpeg-scaled-1.jpeg\",\"width\":1600,\"height\":2133},{\"@type\":\"BreadcrumbList\",\"@id\":\"https:\\\/\\\/lacanteradelebro.es\\\/es_es\\\/producto\\\/pendientes-gotlan-en-plata-de-ley-y-cuarzo-cristal-mineral-natural\\\/#breadcrumb\",\"itemListElement\":[{\"@type\":\"ListItem\",\"position\":1,\"name\":\"Portada\",\"item\":\"https:\\\/\\\/lacanteradelebro.es\\\/es\\\/\"},{\"@type\":\"ListItem\",\"position\":2,\"name\":\"Shop\",\"item\":\"https:\\\/\\\/lacanteradelebro.es\\\/ca\\\/tienda-2\\\/\"},{\"@type\":\"ListItem\",\"position\":3,\"name\":\"Pendientes Gotlan en plata de ley y cuarzo cristal, mineral natural\"}]},{\"@type\":\"WebSite\",\"@id\":\"https:\\\/\\\/lacanteradelebro.es\\\/#website\",\"url\":\"https:\\\/\\\/lacanteradelebro.es\\\/\",\"name\":\"La Cantera del Ebro\",\"description\":\"Transformamos la belleza de la piedra natural y la calidez de la madera artesanal en joyas y objetos \u00fanicos. Cada creaci\u00f3n est\u00e1 hecha a mano con pasi\u00f3n, conect\u00e1ndote con la Tierra a trav\u00e9s de dise\u00f1os exclusivos y llenos de alma.\",\"publisher\":{\"@id\":\"https:\\\/\\\/lacanteradelebro.es\\\/#\\\/schema\\\/person\\\/2c7df64eef01f69456a16d6540d266df\"},\"potentialAction\":[{\"@type\":\"SearchAction\",\"target\":{\"@type\":\"EntryPoint\",\"urlTemplate\":\"https:\\\/\\\/lacanteradelebro.es\\\/?s={search_term_string}\"},\"query-input\":{\"@type\":\"PropertyValueSpecification\",\"valueRequired\":true,\"valueName\":\"search_term_string\"}}],\"inLanguage\":\"ca\"},{\"@type\":[\"Person\",\"Organization\"],\"@id\":\"https:\\\/\\\/lacanteradelebro.es\\\/#\\\/schema\\\/person\\\/2c7df64eef01f69456a16d6540d266df\",\"name\":\"Fernando\",\"image\":{\"@type\":\"ImageObject\",\"inLanguage\":\"ca\",\"@id\":\"https:\\\/\\\/lacanteradelebro.es\\\/wp-content\\\/uploads\\\/2025\\\/06\\\/cropped-Logo_BO2.png\",\"url\":\"https:\\\/\\\/lacanteradelebro.es\\\/wp-content\\\/uploads\\\/2025\\\/06\\\/cropped-Logo_BO2.png\",\"contentUrl\":\"https:\\\/\\\/lacanteradelebro.es\\\/wp-content\\\/uploads\\\/2025\\\/06\\\/cropped-Logo_BO2.png\",\"width\":512,\"height\":512,\"caption\":\"Fernando\"},\"logo\":{\"@id\":\"https:\\\/\\\/lacanteradelebro.es\\\/wp-content\\\/uploads\\\/2025\\\/06\\\/cropped-Logo_BO2.png\"},\"publishingPrinciples\":\"https:\\\/\\\/lacanteradelebro.es\\\/ca\\\/politica-de-privacidad\\\/\",\"ownershipFundingInfo\":\"https:\\\/\\\/lacanteradelebro.es\\\/ca\\\/politica-de-privacidad\\\/\",\"actionableFeedbackPolicy\":\"https:\\\/\\\/lacanteradelebro.es\\\/ca\\\/aviso-legal\\\/\",\"correctionsPolicy\":\"https:\\\/\\\/lacanteradelebro.es\\\/ca\\\/reembolso_devoluciones\\\/\",\"ethicsPolicy\":\"https:\\\/\\\/lacanteradelebro.es\\\/ca\\\/politica-de-cookies\\\/\",\"diversityPolicy\":\"https:\\\/\\\/lacanteradelebro.es\\\/ca\\\/politica-de-cookies\\\/\",\"diversityStaffingReport\":\"https:\\\/\\\/lacanteradelebro.es\\\/ca\\\/politica-de-privacidad\\\/\"}]}<\/script>\n<!-- \/ Yoast SEO Premium plugin. -->","yoast_head_json":{"title":"Pendientes Gotlan en plata de ley y cuarzo cristal, mineral natural - La Cantera del Ebro","robots":{"index":"index","follow":"follow","max-snippet":"max-snippet:-1","max-image-preview":"max-image-preview:large","max-video-preview":"max-video-preview:-1"},"canonical":"https:\/\/lacanteradelebro.es\/ca\/es_es\/producte\/pendientes-gotlan-en-plata-de-ley-y-cuarzo-cristal-mineral-natural\/","og_locale":"ca_ES","og_type":"article","og_title":"Pendientes Gotlan en plata de ley y cuarzo cristal, mineral natural","og_description":"Peso 15 Gr  Tama\u00f1o 4 cm de largo  Pendientes Gotlan de plata y cuarzo cristal Elegantes y atemporales, los pendientes Gotlan combinan la pureza de la plata con la transparencia luminosa del cuarzo cristal. Su dise\u00f1o delicado realza la luz natural del mineral, creando un brillo sutil que aporta sofisticaci\u00f3n sin exceso. Ideales para el d\u00eda a d\u00eda o para completar un look m\u00e1s especial, estos pendientes son una apuesta segura para quienes buscan estilo, equilibrio y un toque natural. Plata de alta calidad Cuarzo cristal natural Dise\u00f1o elegante y vers\u00e1til Ligeros y c\u00f3modos de llevar Perfectos para regalar o para darte un capricho con una joya que nunca pasa de moda.","og_url":"https:\/\/lacanteradelebro.es\/ca\/es_es\/producte\/pendientes-gotlan-en-plata-de-ley-y-cuarzo-cristal-mineral-natural\/","og_site_name":"La Cantera del Ebro","og_image":[{"width":2560,"height":1583,"url":"https:\/\/lacanteradelebro.es\/wp-content\/uploads\/2025\/08\/Screenshot_20250815_230608_One-UI-Home-1-scaled.jpg","type":"image\/jpeg"}],"twitter_card":"summary_large_image","twitter_misc":{"Temps estimat de lectura":"1 minut"},"schema":{"@context":"https:\/\/schema.org","@graph":[{"@type":"WebPage","@id":"https:\/\/lacanteradelebro.es\/es_es\/producto\/pendientes-gotlan-en-plata-de-ley-y-cuarzo-cristal-mineral-natural\/","url":"https:\/\/lacanteradelebro.es\/es_es\/producto\/pendientes-gotlan-en-plata-de-ley-y-cuarzo-cristal-mineral-natural\/","name":"Pendientes Gotlan en plata de ley y cuarzo cristal, mineral natural - La Cantera del Ebro","isPartOf":{"@id":"https:\/\/lacanteradelebro.es\/#website"},"primaryImageOfPage":{"@id":"https:\/\/lacanteradelebro.es\/es_es\/producto\/pendientes-gotlan-en-plata-de-ley-y-cuarzo-cristal-mineral-natural\/#primaryimage"},"image":{"@id":"https:\/\/lacanteradelebro.es\/es_es\/producto\/pendientes-gotlan-en-plata-de-ley-y-cuarzo-cristal-mineral-natural\/#primaryimage"},"thumbnailUrl":"https:\/\/lacanteradelebro.es\/wp-content\/uploads\/2026\/02\/ec2ca6cd744545d58b434392a1c2625btplv-t5fjg24jzw-origin-jpeg-scaled-1.jpeg","datePublished":"2026-02-23T08:41:41+00:00","breadcrumb":{"@id":"https:\/\/lacanteradelebro.es\/es_es\/producto\/pendientes-gotlan-en-plata-de-ley-y-cuarzo-cristal-mineral-natural\/#breadcrumb"},"inLanguage":"ca","potentialAction":[{"@type":"ReadAction","target":["https:\/\/lacanteradelebro.es\/es_es\/producto\/pendientes-gotlan-en-plata-de-ley-y-cuarzo-cristal-mineral-natural\/"]}]},{"@type":"ImageObject","inLanguage":"ca","@id":"https:\/\/lacanteradelebro.es\/es_es\/producto\/pendientes-gotlan-en-plata-de-ley-y-cuarzo-cristal-mineral-natural\/#primaryimage","url":"https:\/\/lacanteradelebro.es\/wp-content\/uploads\/2026\/02\/ec2ca6cd744545d58b434392a1c2625btplv-t5fjg24jzw-origin-jpeg-scaled-1.jpeg","contentUrl":"https:\/\/lacanteradelebro.es\/wp-content\/uploads\/2026\/02\/ec2ca6cd744545d58b434392a1c2625btplv-t5fjg24jzw-origin-jpeg-scaled-1.jpeg","width":1600,"height":2133},{"@type":"BreadcrumbList","@id":"https:\/\/lacanteradelebro.es\/es_es\/producto\/pendientes-gotlan-en-plata-de-ley-y-cuarzo-cristal-mineral-natural\/#breadcrumb","itemListElement":[{"@type":"ListItem","position":1,"name":"Portada","item":"https:\/\/lacanteradelebro.es\/es\/"},{"@type":"ListItem","position":2,"name":"Shop","item":"https:\/\/lacanteradelebro.es\/ca\/tienda-2\/"},{"@type":"ListItem","position":3,"name":"Pendientes Gotlan en plata de ley y cuarzo cristal, mineral natural"}]},{"@type":"WebSite","@id":"https:\/\/lacanteradelebro.es\/#website","url":"https:\/\/lacanteradelebro.es\/","name":"La Cantera del Ebro","description":"Transformamos la belleza de la piedra natural y la calidez de la madera artesanal en joyas y objetos \u00fanicos. Cada creaci\u00f3n est\u00e1 hecha a mano con pasi\u00f3n, conect\u00e1ndote con la Tierra a trav\u00e9s de dise\u00f1os exclusivos y llenos de alma.","publisher":{"@id":"https:\/\/lacanteradelebro.es\/#\/schema\/person\/2c7df64eef01f69456a16d6540d266df"},"potentialAction":[{"@type":"SearchAction","target":{"@type":"EntryPoint","urlTemplate":"https:\/\/lacanteradelebro.es\/?s={search_term_string}"},"query-input":{"@type":"PropertyValueSpecification","valueRequired":true,"valueName":"search_term_string"}}],"inLanguage":"ca"},{"@type":["Person","Organization"],"@id":"https:\/\/lacanteradelebro.es\/#\/schema\/person\/2c7df64eef01f69456a16d6540d266df","name":"Fernando","image":{"@type":"ImageObject","inLanguage":"ca","@id":"https:\/\/lacanteradelebro.es\/wp-content\/uploads\/2025\/06\/cropped-Logo_BO2.png","url":"https:\/\/lacanteradelebro.es\/wp-content\/uploads\/2025\/06\/cropped-Logo_BO2.png","contentUrl":"https:\/\/lacanteradelebro.es\/wp-content\/uploads\/2025\/06\/cropped-Logo_BO2.png","width":512,"height":512,"caption":"Fernando"},"logo":{"@id":"https:\/\/lacanteradelebro.es\/wp-content\/uploads\/2025\/06\/cropped-Logo_BO2.png"},"publishingPrinciples":"https:\/\/lacanteradelebro.es\/ca\/politica-de-privacidad\/","ownershipFundingInfo":"https:\/\/lacanteradelebro.es\/ca\/politica-de-privacidad\/","actionableFeedbackPolicy":"https:\/\/lacanteradelebro.es\/ca\/aviso-legal\/","correctionsPolicy":"https:\/\/lacanteradelebro.es\/ca\/reembolso_devoluciones\/","ethicsPolicy":"https:\/\/lacanteradelebro.es\/ca\/politica-de-cookies\/","diversityPolicy":"https:\/\/lacanteradelebro.es\/ca\/politica-de-cookies\/","diversityStaffingReport":"https:\/\/lacanteradelebro.es\/ca\/politica-de-privacidad\/"}]}},"_links":{"self":[{"href":"https:\/\/lacanteradelebro.es\/ca\/wp-json\/wp\/v2\/product\/4516","targetHints":{"allow":["GET"]}}],"collection":[{"href":"https:\/\/lacanteradelebro.es\/ca\/wp-json\/wp\/v2\/product"}],"about":[{"href":"https:\/\/lacanteradelebro.es\/ca\/wp-json\/wp\/v2\/types\/product"}],"replies":[{"embeddable":true,"href":"https:\/\/lacanteradelebro.es\/ca\/wp-json\/wp\/v2\/comments?post=4516"}],"wp:featuredmedia":[{"embeddable":true,"href":"https:\/\/lacanteradelebro.es\/ca\/wp-json\/wp\/v2\/media\/4514"}],"wp:attachment":[{"href":"https:\/\/lacanteradelebro.es\/ca\/wp-json\/wp\/v2\/media?parent=4516"}],"wp:term":[{"taxonomy":"product_brand","embeddable":true,"href":"https:\/\/lacanteradelebro.es\/ca\/wp-json\/wp\/v2\/product_brand?post=4516"},{"taxonomy":"product_cat","embeddable":true,"href":"https:\/\/lacanteradelebro.es\/ca\/wp-json\/wp\/v2\/product_cat?post=4516"},{"taxonomy":"product_tag","embeddable":true,"href":"https:\/\/lacanteradelebro.es\/ca\/wp-json\/wp\/v2\/product_tag?post=4516"}],"curies":[{"name":"wp","href":"https:\/\/api.w.org\/{rel}","templated":true}]}}