{"id":4496,"date":"2026-02-23T08:40:55","date_gmt":"2026-02-23T08:40:55","guid":{"rendered":"https:\/\/lacanteradelebro.es\/es_es\/producto\/colgante-cuarzo-rutilado-en-plata-925\/"},"modified":"2026-02-23T08:40:55","modified_gmt":"2026-02-23T08:40:55","slug":"colgante-cuarzo-rutilado-en-plata-925","status":"publish","type":"product","link":"https:\/\/lacanteradelebro.es\/ca\/producte\/colgante-cuarzo-rutilado-en-plata-925\/","title":{"rendered":"Colgante Cuarzo Rutilado en plata 925"},"content":{"rendered":"<p> Peso 7,6 gr<\/p>\n<p> Tama\u00f1o 3 * 2 cm<\/p>\n<p> \u2728 <strong>  Detalles del Producto: <\/strong> Este colgante presenta un cuarzo rutilado en plata 925. Es una pieza elegante y significativa para amantes de la joyer\u00eda. El cuarzo rutilado brilla con un tono distintivo, ideal para aquellos que buscan un toque de originalidad. La plata 925 asegura una calidad duradera y hermosa.<\/p>\n<p> \u2728 <strong>  Caracter\u00edsticas Espec\u00edficas: <\/strong> &#8211; Material: Cuarzo rutilado y plata 925. &#8211; Dise\u00f1o: Colgante con cuarzo rutilado. &#8211; Calidad: Plata 925, garantizando resistencia y belleza.<\/p>\n<p> Este colgante combina elegancia con significado, perfecto para ocasiones especiales.<\/p>","protected":false},"excerpt":{"rendered":"<p> Peso 7,6 gr<\/p>\n<p> Tama\u00f1o 3 * 2 cm<\/p>\n<p> \u2728 <strong>  Detalles del Producto: <\/strong> Este colgante presenta un cuarzo rutilado en plata 925. Es una pieza elegante y significativa para amantes de la joyer\u00eda. El cuarzo rutilado brilla con un tono distintivo, ideal para aquellos que buscan un toque de originalidad. La plata 925 asegura una calidad duradera y hermosa.<\/p>\n<p> \u2728 <strong>  Caracter\u00edsticas Espec\u00edficas: <\/strong> \u2013 Material: Cuarzo rutilado y plata 925. \u2013 Dise\u00f1o: Colgante con cuarzo rutilado. \u2013 Calidad: Plata 925, garantizando resistencia y belleza.<\/p>\n<p> Este colgante combina elegancia con significado, perfecto para ocasiones especiales.<\/p>","protected":false},"featured_media":4495,"comment_status":"open","ping_status":"closed","template":"","meta":{"inline_featured_image":false},"product_brand":[],"product_cat":[92,110,102,50,45,42],"product_tag":[],"class_list":{"0":"post-4496","1":"product","2":"type-product","3":"status-publish","4":"has-post-thumbnail","6":"product_cat-accesorios-de-joyeria-y-derivados","7":"product_cat-collares-y-colgantes-de-jade","8":"product_cat-jade","9":"product_cat-colgantes","10":"product_cat-joyeria","11":"product_cat-minerales","13":"first","14":"instock","15":"shipping-taxable","16":"purchasable","17":"product-type-simple"},"yoast_head":"<!-- This site is optimized with the Yoast SEO Premium plugin v27.0 (Yoast SEO v27.1.1) - https:\/\/yoast.com\/product\/yoast-seo-premium-wordpress\/ -->\n<title>Colgante Cuarzo Rutilado en plata 925 - La Cantera del Ebro<\/title>\n<meta name=\"robots\" content=\"index, follow, max-snippet:-1, max-image-preview:large, max-video-preview:-1\" \/>\n<link rel=\"canonical\" href=\"https:\/\/lacanteradelebro.es\/ca\/es_es\/producte\/colgante-cuarzo-rutilado-en-plata-925\/\" \/>\n<meta property=\"og:locale\" content=\"ca_ES\" \/>\n<meta property=\"og:type\" content=\"article\" \/>\n<meta property=\"og:title\" content=\"Colgante Cuarzo Rutilado en plata 925\" \/>\n<meta property=\"og:description\" content=\"Peso 7,6 gr Tama\u00f1o 3 * 2 cm \u2728  Detalles del Producto: Este colgante presenta un cuarzo rutilado en plata 925. Es una pieza elegante y significativa para amantes de la joyer\u00eda. El cuarzo rutilado brilla con un tono distintivo, ideal para aquellos que buscan un toque de originalidad. La plata 925 asegura una calidad duradera y hermosa. \u2728  Caracter\u00edsticas Espec\u00edficas: \u2013 Material: Cuarzo rutilado y plata 925. \u2013 Dise\u00f1o: Colgante con cuarzo rutilado. \u2013 Calidad: Plata 925, garantizando resistencia y belleza. Este colgante combina elegancia con significado, perfecto para ocasiones especiales.\" \/>\n<meta property=\"og:url\" content=\"https:\/\/lacanteradelebro.es\/ca\/es_es\/producte\/colgante-cuarzo-rutilado-en-plata-925\/\" \/>\n<meta property=\"og:site_name\" content=\"La Cantera del Ebro\" \/>\n<meta property=\"og:image\" content=\"https:\/\/lacanteradelebro.es\/wp-content\/uploads\/2025\/08\/Screenshot_20250815_230608_One-UI-Home-1-scaled.jpg\" \/>\n\t<meta property=\"og:image:width\" content=\"2560\" \/>\n\t<meta property=\"og:image:height\" content=\"1583\" \/>\n\t<meta property=\"og:image:type\" content=\"image\/jpeg\" \/>\n<meta name=\"twitter:card\" content=\"summary_large_image\" \/>\n<script type=\"application\/ld+json\" class=\"yoast-schema-graph\">{\"@context\":\"https:\/\/schema.org\",\"@graph\":[{\"@type\":\"WebPage\",\"@id\":\"https:\/\/lacanteradelebro.es\/es_es\/producto\/colgante-cuarzo-rutilado-en-plata-925\/\",\"url\":\"https:\/\/lacanteradelebro.es\/es_es\/producto\/colgante-cuarzo-rutilado-en-plata-925\/\",\"name\":\"Colgante Cuarzo Rutilado en plata 925 - La Cantera del Ebro\",\"isPartOf\":{\"@id\":\"https:\/\/lacanteradelebro.es\/#website\"},\"primaryImageOfPage\":{\"@id\":\"https:\/\/lacanteradelebro.es\/es_es\/producto\/colgante-cuarzo-rutilado-en-plata-925\/#primaryimage\"},\"image\":{\"@id\":\"https:\/\/lacanteradelebro.es\/es_es\/producto\/colgante-cuarzo-rutilado-en-plata-925\/#primaryimage\"},\"thumbnailUrl\":\"https:\/\/lacanteradelebro.es\/wp-content\/uploads\/2026\/02\/73415fa22c69448883ee978703be1585tplv-t5fjg24jzw-origin-jpeg-scaled-3-1.jpeg\",\"datePublished\":\"2026-02-23T08:40:55+00:00\",\"breadcrumb\":{\"@id\":\"https:\/\/lacanteradelebro.es\/es_es\/producto\/colgante-cuarzo-rutilado-en-plata-925\/#breadcrumb\"},\"inLanguage\":\"ca\",\"potentialAction\":[{\"@type\":\"ReadAction\",\"target\":[\"https:\/\/lacanteradelebro.es\/es_es\/producto\/colgante-cuarzo-rutilado-en-plata-925\/\"]}]},{\"@type\":\"ImageObject\",\"inLanguage\":\"ca\",\"@id\":\"https:\/\/lacanteradelebro.es\/es_es\/producto\/colgante-cuarzo-rutilado-en-plata-925\/#primaryimage\",\"url\":\"https:\/\/lacanteradelebro.es\/wp-content\/uploads\/2026\/02\/73415fa22c69448883ee978703be1585tplv-t5fjg24jzw-origin-jpeg-scaled-3-1.jpeg\",\"contentUrl\":\"https:\/\/lacanteradelebro.es\/wp-content\/uploads\/2026\/02\/73415fa22c69448883ee978703be1585tplv-t5fjg24jzw-origin-jpeg-scaled-3-1.jpeg\",\"width\":1600,\"height\":2133},{\"@type\":\"BreadcrumbList\",\"@id\":\"https:\/\/lacanteradelebro.es\/es_es\/producto\/colgante-cuarzo-rutilado-en-plata-925\/#breadcrumb\",\"itemListElement\":[{\"@type\":\"ListItem\",\"position\":1,\"name\":\"Portada\",\"item\":\"https:\/\/lacanteradelebro.es\/es\/\"},{\"@type\":\"ListItem\",\"position\":2,\"name\":\"Shop\",\"item\":\"https:\/\/lacanteradelebro.es\/ca\/tienda-2\/\"},{\"@type\":\"ListItem\",\"position\":3,\"name\":\"Colgante Cuarzo Rutilado en plata 925\"}]},{\"@type\":\"WebSite\",\"@id\":\"https:\/\/lacanteradelebro.es\/#website\",\"url\":\"https:\/\/lacanteradelebro.es\/\",\"name\":\"La Cantera del Ebro\",\"description\":\"Transformamos la belleza de la piedra natural y la calidez de la madera artesanal en joyas y objetos \u00fanicos. Cada creaci\u00f3n est\u00e1 hecha a mano con pasi\u00f3n, conect\u00e1ndote con la Tierra a trav\u00e9s de dise\u00f1os exclusivos y llenos de alma.\",\"publisher\":{\"@id\":\"https:\/\/lacanteradelebro.es\/#\/schema\/person\/2c7df64eef01f69456a16d6540d266df\"},\"potentialAction\":[{\"@type\":\"SearchAction\",\"target\":{\"@type\":\"EntryPoint\",\"urlTemplate\":\"https:\/\/lacanteradelebro.es\/?s={search_term_string}\"},\"query-input\":{\"@type\":\"PropertyValueSpecification\",\"valueRequired\":true,\"valueName\":\"search_term_string\"}}],\"inLanguage\":\"ca\"},{\"@type\":[\"Person\",\"Organization\"],\"@id\":\"https:\/\/lacanteradelebro.es\/#\/schema\/person\/2c7df64eef01f69456a16d6540d266df\",\"name\":\"Fernando\",\"image\":{\"@type\":\"ImageObject\",\"inLanguage\":\"ca\",\"@id\":\"https:\/\/lacanteradelebro.es\/#\/schema\/person\/image\/\",\"url\":\"https:\/\/lacanteradelebro.es\/wp-content\/uploads\/2025\/06\/cropped-Logo_BO2.png\",\"contentUrl\":\"https:\/\/lacanteradelebro.es\/wp-content\/uploads\/2025\/06\/cropped-Logo_BO2.png\",\"width\":512,\"height\":512,\"caption\":\"Fernando\"},\"logo\":{\"@id\":\"https:\/\/lacanteradelebro.es\/#\/schema\/person\/image\/\"},\"publishingPrinciples\":\"https:\/\/lacanteradelebro.es\/ca\/politica-de-privacidad\/\",\"ownershipFundingInfo\":\"https:\/\/lacanteradelebro.es\/ca\/politica-de-privacidad\/\",\"actionableFeedbackPolicy\":\"https:\/\/lacanteradelebro.es\/ca\/aviso-legal\/\",\"correctionsPolicy\":\"https:\/\/lacanteradelebro.es\/ca\/reembolso_devoluciones\/\",\"ethicsPolicy\":\"https:\/\/lacanteradelebro.es\/ca\/politica-de-cookies\/\",\"diversityPolicy\":\"https:\/\/lacanteradelebro.es\/ca\/politica-de-cookies\/\",\"diversityStaffingReport\":\"https:\/\/lacanteradelebro.es\/ca\/politica-de-privacidad\/\"}]}<\/script>\n<!-- \/ Yoast SEO Premium plugin. -->","yoast_head_json":{"title":"Colgante Cuarzo Rutilado en plata 925 - La Cantera del Ebro","robots":{"index":"index","follow":"follow","max-snippet":"max-snippet:-1","max-image-preview":"max-image-preview:large","max-video-preview":"max-video-preview:-1"},"canonical":"https:\/\/lacanteradelebro.es\/ca\/es_es\/producte\/colgante-cuarzo-rutilado-en-plata-925\/","og_locale":"ca_ES","og_type":"article","og_title":"Colgante Cuarzo Rutilado en plata 925","og_description":"Peso 7,6 gr Tama\u00f1o 3 * 2 cm \u2728  Detalles del Producto: Este colgante presenta un cuarzo rutilado en plata 925. Es una pieza elegante y significativa para amantes de la joyer\u00eda. El cuarzo rutilado brilla con un tono distintivo, ideal para aquellos que buscan un toque de originalidad. La plata 925 asegura una calidad duradera y hermosa. \u2728  Caracter\u00edsticas Espec\u00edficas: \u2013 Material: Cuarzo rutilado y plata 925. \u2013 Dise\u00f1o: Colgante con cuarzo rutilado. \u2013 Calidad: Plata 925, garantizando resistencia y belleza. Este colgante combina elegancia con significado, perfecto para ocasiones especiales.","og_url":"https:\/\/lacanteradelebro.es\/ca\/es_es\/producte\/colgante-cuarzo-rutilado-en-plata-925\/","og_site_name":"La Cantera del Ebro","og_image":[{"width":2560,"height":1583,"url":"https:\/\/lacanteradelebro.es\/wp-content\/uploads\/2025\/08\/Screenshot_20250815_230608_One-UI-Home-1-scaled.jpg","type":"image\/jpeg"}],"twitter_card":"summary_large_image","schema":{"@context":"https:\/\/schema.org","@graph":[{"@type":"WebPage","@id":"https:\/\/lacanteradelebro.es\/es_es\/producto\/colgante-cuarzo-rutilado-en-plata-925\/","url":"https:\/\/lacanteradelebro.es\/es_es\/producto\/colgante-cuarzo-rutilado-en-plata-925\/","name":"Colgante Cuarzo Rutilado en plata 925 - La Cantera del Ebro","isPartOf":{"@id":"https:\/\/lacanteradelebro.es\/#website"},"primaryImageOfPage":{"@id":"https:\/\/lacanteradelebro.es\/es_es\/producto\/colgante-cuarzo-rutilado-en-plata-925\/#primaryimage"},"image":{"@id":"https:\/\/lacanteradelebro.es\/es_es\/producto\/colgante-cuarzo-rutilado-en-plata-925\/#primaryimage"},"thumbnailUrl":"https:\/\/lacanteradelebro.es\/wp-content\/uploads\/2026\/02\/73415fa22c69448883ee978703be1585tplv-t5fjg24jzw-origin-jpeg-scaled-3-1.jpeg","datePublished":"2026-02-23T08:40:55+00:00","breadcrumb":{"@id":"https:\/\/lacanteradelebro.es\/es_es\/producto\/colgante-cuarzo-rutilado-en-plata-925\/#breadcrumb"},"inLanguage":"ca","potentialAction":[{"@type":"ReadAction","target":["https:\/\/lacanteradelebro.es\/es_es\/producto\/colgante-cuarzo-rutilado-en-plata-925\/"]}]},{"@type":"ImageObject","inLanguage":"ca","@id":"https:\/\/lacanteradelebro.es\/es_es\/producto\/colgante-cuarzo-rutilado-en-plata-925\/#primaryimage","url":"https:\/\/lacanteradelebro.es\/wp-content\/uploads\/2026\/02\/73415fa22c69448883ee978703be1585tplv-t5fjg24jzw-origin-jpeg-scaled-3-1.jpeg","contentUrl":"https:\/\/lacanteradelebro.es\/wp-content\/uploads\/2026\/02\/73415fa22c69448883ee978703be1585tplv-t5fjg24jzw-origin-jpeg-scaled-3-1.jpeg","width":1600,"height":2133},{"@type":"BreadcrumbList","@id":"https:\/\/lacanteradelebro.es\/es_es\/producto\/colgante-cuarzo-rutilado-en-plata-925\/#breadcrumb","itemListElement":[{"@type":"ListItem","position":1,"name":"Portada","item":"https:\/\/lacanteradelebro.es\/es\/"},{"@type":"ListItem","position":2,"name":"Shop","item":"https:\/\/lacanteradelebro.es\/ca\/tienda-2\/"},{"@type":"ListItem","position":3,"name":"Colgante Cuarzo Rutilado en plata 925"}]},{"@type":"WebSite","@id":"https:\/\/lacanteradelebro.es\/#website","url":"https:\/\/lacanteradelebro.es\/","name":"La Cantera del Ebro","description":"Transformamos la belleza de la piedra natural y la calidez de la madera artesanal en joyas y objetos \u00fanicos. Cada creaci\u00f3n est\u00e1 hecha a mano con pasi\u00f3n, conect\u00e1ndote con la Tierra a trav\u00e9s de dise\u00f1os exclusivos y llenos de alma.","publisher":{"@id":"https:\/\/lacanteradelebro.es\/#\/schema\/person\/2c7df64eef01f69456a16d6540d266df"},"potentialAction":[{"@type":"SearchAction","target":{"@type":"EntryPoint","urlTemplate":"https:\/\/lacanteradelebro.es\/?s={search_term_string}"},"query-input":{"@type":"PropertyValueSpecification","valueRequired":true,"valueName":"search_term_string"}}],"inLanguage":"ca"},{"@type":["Person","Organization"],"@id":"https:\/\/lacanteradelebro.es\/#\/schema\/person\/2c7df64eef01f69456a16d6540d266df","name":"Fernando","image":{"@type":"ImageObject","inLanguage":"ca","@id":"https:\/\/lacanteradelebro.es\/#\/schema\/person\/image\/","url":"https:\/\/lacanteradelebro.es\/wp-content\/uploads\/2025\/06\/cropped-Logo_BO2.png","contentUrl":"https:\/\/lacanteradelebro.es\/wp-content\/uploads\/2025\/06\/cropped-Logo_BO2.png","width":512,"height":512,"caption":"Fernando"},"logo":{"@id":"https:\/\/lacanteradelebro.es\/#\/schema\/person\/image\/"},"publishingPrinciples":"https:\/\/lacanteradelebro.es\/ca\/politica-de-privacidad\/","ownershipFundingInfo":"https:\/\/lacanteradelebro.es\/ca\/politica-de-privacidad\/","actionableFeedbackPolicy":"https:\/\/lacanteradelebro.es\/ca\/aviso-legal\/","correctionsPolicy":"https:\/\/lacanteradelebro.es\/ca\/reembolso_devoluciones\/","ethicsPolicy":"https:\/\/lacanteradelebro.es\/ca\/politica-de-cookies\/","diversityPolicy":"https:\/\/lacanteradelebro.es\/ca\/politica-de-cookies\/","diversityStaffingReport":"https:\/\/lacanteradelebro.es\/ca\/politica-de-privacidad\/"}]}},"_links":{"self":[{"href":"https:\/\/lacanteradelebro.es\/ca\/wp-json\/wp\/v2\/product\/4496","targetHints":{"allow":["GET"]}}],"collection":[{"href":"https:\/\/lacanteradelebro.es\/ca\/wp-json\/wp\/v2\/product"}],"about":[{"href":"https:\/\/lacanteradelebro.es\/ca\/wp-json\/wp\/v2\/types\/product"}],"replies":[{"embeddable":true,"href":"https:\/\/lacanteradelebro.es\/ca\/wp-json\/wp\/v2\/comments?post=4496"}],"wp:featuredmedia":[{"embeddable":true,"href":"https:\/\/lacanteradelebro.es\/ca\/wp-json\/wp\/v2\/media\/4495"}],"wp:attachment":[{"href":"https:\/\/lacanteradelebro.es\/ca\/wp-json\/wp\/v2\/media?parent=4496"}],"wp:term":[{"taxonomy":"product_brand","embeddable":true,"href":"https:\/\/lacanteradelebro.es\/ca\/wp-json\/wp\/v2\/product_brand?post=4496"},{"taxonomy":"product_cat","embeddable":true,"href":"https:\/\/lacanteradelebro.es\/ca\/wp-json\/wp\/v2\/product_cat?post=4496"},{"taxonomy":"product_tag","embeddable":true,"href":"https:\/\/lacanteradelebro.es\/ca\/wp-json\/wp\/v2\/product_tag?post=4496"}],"curies":[{"name":"wp","href":"https:\/\/api.w.org\/{rel}","templated":true}]}}