{"id":4468,"date":"2026-02-23T08:39:32","date_gmt":"2026-02-23T08:39:32","guid":{"rendered":"https:\/\/lacanteradelebro.es\/es_es\/producto\/colgante-turquesa-dhalia-plata-925-elegante-y-sofisticado-largo-3-cm-ancho-2-cm-ideal-para-estilo-y-pureza\/"},"modified":"2026-02-23T08:39:32","modified_gmt":"2026-02-23T08:39:32","slug":"colgante-turquesa-dhalia-plata-925-elegante-y-sofisticado-largo-3-cm-ancho-2-cm-ideal-para-estilo-y-pureza","status":"publish","type":"product","link":"https:\/\/lacanteradelebro.es\/ca\/producte\/colgante-turquesa-dhalia-plata-925-elegante-y-sofisticado-largo-3-cm-ancho-2-cm-ideal-para-estilo-y-pureza\/","title":{"rendered":"Colgante Turquesa Dhalia Plata 925 Elegante y Sofisticado Largo 3 cm Ancho 2 cm Ideal para Estilo y Pureza"},"content":{"rendered":"<h3>\n<p>  Colgante Turquesa Dhalia Plata de 925 <\/p>\n<\/h3>\n<p> \u2728 <strong>  Detalles del Producto: <\/strong><\/p>\n<ul>\n<li>  El colgante turquesa dhalia est\u00e1 engarzado en plata de 925. Combina la elegancia del turquesa dhalia con la pureza de la plata de 925. Perfecto para quienes buscan un colgante con estilo y sofisticaci\u00f3n. <\/li>\n<\/ul>\n<h3>\n<p>  Especificaciones: <\/p>\n<\/h3>\n<ul>\n<li>  <strong>   Material:  <\/strong>  Plata de 925. <\/li>\n<li>  <strong>   Color:  <\/strong>  Turquesa dhalia. <\/li>\n<li>  <strong>   Dise\u00f1o:  <\/strong>  Engarzado en plata de 925. <\/li>\n<\/ul>\n<h3>\n<p>  Medidas: <\/p>\n<\/h3>\n<ul>\n<li>  <strong>   Largo:  <\/strong>  3 cm. <\/li>\n<li>  <strong>   Ancho:  <\/strong>  2 cm. <\/li>\n<\/ul>\n<p> Este colgante es una elecci\u00f3n ideal para quienes valoran la combinaci\u00f3n de colores y materiales.<\/p>","protected":false},"excerpt":{"rendered":"<h3> Colgante Turquesa Dhalia Plata de 925<\/h3>\n<p> \u2728 <strong>  Detalles del Producto: <\/strong><\/p>\n<ul>\n<li>  El colgante turquesa dhalia est\u00e1 engarzado en plata de 925. Combina la elegancia del turquesa dhalia con la pureza de la plata de 925. Perfecto para quienes buscan un colgante con estilo y sofisticaci\u00f3n. <\/li>\n<\/ul>\n<h3> Especificaciones:<\/h3>\n<ul>\n<li>  <strong>   Material:  <\/strong>  Plata de 925. <\/li>\n<li>  <strong>   Color:  <\/strong>  Turquesa dhalia. <\/li>\n<li>  <strong>   Dise\u00f1o:  <\/strong>  Engarzado en plata de 925. <\/li>\n<\/ul>\n<h3> Medidas:<\/h3>\n<ul>\n<li>  <strong>   Largo:  <\/strong>  3 cm. <\/li>\n<li>  <strong>   Ancho:  <\/strong>  2 cm. <\/li>\n<\/ul>\n<p> Este colgante es una elecci\u00f3n ideal para quienes valoran la combinaci\u00f3n de colores y materiales.<\/p>","protected":false},"featured_media":4467,"comment_status":"open","ping_status":"closed","template":"","meta":{"inline_featured_image":false},"product_brand":[],"product_cat":[92,99,90,50,45],"product_tag":[],"class_list":{"0":"post-4468","1":"product","2":"type-product","3":"status-publish","4":"has-post-thumbnail","6":"product_cat-accesorios-de-joyeria-y-derivados","7":"product_cat-collares-y-colgantes-de-piedras-semipreciosas","8":"product_cat-piedras-semipreciosas","9":"product_cat-colgantes","10":"product_cat-joyeria","12":"first","13":"instock","14":"shipping-taxable","15":"purchasable","16":"product-type-simple"},"yoast_head":"<!-- This site is optimized with the Yoast SEO Premium plugin v27.0 (Yoast SEO v27.4) - https:\/\/yoast.com\/product\/yoast-seo-premium-wordpress\/ -->\n<title>Colgante Turquesa Dhalia Plata 925 Elegante y Sofisticado Largo 3 cm Ancho 2 cm Ideal para Estilo y Pureza - La Cantera del Ebro<\/title>\n<meta name=\"robots\" content=\"index, follow, max-snippet:-1, max-image-preview:large, max-video-preview:-1\" \/>\n<link rel=\"canonical\" href=\"https:\/\/lacanteradelebro.es\/ca\/es_es\/producte\/colgante-turquesa-dhalia-plata-925-elegante-y-sofisticado-largo-3-cm-ancho-2-cm-ideal-para-estilo-y-pureza\/\" \/>\n<meta property=\"og:locale\" content=\"ca_ES\" \/>\n<meta property=\"og:type\" content=\"article\" \/>\n<meta property=\"og:title\" content=\"Colgante Turquesa Dhalia Plata 925 Elegante y Sofisticado Largo 3 cm Ancho 2 cm Ideal para Estilo y Pureza\" \/>\n<meta property=\"og:description\" content=\"Colgante Turquesa Dhalia Plata de 925 \u2728  Detalles del Producto:  El colgante turquesa dhalia est\u00e1 engarzado en plata de 925. Combina la elegancia del turquesa dhalia con la pureza de la plata de 925. Perfecto para quienes buscan un colgante con estilo y sofisticaci\u00f3n. Especificaciones:   Material:  Plata de 925.    Color:  Turquesa dhalia.    Dise\u00f1o:  Engarzado en plata de 925. Medidas:   Largo:  3 cm.    Ancho:  2 cm. Este colgante es una elecci\u00f3n ideal para quienes valoran la combinaci\u00f3n de colores y materiales.\" \/>\n<meta property=\"og:url\" content=\"https:\/\/lacanteradelebro.es\/ca\/es_es\/producte\/colgante-turquesa-dhalia-plata-925-elegante-y-sofisticado-largo-3-cm-ancho-2-cm-ideal-para-estilo-y-pureza\/\" \/>\n<meta property=\"og:site_name\" content=\"La Cantera del Ebro\" \/>\n<meta property=\"og:image\" content=\"https:\/\/lacanteradelebro.es\/wp-content\/uploads\/2025\/08\/Screenshot_20250815_230608_One-UI-Home-1-scaled.jpg\" \/>\n\t<meta property=\"og:image:width\" content=\"2560\" \/>\n\t<meta property=\"og:image:height\" content=\"1583\" \/>\n\t<meta property=\"og:image:type\" content=\"image\/jpeg\" \/>\n<meta name=\"twitter:card\" content=\"summary_large_image\" \/>\n<script type=\"application\/ld+json\" class=\"yoast-schema-graph\">{\"@context\":\"https:\\\/\\\/schema.org\",\"@graph\":[{\"@type\":\"WebPage\",\"@id\":\"https:\\\/\\\/lacanteradelebro.es\\\/es_es\\\/producto\\\/colgante-turquesa-dhalia-plata-925-elegante-y-sofisticado-largo-3-cm-ancho-2-cm-ideal-para-estilo-y-pureza\\\/\",\"url\":\"https:\\\/\\\/lacanteradelebro.es\\\/es_es\\\/producto\\\/colgante-turquesa-dhalia-plata-925-elegante-y-sofisticado-largo-3-cm-ancho-2-cm-ideal-para-estilo-y-pureza\\\/\",\"name\":\"Colgante Turquesa Dhalia Plata 925 Elegante y Sofisticado Largo 3 cm Ancho 2 cm Ideal para Estilo y Pureza - La Cantera del Ebro\",\"isPartOf\":{\"@id\":\"https:\\\/\\\/lacanteradelebro.es\\\/#website\"},\"primaryImageOfPage\":{\"@id\":\"https:\\\/\\\/lacanteradelebro.es\\\/es_es\\\/producto\\\/colgante-turquesa-dhalia-plata-925-elegante-y-sofisticado-largo-3-cm-ancho-2-cm-ideal-para-estilo-y-pureza\\\/#primaryimage\"},\"image\":{\"@id\":\"https:\\\/\\\/lacanteradelebro.es\\\/es_es\\\/producto\\\/colgante-turquesa-dhalia-plata-925-elegante-y-sofisticado-largo-3-cm-ancho-2-cm-ideal-para-estilo-y-pureza\\\/#primaryimage\"},\"thumbnailUrl\":\"https:\\\/\\\/lacanteradelebro.es\\\/wp-content\\\/uploads\\\/2026\\\/02\\\/c3c0d24dcdfa4753a801a4e2340fee80tplv-t5fjg24jzw-origin-jpeg-2-1.jpeg\",\"datePublished\":\"2026-02-23T08:39:32+00:00\",\"breadcrumb\":{\"@id\":\"https:\\\/\\\/lacanteradelebro.es\\\/es_es\\\/producto\\\/colgante-turquesa-dhalia-plata-925-elegante-y-sofisticado-largo-3-cm-ancho-2-cm-ideal-para-estilo-y-pureza\\\/#breadcrumb\"},\"inLanguage\":\"ca\",\"potentialAction\":[{\"@type\":\"ReadAction\",\"target\":[\"https:\\\/\\\/lacanteradelebro.es\\\/es_es\\\/producto\\\/colgante-turquesa-dhalia-plata-925-elegante-y-sofisticado-largo-3-cm-ancho-2-cm-ideal-para-estilo-y-pureza\\\/\"]}]},{\"@type\":\"ImageObject\",\"inLanguage\":\"ca\",\"@id\":\"https:\\\/\\\/lacanteradelebro.es\\\/es_es\\\/producto\\\/colgante-turquesa-dhalia-plata-925-elegante-y-sofisticado-largo-3-cm-ancho-2-cm-ideal-para-estilo-y-pureza\\\/#primaryimage\",\"url\":\"https:\\\/\\\/lacanteradelebro.es\\\/wp-content\\\/uploads\\\/2026\\\/02\\\/c3c0d24dcdfa4753a801a4e2340fee80tplv-t5fjg24jzw-origin-jpeg-2-1.jpeg\",\"contentUrl\":\"https:\\\/\\\/lacanteradelebro.es\\\/wp-content\\\/uploads\\\/2026\\\/02\\\/c3c0d24dcdfa4753a801a4e2340fee80tplv-t5fjg24jzw-origin-jpeg-2-1.jpeg\",\"width\":1000,\"height\":1000},{\"@type\":\"BreadcrumbList\",\"@id\":\"https:\\\/\\\/lacanteradelebro.es\\\/es_es\\\/producto\\\/colgante-turquesa-dhalia-plata-925-elegante-y-sofisticado-largo-3-cm-ancho-2-cm-ideal-para-estilo-y-pureza\\\/#breadcrumb\",\"itemListElement\":[{\"@type\":\"ListItem\",\"position\":1,\"name\":\"Portada\",\"item\":\"https:\\\/\\\/lacanteradelebro.es\\\/es\\\/\"},{\"@type\":\"ListItem\",\"position\":2,\"name\":\"Shop\",\"item\":\"https:\\\/\\\/lacanteradelebro.es\\\/ca\\\/tienda-2\\\/\"},{\"@type\":\"ListItem\",\"position\":3,\"name\":\"Colgante Turquesa Dhalia Plata 925 Elegante y Sofisticado Largo 3 cm Ancho 2 cm Ideal para Estilo y Pureza\"}]},{\"@type\":\"WebSite\",\"@id\":\"https:\\\/\\\/lacanteradelebro.es\\\/#website\",\"url\":\"https:\\\/\\\/lacanteradelebro.es\\\/\",\"name\":\"La Cantera del Ebro\",\"description\":\"Transformamos la belleza de la piedra natural y la calidez de la madera artesanal en joyas y objetos \u00fanicos. Cada creaci\u00f3n est\u00e1 hecha a mano con pasi\u00f3n, conect\u00e1ndote con la Tierra a trav\u00e9s de dise\u00f1os exclusivos y llenos de alma.\",\"publisher\":{\"@id\":\"https:\\\/\\\/lacanteradelebro.es\\\/#\\\/schema\\\/person\\\/2c7df64eef01f69456a16d6540d266df\"},\"potentialAction\":[{\"@type\":\"SearchAction\",\"target\":{\"@type\":\"EntryPoint\",\"urlTemplate\":\"https:\\\/\\\/lacanteradelebro.es\\\/?s={search_term_string}\"},\"query-input\":{\"@type\":\"PropertyValueSpecification\",\"valueRequired\":true,\"valueName\":\"search_term_string\"}}],\"inLanguage\":\"ca\"},{\"@type\":[\"Person\",\"Organization\"],\"@id\":\"https:\\\/\\\/lacanteradelebro.es\\\/#\\\/schema\\\/person\\\/2c7df64eef01f69456a16d6540d266df\",\"name\":\"Fernando\",\"image\":{\"@type\":\"ImageObject\",\"inLanguage\":\"ca\",\"@id\":\"https:\\\/\\\/lacanteradelebro.es\\\/wp-content\\\/uploads\\\/2025\\\/06\\\/cropped-Logo_BO2.png\",\"url\":\"https:\\\/\\\/lacanteradelebro.es\\\/wp-content\\\/uploads\\\/2025\\\/06\\\/cropped-Logo_BO2.png\",\"contentUrl\":\"https:\\\/\\\/lacanteradelebro.es\\\/wp-content\\\/uploads\\\/2025\\\/06\\\/cropped-Logo_BO2.png\",\"width\":512,\"height\":512,\"caption\":\"Fernando\"},\"logo\":{\"@id\":\"https:\\\/\\\/lacanteradelebro.es\\\/wp-content\\\/uploads\\\/2025\\\/06\\\/cropped-Logo_BO2.png\"},\"publishingPrinciples\":\"https:\\\/\\\/lacanteradelebro.es\\\/ca\\\/politica-de-privacidad\\\/\",\"ownershipFundingInfo\":\"https:\\\/\\\/lacanteradelebro.es\\\/ca\\\/politica-de-privacidad\\\/\",\"actionableFeedbackPolicy\":\"https:\\\/\\\/lacanteradelebro.es\\\/ca\\\/aviso-legal\\\/\",\"correctionsPolicy\":\"https:\\\/\\\/lacanteradelebro.es\\\/ca\\\/reembolso_devoluciones\\\/\",\"ethicsPolicy\":\"https:\\\/\\\/lacanteradelebro.es\\\/ca\\\/politica-de-cookies\\\/\",\"diversityPolicy\":\"https:\\\/\\\/lacanteradelebro.es\\\/ca\\\/politica-de-cookies\\\/\",\"diversityStaffingReport\":\"https:\\\/\\\/lacanteradelebro.es\\\/ca\\\/politica-de-privacidad\\\/\"}]}<\/script>\n<!-- \/ Yoast SEO Premium plugin. -->","yoast_head_json":{"title":"Colgante Turquesa Dhalia Plata 925 Elegante y Sofisticado Largo 3 cm Ancho 2 cm Ideal para Estilo y Pureza - La Cantera del Ebro","robots":{"index":"index","follow":"follow","max-snippet":"max-snippet:-1","max-image-preview":"max-image-preview:large","max-video-preview":"max-video-preview:-1"},"canonical":"https:\/\/lacanteradelebro.es\/ca\/es_es\/producte\/colgante-turquesa-dhalia-plata-925-elegante-y-sofisticado-largo-3-cm-ancho-2-cm-ideal-para-estilo-y-pureza\/","og_locale":"ca_ES","og_type":"article","og_title":"Colgante Turquesa Dhalia Plata 925 Elegante y Sofisticado Largo 3 cm Ancho 2 cm Ideal para Estilo y Pureza","og_description":"Colgante Turquesa Dhalia Plata de 925 \u2728  Detalles del Producto:  El colgante turquesa dhalia est\u00e1 engarzado en plata de 925. Combina la elegancia del turquesa dhalia con la pureza de la plata de 925. Perfecto para quienes buscan un colgante con estilo y sofisticaci\u00f3n. Especificaciones:   Material:  Plata de 925.    Color:  Turquesa dhalia.    Dise\u00f1o:  Engarzado en plata de 925. Medidas:   Largo:  3 cm.    Ancho:  2 cm. Este colgante es una elecci\u00f3n ideal para quienes valoran la combinaci\u00f3n de colores y materiales.","og_url":"https:\/\/lacanteradelebro.es\/ca\/es_es\/producte\/colgante-turquesa-dhalia-plata-925-elegante-y-sofisticado-largo-3-cm-ancho-2-cm-ideal-para-estilo-y-pureza\/","og_site_name":"La Cantera del Ebro","og_image":[{"width":2560,"height":1583,"url":"https:\/\/lacanteradelebro.es\/wp-content\/uploads\/2025\/08\/Screenshot_20250815_230608_One-UI-Home-1-scaled.jpg","type":"image\/jpeg"}],"twitter_card":"summary_large_image","schema":{"@context":"https:\/\/schema.org","@graph":[{"@type":"WebPage","@id":"https:\/\/lacanteradelebro.es\/es_es\/producto\/colgante-turquesa-dhalia-plata-925-elegante-y-sofisticado-largo-3-cm-ancho-2-cm-ideal-para-estilo-y-pureza\/","url":"https:\/\/lacanteradelebro.es\/es_es\/producto\/colgante-turquesa-dhalia-plata-925-elegante-y-sofisticado-largo-3-cm-ancho-2-cm-ideal-para-estilo-y-pureza\/","name":"Colgante Turquesa Dhalia Plata 925 Elegante y Sofisticado Largo 3 cm Ancho 2 cm Ideal para Estilo y Pureza - La Cantera del Ebro","isPartOf":{"@id":"https:\/\/lacanteradelebro.es\/#website"},"primaryImageOfPage":{"@id":"https:\/\/lacanteradelebro.es\/es_es\/producto\/colgante-turquesa-dhalia-plata-925-elegante-y-sofisticado-largo-3-cm-ancho-2-cm-ideal-para-estilo-y-pureza\/#primaryimage"},"image":{"@id":"https:\/\/lacanteradelebro.es\/es_es\/producto\/colgante-turquesa-dhalia-plata-925-elegante-y-sofisticado-largo-3-cm-ancho-2-cm-ideal-para-estilo-y-pureza\/#primaryimage"},"thumbnailUrl":"https:\/\/lacanteradelebro.es\/wp-content\/uploads\/2026\/02\/c3c0d24dcdfa4753a801a4e2340fee80tplv-t5fjg24jzw-origin-jpeg-2-1.jpeg","datePublished":"2026-02-23T08:39:32+00:00","breadcrumb":{"@id":"https:\/\/lacanteradelebro.es\/es_es\/producto\/colgante-turquesa-dhalia-plata-925-elegante-y-sofisticado-largo-3-cm-ancho-2-cm-ideal-para-estilo-y-pureza\/#breadcrumb"},"inLanguage":"ca","potentialAction":[{"@type":"ReadAction","target":["https:\/\/lacanteradelebro.es\/es_es\/producto\/colgante-turquesa-dhalia-plata-925-elegante-y-sofisticado-largo-3-cm-ancho-2-cm-ideal-para-estilo-y-pureza\/"]}]},{"@type":"ImageObject","inLanguage":"ca","@id":"https:\/\/lacanteradelebro.es\/es_es\/producto\/colgante-turquesa-dhalia-plata-925-elegante-y-sofisticado-largo-3-cm-ancho-2-cm-ideal-para-estilo-y-pureza\/#primaryimage","url":"https:\/\/lacanteradelebro.es\/wp-content\/uploads\/2026\/02\/c3c0d24dcdfa4753a801a4e2340fee80tplv-t5fjg24jzw-origin-jpeg-2-1.jpeg","contentUrl":"https:\/\/lacanteradelebro.es\/wp-content\/uploads\/2026\/02\/c3c0d24dcdfa4753a801a4e2340fee80tplv-t5fjg24jzw-origin-jpeg-2-1.jpeg","width":1000,"height":1000},{"@type":"BreadcrumbList","@id":"https:\/\/lacanteradelebro.es\/es_es\/producto\/colgante-turquesa-dhalia-plata-925-elegante-y-sofisticado-largo-3-cm-ancho-2-cm-ideal-para-estilo-y-pureza\/#breadcrumb","itemListElement":[{"@type":"ListItem","position":1,"name":"Portada","item":"https:\/\/lacanteradelebro.es\/es\/"},{"@type":"ListItem","position":2,"name":"Shop","item":"https:\/\/lacanteradelebro.es\/ca\/tienda-2\/"},{"@type":"ListItem","position":3,"name":"Colgante Turquesa Dhalia Plata 925 Elegante y Sofisticado Largo 3 cm Ancho 2 cm Ideal para Estilo y Pureza"}]},{"@type":"WebSite","@id":"https:\/\/lacanteradelebro.es\/#website","url":"https:\/\/lacanteradelebro.es\/","name":"La Cantera del Ebro","description":"Transformamos la belleza de la piedra natural y la calidez de la madera artesanal en joyas y objetos \u00fanicos. Cada creaci\u00f3n est\u00e1 hecha a mano con pasi\u00f3n, conect\u00e1ndote con la Tierra a trav\u00e9s de dise\u00f1os exclusivos y llenos de alma.","publisher":{"@id":"https:\/\/lacanteradelebro.es\/#\/schema\/person\/2c7df64eef01f69456a16d6540d266df"},"potentialAction":[{"@type":"SearchAction","target":{"@type":"EntryPoint","urlTemplate":"https:\/\/lacanteradelebro.es\/?s={search_term_string}"},"query-input":{"@type":"PropertyValueSpecification","valueRequired":true,"valueName":"search_term_string"}}],"inLanguage":"ca"},{"@type":["Person","Organization"],"@id":"https:\/\/lacanteradelebro.es\/#\/schema\/person\/2c7df64eef01f69456a16d6540d266df","name":"Fernando","image":{"@type":"ImageObject","inLanguage":"ca","@id":"https:\/\/lacanteradelebro.es\/wp-content\/uploads\/2025\/06\/cropped-Logo_BO2.png","url":"https:\/\/lacanteradelebro.es\/wp-content\/uploads\/2025\/06\/cropped-Logo_BO2.png","contentUrl":"https:\/\/lacanteradelebro.es\/wp-content\/uploads\/2025\/06\/cropped-Logo_BO2.png","width":512,"height":512,"caption":"Fernando"},"logo":{"@id":"https:\/\/lacanteradelebro.es\/wp-content\/uploads\/2025\/06\/cropped-Logo_BO2.png"},"publishingPrinciples":"https:\/\/lacanteradelebro.es\/ca\/politica-de-privacidad\/","ownershipFundingInfo":"https:\/\/lacanteradelebro.es\/ca\/politica-de-privacidad\/","actionableFeedbackPolicy":"https:\/\/lacanteradelebro.es\/ca\/aviso-legal\/","correctionsPolicy":"https:\/\/lacanteradelebro.es\/ca\/reembolso_devoluciones\/","ethicsPolicy":"https:\/\/lacanteradelebro.es\/ca\/politica-de-cookies\/","diversityPolicy":"https:\/\/lacanteradelebro.es\/ca\/politica-de-cookies\/","diversityStaffingReport":"https:\/\/lacanteradelebro.es\/ca\/politica-de-privacidad\/"}]}},"_links":{"self":[{"href":"https:\/\/lacanteradelebro.es\/ca\/wp-json\/wp\/v2\/product\/4468","targetHints":{"allow":["GET"]}}],"collection":[{"href":"https:\/\/lacanteradelebro.es\/ca\/wp-json\/wp\/v2\/product"}],"about":[{"href":"https:\/\/lacanteradelebro.es\/ca\/wp-json\/wp\/v2\/types\/product"}],"replies":[{"embeddable":true,"href":"https:\/\/lacanteradelebro.es\/ca\/wp-json\/wp\/v2\/comments?post=4468"}],"wp:featuredmedia":[{"embeddable":true,"href":"https:\/\/lacanteradelebro.es\/ca\/wp-json\/wp\/v2\/media\/4467"}],"wp:attachment":[{"href":"https:\/\/lacanteradelebro.es\/ca\/wp-json\/wp\/v2\/media?parent=4468"}],"wp:term":[{"taxonomy":"product_brand","embeddable":true,"href":"https:\/\/lacanteradelebro.es\/ca\/wp-json\/wp\/v2\/product_brand?post=4468"},{"taxonomy":"product_cat","embeddable":true,"href":"https:\/\/lacanteradelebro.es\/ca\/wp-json\/wp\/v2\/product_cat?post=4468"},{"taxonomy":"product_tag","embeddable":true,"href":"https:\/\/lacanteradelebro.es\/ca\/wp-json\/wp\/v2\/product_tag?post=4468"}],"curies":[{"name":"wp","href":"https:\/\/api.w.org\/{rel}","templated":true}]}}