{"id":4397,"date":"2026-02-23T08:37:09","date_gmt":"2026-02-23T08:37:09","guid":{"rendered":"https:\/\/lacanteradelebro.es\/es_es\/producto\/pulsera-multimineral-formada-de-turquesa-natural-rodocrosita-amatista-y-charooita-en-plata-925\/"},"modified":"2026-02-23T08:37:09","modified_gmt":"2026-02-23T08:37:09","slug":"pulsera-multimineral-formada-de-turquesa-natural-rodocrosita-amatista-y-charooita-en-plata-925","status":"publish","type":"product","link":"https:\/\/lacanteradelebro.es\/ca\/producte\/pulsera-multimineral-formada-de-turquesa-natural-rodocrosita-amatista-y-charooita-en-plata-925\/","title":{"rendered":"Pulsera multimineral formada de Turquesa natural, rodocrosita, amatista y charooita en plata 925"},"content":{"rendered":"<h2>\n<p>  Pulsera Multimineral <\/p>\n<\/h2>\n<p> Talla 16\/19 cm<\/p>\n<p> \u2728 <strong>  Dise\u00f1o \u00fanico: <\/strong> La pulsera combina turquesa natural, rodocrosita, amatista y charooita. Cada piedra aporta un toque especial. \ud83c\udf08<\/p>\n<ul>\n<li>  <strong>   Material:  <\/strong>  Fabricada en plata 925, garantiza un brillo duradero. \ud83c\udffa <\/li>\n<\/ul>\n<h2>\n<p>  Detalles del producto <\/p>\n<\/h2>\n<ul>\n<li>  <strong>   Piedras:  <\/strong>  Incluye turquesa natural, rodocrosita, amatista y charooita. Cada una con sus propiedades \u00fanicas. \ud83c\udf1f <\/li>\n<li>  <strong>   Plata 925:  <\/strong>  El material de la pulsera es plata 925, conocida por su calidad. \ud83c\udffa <\/li>\n<\/ul>\n<h2>\n<p>  Uso <\/p>\n<\/h2>\n<p> Ideal para quienes buscan una pulsera con m\u00faltiples minerales. Combina estilo y naturalidad. \ud83c\udf08<\/p>\n<h2>\n<p>  Nota <\/p>\n<\/h2>\n<p> La pulsera es una pieza \u00fanica que combina varias piedras preciosas. Perfecta para ocasiones especiales. \ud83c\udf89<\/p>","protected":false},"excerpt":{"rendered":"<h2 style=\"text-align: left\"> Pulsera Multimineral<\/h2>\n<p> Talla 16\/19 cm<\/p>\n<p> \u2728 <strong>  Dise\u00f1o \u00fanico: <\/strong> La pulsera combina turquesa natural, rodocrosita, amatista y charooita. Cada piedra aporta un toque especial. \ud83c\udf08<\/p>\n<ul>\n<li>  <strong>   Material:  <\/strong>  Fabricada en plata 925, garantiza un brillo duradero. \ud83c\udffa <\/li>\n<\/ul>\n<h2 style=\"text-align: left\"> Detalles del producto<\/h2>\n<ul>\n<li>  <strong>   Piedras:  <\/strong>  Incluye turquesa natural, rodocrosita, amatista y charooita. Cada una con sus propiedades \u00fanicas. \ud83c\udf1f <\/li>\n<li>  <strong>   Plata 925:  <\/strong>  El material de la pulsera es plata 925, conocida por su calidad. \ud83c\udffa <\/li>\n<\/ul>\n<h2 style=\"text-align: left\"> Uso<\/h2>\n<p> Ideal para quienes buscan una pulsera con m\u00faltiples minerales. Combina estilo y naturalidad. \ud83c\udf08<\/p>\n<h2 style=\"text-align: left\"> Nota<\/h2>\n<p> La pulsera es una pieza \u00fanica que combina varias piedras preciosas. Perfecta para ocasiones especiales. \ud83c\udf89<\/p>","protected":false},"featured_media":4392,"comment_status":"open","ping_status":"closed","template":"","meta":{"inline_featured_image":false},"product_brand":[],"product_cat":[92,115,120,45,42,43],"product_tag":[],"class_list":{"0":"post-4397","1":"product","2":"type-product","3":"status-publish","4":"has-post-thumbnail","6":"product_cat-accesorios-de-joyeria-y-derivados","7":"product_cat-cristal-natural","8":"product_cat-pulseras-y-tobilleras-de-cristal-natural","9":"product_cat-joyeria","10":"product_cat-minerales","11":"product_cat-pulseras","13":"first","14":"instock","15":"shipping-taxable","16":"purchasable","17":"product-type-simple"},"yoast_head":"<!-- This site is optimized with the Yoast SEO Premium plugin v27.0 (Yoast SEO v27.1.1) - https:\/\/yoast.com\/product\/yoast-seo-premium-wordpress\/ -->\n<title>Pulsera multimineral formada de Turquesa natural, rodocrosita, amatista y charooita en plata 925 - La Cantera del Ebro<\/title>\n<meta name=\"robots\" content=\"index, follow, max-snippet:-1, max-image-preview:large, max-video-preview:-1\" \/>\n<link rel=\"canonical\" href=\"https:\/\/lacanteradelebro.es\/ca\/es_es\/producte\/pulsera-multimineral-formada-de-turquesa-natural-rodocrosita-amatista-y-charooita-en-plata-925\/\" \/>\n<meta property=\"og:locale\" content=\"ca_ES\" \/>\n<meta property=\"og:type\" content=\"article\" \/>\n<meta property=\"og:title\" content=\"Pulsera multimineral formada de Turquesa natural, rodocrosita, amatista y charooita en plata 925\" \/>\n<meta property=\"og:description\" content=\"Pulsera Multimineral Talla 16\/19 cm \u2728  Dise\u00f1o \u00fanico: La pulsera combina turquesa natural, rodocrosita, amatista y charooita. Cada piedra aporta un toque especial. \ud83c\udf08   Material:  Fabricada en plata 925, garantiza un brillo duradero. \ud83c\udffa Detalles del producto   Piedras:  Incluye turquesa natural, rodocrosita, amatista y charooita. Cada una con sus propiedades \u00fanicas. \ud83c\udf1f    Plata 925:  El material de la pulsera es plata 925, conocida por su calidad. \ud83c\udffa Uso Ideal para quienes buscan una pulsera con m\u00faltiples minerales. Combina estilo y naturalidad. \ud83c\udf08 Nota La pulsera es una pieza \u00fanica que combina varias piedras preciosas. Perfecta para ocasiones especiales. \ud83c\udf89\" \/>\n<meta property=\"og:url\" content=\"https:\/\/lacanteradelebro.es\/ca\/es_es\/producte\/pulsera-multimineral-formada-de-turquesa-natural-rodocrosita-amatista-y-charooita-en-plata-925\/\" \/>\n<meta property=\"og:site_name\" content=\"La Cantera del Ebro\" \/>\n<meta property=\"og:image\" content=\"https:\/\/lacanteradelebro.es\/wp-content\/uploads\/2025\/08\/Screenshot_20250815_230608_One-UI-Home-1-scaled.jpg\" \/>\n\t<meta property=\"og:image:width\" content=\"2560\" \/>\n\t<meta property=\"og:image:height\" content=\"1583\" \/>\n\t<meta property=\"og:image:type\" content=\"image\/jpeg\" \/>\n<meta name=\"twitter:card\" content=\"summary_large_image\" \/>\n<script type=\"application\/ld+json\" class=\"yoast-schema-graph\">{\"@context\":\"https:\/\/schema.org\",\"@graph\":[{\"@type\":\"WebPage\",\"@id\":\"https:\/\/lacanteradelebro.es\/es_es\/producto\/pulsera-multimineral-formada-de-turquesa-natural-rodocrosita-amatista-y-charooita-en-plata-925\/\",\"url\":\"https:\/\/lacanteradelebro.es\/es_es\/producto\/pulsera-multimineral-formada-de-turquesa-natural-rodocrosita-amatista-y-charooita-en-plata-925\/\",\"name\":\"Pulsera multimineral formada de Turquesa natural, rodocrosita, amatista y charooita en plata 925 - La Cantera del Ebro\",\"isPartOf\":{\"@id\":\"https:\/\/lacanteradelebro.es\/#website\"},\"primaryImageOfPage\":{\"@id\":\"https:\/\/lacanteradelebro.es\/es_es\/producto\/pulsera-multimineral-formada-de-turquesa-natural-rodocrosita-amatista-y-charooita-en-plata-925\/#primaryimage\"},\"image\":{\"@id\":\"https:\/\/lacanteradelebro.es\/es_es\/producto\/pulsera-multimineral-formada-de-turquesa-natural-rodocrosita-amatista-y-charooita-en-plata-925\/#primaryimage\"},\"thumbnailUrl\":\"https:\/\/lacanteradelebro.es\/wp-content\/uploads\/2026\/02\/06c6085e18304ac5b945b640e2908ae1tplv-t5fjg24jzw-origin-jpeg-scaled-1.jpeg\",\"datePublished\":\"2026-02-23T08:37:09+00:00\",\"breadcrumb\":{\"@id\":\"https:\/\/lacanteradelebro.es\/es_es\/producto\/pulsera-multimineral-formada-de-turquesa-natural-rodocrosita-amatista-y-charooita-en-plata-925\/#breadcrumb\"},\"inLanguage\":\"ca\",\"potentialAction\":[{\"@type\":\"ReadAction\",\"target\":[\"https:\/\/lacanteradelebro.es\/es_es\/producto\/pulsera-multimineral-formada-de-turquesa-natural-rodocrosita-amatista-y-charooita-en-plata-925\/\"]}]},{\"@type\":\"ImageObject\",\"inLanguage\":\"ca\",\"@id\":\"https:\/\/lacanteradelebro.es\/es_es\/producto\/pulsera-multimineral-formada-de-turquesa-natural-rodocrosita-amatista-y-charooita-en-plata-925\/#primaryimage\",\"url\":\"https:\/\/lacanteradelebro.es\/wp-content\/uploads\/2026\/02\/06c6085e18304ac5b945b640e2908ae1tplv-t5fjg24jzw-origin-jpeg-scaled-1.jpeg\",\"contentUrl\":\"https:\/\/lacanteradelebro.es\/wp-content\/uploads\/2026\/02\/06c6085e18304ac5b945b640e2908ae1tplv-t5fjg24jzw-origin-jpeg-scaled-1.jpeg\",\"width\":1600,\"height\":2133},{\"@type\":\"BreadcrumbList\",\"@id\":\"https:\/\/lacanteradelebro.es\/es_es\/producto\/pulsera-multimineral-formada-de-turquesa-natural-rodocrosita-amatista-y-charooita-en-plata-925\/#breadcrumb\",\"itemListElement\":[{\"@type\":\"ListItem\",\"position\":1,\"name\":\"Portada\",\"item\":\"https:\/\/lacanteradelebro.es\/es\/\"},{\"@type\":\"ListItem\",\"position\":2,\"name\":\"Shop\",\"item\":\"https:\/\/lacanteradelebro.es\/ca\/tienda-2\/\"},{\"@type\":\"ListItem\",\"position\":3,\"name\":\"Pulsera multimineral formada de Turquesa natural, rodocrosita, amatista y charooita en plata 925\"}]},{\"@type\":\"WebSite\",\"@id\":\"https:\/\/lacanteradelebro.es\/#website\",\"url\":\"https:\/\/lacanteradelebro.es\/\",\"name\":\"La Cantera del Ebro\",\"description\":\"Transformamos la belleza de la piedra natural y la calidez de la madera artesanal en joyas y objetos \u00fanicos. Cada creaci\u00f3n est\u00e1 hecha a mano con pasi\u00f3n, conect\u00e1ndote con la Tierra a trav\u00e9s de dise\u00f1os exclusivos y llenos de alma.\",\"publisher\":{\"@id\":\"https:\/\/lacanteradelebro.es\/#\/schema\/person\/2c7df64eef01f69456a16d6540d266df\"},\"potentialAction\":[{\"@type\":\"SearchAction\",\"target\":{\"@type\":\"EntryPoint\",\"urlTemplate\":\"https:\/\/lacanteradelebro.es\/?s={search_term_string}\"},\"query-input\":{\"@type\":\"PropertyValueSpecification\",\"valueRequired\":true,\"valueName\":\"search_term_string\"}}],\"inLanguage\":\"ca\"},{\"@type\":[\"Person\",\"Organization\"],\"@id\":\"https:\/\/lacanteradelebro.es\/#\/schema\/person\/2c7df64eef01f69456a16d6540d266df\",\"name\":\"Fernando\",\"image\":{\"@type\":\"ImageObject\",\"inLanguage\":\"ca\",\"@id\":\"https:\/\/lacanteradelebro.es\/#\/schema\/person\/image\/\",\"url\":\"https:\/\/lacanteradelebro.es\/wp-content\/uploads\/2025\/06\/cropped-Logo_BO2.png\",\"contentUrl\":\"https:\/\/lacanteradelebro.es\/wp-content\/uploads\/2025\/06\/cropped-Logo_BO2.png\",\"width\":512,\"height\":512,\"caption\":\"Fernando\"},\"logo\":{\"@id\":\"https:\/\/lacanteradelebro.es\/#\/schema\/person\/image\/\"},\"publishingPrinciples\":\"https:\/\/lacanteradelebro.es\/ca\/politica-de-privacidad\/\",\"ownershipFundingInfo\":\"https:\/\/lacanteradelebro.es\/ca\/politica-de-privacidad\/\",\"actionableFeedbackPolicy\":\"https:\/\/lacanteradelebro.es\/ca\/aviso-legal\/\",\"correctionsPolicy\":\"https:\/\/lacanteradelebro.es\/ca\/reembolso_devoluciones\/\",\"ethicsPolicy\":\"https:\/\/lacanteradelebro.es\/ca\/politica-de-cookies\/\",\"diversityPolicy\":\"https:\/\/lacanteradelebro.es\/ca\/politica-de-cookies\/\",\"diversityStaffingReport\":\"https:\/\/lacanteradelebro.es\/ca\/politica-de-privacidad\/\"}]}<\/script>\n<!-- \/ Yoast SEO Premium plugin. -->","yoast_head_json":{"title":"Pulsera multimineral formada de Turquesa natural, rodocrosita, amatista y charooita en plata 925 - La Cantera del Ebro","robots":{"index":"index","follow":"follow","max-snippet":"max-snippet:-1","max-image-preview":"max-image-preview:large","max-video-preview":"max-video-preview:-1"},"canonical":"https:\/\/lacanteradelebro.es\/ca\/es_es\/producte\/pulsera-multimineral-formada-de-turquesa-natural-rodocrosita-amatista-y-charooita-en-plata-925\/","og_locale":"ca_ES","og_type":"article","og_title":"Pulsera multimineral formada de Turquesa natural, rodocrosita, amatista y charooita en plata 925","og_description":"Pulsera Multimineral Talla 16\/19 cm \u2728  Dise\u00f1o \u00fanico: La pulsera combina turquesa natural, rodocrosita, amatista y charooita. Cada piedra aporta un toque especial. \ud83c\udf08   Material:  Fabricada en plata 925, garantiza un brillo duradero. \ud83c\udffa Detalles del producto   Piedras:  Incluye turquesa natural, rodocrosita, amatista y charooita. Cada una con sus propiedades \u00fanicas. \ud83c\udf1f    Plata 925:  El material de la pulsera es plata 925, conocida por su calidad. \ud83c\udffa Uso Ideal para quienes buscan una pulsera con m\u00faltiples minerales. Combina estilo y naturalidad. \ud83c\udf08 Nota La pulsera es una pieza \u00fanica que combina varias piedras preciosas. Perfecta para ocasiones especiales. \ud83c\udf89","og_url":"https:\/\/lacanteradelebro.es\/ca\/es_es\/producte\/pulsera-multimineral-formada-de-turquesa-natural-rodocrosita-amatista-y-charooita-en-plata-925\/","og_site_name":"La Cantera del Ebro","og_image":[{"width":2560,"height":1583,"url":"https:\/\/lacanteradelebro.es\/wp-content\/uploads\/2025\/08\/Screenshot_20250815_230608_One-UI-Home-1-scaled.jpg","type":"image\/jpeg"}],"twitter_card":"summary_large_image","schema":{"@context":"https:\/\/schema.org","@graph":[{"@type":"WebPage","@id":"https:\/\/lacanteradelebro.es\/es_es\/producto\/pulsera-multimineral-formada-de-turquesa-natural-rodocrosita-amatista-y-charooita-en-plata-925\/","url":"https:\/\/lacanteradelebro.es\/es_es\/producto\/pulsera-multimineral-formada-de-turquesa-natural-rodocrosita-amatista-y-charooita-en-plata-925\/","name":"Pulsera multimineral formada de Turquesa natural, rodocrosita, amatista y charooita en plata 925 - La Cantera del Ebro","isPartOf":{"@id":"https:\/\/lacanteradelebro.es\/#website"},"primaryImageOfPage":{"@id":"https:\/\/lacanteradelebro.es\/es_es\/producto\/pulsera-multimineral-formada-de-turquesa-natural-rodocrosita-amatista-y-charooita-en-plata-925\/#primaryimage"},"image":{"@id":"https:\/\/lacanteradelebro.es\/es_es\/producto\/pulsera-multimineral-formada-de-turquesa-natural-rodocrosita-amatista-y-charooita-en-plata-925\/#primaryimage"},"thumbnailUrl":"https:\/\/lacanteradelebro.es\/wp-content\/uploads\/2026\/02\/06c6085e18304ac5b945b640e2908ae1tplv-t5fjg24jzw-origin-jpeg-scaled-1.jpeg","datePublished":"2026-02-23T08:37:09+00:00","breadcrumb":{"@id":"https:\/\/lacanteradelebro.es\/es_es\/producto\/pulsera-multimineral-formada-de-turquesa-natural-rodocrosita-amatista-y-charooita-en-plata-925\/#breadcrumb"},"inLanguage":"ca","potentialAction":[{"@type":"ReadAction","target":["https:\/\/lacanteradelebro.es\/es_es\/producto\/pulsera-multimineral-formada-de-turquesa-natural-rodocrosita-amatista-y-charooita-en-plata-925\/"]}]},{"@type":"ImageObject","inLanguage":"ca","@id":"https:\/\/lacanteradelebro.es\/es_es\/producto\/pulsera-multimineral-formada-de-turquesa-natural-rodocrosita-amatista-y-charooita-en-plata-925\/#primaryimage","url":"https:\/\/lacanteradelebro.es\/wp-content\/uploads\/2026\/02\/06c6085e18304ac5b945b640e2908ae1tplv-t5fjg24jzw-origin-jpeg-scaled-1.jpeg","contentUrl":"https:\/\/lacanteradelebro.es\/wp-content\/uploads\/2026\/02\/06c6085e18304ac5b945b640e2908ae1tplv-t5fjg24jzw-origin-jpeg-scaled-1.jpeg","width":1600,"height":2133},{"@type":"BreadcrumbList","@id":"https:\/\/lacanteradelebro.es\/es_es\/producto\/pulsera-multimineral-formada-de-turquesa-natural-rodocrosita-amatista-y-charooita-en-plata-925\/#breadcrumb","itemListElement":[{"@type":"ListItem","position":1,"name":"Portada","item":"https:\/\/lacanteradelebro.es\/es\/"},{"@type":"ListItem","position":2,"name":"Shop","item":"https:\/\/lacanteradelebro.es\/ca\/tienda-2\/"},{"@type":"ListItem","position":3,"name":"Pulsera multimineral formada de Turquesa natural, rodocrosita, amatista y charooita en plata 925"}]},{"@type":"WebSite","@id":"https:\/\/lacanteradelebro.es\/#website","url":"https:\/\/lacanteradelebro.es\/","name":"La Cantera del Ebro","description":"Transformamos la belleza de la piedra natural y la calidez de la madera artesanal en joyas y objetos \u00fanicos. Cada creaci\u00f3n est\u00e1 hecha a mano con pasi\u00f3n, conect\u00e1ndote con la Tierra a trav\u00e9s de dise\u00f1os exclusivos y llenos de alma.","publisher":{"@id":"https:\/\/lacanteradelebro.es\/#\/schema\/person\/2c7df64eef01f69456a16d6540d266df"},"potentialAction":[{"@type":"SearchAction","target":{"@type":"EntryPoint","urlTemplate":"https:\/\/lacanteradelebro.es\/?s={search_term_string}"},"query-input":{"@type":"PropertyValueSpecification","valueRequired":true,"valueName":"search_term_string"}}],"inLanguage":"ca"},{"@type":["Person","Organization"],"@id":"https:\/\/lacanteradelebro.es\/#\/schema\/person\/2c7df64eef01f69456a16d6540d266df","name":"Fernando","image":{"@type":"ImageObject","inLanguage":"ca","@id":"https:\/\/lacanteradelebro.es\/#\/schema\/person\/image\/","url":"https:\/\/lacanteradelebro.es\/wp-content\/uploads\/2025\/06\/cropped-Logo_BO2.png","contentUrl":"https:\/\/lacanteradelebro.es\/wp-content\/uploads\/2025\/06\/cropped-Logo_BO2.png","width":512,"height":512,"caption":"Fernando"},"logo":{"@id":"https:\/\/lacanteradelebro.es\/#\/schema\/person\/image\/"},"publishingPrinciples":"https:\/\/lacanteradelebro.es\/ca\/politica-de-privacidad\/","ownershipFundingInfo":"https:\/\/lacanteradelebro.es\/ca\/politica-de-privacidad\/","actionableFeedbackPolicy":"https:\/\/lacanteradelebro.es\/ca\/aviso-legal\/","correctionsPolicy":"https:\/\/lacanteradelebro.es\/ca\/reembolso_devoluciones\/","ethicsPolicy":"https:\/\/lacanteradelebro.es\/ca\/politica-de-cookies\/","diversityPolicy":"https:\/\/lacanteradelebro.es\/ca\/politica-de-cookies\/","diversityStaffingReport":"https:\/\/lacanteradelebro.es\/ca\/politica-de-privacidad\/"}]}},"_links":{"self":[{"href":"https:\/\/lacanteradelebro.es\/ca\/wp-json\/wp\/v2\/product\/4397","targetHints":{"allow":["GET"]}}],"collection":[{"href":"https:\/\/lacanteradelebro.es\/ca\/wp-json\/wp\/v2\/product"}],"about":[{"href":"https:\/\/lacanteradelebro.es\/ca\/wp-json\/wp\/v2\/types\/product"}],"replies":[{"embeddable":true,"href":"https:\/\/lacanteradelebro.es\/ca\/wp-json\/wp\/v2\/comments?post=4397"}],"wp:featuredmedia":[{"embeddable":true,"href":"https:\/\/lacanteradelebro.es\/ca\/wp-json\/wp\/v2\/media\/4392"}],"wp:attachment":[{"href":"https:\/\/lacanteradelebro.es\/ca\/wp-json\/wp\/v2\/media?parent=4397"}],"wp:term":[{"taxonomy":"product_brand","embeddable":true,"href":"https:\/\/lacanteradelebro.es\/ca\/wp-json\/wp\/v2\/product_brand?post=4397"},{"taxonomy":"product_cat","embeddable":true,"href":"https:\/\/lacanteradelebro.es\/ca\/wp-json\/wp\/v2\/product_cat?post=4397"},{"taxonomy":"product_tag","embeddable":true,"href":"https:\/\/lacanteradelebro.es\/ca\/wp-json\/wp\/v2\/product_tag?post=4397"}],"curies":[{"name":"wp","href":"https:\/\/api.w.org\/{rel}","templated":true}]}}