{"id":4232,"date":"2026-02-21T09:37:33","date_gmt":"2026-02-21T09:37:33","guid":{"rendered":"https:\/\/lacanteradelebro.es\/es_es\/producto\/colgante-zafiro-azul-engarzado-en-plata-de-925-joyeria-fina-para-mujer\/"},"modified":"2026-02-21T10:56:47","modified_gmt":"2026-02-21T10:56:47","slug":"colgante-zafiro-azul-engarzado-en-plata-de-925-joyeria-fina-para-mujer","status":"publish","type":"product","link":"https:\/\/lacanteradelebro.es\/ca\/producte\/colgante-zafiro-azul-engarzado-en-plata-de-925-joyeria-fina-para-mujer\/","title":{"rendered":"Colgante Zafiro Azul Engarzado en Plata de 925 Joyer\u00eda Fina para Mujer"},"content":{"rendered":"<h2>\n<p>  Descripci\u00f3n del Producto <\/p>\n<\/h2>\n<p> Medida 2&#215;2 cm<\/p>\n<p> \u2728 <strong>  Colgante Zafiro Azul Engarzado en Plata de 925 <\/strong> \u2728<\/p>\n<ul>\n<li>  Este colgante est\u00e1 dise\u00f1ado con un zafiro azul, engarzado en plata de 925. Perfecto para mujeres que buscan joyer\u00eda fina. \ud83c\udf1f <\/li>\n<\/ul>\n<h2>\n<p>  Caracter\u00edsticas <\/p>\n<\/h2>\n<ul>\n<li>  <strong>   Material:  <\/strong>  Hecho de plata de 925, garantizando un acabado elegante y duradero. \ud83c\udffa <\/li>\n<li>  <strong>   Dise\u00f1o:  <\/strong>  El colgante incluye un zafiro azul, a\u00f1adiendo un toque de color y belleza. \ud83c\udf08 <\/li>\n<\/ul>\n<h2>\n<p>  Joyer\u00eda Fina <\/p>\n<\/h2>\n<ul>\n<li>  Este colgante es una pieza de joyer\u00eda fina, ideal para ocasiones especiales o uso diario. \ud83c\udf89 <\/li>\n<\/ul>\n<h2>\n<p>  Para Mujeres <\/p>\n<\/h2>\n<ul>\n<li>  Perfecto para mujeres que buscan joyer\u00eda de calidad y estilo. Un accesorio vers\u00e1til para cualquier outfit. \ud83c\udf80 <\/li>\n<\/ul>","protected":false},"excerpt":{"rendered":"<h2> Descripci\u00f3n del Producto<\/h2>\n<p> Medida 2\u00d72 cm<\/p>\n<p> \u2728 <strong>  Colgante Zafiro Azul Engarzado en Plata de 925 <\/strong> \u2728<\/p>\n<ul>\n<li>  Este colgante est\u00e1 dise\u00f1ado con un zafiro azul, engarzado en plata de 925. Perfecto para mujeres que buscan joyer\u00eda fina. \ud83c\udf1f <\/li>\n<\/ul>\n<h2> Caracter\u00edsticas<\/h2>\n<ul>\n<li>  <strong>   Material:  <\/strong>  Hecho de plata de 925, garantizando un acabado elegante y duradero. \ud83c\udffa <\/li>\n<li>  <strong>   Dise\u00f1o:  <\/strong>  El colgante incluye un zafiro azul, a\u00f1adiendo un toque de color y belleza. \ud83c\udf08 <\/li>\n<\/ul>\n<h2> Joyer\u00eda Fina<\/h2>\n<ul>\n<li>  Este colgante es una pieza de joyer\u00eda fina, ideal para ocasiones especiales o uso diario. \ud83c\udf89 <\/li>\n<\/ul>\n<h2> Para Mujeres<\/h2>\n<ul>\n<li>  Perfecto para mujeres que buscan joyer\u00eda de calidad y estilo. Un accesorio vers\u00e1til para cualquier outfit. \ud83c\udf80 <\/li>\n<\/ul>","protected":false},"featured_media":4229,"comment_status":"open","ping_status":"closed","template":"","meta":{"inline_featured_image":false},"product_brand":[],"product_cat":[92,97,113,50,45,42],"product_tag":[],"class_list":{"0":"post-4232","1":"product","2":"type-product","3":"status-publish","4":"has-post-thumbnail","6":"product_cat-accesorios-de-joyeria-y-derivados","7":"product_cat-rubi-zafiro-y-esmeralda","8":"product_cat-rubi-zafiro-y-esmeralda-semiacabados","9":"product_cat-colgantes","10":"product_cat-joyeria","11":"product_cat-minerales","13":"first","14":"instock","15":"shipping-taxable","16":"purchasable","17":"product-type-simple"},"yoast_head":"<!-- This site is optimized with the Yoast SEO Premium plugin v27.0 (Yoast SEO v27.4) - https:\/\/yoast.com\/product\/yoast-seo-premium-wordpress\/ -->\n<title>Colgante Zafiro Azul Engarzado en Plata de 925 Joyer\u00eda Fina para Mujer - La Cantera del Ebro<\/title>\n<meta name=\"robots\" content=\"index, follow, max-snippet:-1, max-image-preview:large, max-video-preview:-1\" \/>\n<link rel=\"canonical\" href=\"https:\/\/lacanteradelebro.es\/ca\/producte\/colgante-zafiro-azul-engarzado-en-plata-de-925-joyeria-fina-para-mujer\/\" \/>\n<meta property=\"og:locale\" content=\"ca_ES\" \/>\n<meta property=\"og:type\" content=\"article\" \/>\n<meta property=\"og:title\" content=\"Colgante Zafiro Azul Engarzado en Plata de 925 Joyer\u00eda Fina para Mujer\" \/>\n<meta property=\"og:description\" content=\"Descripci\u00f3n del Producto Medida 2\u00d72 cm \u2728  Colgante Zafiro Azul Engarzado en Plata de 925 \u2728  Este colgante est\u00e1 dise\u00f1ado con un zafiro azul, engarzado en plata de 925. Perfecto para mujeres que buscan joyer\u00eda fina. \ud83c\udf1f Caracter\u00edsticas   Material:  Hecho de plata de 925, garantizando un acabado elegante y duradero. \ud83c\udffa    Dise\u00f1o:  El colgante incluye un zafiro azul, a\u00f1adiendo un toque de color y belleza. \ud83c\udf08 Joyer\u00eda Fina  Este colgante es una pieza de joyer\u00eda fina, ideal para ocasiones especiales o uso diario. \ud83c\udf89 Para Mujeres  Perfecto para mujeres que buscan joyer\u00eda de calidad y estilo. Un accesorio vers\u00e1til para cualquier outfit. \ud83c\udf80\" \/>\n<meta property=\"og:url\" content=\"https:\/\/lacanteradelebro.es\/ca\/producte\/colgante-zafiro-azul-engarzado-en-plata-de-925-joyeria-fina-para-mujer\/\" \/>\n<meta property=\"og:site_name\" content=\"La Cantera del Ebro\" \/>\n<meta property=\"article:modified_time\" content=\"2026-02-21T10:56:47+00:00\" \/>\n<meta property=\"og:image\" content=\"https:\/\/lacanteradelebro.es\/wp-content\/uploads\/2026\/02\/3567e204b7b048cdb8a236a688a3a249tplv-t5fjg24jzw-origin-jpeg-1.jpeg\" \/>\n\t<meta property=\"og:image:width\" content=\"1000\" \/>\n\t<meta property=\"og:image:height\" content=\"1000\" \/>\n\t<meta property=\"og:image:type\" content=\"image\/jpeg\" \/>\n<meta name=\"twitter:card\" content=\"summary_large_image\" \/>\n<meta name=\"twitter:label1\" content=\"Temps estimat de lectura\" \/>\n\t<meta name=\"twitter:data1\" content=\"1 minut\" \/>\n<script type=\"application\/ld+json\" class=\"yoast-schema-graph\">{\"@context\":\"https:\\\/\\\/schema.org\",\"@graph\":[{\"@type\":\"WebPage\",\"@id\":\"https:\\\/\\\/lacanteradelebro.es\\\/producto\\\/colgante-zafiro-azul-engarzado-en-plata-de-925-joyeria-fina-para-mujer\\\/\",\"url\":\"https:\\\/\\\/lacanteradelebro.es\\\/producto\\\/colgante-zafiro-azul-engarzado-en-plata-de-925-joyeria-fina-para-mujer\\\/\",\"name\":\"Colgante Zafiro Azul Engarzado en Plata de 925 Joyer\u00eda Fina para Mujer - La Cantera del Ebro\",\"isPartOf\":{\"@id\":\"https:\\\/\\\/lacanteradelebro.es\\\/#website\"},\"primaryImageOfPage\":{\"@id\":\"https:\\\/\\\/lacanteradelebro.es\\\/producto\\\/colgante-zafiro-azul-engarzado-en-plata-de-925-joyeria-fina-para-mujer\\\/#primaryimage\"},\"image\":{\"@id\":\"https:\\\/\\\/lacanteradelebro.es\\\/producto\\\/colgante-zafiro-azul-engarzado-en-plata-de-925-joyeria-fina-para-mujer\\\/#primaryimage\"},\"thumbnailUrl\":\"https:\\\/\\\/lacanteradelebro.es\\\/wp-content\\\/uploads\\\/2026\\\/02\\\/3567e204b7b048cdb8a236a688a3a249tplv-t5fjg24jzw-origin-jpeg-1.jpeg\",\"datePublished\":\"2026-02-21T09:37:33+00:00\",\"dateModified\":\"2026-02-21T10:56:47+00:00\",\"breadcrumb\":{\"@id\":\"https:\\\/\\\/lacanteradelebro.es\\\/producto\\\/colgante-zafiro-azul-engarzado-en-plata-de-925-joyeria-fina-para-mujer\\\/#breadcrumb\"},\"inLanguage\":\"ca\",\"potentialAction\":[{\"@type\":\"ReadAction\",\"target\":[\"https:\\\/\\\/lacanteradelebro.es\\\/producto\\\/colgante-zafiro-azul-engarzado-en-plata-de-925-joyeria-fina-para-mujer\\\/\"]}]},{\"@type\":\"ImageObject\",\"inLanguage\":\"ca\",\"@id\":\"https:\\\/\\\/lacanteradelebro.es\\\/producto\\\/colgante-zafiro-azul-engarzado-en-plata-de-925-joyeria-fina-para-mujer\\\/#primaryimage\",\"url\":\"https:\\\/\\\/lacanteradelebro.es\\\/wp-content\\\/uploads\\\/2026\\\/02\\\/3567e204b7b048cdb8a236a688a3a249tplv-t5fjg24jzw-origin-jpeg-1.jpeg\",\"contentUrl\":\"https:\\\/\\\/lacanteradelebro.es\\\/wp-content\\\/uploads\\\/2026\\\/02\\\/3567e204b7b048cdb8a236a688a3a249tplv-t5fjg24jzw-origin-jpeg-1.jpeg\",\"width\":1000,\"height\":1000},{\"@type\":\"BreadcrumbList\",\"@id\":\"https:\\\/\\\/lacanteradelebro.es\\\/producto\\\/colgante-zafiro-azul-engarzado-en-plata-de-925-joyeria-fina-para-mujer\\\/#breadcrumb\",\"itemListElement\":[{\"@type\":\"ListItem\",\"position\":1,\"name\":\"Portada\",\"item\":\"https:\\\/\\\/lacanteradelebro.es\\\/es\\\/\"},{\"@type\":\"ListItem\",\"position\":2,\"name\":\"Shop\",\"item\":\"https:\\\/\\\/lacanteradelebro.es\\\/ca\\\/tienda-2\\\/\"},{\"@type\":\"ListItem\",\"position\":3,\"name\":\"Colgante Zafiro Azul Engarzado en Plata de 925 Joyer\u00eda Fina para Mujer\"}]},{\"@type\":\"WebSite\",\"@id\":\"https:\\\/\\\/lacanteradelebro.es\\\/#website\",\"url\":\"https:\\\/\\\/lacanteradelebro.es\\\/\",\"name\":\"La Cantera del Ebro\",\"description\":\"Transformamos la belleza de la piedra natural y la calidez de la madera artesanal en joyas y objetos \u00fanicos. Cada creaci\u00f3n est\u00e1 hecha a mano con pasi\u00f3n, conect\u00e1ndote con la Tierra a trav\u00e9s de dise\u00f1os exclusivos y llenos de alma.\",\"publisher\":{\"@id\":\"https:\\\/\\\/lacanteradelebro.es\\\/#\\\/schema\\\/person\\\/2c7df64eef01f69456a16d6540d266df\"},\"potentialAction\":[{\"@type\":\"SearchAction\",\"target\":{\"@type\":\"EntryPoint\",\"urlTemplate\":\"https:\\\/\\\/lacanteradelebro.es\\\/?s={search_term_string}\"},\"query-input\":{\"@type\":\"PropertyValueSpecification\",\"valueRequired\":true,\"valueName\":\"search_term_string\"}}],\"inLanguage\":\"ca\"},{\"@type\":[\"Person\",\"Organization\"],\"@id\":\"https:\\\/\\\/lacanteradelebro.es\\\/#\\\/schema\\\/person\\\/2c7df64eef01f69456a16d6540d266df\",\"name\":\"Fernando\",\"image\":{\"@type\":\"ImageObject\",\"inLanguage\":\"ca\",\"@id\":\"https:\\\/\\\/lacanteradelebro.es\\\/wp-content\\\/uploads\\\/2025\\\/06\\\/cropped-Logo_BO2.png\",\"url\":\"https:\\\/\\\/lacanteradelebro.es\\\/wp-content\\\/uploads\\\/2025\\\/06\\\/cropped-Logo_BO2.png\",\"contentUrl\":\"https:\\\/\\\/lacanteradelebro.es\\\/wp-content\\\/uploads\\\/2025\\\/06\\\/cropped-Logo_BO2.png\",\"width\":512,\"height\":512,\"caption\":\"Fernando\"},\"logo\":{\"@id\":\"https:\\\/\\\/lacanteradelebro.es\\\/wp-content\\\/uploads\\\/2025\\\/06\\\/cropped-Logo_BO2.png\"},\"publishingPrinciples\":\"https:\\\/\\\/lacanteradelebro.es\\\/ca\\\/politica-de-privacidad\\\/\",\"ownershipFundingInfo\":\"https:\\\/\\\/lacanteradelebro.es\\\/ca\\\/politica-de-privacidad\\\/\",\"actionableFeedbackPolicy\":\"https:\\\/\\\/lacanteradelebro.es\\\/ca\\\/aviso-legal\\\/\",\"correctionsPolicy\":\"https:\\\/\\\/lacanteradelebro.es\\\/ca\\\/reembolso_devoluciones\\\/\",\"ethicsPolicy\":\"https:\\\/\\\/lacanteradelebro.es\\\/ca\\\/politica-de-cookies\\\/\",\"diversityPolicy\":\"https:\\\/\\\/lacanteradelebro.es\\\/ca\\\/politica-de-cookies\\\/\",\"diversityStaffingReport\":\"https:\\\/\\\/lacanteradelebro.es\\\/ca\\\/politica-de-privacidad\\\/\"}]}<\/script>\n<!-- \/ Yoast SEO Premium plugin. -->","yoast_head_json":{"title":"Colgante Zafiro Azul Engarzado en Plata de 925 Joyer\u00eda Fina para Mujer - La Cantera del Ebro","robots":{"index":"index","follow":"follow","max-snippet":"max-snippet:-1","max-image-preview":"max-image-preview:large","max-video-preview":"max-video-preview:-1"},"canonical":"https:\/\/lacanteradelebro.es\/ca\/producte\/colgante-zafiro-azul-engarzado-en-plata-de-925-joyeria-fina-para-mujer\/","og_locale":"ca_ES","og_type":"article","og_title":"Colgante Zafiro Azul Engarzado en Plata de 925 Joyer\u00eda Fina para Mujer","og_description":"Descripci\u00f3n del Producto Medida 2\u00d72 cm \u2728  Colgante Zafiro Azul Engarzado en Plata de 925 \u2728  Este colgante est\u00e1 dise\u00f1ado con un zafiro azul, engarzado en plata de 925. Perfecto para mujeres que buscan joyer\u00eda fina. \ud83c\udf1f Caracter\u00edsticas   Material:  Hecho de plata de 925, garantizando un acabado elegante y duradero. \ud83c\udffa    Dise\u00f1o:  El colgante incluye un zafiro azul, a\u00f1adiendo un toque de color y belleza. \ud83c\udf08 Joyer\u00eda Fina  Este colgante es una pieza de joyer\u00eda fina, ideal para ocasiones especiales o uso diario. \ud83c\udf89 Para Mujeres  Perfecto para mujeres que buscan joyer\u00eda de calidad y estilo. Un accesorio vers\u00e1til para cualquier outfit. \ud83c\udf80","og_url":"https:\/\/lacanteradelebro.es\/ca\/producte\/colgante-zafiro-azul-engarzado-en-plata-de-925-joyeria-fina-para-mujer\/","og_site_name":"La Cantera del Ebro","article_modified_time":"2026-02-21T10:56:47+00:00","og_image":[{"width":1000,"height":1000,"url":"https:\/\/lacanteradelebro.es\/wp-content\/uploads\/2026\/02\/3567e204b7b048cdb8a236a688a3a249tplv-t5fjg24jzw-origin-jpeg-1.jpeg","type":"image\/jpeg"}],"twitter_card":"summary_large_image","twitter_misc":{"Temps estimat de lectura":"1 minut"},"schema":{"@context":"https:\/\/schema.org","@graph":[{"@type":"WebPage","@id":"https:\/\/lacanteradelebro.es\/producto\/colgante-zafiro-azul-engarzado-en-plata-de-925-joyeria-fina-para-mujer\/","url":"https:\/\/lacanteradelebro.es\/producto\/colgante-zafiro-azul-engarzado-en-plata-de-925-joyeria-fina-para-mujer\/","name":"Colgante Zafiro Azul Engarzado en Plata de 925 Joyer\u00eda Fina para Mujer - La Cantera del Ebro","isPartOf":{"@id":"https:\/\/lacanteradelebro.es\/#website"},"primaryImageOfPage":{"@id":"https:\/\/lacanteradelebro.es\/producto\/colgante-zafiro-azul-engarzado-en-plata-de-925-joyeria-fina-para-mujer\/#primaryimage"},"image":{"@id":"https:\/\/lacanteradelebro.es\/producto\/colgante-zafiro-azul-engarzado-en-plata-de-925-joyeria-fina-para-mujer\/#primaryimage"},"thumbnailUrl":"https:\/\/lacanteradelebro.es\/wp-content\/uploads\/2026\/02\/3567e204b7b048cdb8a236a688a3a249tplv-t5fjg24jzw-origin-jpeg-1.jpeg","datePublished":"2026-02-21T09:37:33+00:00","dateModified":"2026-02-21T10:56:47+00:00","breadcrumb":{"@id":"https:\/\/lacanteradelebro.es\/producto\/colgante-zafiro-azul-engarzado-en-plata-de-925-joyeria-fina-para-mujer\/#breadcrumb"},"inLanguage":"ca","potentialAction":[{"@type":"ReadAction","target":["https:\/\/lacanteradelebro.es\/producto\/colgante-zafiro-azul-engarzado-en-plata-de-925-joyeria-fina-para-mujer\/"]}]},{"@type":"ImageObject","inLanguage":"ca","@id":"https:\/\/lacanteradelebro.es\/producto\/colgante-zafiro-azul-engarzado-en-plata-de-925-joyeria-fina-para-mujer\/#primaryimage","url":"https:\/\/lacanteradelebro.es\/wp-content\/uploads\/2026\/02\/3567e204b7b048cdb8a236a688a3a249tplv-t5fjg24jzw-origin-jpeg-1.jpeg","contentUrl":"https:\/\/lacanteradelebro.es\/wp-content\/uploads\/2026\/02\/3567e204b7b048cdb8a236a688a3a249tplv-t5fjg24jzw-origin-jpeg-1.jpeg","width":1000,"height":1000},{"@type":"BreadcrumbList","@id":"https:\/\/lacanteradelebro.es\/producto\/colgante-zafiro-azul-engarzado-en-plata-de-925-joyeria-fina-para-mujer\/#breadcrumb","itemListElement":[{"@type":"ListItem","position":1,"name":"Portada","item":"https:\/\/lacanteradelebro.es\/es\/"},{"@type":"ListItem","position":2,"name":"Shop","item":"https:\/\/lacanteradelebro.es\/ca\/tienda-2\/"},{"@type":"ListItem","position":3,"name":"Colgante Zafiro Azul Engarzado en Plata de 925 Joyer\u00eda Fina para Mujer"}]},{"@type":"WebSite","@id":"https:\/\/lacanteradelebro.es\/#website","url":"https:\/\/lacanteradelebro.es\/","name":"La Cantera del Ebro","description":"Transformamos la belleza de la piedra natural y la calidez de la madera artesanal en joyas y objetos \u00fanicos. Cada creaci\u00f3n est\u00e1 hecha a mano con pasi\u00f3n, conect\u00e1ndote con la Tierra a trav\u00e9s de dise\u00f1os exclusivos y llenos de alma.","publisher":{"@id":"https:\/\/lacanteradelebro.es\/#\/schema\/person\/2c7df64eef01f69456a16d6540d266df"},"potentialAction":[{"@type":"SearchAction","target":{"@type":"EntryPoint","urlTemplate":"https:\/\/lacanteradelebro.es\/?s={search_term_string}"},"query-input":{"@type":"PropertyValueSpecification","valueRequired":true,"valueName":"search_term_string"}}],"inLanguage":"ca"},{"@type":["Person","Organization"],"@id":"https:\/\/lacanteradelebro.es\/#\/schema\/person\/2c7df64eef01f69456a16d6540d266df","name":"Fernando","image":{"@type":"ImageObject","inLanguage":"ca","@id":"https:\/\/lacanteradelebro.es\/wp-content\/uploads\/2025\/06\/cropped-Logo_BO2.png","url":"https:\/\/lacanteradelebro.es\/wp-content\/uploads\/2025\/06\/cropped-Logo_BO2.png","contentUrl":"https:\/\/lacanteradelebro.es\/wp-content\/uploads\/2025\/06\/cropped-Logo_BO2.png","width":512,"height":512,"caption":"Fernando"},"logo":{"@id":"https:\/\/lacanteradelebro.es\/wp-content\/uploads\/2025\/06\/cropped-Logo_BO2.png"},"publishingPrinciples":"https:\/\/lacanteradelebro.es\/ca\/politica-de-privacidad\/","ownershipFundingInfo":"https:\/\/lacanteradelebro.es\/ca\/politica-de-privacidad\/","actionableFeedbackPolicy":"https:\/\/lacanteradelebro.es\/ca\/aviso-legal\/","correctionsPolicy":"https:\/\/lacanteradelebro.es\/ca\/reembolso_devoluciones\/","ethicsPolicy":"https:\/\/lacanteradelebro.es\/ca\/politica-de-cookies\/","diversityPolicy":"https:\/\/lacanteradelebro.es\/ca\/politica-de-cookies\/","diversityStaffingReport":"https:\/\/lacanteradelebro.es\/ca\/politica-de-privacidad\/"}]}},"_links":{"self":[{"href":"https:\/\/lacanteradelebro.es\/ca\/wp-json\/wp\/v2\/product\/4232","targetHints":{"allow":["GET"]}}],"collection":[{"href":"https:\/\/lacanteradelebro.es\/ca\/wp-json\/wp\/v2\/product"}],"about":[{"href":"https:\/\/lacanteradelebro.es\/ca\/wp-json\/wp\/v2\/types\/product"}],"replies":[{"embeddable":true,"href":"https:\/\/lacanteradelebro.es\/ca\/wp-json\/wp\/v2\/comments?post=4232"}],"wp:featuredmedia":[{"embeddable":true,"href":"https:\/\/lacanteradelebro.es\/ca\/wp-json\/wp\/v2\/media\/4229"}],"wp:attachment":[{"href":"https:\/\/lacanteradelebro.es\/ca\/wp-json\/wp\/v2\/media?parent=4232"}],"wp:term":[{"taxonomy":"product_brand","embeddable":true,"href":"https:\/\/lacanteradelebro.es\/ca\/wp-json\/wp\/v2\/product_brand?post=4232"},{"taxonomy":"product_cat","embeddable":true,"href":"https:\/\/lacanteradelebro.es\/ca\/wp-json\/wp\/v2\/product_cat?post=4232"},{"taxonomy":"product_tag","embeddable":true,"href":"https:\/\/lacanteradelebro.es\/ca\/wp-json\/wp\/v2\/product_tag?post=4232"}],"curies":[{"name":"wp","href":"https:\/\/api.w.org\/{rel}","templated":true}]}}