{"id":4073,"date":"2026-02-21T09:30:03","date_gmt":"2026-02-21T09:30:03","guid":{"rendered":"https:\/\/lacanteradelebro.es\/es_es\/producto\/cluster-cuarzo-cristal-transparente-mineral-natural\/"},"modified":"2026-02-21T10:57:05","modified_gmt":"2026-02-21T10:57:05","slug":"cluster-cuarzo-cristal-transparente-mineral-natural","status":"publish","type":"product","link":"https:\/\/lacanteradelebro.es\/ca\/producte\/cluster-cuarzo-cristal-transparente-mineral-natural\/","title":{"rendered":"Cluster Cuarzo Cristal transparente Mineral Natural"},"content":{"rendered":"<p> Cluster de Cuarzo Cristal<\/p>\n<p> Peso 287 Gr.<\/p>\n<p> Alto 9 cm<\/p>\n<p> Largo 14 cm<\/p>\n<p> Ancho 7 cm<\/p>\n<p> Incluye soporte expositor 320plastico<\/p>\n<p> Los c\u00famulos de cuarzo cristalizado se cree que tienen propiedades de armonizaci\u00f3n, protecci\u00f3n, y amplificaci\u00f3n de energ\u00eda. Tambi\u00e9n se les atribuyen beneficios para la claridad mental y la concentraci\u00f3n.<\/p>\n<p> Propiedades<\/p>\n<ul>\n<li>  <strong>   Armonizaci\u00f3n  <\/strong>  : Equilibra las energ\u00edas del cuerpo y el entorno, y alinea los chakras <\/li>\n<li>  <strong>   Amplificaci\u00f3n de energ\u00eda  <\/strong>  : Potencia las vibraciones de otras piedras y del campo energ\u00e9tico propio <\/li>\n<li>  <strong>   Protecci\u00f3n  <\/strong>  : Se cree que protege contra energ\u00edas negativas y electromagn\u00e9ticas <\/li>\n<li>  <strong>   Claridad mental  <\/strong>  : Ayuda a disipar la confusi\u00f3n mental y a promover un pensamiento coherente y centrado <\/li>\n<\/ul>\n<p> Beneficios<\/p>\n<ul>\n<li>  Puede ayudar a: Mejorar la concentraci\u00f3n y la memoria. <\/li>\n<li>  Desbloquear la memoria. <\/li>\n<li>  Superar los sentimientos de agobio. <\/li>\n<li>  Favorecer un estado de equilibrio y armon\u00eda. <\/li>\n<li>  Aumentar la calidad del sue\u00f1o. <\/li>\n<li>  Calmar la ansiedad. <\/li>\n<li>  Desintoxicar el organismoEliminar el estr\u00e9s. <\/li>\n<li>  Mejorar el sistema inmunitario <\/li>\n<\/ul>\n<p> El cuarzo cristal se considera un \u00absanador maestro\u00bb. Se dice que amplifica la energ\u00eda absorbi\u00e9ndola, almacenando, liberando y regul\u00e1ndola.<\/p>","protected":false},"excerpt":{"rendered":"<p> Cluster de Cuarzo Cristal<\/p>\n<p> Peso 287 Gr.<\/p>\n<p> Alto 9 cm<\/p>\n<p> Largo 14 cm<\/p>\n<p> Ancho 7 cm<\/p>\n<p> Incluye soporte expositor 320plastico<\/p>\n<p> Los c\u00famulos de cuarzo cristalizado se cree que tienen propiedades de armonizaci\u00f3n, protecci\u00f3n, y amplificaci\u00f3n de energ\u00eda. Tambi\u00e9n se les atribuyen beneficios para la claridad mental y la concentraci\u00f3n.<\/p>\n<p> Propiedades<\/p>\n<ul>\n<li>  <strong>   Armonizaci\u00f3n  <\/strong>  : Equilibra las energ\u00edas del cuerpo y el entorno, y alinea los chakras <\/li>\n<li>  <strong>   Amplificaci\u00f3n de energ\u00eda  <\/strong>  : Potencia las vibraciones de otras piedras y del campo energ\u00e9tico propio <\/li>\n<li>  <strong>   Protecci\u00f3n  <\/strong>  : Se cree que protege contra energ\u00edas negativas y electromagn\u00e9ticas <\/li>\n<li>  <strong>   Claridad mental  <\/strong>  : Ayuda a disipar la confusi\u00f3n mental y a promover un pensamiento coherente y centrado <\/li>\n<\/ul>\n<p> Beneficios<\/p>\n<ul>\n<li>  Puede ayudar a: Mejorar la concentraci\u00f3n y la memoria. <\/li>\n<li>  Desbloquear la memoria. <\/li>\n<li>  Superar los sentimientos de agobio. <\/li>\n<li>  Favorecer un estado de equilibrio y armon\u00eda. <\/li>\n<li>  Aumentar la calidad del sue\u00f1o. <\/li>\n<li>  Calmar la ansiedad. <\/li>\n<li>  Desintoxicar el organismoEliminar el estr\u00e9s. <\/li>\n<li>  Mejorar el sistema inmunitario <\/li>\n<\/ul>\n<p> El cuarzo cristal se considera un \u00absanador maestro\u00bb. Se dice que amplifica la energ\u00eda absorbi\u00e9ndola, almacenando, liberando y regul\u00e1ndola.<\/p>\n<p> <img fetchpriority=\"high\" decoding=\"async\" height=\"4032\" src=\"https:\/\/p16-oec-eu-common-no.tiktokcdn-eu.com\/tos-no1a-i-t5fjg24jzw-no\/71feb044dbc54ae28f6c3cc5ea948390~tplv-t5fjg24jzw-origin-jpeg.jpeg?dr=11254&amp;nonce=68775&amp;refresh_token=8899e2572183bcd92d6b692a45c0c3e9&amp;from=476444299&amp;idc=no1a&amp;ps=933b5bde&amp;shcp=9b759fb9&amp;shp=1c65f68b&amp;t=555f072d\" width=\"3024\" \/> <img decoding=\"async\" height=\"4032\" src=\"https:\/\/p16-oec-eu-common-no.tiktokcdn-eu.com\/tos-no1a-i-t5fjg24jzw-no\/9d35eacc39d340b89dc69d7d1a31f335~tplv-t5fjg24jzw-origin-jpeg.jpeg?dr=11254&amp;nonce=49138&amp;refresh_token=59fa3603a444adcb5ccf0ecf4ccb973e&amp;from=476444299&amp;idc=no1a&amp;ps=933b5bde&amp;shcp=9b759fb9&amp;shp=1c65f68b&amp;t=555f072d\" width=\"3024\" \/><\/p>","protected":false},"featured_media":4069,"comment_status":"open","ping_status":"closed","template":"","meta":{"inline_featured_image":false},"product_brand":[],"product_cat":[42],"product_tag":[],"class_list":{"0":"post-4073","1":"product","2":"type-product","3":"status-publish","4":"has-post-thumbnail","6":"product_cat-minerales","8":"first","9":"instock","10":"shipping-taxable","11":"purchasable","12":"product-type-simple"},"yoast_head":"<!-- This site is optimized with the Yoast SEO Premium plugin v27.0 (Yoast SEO v27.1.1) - https:\/\/yoast.com\/product\/yoast-seo-premium-wordpress\/ -->\n<title>Cluster Cuarzo Cristal transparente Mineral Natural - La Cantera del Ebro<\/title>\n<meta name=\"robots\" content=\"index, follow, max-snippet:-1, max-image-preview:large, max-video-preview:-1\" \/>\n<link rel=\"canonical\" href=\"https:\/\/lacanteradelebro.es\/ca\/producte\/cluster-cuarzo-cristal-transparente-mineral-natural\/\" \/>\n<meta property=\"og:locale\" content=\"ca_ES\" \/>\n<meta property=\"og:type\" content=\"article\" \/>\n<meta property=\"og:title\" content=\"Cluster Cuarzo Cristal transparente Mineral Natural\" \/>\n<meta property=\"og:description\" content=\"Cluster de Cuarzo Cristal Peso 287 Gr. Alto 9 cm Largo 14 cm Ancho 7 cm Incluye soporte expositor 320plastico Los c\u00famulos de cuarzo cristalizado se cree que tienen propiedades de armonizaci\u00f3n, protecci\u00f3n, y amplificaci\u00f3n de energ\u00eda. Tambi\u00e9n se les atribuyen beneficios para la claridad mental y la concentraci\u00f3n. Propiedades   Armonizaci\u00f3n  : Equilibra las energ\u00edas del cuerpo y el entorno, y alinea los chakras    Amplificaci\u00f3n de energ\u00eda  : Potencia las vibraciones de otras piedras y del campo energ\u00e9tico propio    Protecci\u00f3n  : Se cree que protege contra energ\u00edas negativas y electromagn\u00e9ticas    Claridad mental  : Ayuda a disipar la confusi\u00f3n mental y a promover un pensamiento coherente y centrado Beneficios  Puede ayudar a: Mejorar la concentraci\u00f3n y la memoria.  Desbloquear la memoria.  Superar los sentimientos de agobio.  Favorecer un estado de equilibrio y armon\u00eda.  Aumentar la calidad del sue\u00f1o.  Calmar la ansiedad.  Desintoxicar el organismoEliminar el estr\u00e9s.  Mejorar el sistema inmunitario El cuarzo cristal se considera un \u00absanador maestro\u00bb. Se dice que amplifica la energ\u00eda absorbi\u00e9ndola, almacenando, liberando y regul\u00e1ndola.\" \/>\n<meta property=\"og:url\" content=\"https:\/\/lacanteradelebro.es\/ca\/producte\/cluster-cuarzo-cristal-transparente-mineral-natural\/\" \/>\n<meta property=\"og:site_name\" content=\"La Cantera del Ebro\" \/>\n<meta property=\"article:modified_time\" content=\"2026-02-21T10:57:05+00:00\" \/>\n<meta property=\"og:image\" content=\"https:\/\/lacanteradelebro.es\/wp-content\/uploads\/2026\/02\/cd5dd45bc072491caaf36b704bfc0217tplv-t5fjg24jzw-origin-jpeg-scaled-1.jpeg\" \/>\n\t<meta property=\"og:image:width\" content=\"1600\" \/>\n\t<meta property=\"og:image:height\" content=\"2133\" \/>\n\t<meta property=\"og:image:type\" content=\"image\/jpeg\" \/>\n<meta name=\"twitter:card\" content=\"summary_large_image\" \/>\n<meta name=\"twitter:label1\" content=\"Temps estimat de lectura\" \/>\n\t<meta name=\"twitter:data1\" content=\"1 minut\" \/>\n<script type=\"application\/ld+json\" class=\"yoast-schema-graph\">{\"@context\":\"https:\/\/schema.org\",\"@graph\":[{\"@type\":\"WebPage\",\"@id\":\"https:\/\/lacanteradelebro.es\/producto\/cluster-cuarzo-cristal-transparente-mineral-natural\/\",\"url\":\"https:\/\/lacanteradelebro.es\/producto\/cluster-cuarzo-cristal-transparente-mineral-natural\/\",\"name\":\"Cluster Cuarzo Cristal transparente Mineral Natural - La Cantera del Ebro\",\"isPartOf\":{\"@id\":\"https:\/\/lacanteradelebro.es\/#website\"},\"primaryImageOfPage\":{\"@id\":\"https:\/\/lacanteradelebro.es\/producto\/cluster-cuarzo-cristal-transparente-mineral-natural\/#primaryimage\"},\"image\":{\"@id\":\"https:\/\/lacanteradelebro.es\/producto\/cluster-cuarzo-cristal-transparente-mineral-natural\/#primaryimage\"},\"thumbnailUrl\":\"https:\/\/lacanteradelebro.es\/wp-content\/uploads\/2026\/02\/cd5dd45bc072491caaf36b704bfc0217tplv-t5fjg24jzw-origin-jpeg-scaled-1.jpeg\",\"datePublished\":\"2026-02-21T09:30:03+00:00\",\"dateModified\":\"2026-02-21T10:57:05+00:00\",\"breadcrumb\":{\"@id\":\"https:\/\/lacanteradelebro.es\/producto\/cluster-cuarzo-cristal-transparente-mineral-natural\/#breadcrumb\"},\"inLanguage\":\"ca\",\"potentialAction\":[{\"@type\":\"ReadAction\",\"target\":[\"https:\/\/lacanteradelebro.es\/producto\/cluster-cuarzo-cristal-transparente-mineral-natural\/\"]}]},{\"@type\":\"ImageObject\",\"inLanguage\":\"ca\",\"@id\":\"https:\/\/lacanteradelebro.es\/producto\/cluster-cuarzo-cristal-transparente-mineral-natural\/#primaryimage\",\"url\":\"https:\/\/lacanteradelebro.es\/wp-content\/uploads\/2026\/02\/cd5dd45bc072491caaf36b704bfc0217tplv-t5fjg24jzw-origin-jpeg-scaled-1.jpeg\",\"contentUrl\":\"https:\/\/lacanteradelebro.es\/wp-content\/uploads\/2026\/02\/cd5dd45bc072491caaf36b704bfc0217tplv-t5fjg24jzw-origin-jpeg-scaled-1.jpeg\",\"width\":1600,\"height\":2133},{\"@type\":\"BreadcrumbList\",\"@id\":\"https:\/\/lacanteradelebro.es\/producto\/cluster-cuarzo-cristal-transparente-mineral-natural\/#breadcrumb\",\"itemListElement\":[{\"@type\":\"ListItem\",\"position\":1,\"name\":\"Portada\",\"item\":\"https:\/\/lacanteradelebro.es\/es\/\"},{\"@type\":\"ListItem\",\"position\":2,\"name\":\"Shop\",\"item\":\"https:\/\/lacanteradelebro.es\/ca\/tienda-2\/\"},{\"@type\":\"ListItem\",\"position\":3,\"name\":\"Cluster Cuarzo Cristal transparente Mineral Natural\"}]},{\"@type\":\"WebSite\",\"@id\":\"https:\/\/lacanteradelebro.es\/#website\",\"url\":\"https:\/\/lacanteradelebro.es\/\",\"name\":\"La Cantera del Ebro\",\"description\":\"Transformamos la belleza de la piedra natural y la calidez de la madera artesanal en joyas y objetos \u00fanicos. Cada creaci\u00f3n est\u00e1 hecha a mano con pasi\u00f3n, conect\u00e1ndote con la Tierra a trav\u00e9s de dise\u00f1os exclusivos y llenos de alma.\",\"publisher\":{\"@id\":\"https:\/\/lacanteradelebro.es\/#\/schema\/person\/2c7df64eef01f69456a16d6540d266df\"},\"potentialAction\":[{\"@type\":\"SearchAction\",\"target\":{\"@type\":\"EntryPoint\",\"urlTemplate\":\"https:\/\/lacanteradelebro.es\/?s={search_term_string}\"},\"query-input\":{\"@type\":\"PropertyValueSpecification\",\"valueRequired\":true,\"valueName\":\"search_term_string\"}}],\"inLanguage\":\"ca\"},{\"@type\":[\"Person\",\"Organization\"],\"@id\":\"https:\/\/lacanteradelebro.es\/#\/schema\/person\/2c7df64eef01f69456a16d6540d266df\",\"name\":\"Fernando\",\"image\":{\"@type\":\"ImageObject\",\"inLanguage\":\"ca\",\"@id\":\"https:\/\/lacanteradelebro.es\/#\/schema\/person\/image\/\",\"url\":\"https:\/\/lacanteradelebro.es\/wp-content\/uploads\/2025\/06\/cropped-Logo_BO2.png\",\"contentUrl\":\"https:\/\/lacanteradelebro.es\/wp-content\/uploads\/2025\/06\/cropped-Logo_BO2.png\",\"width\":512,\"height\":512,\"caption\":\"Fernando\"},\"logo\":{\"@id\":\"https:\/\/lacanteradelebro.es\/#\/schema\/person\/image\/\"},\"publishingPrinciples\":\"https:\/\/lacanteradelebro.es\/ca\/politica-de-privacidad\/\",\"ownershipFundingInfo\":\"https:\/\/lacanteradelebro.es\/ca\/politica-de-privacidad\/\",\"actionableFeedbackPolicy\":\"https:\/\/lacanteradelebro.es\/ca\/aviso-legal\/\",\"correctionsPolicy\":\"https:\/\/lacanteradelebro.es\/ca\/reembolso_devoluciones\/\",\"ethicsPolicy\":\"https:\/\/lacanteradelebro.es\/ca\/politica-de-cookies\/\",\"diversityPolicy\":\"https:\/\/lacanteradelebro.es\/ca\/politica-de-cookies\/\",\"diversityStaffingReport\":\"https:\/\/lacanteradelebro.es\/ca\/politica-de-privacidad\/\"}]}<\/script>\n<!-- \/ Yoast SEO Premium plugin. -->","yoast_head_json":{"title":"Cluster Cuarzo Cristal transparente Mineral Natural - La Cantera del Ebro","robots":{"index":"index","follow":"follow","max-snippet":"max-snippet:-1","max-image-preview":"max-image-preview:large","max-video-preview":"max-video-preview:-1"},"canonical":"https:\/\/lacanteradelebro.es\/ca\/producte\/cluster-cuarzo-cristal-transparente-mineral-natural\/","og_locale":"ca_ES","og_type":"article","og_title":"Cluster Cuarzo Cristal transparente Mineral Natural","og_description":"Cluster de Cuarzo Cristal Peso 287 Gr. Alto 9 cm Largo 14 cm Ancho 7 cm Incluye soporte expositor 320plastico Los c\u00famulos de cuarzo cristalizado se cree que tienen propiedades de armonizaci\u00f3n, protecci\u00f3n, y amplificaci\u00f3n de energ\u00eda. Tambi\u00e9n se les atribuyen beneficios para la claridad mental y la concentraci\u00f3n. Propiedades   Armonizaci\u00f3n  : Equilibra las energ\u00edas del cuerpo y el entorno, y alinea los chakras    Amplificaci\u00f3n de energ\u00eda  : Potencia las vibraciones de otras piedras y del campo energ\u00e9tico propio    Protecci\u00f3n  : Se cree que protege contra energ\u00edas negativas y electromagn\u00e9ticas    Claridad mental  : Ayuda a disipar la confusi\u00f3n mental y a promover un pensamiento coherente y centrado Beneficios  Puede ayudar a: Mejorar la concentraci\u00f3n y la memoria.  Desbloquear la memoria.  Superar los sentimientos de agobio.  Favorecer un estado de equilibrio y armon\u00eda.  Aumentar la calidad del sue\u00f1o.  Calmar la ansiedad.  Desintoxicar el organismoEliminar el estr\u00e9s.  Mejorar el sistema inmunitario El cuarzo cristal se considera un \u00absanador maestro\u00bb. Se dice que amplifica la energ\u00eda absorbi\u00e9ndola, almacenando, liberando y regul\u00e1ndola.","og_url":"https:\/\/lacanteradelebro.es\/ca\/producte\/cluster-cuarzo-cristal-transparente-mineral-natural\/","og_site_name":"La Cantera del Ebro","article_modified_time":"2026-02-21T10:57:05+00:00","og_image":[{"width":1600,"height":2133,"url":"https:\/\/lacanteradelebro.es\/wp-content\/uploads\/2026\/02\/cd5dd45bc072491caaf36b704bfc0217tplv-t5fjg24jzw-origin-jpeg-scaled-1.jpeg","type":"image\/jpeg"}],"twitter_card":"summary_large_image","twitter_misc":{"Temps estimat de lectura":"1 minut"},"schema":{"@context":"https:\/\/schema.org","@graph":[{"@type":"WebPage","@id":"https:\/\/lacanteradelebro.es\/producto\/cluster-cuarzo-cristal-transparente-mineral-natural\/","url":"https:\/\/lacanteradelebro.es\/producto\/cluster-cuarzo-cristal-transparente-mineral-natural\/","name":"Cluster Cuarzo Cristal transparente Mineral Natural - La Cantera del Ebro","isPartOf":{"@id":"https:\/\/lacanteradelebro.es\/#website"},"primaryImageOfPage":{"@id":"https:\/\/lacanteradelebro.es\/producto\/cluster-cuarzo-cristal-transparente-mineral-natural\/#primaryimage"},"image":{"@id":"https:\/\/lacanteradelebro.es\/producto\/cluster-cuarzo-cristal-transparente-mineral-natural\/#primaryimage"},"thumbnailUrl":"https:\/\/lacanteradelebro.es\/wp-content\/uploads\/2026\/02\/cd5dd45bc072491caaf36b704bfc0217tplv-t5fjg24jzw-origin-jpeg-scaled-1.jpeg","datePublished":"2026-02-21T09:30:03+00:00","dateModified":"2026-02-21T10:57:05+00:00","breadcrumb":{"@id":"https:\/\/lacanteradelebro.es\/producto\/cluster-cuarzo-cristal-transparente-mineral-natural\/#breadcrumb"},"inLanguage":"ca","potentialAction":[{"@type":"ReadAction","target":["https:\/\/lacanteradelebro.es\/producto\/cluster-cuarzo-cristal-transparente-mineral-natural\/"]}]},{"@type":"ImageObject","inLanguage":"ca","@id":"https:\/\/lacanteradelebro.es\/producto\/cluster-cuarzo-cristal-transparente-mineral-natural\/#primaryimage","url":"https:\/\/lacanteradelebro.es\/wp-content\/uploads\/2026\/02\/cd5dd45bc072491caaf36b704bfc0217tplv-t5fjg24jzw-origin-jpeg-scaled-1.jpeg","contentUrl":"https:\/\/lacanteradelebro.es\/wp-content\/uploads\/2026\/02\/cd5dd45bc072491caaf36b704bfc0217tplv-t5fjg24jzw-origin-jpeg-scaled-1.jpeg","width":1600,"height":2133},{"@type":"BreadcrumbList","@id":"https:\/\/lacanteradelebro.es\/producto\/cluster-cuarzo-cristal-transparente-mineral-natural\/#breadcrumb","itemListElement":[{"@type":"ListItem","position":1,"name":"Portada","item":"https:\/\/lacanteradelebro.es\/es\/"},{"@type":"ListItem","position":2,"name":"Shop","item":"https:\/\/lacanteradelebro.es\/ca\/tienda-2\/"},{"@type":"ListItem","position":3,"name":"Cluster Cuarzo Cristal transparente Mineral Natural"}]},{"@type":"WebSite","@id":"https:\/\/lacanteradelebro.es\/#website","url":"https:\/\/lacanteradelebro.es\/","name":"La Cantera del Ebro","description":"Transformamos la belleza de la piedra natural y la calidez de la madera artesanal en joyas y objetos \u00fanicos. Cada creaci\u00f3n est\u00e1 hecha a mano con pasi\u00f3n, conect\u00e1ndote con la Tierra a trav\u00e9s de dise\u00f1os exclusivos y llenos de alma.","publisher":{"@id":"https:\/\/lacanteradelebro.es\/#\/schema\/person\/2c7df64eef01f69456a16d6540d266df"},"potentialAction":[{"@type":"SearchAction","target":{"@type":"EntryPoint","urlTemplate":"https:\/\/lacanteradelebro.es\/?s={search_term_string}"},"query-input":{"@type":"PropertyValueSpecification","valueRequired":true,"valueName":"search_term_string"}}],"inLanguage":"ca"},{"@type":["Person","Organization"],"@id":"https:\/\/lacanteradelebro.es\/#\/schema\/person\/2c7df64eef01f69456a16d6540d266df","name":"Fernando","image":{"@type":"ImageObject","inLanguage":"ca","@id":"https:\/\/lacanteradelebro.es\/#\/schema\/person\/image\/","url":"https:\/\/lacanteradelebro.es\/wp-content\/uploads\/2025\/06\/cropped-Logo_BO2.png","contentUrl":"https:\/\/lacanteradelebro.es\/wp-content\/uploads\/2025\/06\/cropped-Logo_BO2.png","width":512,"height":512,"caption":"Fernando"},"logo":{"@id":"https:\/\/lacanteradelebro.es\/#\/schema\/person\/image\/"},"publishingPrinciples":"https:\/\/lacanteradelebro.es\/ca\/politica-de-privacidad\/","ownershipFundingInfo":"https:\/\/lacanteradelebro.es\/ca\/politica-de-privacidad\/","actionableFeedbackPolicy":"https:\/\/lacanteradelebro.es\/ca\/aviso-legal\/","correctionsPolicy":"https:\/\/lacanteradelebro.es\/ca\/reembolso_devoluciones\/","ethicsPolicy":"https:\/\/lacanteradelebro.es\/ca\/politica-de-cookies\/","diversityPolicy":"https:\/\/lacanteradelebro.es\/ca\/politica-de-cookies\/","diversityStaffingReport":"https:\/\/lacanteradelebro.es\/ca\/politica-de-privacidad\/"}]}},"_links":{"self":[{"href":"https:\/\/lacanteradelebro.es\/ca\/wp-json\/wp\/v2\/product\/4073","targetHints":{"allow":["GET"]}}],"collection":[{"href":"https:\/\/lacanteradelebro.es\/ca\/wp-json\/wp\/v2\/product"}],"about":[{"href":"https:\/\/lacanteradelebro.es\/ca\/wp-json\/wp\/v2\/types\/product"}],"replies":[{"embeddable":true,"href":"https:\/\/lacanteradelebro.es\/ca\/wp-json\/wp\/v2\/comments?post=4073"}],"wp:featuredmedia":[{"embeddable":true,"href":"https:\/\/lacanteradelebro.es\/ca\/wp-json\/wp\/v2\/media\/4069"}],"wp:attachment":[{"href":"https:\/\/lacanteradelebro.es\/ca\/wp-json\/wp\/v2\/media?parent=4073"}],"wp:term":[{"taxonomy":"product_brand","embeddable":true,"href":"https:\/\/lacanteradelebro.es\/ca\/wp-json\/wp\/v2\/product_brand?post=4073"},{"taxonomy":"product_cat","embeddable":true,"href":"https:\/\/lacanteradelebro.es\/ca\/wp-json\/wp\/v2\/product_cat?post=4073"},{"taxonomy":"product_tag","embeddable":true,"href":"https:\/\/lacanteradelebro.es\/ca\/wp-json\/wp\/v2\/product_tag?post=4073"}],"curies":[{"name":"wp","href":"https:\/\/api.w.org\/{rel}","templated":true}]}}