{"id":4068,"date":"2026-02-21T09:29:53","date_gmt":"2026-02-21T09:29:53","guid":{"rendered":"https:\/\/lacanteradelebro.es\/es_es\/producto\/wolframita-con-apatitos-mineral-natural\/"},"modified":"2026-02-21T10:57:06","modified_gmt":"2026-02-21T10:57:06","slug":"wolframita-con-apatitos-mineral-natural","status":"publish","type":"product","link":"https:\/\/lacanteradelebro.es\/ca\/producte\/wolframita-con-apatitos-mineral-natural\/","title":{"rendered":"Wolframita con Apatitos, mineral natural"},"content":{"rendered":"<p> <strong>  La mina de Panasqueira <\/strong> es una de las mayores minas de wolframio en el mundo. Su nombre corresponde al de la aldea de <strong>  Panasqueira, <\/strong> una localidad de 81 habitantes (2011), que forma parte del concejo de Covilh\u00e3, en Castelo Branco, Portugal.<\/p>\n<p> Desde hace ya mas de 100 a\u00f1os ha producido y sigue produciendo ejemplares excepcionales de Fluorapatito, Ferberita, Arsenopirita, Siderita, Cuarzo, asi como otros minerales como Calcopirita, Esfarelita, Dolomita, Calcita, Mica, Turmalina, Fluorita, topacio, Triplita y algunos muy raros como la Panasqueirita y Thaudelita.<\/p>\n<p> La mayor virtud de estos minerales ademas de su calidad es que casi siempre se presentan combinados dando lugar a paragenesis que han hecho famosa esta mina en todo el mundo.<\/p>\n<h2>\n<p>  Descripci\u00f3n del Producto: <\/p>\n<\/h2>\n<p> Tama\u00f1o aprox 7 cm de alto por 4cm de ancho<\/p>\n<p> \u2728 <strong>  Mineral Natural Exclusivo <\/strong> \u2728<\/p>\n<p> \u2022 El Wolframita con Apatitos procede de la mina Panasqueira. Este mineral combina elegancia y naturaleza en un solo art\u00edculo. Ideal para coleccionistas y amantes de la geolog\u00eda.<\/p>\n<p> \u2022 La imagen muestra el mineral en su forma natural, destacando su belleza y singularidad. Cada pieza es \u00fanica, reflejando la riqueza y diversidad de la mina Panasqueira.<\/p>\n<p> \u2022 Para aquellos que buscan un pedazo de la naturaleza en su colecci\u00f3n, este Wolframita con Apatitos es una adici\u00f3n valiosa. Su origen natural lo convierte en un objeto de inter\u00e9s especial.<\/p>","protected":false},"excerpt":{"rendered":"<p> <strong>  La mina de Panasqueira <\/strong> es una de las mayores minas de wolframio en el mundo. Su nombre corresponde al de la aldea de <strong>  Panasqueira, <\/strong> una localidad de 81 habitantes (2011), que forma parte del concejo de Covilh\u00e3, en Castelo Branco, Portugal.<\/p>\n<p> Desde hace ya mas de 100 a\u00f1os ha producido y sigue produciendo ejemplares excepcionales de Fluorapatito, Ferberita, Arsenopirita, Siderita, Cuarzo, asi como otros minerales como Calcopirita, Esfarelita, Dolomita, Calcita, Mica, Turmalina, Fluorita, topacio, Triplita y algunos muy raros como la Panasqueirita y Thaudelita.<\/p>\n<p> La mayor virtud de estos minerales ademas de su calidad es que casi siempre se presentan combinados dando lugar a paragenesis que han hecho famosa esta mina en todo el mundo.<\/p>\n<h2 style=\"text-align: left\"> Descripci\u00f3n del Producto:<\/h2>\n<p> Tama\u00f1o aprox 7 cm de alto por 4cm de ancho<\/p>\n<p> \u2728 <strong>  Mineral Natural Exclusivo <\/strong> \u2728<\/p>\n<p> \u2022 El Wolframita con Apatitos procede de la mina Panasqueira. Este mineral combina elegancia y naturaleza en un solo art\u00edculo. Ideal para coleccionistas y amantes de la geolog\u00eda.<\/p>\n<p> \u2022 La imagen muestra el mineral en su forma natural, destacando su belleza y singularidad. Cada pieza es \u00fanica, reflejando la riqueza y diversidad de la mina Panasqueira.<\/p>\n<p> \u2022 Para aquellos que buscan un pedazo de la naturaleza en su colecci\u00f3n, este Wolframita con Apatitos es una adici\u00f3n valiosa. Su origen natural lo convierte en un objeto de inter\u00e9s especial.<\/p>","protected":false},"featured_media":4062,"comment_status":"open","ping_status":"closed","template":"","meta":{"inline_featured_image":false},"product_brand":[],"product_cat":[92,90,91,42],"product_tag":[],"class_list":{"0":"post-4068","1":"product","2":"type-product","3":"status-publish","4":"has-post-thumbnail","6":"product_cat-accesorios-de-joyeria-y-derivados","7":"product_cat-piedras-semipreciosas","8":"product_cat-piedras-semipreciosas-semiacabadas","9":"product_cat-minerales","11":"first","12":"instock","13":"shipping-taxable","14":"purchasable","15":"product-type-simple"},"yoast_head":"<!-- This site is optimized with the Yoast SEO Premium plugin v27.0 (Yoast SEO v27.1.1) - https:\/\/yoast.com\/product\/yoast-seo-premium-wordpress\/ -->\n<title>Wolframita con Apatitos, mineral natural - La Cantera del Ebro<\/title>\n<meta name=\"robots\" content=\"index, follow, max-snippet:-1, max-image-preview:large, max-video-preview:-1\" \/>\n<link rel=\"canonical\" href=\"https:\/\/lacanteradelebro.es\/ca\/producte\/wolframita-con-apatitos-mineral-natural\/\" \/>\n<meta property=\"og:locale\" content=\"ca_ES\" \/>\n<meta property=\"og:type\" content=\"article\" \/>\n<meta property=\"og:title\" content=\"Wolframita con Apatitos, mineral natural\" \/>\n<meta property=\"og:description\" content=\"La mina de Panasqueira es una de las mayores minas de wolframio en el mundo. Su nombre corresponde al de la aldea de  Panasqueira, una localidad de 81 habitantes (2011), que forma parte del concejo de Covilh\u00e3, en Castelo Branco, Portugal. Desde hace ya mas de 100 a\u00f1os ha producido y sigue produciendo ejemplares excepcionales de Fluorapatito, Ferberita, Arsenopirita, Siderita, Cuarzo, asi como otros minerales como Calcopirita, Esfarelita, Dolomita, Calcita, Mica, Turmalina, Fluorita, topacio, Triplita y algunos muy raros como la Panasqueirita y Thaudelita. La mayor virtud de estos minerales ademas de su calidad es que casi siempre se presentan combinados dando lugar a paragenesis que han hecho famosa esta mina en todo el mundo. Descripci\u00f3n del Producto: Tama\u00f1o aprox 7 cm de alto por 4cm de ancho \u2728  Mineral Natural Exclusivo \u2728 \u2022 El Wolframita con Apatitos procede de la mina Panasqueira. Este mineral combina elegancia y naturaleza en un solo art\u00edculo. Ideal para coleccionistas y amantes de la geolog\u00eda. \u2022 La imagen muestra el mineral en su forma natural, destacando su belleza y singularidad. Cada pieza es \u00fanica, reflejando la riqueza y diversidad de la mina Panasqueira. \u2022 Para aquellos que buscan un pedazo de la naturaleza en su colecci\u00f3n, este Wolframita con Apatitos es una adici\u00f3n valiosa. Su origen natural lo convierte en un objeto de inter\u00e9s especial.\" \/>\n<meta property=\"og:url\" content=\"https:\/\/lacanteradelebro.es\/ca\/producte\/wolframita-con-apatitos-mineral-natural\/\" \/>\n<meta property=\"og:site_name\" content=\"La Cantera del Ebro\" \/>\n<meta property=\"article:modified_time\" content=\"2026-02-21T10:57:06+00:00\" \/>\n<meta property=\"og:image\" content=\"https:\/\/lacanteradelebro.es\/wp-content\/uploads\/2026\/02\/c67232f0ddd54a648e46add0f854e2cftplv-t5fjg24jzw-origin-jpeg-scaled-1.jpeg\" \/>\n\t<meta property=\"og:image:width\" content=\"1600\" \/>\n\t<meta property=\"og:image:height\" content=\"2133\" \/>\n\t<meta property=\"og:image:type\" content=\"image\/jpeg\" \/>\n<meta name=\"twitter:card\" content=\"summary_large_image\" \/>\n<meta name=\"twitter:label1\" content=\"Temps estimat de lectura\" \/>\n\t<meta name=\"twitter:data1\" content=\"1 minut\" \/>\n<script type=\"application\/ld+json\" class=\"yoast-schema-graph\">{\"@context\":\"https:\/\/schema.org\",\"@graph\":[{\"@type\":\"WebPage\",\"@id\":\"https:\/\/lacanteradelebro.es\/producto\/wolframita-con-apatitos-mineral-natural\/\",\"url\":\"https:\/\/lacanteradelebro.es\/producto\/wolframita-con-apatitos-mineral-natural\/\",\"name\":\"Wolframita con Apatitos, mineral natural - La Cantera del Ebro\",\"isPartOf\":{\"@id\":\"https:\/\/lacanteradelebro.es\/#website\"},\"primaryImageOfPage\":{\"@id\":\"https:\/\/lacanteradelebro.es\/producto\/wolframita-con-apatitos-mineral-natural\/#primaryimage\"},\"image\":{\"@id\":\"https:\/\/lacanteradelebro.es\/producto\/wolframita-con-apatitos-mineral-natural\/#primaryimage\"},\"thumbnailUrl\":\"https:\/\/lacanteradelebro.es\/wp-content\/uploads\/2026\/02\/c67232f0ddd54a648e46add0f854e2cftplv-t5fjg24jzw-origin-jpeg-scaled-1.jpeg\",\"datePublished\":\"2026-02-21T09:29:53+00:00\",\"dateModified\":\"2026-02-21T10:57:06+00:00\",\"breadcrumb\":{\"@id\":\"https:\/\/lacanteradelebro.es\/producto\/wolframita-con-apatitos-mineral-natural\/#breadcrumb\"},\"inLanguage\":\"ca\",\"potentialAction\":[{\"@type\":\"ReadAction\",\"target\":[\"https:\/\/lacanteradelebro.es\/producto\/wolframita-con-apatitos-mineral-natural\/\"]}]},{\"@type\":\"ImageObject\",\"inLanguage\":\"ca\",\"@id\":\"https:\/\/lacanteradelebro.es\/producto\/wolframita-con-apatitos-mineral-natural\/#primaryimage\",\"url\":\"https:\/\/lacanteradelebro.es\/wp-content\/uploads\/2026\/02\/c67232f0ddd54a648e46add0f854e2cftplv-t5fjg24jzw-origin-jpeg-scaled-1.jpeg\",\"contentUrl\":\"https:\/\/lacanteradelebro.es\/wp-content\/uploads\/2026\/02\/c67232f0ddd54a648e46add0f854e2cftplv-t5fjg24jzw-origin-jpeg-scaled-1.jpeg\",\"width\":1600,\"height\":2133},{\"@type\":\"BreadcrumbList\",\"@id\":\"https:\/\/lacanteradelebro.es\/producto\/wolframita-con-apatitos-mineral-natural\/#breadcrumb\",\"itemListElement\":[{\"@type\":\"ListItem\",\"position\":1,\"name\":\"Portada\",\"item\":\"https:\/\/lacanteradelebro.es\/es\/\"},{\"@type\":\"ListItem\",\"position\":2,\"name\":\"Shop\",\"item\":\"https:\/\/lacanteradelebro.es\/ca\/tienda-2\/\"},{\"@type\":\"ListItem\",\"position\":3,\"name\":\"Wolframita con Apatitos, mineral natural\"}]},{\"@type\":\"WebSite\",\"@id\":\"https:\/\/lacanteradelebro.es\/#website\",\"url\":\"https:\/\/lacanteradelebro.es\/\",\"name\":\"La Cantera del Ebro\",\"description\":\"Transformamos la belleza de la piedra natural y la calidez de la madera artesanal en joyas y objetos \u00fanicos. Cada creaci\u00f3n est\u00e1 hecha a mano con pasi\u00f3n, conect\u00e1ndote con la Tierra a trav\u00e9s de dise\u00f1os exclusivos y llenos de alma.\",\"publisher\":{\"@id\":\"https:\/\/lacanteradelebro.es\/#\/schema\/person\/2c7df64eef01f69456a16d6540d266df\"},\"potentialAction\":[{\"@type\":\"SearchAction\",\"target\":{\"@type\":\"EntryPoint\",\"urlTemplate\":\"https:\/\/lacanteradelebro.es\/?s={search_term_string}\"},\"query-input\":{\"@type\":\"PropertyValueSpecification\",\"valueRequired\":true,\"valueName\":\"search_term_string\"}}],\"inLanguage\":\"ca\"},{\"@type\":[\"Person\",\"Organization\"],\"@id\":\"https:\/\/lacanteradelebro.es\/#\/schema\/person\/2c7df64eef01f69456a16d6540d266df\",\"name\":\"Fernando\",\"image\":{\"@type\":\"ImageObject\",\"inLanguage\":\"ca\",\"@id\":\"https:\/\/lacanteradelebro.es\/#\/schema\/person\/image\/\",\"url\":\"https:\/\/lacanteradelebro.es\/wp-content\/uploads\/2025\/06\/cropped-Logo_BO2.png\",\"contentUrl\":\"https:\/\/lacanteradelebro.es\/wp-content\/uploads\/2025\/06\/cropped-Logo_BO2.png\",\"width\":512,\"height\":512,\"caption\":\"Fernando\"},\"logo\":{\"@id\":\"https:\/\/lacanteradelebro.es\/#\/schema\/person\/image\/\"},\"publishingPrinciples\":\"https:\/\/lacanteradelebro.es\/ca\/politica-de-privacidad\/\",\"ownershipFundingInfo\":\"https:\/\/lacanteradelebro.es\/ca\/politica-de-privacidad\/\",\"actionableFeedbackPolicy\":\"https:\/\/lacanteradelebro.es\/ca\/aviso-legal\/\",\"correctionsPolicy\":\"https:\/\/lacanteradelebro.es\/ca\/reembolso_devoluciones\/\",\"ethicsPolicy\":\"https:\/\/lacanteradelebro.es\/ca\/politica-de-cookies\/\",\"diversityPolicy\":\"https:\/\/lacanteradelebro.es\/ca\/politica-de-cookies\/\",\"diversityStaffingReport\":\"https:\/\/lacanteradelebro.es\/ca\/politica-de-privacidad\/\"}]}<\/script>\n<!-- \/ Yoast SEO Premium plugin. -->","yoast_head_json":{"title":"Wolframita con Apatitos, mineral natural - La Cantera del Ebro","robots":{"index":"index","follow":"follow","max-snippet":"max-snippet:-1","max-image-preview":"max-image-preview:large","max-video-preview":"max-video-preview:-1"},"canonical":"https:\/\/lacanteradelebro.es\/ca\/producte\/wolframita-con-apatitos-mineral-natural\/","og_locale":"ca_ES","og_type":"article","og_title":"Wolframita con Apatitos, mineral natural","og_description":"La mina de Panasqueira es una de las mayores minas de wolframio en el mundo. Su nombre corresponde al de la aldea de  Panasqueira, una localidad de 81 habitantes (2011), que forma parte del concejo de Covilh\u00e3, en Castelo Branco, Portugal. Desde hace ya mas de 100 a\u00f1os ha producido y sigue produciendo ejemplares excepcionales de Fluorapatito, Ferberita, Arsenopirita, Siderita, Cuarzo, asi como otros minerales como Calcopirita, Esfarelita, Dolomita, Calcita, Mica, Turmalina, Fluorita, topacio, Triplita y algunos muy raros como la Panasqueirita y Thaudelita. La mayor virtud de estos minerales ademas de su calidad es que casi siempre se presentan combinados dando lugar a paragenesis que han hecho famosa esta mina en todo el mundo. Descripci\u00f3n del Producto: Tama\u00f1o aprox 7 cm de alto por 4cm de ancho \u2728  Mineral Natural Exclusivo \u2728 \u2022 El Wolframita con Apatitos procede de la mina Panasqueira. Este mineral combina elegancia y naturaleza en un solo art\u00edculo. Ideal para coleccionistas y amantes de la geolog\u00eda. \u2022 La imagen muestra el mineral en su forma natural, destacando su belleza y singularidad. Cada pieza es \u00fanica, reflejando la riqueza y diversidad de la mina Panasqueira. \u2022 Para aquellos que buscan un pedazo de la naturaleza en su colecci\u00f3n, este Wolframita con Apatitos es una adici\u00f3n valiosa. Su origen natural lo convierte en un objeto de inter\u00e9s especial.","og_url":"https:\/\/lacanteradelebro.es\/ca\/producte\/wolframita-con-apatitos-mineral-natural\/","og_site_name":"La Cantera del Ebro","article_modified_time":"2026-02-21T10:57:06+00:00","og_image":[{"width":1600,"height":2133,"url":"https:\/\/lacanteradelebro.es\/wp-content\/uploads\/2026\/02\/c67232f0ddd54a648e46add0f854e2cftplv-t5fjg24jzw-origin-jpeg-scaled-1.jpeg","type":"image\/jpeg"}],"twitter_card":"summary_large_image","twitter_misc":{"Temps estimat de lectura":"1 minut"},"schema":{"@context":"https:\/\/schema.org","@graph":[{"@type":"WebPage","@id":"https:\/\/lacanteradelebro.es\/producto\/wolframita-con-apatitos-mineral-natural\/","url":"https:\/\/lacanteradelebro.es\/producto\/wolframita-con-apatitos-mineral-natural\/","name":"Wolframita con Apatitos, mineral natural - La Cantera del Ebro","isPartOf":{"@id":"https:\/\/lacanteradelebro.es\/#website"},"primaryImageOfPage":{"@id":"https:\/\/lacanteradelebro.es\/producto\/wolframita-con-apatitos-mineral-natural\/#primaryimage"},"image":{"@id":"https:\/\/lacanteradelebro.es\/producto\/wolframita-con-apatitos-mineral-natural\/#primaryimage"},"thumbnailUrl":"https:\/\/lacanteradelebro.es\/wp-content\/uploads\/2026\/02\/c67232f0ddd54a648e46add0f854e2cftplv-t5fjg24jzw-origin-jpeg-scaled-1.jpeg","datePublished":"2026-02-21T09:29:53+00:00","dateModified":"2026-02-21T10:57:06+00:00","breadcrumb":{"@id":"https:\/\/lacanteradelebro.es\/producto\/wolframita-con-apatitos-mineral-natural\/#breadcrumb"},"inLanguage":"ca","potentialAction":[{"@type":"ReadAction","target":["https:\/\/lacanteradelebro.es\/producto\/wolframita-con-apatitos-mineral-natural\/"]}]},{"@type":"ImageObject","inLanguage":"ca","@id":"https:\/\/lacanteradelebro.es\/producto\/wolframita-con-apatitos-mineral-natural\/#primaryimage","url":"https:\/\/lacanteradelebro.es\/wp-content\/uploads\/2026\/02\/c67232f0ddd54a648e46add0f854e2cftplv-t5fjg24jzw-origin-jpeg-scaled-1.jpeg","contentUrl":"https:\/\/lacanteradelebro.es\/wp-content\/uploads\/2026\/02\/c67232f0ddd54a648e46add0f854e2cftplv-t5fjg24jzw-origin-jpeg-scaled-1.jpeg","width":1600,"height":2133},{"@type":"BreadcrumbList","@id":"https:\/\/lacanteradelebro.es\/producto\/wolframita-con-apatitos-mineral-natural\/#breadcrumb","itemListElement":[{"@type":"ListItem","position":1,"name":"Portada","item":"https:\/\/lacanteradelebro.es\/es\/"},{"@type":"ListItem","position":2,"name":"Shop","item":"https:\/\/lacanteradelebro.es\/ca\/tienda-2\/"},{"@type":"ListItem","position":3,"name":"Wolframita con Apatitos, mineral natural"}]},{"@type":"WebSite","@id":"https:\/\/lacanteradelebro.es\/#website","url":"https:\/\/lacanteradelebro.es\/","name":"La Cantera del Ebro","description":"Transformamos la belleza de la piedra natural y la calidez de la madera artesanal en joyas y objetos \u00fanicos. Cada creaci\u00f3n est\u00e1 hecha a mano con pasi\u00f3n, conect\u00e1ndote con la Tierra a trav\u00e9s de dise\u00f1os exclusivos y llenos de alma.","publisher":{"@id":"https:\/\/lacanteradelebro.es\/#\/schema\/person\/2c7df64eef01f69456a16d6540d266df"},"potentialAction":[{"@type":"SearchAction","target":{"@type":"EntryPoint","urlTemplate":"https:\/\/lacanteradelebro.es\/?s={search_term_string}"},"query-input":{"@type":"PropertyValueSpecification","valueRequired":true,"valueName":"search_term_string"}}],"inLanguage":"ca"},{"@type":["Person","Organization"],"@id":"https:\/\/lacanteradelebro.es\/#\/schema\/person\/2c7df64eef01f69456a16d6540d266df","name":"Fernando","image":{"@type":"ImageObject","inLanguage":"ca","@id":"https:\/\/lacanteradelebro.es\/#\/schema\/person\/image\/","url":"https:\/\/lacanteradelebro.es\/wp-content\/uploads\/2025\/06\/cropped-Logo_BO2.png","contentUrl":"https:\/\/lacanteradelebro.es\/wp-content\/uploads\/2025\/06\/cropped-Logo_BO2.png","width":512,"height":512,"caption":"Fernando"},"logo":{"@id":"https:\/\/lacanteradelebro.es\/#\/schema\/person\/image\/"},"publishingPrinciples":"https:\/\/lacanteradelebro.es\/ca\/politica-de-privacidad\/","ownershipFundingInfo":"https:\/\/lacanteradelebro.es\/ca\/politica-de-privacidad\/","actionableFeedbackPolicy":"https:\/\/lacanteradelebro.es\/ca\/aviso-legal\/","correctionsPolicy":"https:\/\/lacanteradelebro.es\/ca\/reembolso_devoluciones\/","ethicsPolicy":"https:\/\/lacanteradelebro.es\/ca\/politica-de-cookies\/","diversityPolicy":"https:\/\/lacanteradelebro.es\/ca\/politica-de-cookies\/","diversityStaffingReport":"https:\/\/lacanteradelebro.es\/ca\/politica-de-privacidad\/"}]}},"_links":{"self":[{"href":"https:\/\/lacanteradelebro.es\/ca\/wp-json\/wp\/v2\/product\/4068","targetHints":{"allow":["GET"]}}],"collection":[{"href":"https:\/\/lacanteradelebro.es\/ca\/wp-json\/wp\/v2\/product"}],"about":[{"href":"https:\/\/lacanteradelebro.es\/ca\/wp-json\/wp\/v2\/types\/product"}],"replies":[{"embeddable":true,"href":"https:\/\/lacanteradelebro.es\/ca\/wp-json\/wp\/v2\/comments?post=4068"}],"wp:featuredmedia":[{"embeddable":true,"href":"https:\/\/lacanteradelebro.es\/ca\/wp-json\/wp\/v2\/media\/4062"}],"wp:attachment":[{"href":"https:\/\/lacanteradelebro.es\/ca\/wp-json\/wp\/v2\/media?parent=4068"}],"wp:term":[{"taxonomy":"product_brand","embeddable":true,"href":"https:\/\/lacanteradelebro.es\/ca\/wp-json\/wp\/v2\/product_brand?post=4068"},{"taxonomy":"product_cat","embeddable":true,"href":"https:\/\/lacanteradelebro.es\/ca\/wp-json\/wp\/v2\/product_cat?post=4068"},{"taxonomy":"product_tag","embeddable":true,"href":"https:\/\/lacanteradelebro.es\/ca\/wp-json\/wp\/v2\/product_tag?post=4068"}],"curies":[{"name":"wp","href":"https:\/\/api.w.org\/{rel}","templated":true}]}}