{"id":4061,"date":"2026-02-21T09:29:36","date_gmt":"2026-02-21T09:29:36","guid":{"rendered":"https:\/\/lacanteradelebro.es\/es_es\/producto\/pina-de-amatista-de-calidad-superior-completamente-natural\/"},"modified":"2026-02-21T10:57:06","modified_gmt":"2026-02-21T10:57:06","slug":"pina-de-amatista-de-calidad-superior-completamente-natural","status":"publish","type":"product","link":"https:\/\/lacanteradelebro.es\/ca\/producte\/pina-de-amatista-de-calidad-superior-completamente-natural\/","title":{"rendered":"Pi\u00f1a de Amatista de calidad superior completamente natural"},"content":{"rendered":"<p> \u2728 <strong>  Caracter\u00edsticas Principales: <\/strong><\/p>\n<p> Peso 652 gr<\/p>\n<p> Altura  7 cm<\/p>\n<p> Largo 15 cm<\/p>\n<p> Ancho 8 m<\/p>\n<p> &#8211; Pi\u00f1a de Amatista de calidad superior.  &#8211; Color intenso que destaca en cualquier presentaci\u00f3n.  &#8211; Gran tama\u00f1o, ideal para aquellos que valoran la cantidad.<\/p>\n<h2>\n<p>  Origen y Propiedades: \ud83c\udf3f <\/p>\n<\/h2>\n<ul>\n<li>  Producida en Brasil, esta pi\u00f1a combina belleza con origen natural. <\/li>\n<li>  Las propiedades espec\u00edficas no est\u00e1n mencionadas, enf\u00f3cate en su tama\u00f1o y color. <\/li>\n<\/ul>\n<h2>\n<p>  Nota Importante: \u26a0\ufe0f <\/p>\n<\/h2>\n<p> Recuerda, este producto es de calidad superior y natural. El color intenso y el gran tama\u00f1o son sus principales caracter\u00edsticas.<\/p>","protected":false},"excerpt":{"rendered":"<p> \u2728 <strong>  Caracter\u00edsticas Principales: <\/strong><\/p>\n<p> Peso 652 gr<\/p>\n<p> Altura  7 cm<\/p>\n<p> Largo 15 cm<\/p>\n<p> Ancho 8 m<\/p>\n<p> \u2013 Pi\u00f1a de Amatista de calidad superior.  \u2013 Color intenso que destaca en cualquier presentaci\u00f3n.  \u2013 Gran tama\u00f1o, ideal para aquellos que valoran la cantidad.<\/p>\n<h2 style=\"text-align: left\"> Origen y Propiedades: \ud83c\udf3f<\/h2>\n<ul>\n<li>  Producida en Brasil, esta pi\u00f1a combina belleza con origen natural. <\/li>\n<li>  Las propiedades espec\u00edficas no est\u00e1n mencionadas, enf\u00f3cate en su tama\u00f1o y color. <\/li>\n<\/ul>\n<h2 style=\"text-align: left\"> Nota Importante: \u26a0\ufe0f<\/h2>\n<p> Recuerda, este producto es de calidad superior y natural. El color intenso y el gran tama\u00f1o son sus principales caracter\u00edsticas.<\/p>","protected":false},"featured_media":4054,"comment_status":"open","ping_status":"closed","template":"","meta":{"inline_featured_image":false},"product_brand":[],"product_cat":[92,90,91,42],"product_tag":[],"class_list":{"0":"post-4061","1":"product","2":"type-product","3":"status-publish","4":"has-post-thumbnail","6":"product_cat-accesorios-de-joyeria-y-derivados","7":"product_cat-piedras-semipreciosas","8":"product_cat-piedras-semipreciosas-semiacabadas","9":"product_cat-minerales","11":"first","12":"instock","13":"shipping-taxable","14":"purchasable","15":"product-type-simple"},"yoast_head":"<!-- This site is optimized with the Yoast SEO Premium plugin v27.0 (Yoast SEO v27.4) - https:\/\/yoast.com\/product\/yoast-seo-premium-wordpress\/ -->\n<title>Pi\u00f1a de Amatista de calidad superior completamente natural - La Cantera del Ebro<\/title>\n<meta name=\"robots\" content=\"index, follow, max-snippet:-1, max-image-preview:large, max-video-preview:-1\" \/>\n<link rel=\"canonical\" href=\"https:\/\/lacanteradelebro.es\/ca\/producte\/pina-de-amatista-de-calidad-superior-completamente-natural\/\" \/>\n<meta property=\"og:locale\" content=\"ca_ES\" \/>\n<meta property=\"og:type\" content=\"article\" \/>\n<meta property=\"og:title\" content=\"Pi\u00f1a de Amatista de calidad superior completamente natural\" \/>\n<meta property=\"og:description\" content=\"\u2728  Caracter\u00edsticas Principales: Peso 652 gr Altura 7 cm Largo 15 cm Ancho 8 m \u2013 Pi\u00f1a de Amatista de calidad superior. \u2013 Color intenso que destaca en cualquier presentaci\u00f3n. \u2013 Gran tama\u00f1o, ideal para aquellos que valoran la cantidad. Origen y Propiedades: \ud83c\udf3f  Producida en Brasil, esta pi\u00f1a combina belleza con origen natural.  Las propiedades espec\u00edficas no est\u00e1n mencionadas, enf\u00f3cate en su tama\u00f1o y color. Nota Importante: \u26a0\ufe0f Recuerda, este producto es de calidad superior y natural. El color intenso y el gran tama\u00f1o son sus principales caracter\u00edsticas.\" \/>\n<meta property=\"og:url\" content=\"https:\/\/lacanteradelebro.es\/ca\/producte\/pina-de-amatista-de-calidad-superior-completamente-natural\/\" \/>\n<meta property=\"og:site_name\" content=\"La Cantera del Ebro\" \/>\n<meta property=\"article:modified_time\" content=\"2026-02-21T10:57:06+00:00\" \/>\n<meta property=\"og:image\" content=\"https:\/\/lacanteradelebro.es\/wp-content\/uploads\/2026\/02\/ca10dbd9d3b64cfd8417224352af5a78tplv-t5fjg24jzw-origin-jpeg-scaled-1.jpeg\" \/>\n\t<meta property=\"og:image:width\" content=\"1600\" \/>\n\t<meta property=\"og:image:height\" content=\"2133\" \/>\n\t<meta property=\"og:image:type\" content=\"image\/jpeg\" \/>\n<meta name=\"twitter:card\" content=\"summary_large_image\" \/>\n<script type=\"application\/ld+json\" class=\"yoast-schema-graph\">{\"@context\":\"https:\\\/\\\/schema.org\",\"@graph\":[{\"@type\":\"WebPage\",\"@id\":\"https:\\\/\\\/lacanteradelebro.es\\\/producto\\\/pina-de-amatista-de-calidad-superior-completamente-natural\\\/\",\"url\":\"https:\\\/\\\/lacanteradelebro.es\\\/producto\\\/pina-de-amatista-de-calidad-superior-completamente-natural\\\/\",\"name\":\"Pi\u00f1a de Amatista de calidad superior completamente natural - La Cantera del Ebro\",\"isPartOf\":{\"@id\":\"https:\\\/\\\/lacanteradelebro.es\\\/#website\"},\"primaryImageOfPage\":{\"@id\":\"https:\\\/\\\/lacanteradelebro.es\\\/producto\\\/pina-de-amatista-de-calidad-superior-completamente-natural\\\/#primaryimage\"},\"image\":{\"@id\":\"https:\\\/\\\/lacanteradelebro.es\\\/producto\\\/pina-de-amatista-de-calidad-superior-completamente-natural\\\/#primaryimage\"},\"thumbnailUrl\":\"https:\\\/\\\/lacanteradelebro.es\\\/wp-content\\\/uploads\\\/2026\\\/02\\\/ca10dbd9d3b64cfd8417224352af5a78tplv-t5fjg24jzw-origin-jpeg-scaled-1.jpeg\",\"datePublished\":\"2026-02-21T09:29:36+00:00\",\"dateModified\":\"2026-02-21T10:57:06+00:00\",\"breadcrumb\":{\"@id\":\"https:\\\/\\\/lacanteradelebro.es\\\/producto\\\/pina-de-amatista-de-calidad-superior-completamente-natural\\\/#breadcrumb\"},\"inLanguage\":\"ca\",\"potentialAction\":[{\"@type\":\"ReadAction\",\"target\":[\"https:\\\/\\\/lacanteradelebro.es\\\/producto\\\/pina-de-amatista-de-calidad-superior-completamente-natural\\\/\"]}]},{\"@type\":\"ImageObject\",\"inLanguage\":\"ca\",\"@id\":\"https:\\\/\\\/lacanteradelebro.es\\\/producto\\\/pina-de-amatista-de-calidad-superior-completamente-natural\\\/#primaryimage\",\"url\":\"https:\\\/\\\/lacanteradelebro.es\\\/wp-content\\\/uploads\\\/2026\\\/02\\\/ca10dbd9d3b64cfd8417224352af5a78tplv-t5fjg24jzw-origin-jpeg-scaled-1.jpeg\",\"contentUrl\":\"https:\\\/\\\/lacanteradelebro.es\\\/wp-content\\\/uploads\\\/2026\\\/02\\\/ca10dbd9d3b64cfd8417224352af5a78tplv-t5fjg24jzw-origin-jpeg-scaled-1.jpeg\",\"width\":1600,\"height\":2133},{\"@type\":\"BreadcrumbList\",\"@id\":\"https:\\\/\\\/lacanteradelebro.es\\\/producto\\\/pina-de-amatista-de-calidad-superior-completamente-natural\\\/#breadcrumb\",\"itemListElement\":[{\"@type\":\"ListItem\",\"position\":1,\"name\":\"Portada\",\"item\":\"https:\\\/\\\/lacanteradelebro.es\\\/es\\\/\"},{\"@type\":\"ListItem\",\"position\":2,\"name\":\"Shop\",\"item\":\"https:\\\/\\\/lacanteradelebro.es\\\/ca\\\/tienda-2\\\/\"},{\"@type\":\"ListItem\",\"position\":3,\"name\":\"Pi\u00f1a de Amatista de calidad superior completamente natural\"}]},{\"@type\":\"WebSite\",\"@id\":\"https:\\\/\\\/lacanteradelebro.es\\\/#website\",\"url\":\"https:\\\/\\\/lacanteradelebro.es\\\/\",\"name\":\"La Cantera del Ebro\",\"description\":\"Transformamos la belleza de la piedra natural y la calidez de la madera artesanal en joyas y objetos \u00fanicos. Cada creaci\u00f3n est\u00e1 hecha a mano con pasi\u00f3n, conect\u00e1ndote con la Tierra a trav\u00e9s de dise\u00f1os exclusivos y llenos de alma.\",\"publisher\":{\"@id\":\"https:\\\/\\\/lacanteradelebro.es\\\/#\\\/schema\\\/person\\\/2c7df64eef01f69456a16d6540d266df\"},\"potentialAction\":[{\"@type\":\"SearchAction\",\"target\":{\"@type\":\"EntryPoint\",\"urlTemplate\":\"https:\\\/\\\/lacanteradelebro.es\\\/?s={search_term_string}\"},\"query-input\":{\"@type\":\"PropertyValueSpecification\",\"valueRequired\":true,\"valueName\":\"search_term_string\"}}],\"inLanguage\":\"ca\"},{\"@type\":[\"Person\",\"Organization\"],\"@id\":\"https:\\\/\\\/lacanteradelebro.es\\\/#\\\/schema\\\/person\\\/2c7df64eef01f69456a16d6540d266df\",\"name\":\"Fernando\",\"image\":{\"@type\":\"ImageObject\",\"inLanguage\":\"ca\",\"@id\":\"https:\\\/\\\/lacanteradelebro.es\\\/wp-content\\\/uploads\\\/2025\\\/06\\\/cropped-Logo_BO2.png\",\"url\":\"https:\\\/\\\/lacanteradelebro.es\\\/wp-content\\\/uploads\\\/2025\\\/06\\\/cropped-Logo_BO2.png\",\"contentUrl\":\"https:\\\/\\\/lacanteradelebro.es\\\/wp-content\\\/uploads\\\/2025\\\/06\\\/cropped-Logo_BO2.png\",\"width\":512,\"height\":512,\"caption\":\"Fernando\"},\"logo\":{\"@id\":\"https:\\\/\\\/lacanteradelebro.es\\\/wp-content\\\/uploads\\\/2025\\\/06\\\/cropped-Logo_BO2.png\"},\"publishingPrinciples\":\"https:\\\/\\\/lacanteradelebro.es\\\/ca\\\/politica-de-privacidad\\\/\",\"ownershipFundingInfo\":\"https:\\\/\\\/lacanteradelebro.es\\\/ca\\\/politica-de-privacidad\\\/\",\"actionableFeedbackPolicy\":\"https:\\\/\\\/lacanteradelebro.es\\\/ca\\\/aviso-legal\\\/\",\"correctionsPolicy\":\"https:\\\/\\\/lacanteradelebro.es\\\/ca\\\/reembolso_devoluciones\\\/\",\"ethicsPolicy\":\"https:\\\/\\\/lacanteradelebro.es\\\/ca\\\/politica-de-cookies\\\/\",\"diversityPolicy\":\"https:\\\/\\\/lacanteradelebro.es\\\/ca\\\/politica-de-cookies\\\/\",\"diversityStaffingReport\":\"https:\\\/\\\/lacanteradelebro.es\\\/ca\\\/politica-de-privacidad\\\/\"}]}<\/script>\n<!-- \/ Yoast SEO Premium plugin. -->","yoast_head_json":{"title":"Pi\u00f1a de Amatista de calidad superior completamente natural - La Cantera del Ebro","robots":{"index":"index","follow":"follow","max-snippet":"max-snippet:-1","max-image-preview":"max-image-preview:large","max-video-preview":"max-video-preview:-1"},"canonical":"https:\/\/lacanteradelebro.es\/ca\/producte\/pina-de-amatista-de-calidad-superior-completamente-natural\/","og_locale":"ca_ES","og_type":"article","og_title":"Pi\u00f1a de Amatista de calidad superior completamente natural","og_description":"\u2728  Caracter\u00edsticas Principales: Peso 652 gr Altura 7 cm Largo 15 cm Ancho 8 m \u2013 Pi\u00f1a de Amatista de calidad superior. \u2013 Color intenso que destaca en cualquier presentaci\u00f3n. \u2013 Gran tama\u00f1o, ideal para aquellos que valoran la cantidad. Origen y Propiedades: \ud83c\udf3f  Producida en Brasil, esta pi\u00f1a combina belleza con origen natural.  Las propiedades espec\u00edficas no est\u00e1n mencionadas, enf\u00f3cate en su tama\u00f1o y color. Nota Importante: \u26a0\ufe0f Recuerda, este producto es de calidad superior y natural. El color intenso y el gran tama\u00f1o son sus principales caracter\u00edsticas.","og_url":"https:\/\/lacanteradelebro.es\/ca\/producte\/pina-de-amatista-de-calidad-superior-completamente-natural\/","og_site_name":"La Cantera del Ebro","article_modified_time":"2026-02-21T10:57:06+00:00","og_image":[{"width":1600,"height":2133,"url":"https:\/\/lacanteradelebro.es\/wp-content\/uploads\/2026\/02\/ca10dbd9d3b64cfd8417224352af5a78tplv-t5fjg24jzw-origin-jpeg-scaled-1.jpeg","type":"image\/jpeg"}],"twitter_card":"summary_large_image","schema":{"@context":"https:\/\/schema.org","@graph":[{"@type":"WebPage","@id":"https:\/\/lacanteradelebro.es\/producto\/pina-de-amatista-de-calidad-superior-completamente-natural\/","url":"https:\/\/lacanteradelebro.es\/producto\/pina-de-amatista-de-calidad-superior-completamente-natural\/","name":"Pi\u00f1a de Amatista de calidad superior completamente natural - La Cantera del Ebro","isPartOf":{"@id":"https:\/\/lacanteradelebro.es\/#website"},"primaryImageOfPage":{"@id":"https:\/\/lacanteradelebro.es\/producto\/pina-de-amatista-de-calidad-superior-completamente-natural\/#primaryimage"},"image":{"@id":"https:\/\/lacanteradelebro.es\/producto\/pina-de-amatista-de-calidad-superior-completamente-natural\/#primaryimage"},"thumbnailUrl":"https:\/\/lacanteradelebro.es\/wp-content\/uploads\/2026\/02\/ca10dbd9d3b64cfd8417224352af5a78tplv-t5fjg24jzw-origin-jpeg-scaled-1.jpeg","datePublished":"2026-02-21T09:29:36+00:00","dateModified":"2026-02-21T10:57:06+00:00","breadcrumb":{"@id":"https:\/\/lacanteradelebro.es\/producto\/pina-de-amatista-de-calidad-superior-completamente-natural\/#breadcrumb"},"inLanguage":"ca","potentialAction":[{"@type":"ReadAction","target":["https:\/\/lacanteradelebro.es\/producto\/pina-de-amatista-de-calidad-superior-completamente-natural\/"]}]},{"@type":"ImageObject","inLanguage":"ca","@id":"https:\/\/lacanteradelebro.es\/producto\/pina-de-amatista-de-calidad-superior-completamente-natural\/#primaryimage","url":"https:\/\/lacanteradelebro.es\/wp-content\/uploads\/2026\/02\/ca10dbd9d3b64cfd8417224352af5a78tplv-t5fjg24jzw-origin-jpeg-scaled-1.jpeg","contentUrl":"https:\/\/lacanteradelebro.es\/wp-content\/uploads\/2026\/02\/ca10dbd9d3b64cfd8417224352af5a78tplv-t5fjg24jzw-origin-jpeg-scaled-1.jpeg","width":1600,"height":2133},{"@type":"BreadcrumbList","@id":"https:\/\/lacanteradelebro.es\/producto\/pina-de-amatista-de-calidad-superior-completamente-natural\/#breadcrumb","itemListElement":[{"@type":"ListItem","position":1,"name":"Portada","item":"https:\/\/lacanteradelebro.es\/es\/"},{"@type":"ListItem","position":2,"name":"Shop","item":"https:\/\/lacanteradelebro.es\/ca\/tienda-2\/"},{"@type":"ListItem","position":3,"name":"Pi\u00f1a de Amatista de calidad superior completamente natural"}]},{"@type":"WebSite","@id":"https:\/\/lacanteradelebro.es\/#website","url":"https:\/\/lacanteradelebro.es\/","name":"La Cantera del Ebro","description":"Transformamos la belleza de la piedra natural y la calidez de la madera artesanal en joyas y objetos \u00fanicos. Cada creaci\u00f3n est\u00e1 hecha a mano con pasi\u00f3n, conect\u00e1ndote con la Tierra a trav\u00e9s de dise\u00f1os exclusivos y llenos de alma.","publisher":{"@id":"https:\/\/lacanteradelebro.es\/#\/schema\/person\/2c7df64eef01f69456a16d6540d266df"},"potentialAction":[{"@type":"SearchAction","target":{"@type":"EntryPoint","urlTemplate":"https:\/\/lacanteradelebro.es\/?s={search_term_string}"},"query-input":{"@type":"PropertyValueSpecification","valueRequired":true,"valueName":"search_term_string"}}],"inLanguage":"ca"},{"@type":["Person","Organization"],"@id":"https:\/\/lacanteradelebro.es\/#\/schema\/person\/2c7df64eef01f69456a16d6540d266df","name":"Fernando","image":{"@type":"ImageObject","inLanguage":"ca","@id":"https:\/\/lacanteradelebro.es\/wp-content\/uploads\/2025\/06\/cropped-Logo_BO2.png","url":"https:\/\/lacanteradelebro.es\/wp-content\/uploads\/2025\/06\/cropped-Logo_BO2.png","contentUrl":"https:\/\/lacanteradelebro.es\/wp-content\/uploads\/2025\/06\/cropped-Logo_BO2.png","width":512,"height":512,"caption":"Fernando"},"logo":{"@id":"https:\/\/lacanteradelebro.es\/wp-content\/uploads\/2025\/06\/cropped-Logo_BO2.png"},"publishingPrinciples":"https:\/\/lacanteradelebro.es\/ca\/politica-de-privacidad\/","ownershipFundingInfo":"https:\/\/lacanteradelebro.es\/ca\/politica-de-privacidad\/","actionableFeedbackPolicy":"https:\/\/lacanteradelebro.es\/ca\/aviso-legal\/","correctionsPolicy":"https:\/\/lacanteradelebro.es\/ca\/reembolso_devoluciones\/","ethicsPolicy":"https:\/\/lacanteradelebro.es\/ca\/politica-de-cookies\/","diversityPolicy":"https:\/\/lacanteradelebro.es\/ca\/politica-de-cookies\/","diversityStaffingReport":"https:\/\/lacanteradelebro.es\/ca\/politica-de-privacidad\/"}]}},"_links":{"self":[{"href":"https:\/\/lacanteradelebro.es\/ca\/wp-json\/wp\/v2\/product\/4061","targetHints":{"allow":["GET"]}}],"collection":[{"href":"https:\/\/lacanteradelebro.es\/ca\/wp-json\/wp\/v2\/product"}],"about":[{"href":"https:\/\/lacanteradelebro.es\/ca\/wp-json\/wp\/v2\/types\/product"}],"replies":[{"embeddable":true,"href":"https:\/\/lacanteradelebro.es\/ca\/wp-json\/wp\/v2\/comments?post=4061"}],"wp:featuredmedia":[{"embeddable":true,"href":"https:\/\/lacanteradelebro.es\/ca\/wp-json\/wp\/v2\/media\/4054"}],"wp:attachment":[{"href":"https:\/\/lacanteradelebro.es\/ca\/wp-json\/wp\/v2\/media?parent=4061"}],"wp:term":[{"taxonomy":"product_brand","embeddable":true,"href":"https:\/\/lacanteradelebro.es\/ca\/wp-json\/wp\/v2\/product_brand?post=4061"},{"taxonomy":"product_cat","embeddable":true,"href":"https:\/\/lacanteradelebro.es\/ca\/wp-json\/wp\/v2\/product_cat?post=4061"},{"taxonomy":"product_tag","embeddable":true,"href":"https:\/\/lacanteradelebro.es\/ca\/wp-json\/wp\/v2\/product_tag?post=4061"}],"curies":[{"name":"wp","href":"https:\/\/api.w.org\/{rel}","templated":true}]}}