{"id":4015,"date":"2026-02-21T09:27:07","date_gmt":"2026-02-21T09:27:07","guid":{"rendered":"https:\/\/lacanteradelebro.es\/es_es\/producto\/portal-de-amatista-de-gran-tamano\/"},"modified":"2026-02-21T10:57:11","modified_gmt":"2026-02-21T10:57:11","slug":"portal-de-amatista-de-gran-tamano","status":"publish","type":"product","link":"https:\/\/lacanteradelebro.es\/ca\/producte\/portal-de-amatista-de-gran-tamano\/","title":{"rendered":"Portal de Amatista de gran tama\u00f1o"},"content":{"rendered":"<h2>\n<p>  Descripci\u00f3n: <\/p>\n<\/h2>\n<p> Peso 10,400 Kg<\/p>\n<p> Tama\u00f1o 38*52*4 (basre 15*15)<\/p>\n<p> \u2728 <strong>  Caracter\u00edsticas del Producto: <\/strong> &#8211; El Portal de Amatista de gran tama\u00f1o es una pieza destacada. \ud83c\udf1f  &#8211; Su tama\u00f1o lo hace ideal para espacios que requieren un toque especial.  &#8211; La amatista a\u00f1ade un elemento de belleza natural al ambiente.<\/p>\n<p> \u2728 <strong>  Detalles del Producto: <\/strong> &#8211; Material: Amatista.  &#8211; Tama\u00f1o: Gran tama\u00f1o.  &#8211; Uso: Adecuado para decoraci\u00f3n.<\/p>\n<p> \u2728 <strong>  Caracter\u00edsticas Adicionales: <\/strong> &#8211; El portal es una pieza \u00fanica.  &#8211; Aporta un ambiente elegante y sofisticado.  &#8211; Perfecto para quienes buscan un toque de naturaleza en su decoraci\u00f3n.<\/p>\n<p> \u2728 <strong>  Conclusion: <\/strong> Este Portal de Amatista de gran tama\u00f1o es una elecci\u00f3n excelente para decorar. Su tama\u00f1o y material lo hacen una pieza destacada.<\/p>","protected":false},"excerpt":{"rendered":"<h2 style=\"text-align: left\"> Descripci\u00f3n:<\/h2>\n<p> Peso 10,400 Kg<\/p>\n<p> Tama\u00f1o 38*52*4 (basre 15*15)<\/p>\n<p> \u2728 <strong>  Caracter\u00edsticas del Producto: <\/strong> \u2013 El Portal de Amatista de gran tama\u00f1o es una pieza destacada. \ud83c\udf1f  \u2013 Su tama\u00f1o lo hace ideal para espacios que requieren un toque especial.  \u2013 La amatista a\u00f1ade un elemento de belleza natural al ambiente.<\/p>\n<p> \u2728 <strong>  Detalles del Producto: <\/strong> \u2013 Material: Amatista.  \u2013 Tama\u00f1o: Gran tama\u00f1o.  \u2013 Uso: Adecuado para decoraci\u00f3n.<\/p>\n<p> \u2728 <strong>  Caracter\u00edsticas Adicionales: <\/strong> \u2013 El portal es una pieza \u00fanica.  \u2013 Aporta un ambiente elegante y sofisticado.  \u2013 Perfecto para quienes buscan un toque de naturaleza en su decoraci\u00f3n.<\/p>\n<p> \u2728 <strong>  Conclusion: <\/strong> Este Portal de Amatista de gran tama\u00f1o es una elecci\u00f3n excelente para decorar. Su tama\u00f1o y material lo hacen una pieza destacada.<\/p>","protected":false},"featured_media":4011,"comment_status":"open","ping_status":"closed","template":"","meta":{"inline_featured_image":false},"product_brand":[],"product_cat":[92,90,91,42],"product_tag":[],"class_list":{"0":"post-4015","1":"product","2":"type-product","3":"status-publish","4":"has-post-thumbnail","6":"product_cat-accesorios-de-joyeria-y-derivados","7":"product_cat-piedras-semipreciosas","8":"product_cat-piedras-semipreciosas-semiacabadas","9":"product_cat-minerales","11":"first","12":"instock","13":"shipping-taxable","14":"purchasable","15":"product-type-simple"},"yoast_head":"<!-- This site is optimized with the Yoast SEO Premium plugin v27.0 (Yoast SEO v27.1.1) - https:\/\/yoast.com\/product\/yoast-seo-premium-wordpress\/ -->\n<title>Portal de Amatista de gran tama\u00f1o - La Cantera del Ebro<\/title>\n<meta name=\"robots\" content=\"index, follow, max-snippet:-1, max-image-preview:large, max-video-preview:-1\" \/>\n<link rel=\"canonical\" href=\"https:\/\/lacanteradelebro.es\/ca\/producte\/portal-de-amatista-de-gran-tamano\/\" \/>\n<meta property=\"og:locale\" content=\"ca_ES\" \/>\n<meta property=\"og:type\" content=\"article\" \/>\n<meta property=\"og:title\" content=\"Portal de Amatista de gran tama\u00f1o\" \/>\n<meta property=\"og:description\" content=\"Descripci\u00f3n: Peso 10,400 Kg Tama\u00f1o 38*52*4 (basre 15*15) \u2728  Caracter\u00edsticas del Producto: \u2013 El Portal de Amatista de gran tama\u00f1o es una pieza destacada. \ud83c\udf1f \u2013 Su tama\u00f1o lo hace ideal para espacios que requieren un toque especial. \u2013 La amatista a\u00f1ade un elemento de belleza natural al ambiente. \u2728  Detalles del Producto: \u2013 Material: Amatista. \u2013 Tama\u00f1o: Gran tama\u00f1o. \u2013 Uso: Adecuado para decoraci\u00f3n. \u2728  Caracter\u00edsticas Adicionales: \u2013 El portal es una pieza \u00fanica. \u2013 Aporta un ambiente elegante y sofisticado. \u2013 Perfecto para quienes buscan un toque de naturaleza en su decoraci\u00f3n. \u2728  Conclusion: Este Portal de Amatista de gran tama\u00f1o es una elecci\u00f3n excelente para decorar. Su tama\u00f1o y material lo hacen una pieza destacada.\" \/>\n<meta property=\"og:url\" content=\"https:\/\/lacanteradelebro.es\/ca\/producte\/portal-de-amatista-de-gran-tamano\/\" \/>\n<meta property=\"og:site_name\" content=\"La Cantera del Ebro\" \/>\n<meta property=\"article:modified_time\" content=\"2026-02-21T10:57:11+00:00\" \/>\n<meta property=\"og:image\" content=\"https:\/\/lacanteradelebro.es\/wp-content\/uploads\/2026\/02\/65f6477467004906b7d256e4036cc489tplv-t5fjg24jzw-origin-jpeg-scaled-1.jpeg\" \/>\n\t<meta property=\"og:image:width\" content=\"1600\" \/>\n\t<meta property=\"og:image:height\" content=\"2133\" \/>\n\t<meta property=\"og:image:type\" content=\"image\/jpeg\" \/>\n<meta name=\"twitter:card\" content=\"summary_large_image\" \/>\n<meta name=\"twitter:label1\" content=\"Temps estimat de lectura\" \/>\n\t<meta name=\"twitter:data1\" content=\"1 minut\" \/>\n<script type=\"application\/ld+json\" class=\"yoast-schema-graph\">{\"@context\":\"https:\/\/schema.org\",\"@graph\":[{\"@type\":\"WebPage\",\"@id\":\"https:\/\/lacanteradelebro.es\/producto\/portal-de-amatista-de-gran-tamano\/\",\"url\":\"https:\/\/lacanteradelebro.es\/producto\/portal-de-amatista-de-gran-tamano\/\",\"name\":\"Portal de Amatista de gran tama\u00f1o - La Cantera del Ebro\",\"isPartOf\":{\"@id\":\"https:\/\/lacanteradelebro.es\/#website\"},\"primaryImageOfPage\":{\"@id\":\"https:\/\/lacanteradelebro.es\/producto\/portal-de-amatista-de-gran-tamano\/#primaryimage\"},\"image\":{\"@id\":\"https:\/\/lacanteradelebro.es\/producto\/portal-de-amatista-de-gran-tamano\/#primaryimage\"},\"thumbnailUrl\":\"https:\/\/lacanteradelebro.es\/wp-content\/uploads\/2026\/02\/65f6477467004906b7d256e4036cc489tplv-t5fjg24jzw-origin-jpeg-scaled-1.jpeg\",\"datePublished\":\"2026-02-21T09:27:07+00:00\",\"dateModified\":\"2026-02-21T10:57:11+00:00\",\"breadcrumb\":{\"@id\":\"https:\/\/lacanteradelebro.es\/producto\/portal-de-amatista-de-gran-tamano\/#breadcrumb\"},\"inLanguage\":\"ca\",\"potentialAction\":[{\"@type\":\"ReadAction\",\"target\":[\"https:\/\/lacanteradelebro.es\/producto\/portal-de-amatista-de-gran-tamano\/\"]}]},{\"@type\":\"ImageObject\",\"inLanguage\":\"ca\",\"@id\":\"https:\/\/lacanteradelebro.es\/producto\/portal-de-amatista-de-gran-tamano\/#primaryimage\",\"url\":\"https:\/\/lacanteradelebro.es\/wp-content\/uploads\/2026\/02\/65f6477467004906b7d256e4036cc489tplv-t5fjg24jzw-origin-jpeg-scaled-1.jpeg\",\"contentUrl\":\"https:\/\/lacanteradelebro.es\/wp-content\/uploads\/2026\/02\/65f6477467004906b7d256e4036cc489tplv-t5fjg24jzw-origin-jpeg-scaled-1.jpeg\",\"width\":1600,\"height\":2133},{\"@type\":\"BreadcrumbList\",\"@id\":\"https:\/\/lacanteradelebro.es\/producto\/portal-de-amatista-de-gran-tamano\/#breadcrumb\",\"itemListElement\":[{\"@type\":\"ListItem\",\"position\":1,\"name\":\"Portada\",\"item\":\"https:\/\/lacanteradelebro.es\/es\/\"},{\"@type\":\"ListItem\",\"position\":2,\"name\":\"Shop\",\"item\":\"https:\/\/lacanteradelebro.es\/ca\/tienda-2\/\"},{\"@type\":\"ListItem\",\"position\":3,\"name\":\"Portal de Amatista de gran tama\u00f1o\"}]},{\"@type\":\"WebSite\",\"@id\":\"https:\/\/lacanteradelebro.es\/#website\",\"url\":\"https:\/\/lacanteradelebro.es\/\",\"name\":\"La Cantera del Ebro\",\"description\":\"Transformamos la belleza de la piedra natural y la calidez de la madera artesanal en joyas y objetos \u00fanicos. Cada creaci\u00f3n est\u00e1 hecha a mano con pasi\u00f3n, conect\u00e1ndote con la Tierra a trav\u00e9s de dise\u00f1os exclusivos y llenos de alma.\",\"publisher\":{\"@id\":\"https:\/\/lacanteradelebro.es\/#\/schema\/person\/2c7df64eef01f69456a16d6540d266df\"},\"potentialAction\":[{\"@type\":\"SearchAction\",\"target\":{\"@type\":\"EntryPoint\",\"urlTemplate\":\"https:\/\/lacanteradelebro.es\/?s={search_term_string}\"},\"query-input\":{\"@type\":\"PropertyValueSpecification\",\"valueRequired\":true,\"valueName\":\"search_term_string\"}}],\"inLanguage\":\"ca\"},{\"@type\":[\"Person\",\"Organization\"],\"@id\":\"https:\/\/lacanteradelebro.es\/#\/schema\/person\/2c7df64eef01f69456a16d6540d266df\",\"name\":\"Fernando\",\"image\":{\"@type\":\"ImageObject\",\"inLanguage\":\"ca\",\"@id\":\"https:\/\/lacanteradelebro.es\/#\/schema\/person\/image\/\",\"url\":\"https:\/\/lacanteradelebro.es\/wp-content\/uploads\/2025\/06\/cropped-Logo_BO2.png\",\"contentUrl\":\"https:\/\/lacanteradelebro.es\/wp-content\/uploads\/2025\/06\/cropped-Logo_BO2.png\",\"width\":512,\"height\":512,\"caption\":\"Fernando\"},\"logo\":{\"@id\":\"https:\/\/lacanteradelebro.es\/#\/schema\/person\/image\/\"},\"publishingPrinciples\":\"https:\/\/lacanteradelebro.es\/ca\/politica-de-privacidad\/\",\"ownershipFundingInfo\":\"https:\/\/lacanteradelebro.es\/ca\/politica-de-privacidad\/\",\"actionableFeedbackPolicy\":\"https:\/\/lacanteradelebro.es\/ca\/aviso-legal\/\",\"correctionsPolicy\":\"https:\/\/lacanteradelebro.es\/ca\/reembolso_devoluciones\/\",\"ethicsPolicy\":\"https:\/\/lacanteradelebro.es\/ca\/politica-de-cookies\/\",\"diversityPolicy\":\"https:\/\/lacanteradelebro.es\/ca\/politica-de-cookies\/\",\"diversityStaffingReport\":\"https:\/\/lacanteradelebro.es\/ca\/politica-de-privacidad\/\"}]}<\/script>\n<!-- \/ Yoast SEO Premium plugin. -->","yoast_head_json":{"title":"Portal de Amatista de gran tama\u00f1o - La Cantera del Ebro","robots":{"index":"index","follow":"follow","max-snippet":"max-snippet:-1","max-image-preview":"max-image-preview:large","max-video-preview":"max-video-preview:-1"},"canonical":"https:\/\/lacanteradelebro.es\/ca\/producte\/portal-de-amatista-de-gran-tamano\/","og_locale":"ca_ES","og_type":"article","og_title":"Portal de Amatista de gran tama\u00f1o","og_description":"Descripci\u00f3n: Peso 10,400 Kg Tama\u00f1o 38*52*4 (basre 15*15) \u2728  Caracter\u00edsticas del Producto: \u2013 El Portal de Amatista de gran tama\u00f1o es una pieza destacada. \ud83c\udf1f \u2013 Su tama\u00f1o lo hace ideal para espacios que requieren un toque especial. \u2013 La amatista a\u00f1ade un elemento de belleza natural al ambiente. \u2728  Detalles del Producto: \u2013 Material: Amatista. \u2013 Tama\u00f1o: Gran tama\u00f1o. \u2013 Uso: Adecuado para decoraci\u00f3n. \u2728  Caracter\u00edsticas Adicionales: \u2013 El portal es una pieza \u00fanica. \u2013 Aporta un ambiente elegante y sofisticado. \u2013 Perfecto para quienes buscan un toque de naturaleza en su decoraci\u00f3n. \u2728  Conclusion: Este Portal de Amatista de gran tama\u00f1o es una elecci\u00f3n excelente para decorar. Su tama\u00f1o y material lo hacen una pieza destacada.","og_url":"https:\/\/lacanteradelebro.es\/ca\/producte\/portal-de-amatista-de-gran-tamano\/","og_site_name":"La Cantera del Ebro","article_modified_time":"2026-02-21T10:57:11+00:00","og_image":[{"width":1600,"height":2133,"url":"https:\/\/lacanteradelebro.es\/wp-content\/uploads\/2026\/02\/65f6477467004906b7d256e4036cc489tplv-t5fjg24jzw-origin-jpeg-scaled-1.jpeg","type":"image\/jpeg"}],"twitter_card":"summary_large_image","twitter_misc":{"Temps estimat de lectura":"1 minut"},"schema":{"@context":"https:\/\/schema.org","@graph":[{"@type":"WebPage","@id":"https:\/\/lacanteradelebro.es\/producto\/portal-de-amatista-de-gran-tamano\/","url":"https:\/\/lacanteradelebro.es\/producto\/portal-de-amatista-de-gran-tamano\/","name":"Portal de Amatista de gran tama\u00f1o - La Cantera del Ebro","isPartOf":{"@id":"https:\/\/lacanteradelebro.es\/#website"},"primaryImageOfPage":{"@id":"https:\/\/lacanteradelebro.es\/producto\/portal-de-amatista-de-gran-tamano\/#primaryimage"},"image":{"@id":"https:\/\/lacanteradelebro.es\/producto\/portal-de-amatista-de-gran-tamano\/#primaryimage"},"thumbnailUrl":"https:\/\/lacanteradelebro.es\/wp-content\/uploads\/2026\/02\/65f6477467004906b7d256e4036cc489tplv-t5fjg24jzw-origin-jpeg-scaled-1.jpeg","datePublished":"2026-02-21T09:27:07+00:00","dateModified":"2026-02-21T10:57:11+00:00","breadcrumb":{"@id":"https:\/\/lacanteradelebro.es\/producto\/portal-de-amatista-de-gran-tamano\/#breadcrumb"},"inLanguage":"ca","potentialAction":[{"@type":"ReadAction","target":["https:\/\/lacanteradelebro.es\/producto\/portal-de-amatista-de-gran-tamano\/"]}]},{"@type":"ImageObject","inLanguage":"ca","@id":"https:\/\/lacanteradelebro.es\/producto\/portal-de-amatista-de-gran-tamano\/#primaryimage","url":"https:\/\/lacanteradelebro.es\/wp-content\/uploads\/2026\/02\/65f6477467004906b7d256e4036cc489tplv-t5fjg24jzw-origin-jpeg-scaled-1.jpeg","contentUrl":"https:\/\/lacanteradelebro.es\/wp-content\/uploads\/2026\/02\/65f6477467004906b7d256e4036cc489tplv-t5fjg24jzw-origin-jpeg-scaled-1.jpeg","width":1600,"height":2133},{"@type":"BreadcrumbList","@id":"https:\/\/lacanteradelebro.es\/producto\/portal-de-amatista-de-gran-tamano\/#breadcrumb","itemListElement":[{"@type":"ListItem","position":1,"name":"Portada","item":"https:\/\/lacanteradelebro.es\/es\/"},{"@type":"ListItem","position":2,"name":"Shop","item":"https:\/\/lacanteradelebro.es\/ca\/tienda-2\/"},{"@type":"ListItem","position":3,"name":"Portal de Amatista de gran tama\u00f1o"}]},{"@type":"WebSite","@id":"https:\/\/lacanteradelebro.es\/#website","url":"https:\/\/lacanteradelebro.es\/","name":"La Cantera del Ebro","description":"Transformamos la belleza de la piedra natural y la calidez de la madera artesanal en joyas y objetos \u00fanicos. Cada creaci\u00f3n est\u00e1 hecha a mano con pasi\u00f3n, conect\u00e1ndote con la Tierra a trav\u00e9s de dise\u00f1os exclusivos y llenos de alma.","publisher":{"@id":"https:\/\/lacanteradelebro.es\/#\/schema\/person\/2c7df64eef01f69456a16d6540d266df"},"potentialAction":[{"@type":"SearchAction","target":{"@type":"EntryPoint","urlTemplate":"https:\/\/lacanteradelebro.es\/?s={search_term_string}"},"query-input":{"@type":"PropertyValueSpecification","valueRequired":true,"valueName":"search_term_string"}}],"inLanguage":"ca"},{"@type":["Person","Organization"],"@id":"https:\/\/lacanteradelebro.es\/#\/schema\/person\/2c7df64eef01f69456a16d6540d266df","name":"Fernando","image":{"@type":"ImageObject","inLanguage":"ca","@id":"https:\/\/lacanteradelebro.es\/#\/schema\/person\/image\/","url":"https:\/\/lacanteradelebro.es\/wp-content\/uploads\/2025\/06\/cropped-Logo_BO2.png","contentUrl":"https:\/\/lacanteradelebro.es\/wp-content\/uploads\/2025\/06\/cropped-Logo_BO2.png","width":512,"height":512,"caption":"Fernando"},"logo":{"@id":"https:\/\/lacanteradelebro.es\/#\/schema\/person\/image\/"},"publishingPrinciples":"https:\/\/lacanteradelebro.es\/ca\/politica-de-privacidad\/","ownershipFundingInfo":"https:\/\/lacanteradelebro.es\/ca\/politica-de-privacidad\/","actionableFeedbackPolicy":"https:\/\/lacanteradelebro.es\/ca\/aviso-legal\/","correctionsPolicy":"https:\/\/lacanteradelebro.es\/ca\/reembolso_devoluciones\/","ethicsPolicy":"https:\/\/lacanteradelebro.es\/ca\/politica-de-cookies\/","diversityPolicy":"https:\/\/lacanteradelebro.es\/ca\/politica-de-cookies\/","diversityStaffingReport":"https:\/\/lacanteradelebro.es\/ca\/politica-de-privacidad\/"}]}},"_links":{"self":[{"href":"https:\/\/lacanteradelebro.es\/ca\/wp-json\/wp\/v2\/product\/4015","targetHints":{"allow":["GET"]}}],"collection":[{"href":"https:\/\/lacanteradelebro.es\/ca\/wp-json\/wp\/v2\/product"}],"about":[{"href":"https:\/\/lacanteradelebro.es\/ca\/wp-json\/wp\/v2\/types\/product"}],"replies":[{"embeddable":true,"href":"https:\/\/lacanteradelebro.es\/ca\/wp-json\/wp\/v2\/comments?post=4015"}],"wp:featuredmedia":[{"embeddable":true,"href":"https:\/\/lacanteradelebro.es\/ca\/wp-json\/wp\/v2\/media\/4011"}],"wp:attachment":[{"href":"https:\/\/lacanteradelebro.es\/ca\/wp-json\/wp\/v2\/media?parent=4015"}],"wp:term":[{"taxonomy":"product_brand","embeddable":true,"href":"https:\/\/lacanteradelebro.es\/ca\/wp-json\/wp\/v2\/product_brand?post=4015"},{"taxonomy":"product_cat","embeddable":true,"href":"https:\/\/lacanteradelebro.es\/ca\/wp-json\/wp\/v2\/product_cat?post=4015"},{"taxonomy":"product_tag","embeddable":true,"href":"https:\/\/lacanteradelebro.es\/ca\/wp-json\/wp\/v2\/product_tag?post=4015"}],"curies":[{"name":"wp","href":"https:\/\/api.w.org\/{rel}","templated":true}]}}