{"id":4010,"date":"2026-02-21T09:26:54","date_gmt":"2026-02-21T09:26:54","guid":{"rendered":"https:\/\/lacanteradelebro.es\/es_es\/producto\/geoda-de-agata-con-luz-mineral-natural\/"},"modified":"2026-02-25T18:40:53","modified_gmt":"2026-02-25T18:40:53","slug":"geoda-de-agata-con-luz-mineral-natural","status":"publish","type":"product","link":"https:\/\/lacanteradelebro.es\/ca\/producte\/geoda-de-agata-con-luz-mineral-natural\/","title":{"rendered":"Geoda de Agata con luz, mineral natural"},"content":{"rendered":"<h2>\n<p>  Descripci\u00f3n del Producto <\/p>\n<\/h2>\n<p> Peso 2626 gr<\/p>\n<p> Tama\u00f1o 18*15*12<\/p>\n<p> \u2728 <strong>  L\u00e1mpara de Geoda de Agata, Mineral Natural <\/strong> \u2728<\/p>\n<ul>\n<li>  <strong>   Material Natural:  <\/strong>  Esta l\u00e1mpara est\u00e1 hecha de agata, un mineral natural. \ud83c\udf3f <\/li>\n<li>  <strong>   Dise\u00f1o de Geoda:  <\/strong>  La l\u00e1mpara tiene un dise\u00f1o de geoda, lo que la hace \u00fanica. \ud83c\udf1f <\/li>\n<li>  <strong>   Uso Decorativo:  <\/strong>  Ideal para decorar tu hogar o espacio de trabajo. \ud83c\udfe0 <\/li>\n<li>  <strong>   Mineral Natural:  <\/strong>  El mineral natural de la agata a\u00f1ade un toque especial a tu decoraci\u00f3n. \ud83c\udf08 <\/li>\n<\/ul>\n<p> Esta l\u00e1mpara de geoda de agata es una pieza \u00fanica para tu decoraci\u00f3n. Su dise\u00f1o de geoda y material natural la hacen especial. Perfecta para agregar un toque natural a cualquier espacio.<\/p>","protected":false},"excerpt":{"rendered":"<h2>\n<p>  Descripci\u00f3n del Producto <\/p>\n<\/h2>\n<p> Peso 2626 gr<\/p>\n<p> Tama\u00f1o 18*15*12<\/p>\n<p> \u2728 <strong>  L\u00e1mpara de Geoda de Agata, Mineral Natural <\/strong> \u2728<\/p>\n<ul>\n<li>  <strong>   Material Natural:  <\/strong>  Esta l\u00e1mpara est\u00e1 hecha de agata, un mineral natural. \ud83c\udf3f <\/li>\n<li>  <strong>   Dise\u00f1o de Geoda:  <\/strong>  La l\u00e1mpara tiene un dise\u00f1o de geoda, lo que la hace \u00fanica. \ud83c\udf1f <\/li>\n<li>  <strong>   Uso Decorativo:  <\/strong>  Ideal para decorar tu hogar o espacio de trabajo. \ud83c\udfe0 <\/li>\n<li>  <strong>   Mineral Natural:  <\/strong>  El mineral natural de la agata a\u00f1ade un toque especial a tu decoraci\u00f3n. \ud83c\udf08 <\/li>\n<\/ul>\n<p> Esta l\u00e1mpara de geoda de agata es una pieza \u00fanica para tu decoraci\u00f3n. Su dise\u00f1o de geoda y material natural la hacen especial. Perfecta para agregar un toque natural a cualquier espacio.<\/p>","protected":false},"featured_media":4006,"comment_status":"open","ping_status":"closed","template":"","meta":{"inline_featured_image":false},"product_brand":[],"product_cat":[92,106,102,42],"product_tag":[],"class_list":{"0":"post-4010","1":"product","2":"type-product","3":"status-publish","4":"has-post-thumbnail","6":"product_cat-accesorios-de-joyeria-y-derivados","7":"product_cat-decoraciones-de-jade","8":"product_cat-jade","9":"product_cat-minerales","10":"pa_brand-la-cantera-del-ebro","12":"first","13":"instock","14":"shipping-taxable","15":"purchasable","16":"product-type-simple"},"yoast_head":"<!-- This site is optimized with the Yoast SEO Premium plugin v27.0 (Yoast SEO v27.1.1) - https:\/\/yoast.com\/product\/yoast-seo-premium-wordpress\/ -->\n<title>Geoda de Agata con luz, mineral natural - La Cantera del Ebro<\/title>\n<meta name=\"robots\" content=\"index, follow, max-snippet:-1, max-image-preview:large, max-video-preview:-1\" \/>\n<link rel=\"canonical\" href=\"https:\/\/lacanteradelebro.es\/ca\/producte\/geoda-de-agata-con-luz-mineral-natural\/\" \/>\n<meta property=\"og:locale\" content=\"ca_ES\" \/>\n<meta property=\"og:type\" content=\"article\" \/>\n<meta property=\"og:title\" content=\"Geoda de Agata con luz, mineral natural\" \/>\n<meta property=\"og:description\" content=\"Descripci\u00f3n del Producto Peso 2626 gr Tama\u00f1o 18*15*12 \u2728  L\u00e1mpara de Geoda de Agata, Mineral Natural \u2728   Material Natural:  Esta l\u00e1mpara est\u00e1 hecha de agata, un mineral natural. \ud83c\udf3f    Dise\u00f1o de Geoda:  La l\u00e1mpara tiene un dise\u00f1o de geoda, lo que la hace \u00fanica. \ud83c\udf1f    Uso Decorativo:  Ideal para decorar tu hogar o espacio de trabajo. \ud83c\udfe0    Mineral Natural:  El mineral natural de la agata a\u00f1ade un toque especial a tu decoraci\u00f3n. \ud83c\udf08 Esta l\u00e1mpara de geoda de agata es una pieza \u00fanica para tu decoraci\u00f3n. Su dise\u00f1o de geoda y material natural la hacen especial. Perfecta para agregar un toque natural a cualquier espacio.\" \/>\n<meta property=\"og:url\" content=\"https:\/\/lacanteradelebro.es\/ca\/producte\/geoda-de-agata-con-luz-mineral-natural\/\" \/>\n<meta property=\"og:site_name\" content=\"La Cantera del Ebro\" \/>\n<meta property=\"article:modified_time\" content=\"2026-02-25T18:40:53+00:00\" \/>\n<meta property=\"og:image\" content=\"https:\/\/lacanteradelebro.es\/wp-content\/uploads\/2026\/02\/b95c84355d33462695c39134bbe67fcbtplv-t5fjg24jzw-origin-jpeg-scaled.jpeg\" \/>\n\t<meta property=\"og:image:width\" content=\"1920\" \/>\n\t<meta property=\"og:image:height\" content=\"2560\" \/>\n\t<meta property=\"og:image:type\" content=\"image\/jpeg\" \/>\n<meta name=\"twitter:card\" content=\"summary_large_image\" \/>\n<meta name=\"twitter:label1\" content=\"Temps estimat de lectura\" \/>\n\t<meta name=\"twitter:data1\" content=\"1 minut\" \/>\n<script type=\"application\/ld+json\" class=\"yoast-schema-graph\">{\"@context\":\"https:\/\/schema.org\",\"@graph\":[{\"@type\":\"WebPage\",\"@id\":\"https:\/\/lacanteradelebro.es\/producto\/geoda-de-agata-con-luz-mineral-natural\/\",\"url\":\"https:\/\/lacanteradelebro.es\/producto\/geoda-de-agata-con-luz-mineral-natural\/\",\"name\":\"Geoda de Agata con luz, mineral natural - La Cantera del Ebro\",\"isPartOf\":{\"@id\":\"https:\/\/lacanteradelebro.es\/#website\"},\"primaryImageOfPage\":{\"@id\":\"https:\/\/lacanteradelebro.es\/producto\/geoda-de-agata-con-luz-mineral-natural\/#primaryimage\"},\"image\":{\"@id\":\"https:\/\/lacanteradelebro.es\/producto\/geoda-de-agata-con-luz-mineral-natural\/#primaryimage\"},\"thumbnailUrl\":\"https:\/\/lacanteradelebro.es\/wp-content\/uploads\/2026\/02\/b95c84355d33462695c39134bbe67fcbtplv-t5fjg24jzw-origin-jpeg-scaled.jpeg\",\"datePublished\":\"2026-02-21T09:26:54+00:00\",\"dateModified\":\"2026-02-25T18:40:53+00:00\",\"breadcrumb\":{\"@id\":\"https:\/\/lacanteradelebro.es\/producto\/geoda-de-agata-con-luz-mineral-natural\/#breadcrumb\"},\"inLanguage\":\"ca\",\"potentialAction\":[{\"@type\":\"ReadAction\",\"target\":[\"https:\/\/lacanteradelebro.es\/producto\/geoda-de-agata-con-luz-mineral-natural\/\"]}]},{\"@type\":\"ImageObject\",\"inLanguage\":\"ca\",\"@id\":\"https:\/\/lacanteradelebro.es\/producto\/geoda-de-agata-con-luz-mineral-natural\/#primaryimage\",\"url\":\"https:\/\/lacanteradelebro.es\/wp-content\/uploads\/2026\/02\/b95c84355d33462695c39134bbe67fcbtplv-t5fjg24jzw-origin-jpeg-scaled.jpeg\",\"contentUrl\":\"https:\/\/lacanteradelebro.es\/wp-content\/uploads\/2026\/02\/b95c84355d33462695c39134bbe67fcbtplv-t5fjg24jzw-origin-jpeg-scaled.jpeg\",\"width\":1920,\"height\":2560},{\"@type\":\"BreadcrumbList\",\"@id\":\"https:\/\/lacanteradelebro.es\/producto\/geoda-de-agata-con-luz-mineral-natural\/#breadcrumb\",\"itemListElement\":[{\"@type\":\"ListItem\",\"position\":1,\"name\":\"Portada\",\"item\":\"https:\/\/lacanteradelebro.es\/es\/\"},{\"@type\":\"ListItem\",\"position\":2,\"name\":\"Shop\",\"item\":\"https:\/\/lacanteradelebro.es\/ca\/tienda-2\/\"},{\"@type\":\"ListItem\",\"position\":3,\"name\":\"Geoda de Agata con luz, mineral natural\"}]},{\"@type\":\"WebSite\",\"@id\":\"https:\/\/lacanteradelebro.es\/#website\",\"url\":\"https:\/\/lacanteradelebro.es\/\",\"name\":\"La Cantera del Ebro\",\"description\":\"Transformamos la belleza de la piedra natural y la calidez de la madera artesanal en joyas y objetos \u00fanicos. Cada creaci\u00f3n est\u00e1 hecha a mano con pasi\u00f3n, conect\u00e1ndote con la Tierra a trav\u00e9s de dise\u00f1os exclusivos y llenos de alma.\",\"publisher\":{\"@id\":\"https:\/\/lacanteradelebro.es\/#\/schema\/person\/2c7df64eef01f69456a16d6540d266df\"},\"potentialAction\":[{\"@type\":\"SearchAction\",\"target\":{\"@type\":\"EntryPoint\",\"urlTemplate\":\"https:\/\/lacanteradelebro.es\/?s={search_term_string}\"},\"query-input\":{\"@type\":\"PropertyValueSpecification\",\"valueRequired\":true,\"valueName\":\"search_term_string\"}}],\"inLanguage\":\"ca\"},{\"@type\":[\"Person\",\"Organization\"],\"@id\":\"https:\/\/lacanteradelebro.es\/#\/schema\/person\/2c7df64eef01f69456a16d6540d266df\",\"name\":\"Fernando\",\"image\":{\"@type\":\"ImageObject\",\"inLanguage\":\"ca\",\"@id\":\"https:\/\/lacanteradelebro.es\/#\/schema\/person\/image\/\",\"url\":\"https:\/\/lacanteradelebro.es\/wp-content\/uploads\/2025\/06\/cropped-Logo_BO2.png\",\"contentUrl\":\"https:\/\/lacanteradelebro.es\/wp-content\/uploads\/2025\/06\/cropped-Logo_BO2.png\",\"width\":512,\"height\":512,\"caption\":\"Fernando\"},\"logo\":{\"@id\":\"https:\/\/lacanteradelebro.es\/#\/schema\/person\/image\/\"},\"publishingPrinciples\":\"https:\/\/lacanteradelebro.es\/ca\/politica-de-privacidad\/\",\"ownershipFundingInfo\":\"https:\/\/lacanteradelebro.es\/ca\/politica-de-privacidad\/\",\"actionableFeedbackPolicy\":\"https:\/\/lacanteradelebro.es\/ca\/aviso-legal\/\",\"correctionsPolicy\":\"https:\/\/lacanteradelebro.es\/ca\/reembolso_devoluciones\/\",\"ethicsPolicy\":\"https:\/\/lacanteradelebro.es\/ca\/politica-de-cookies\/\",\"diversityPolicy\":\"https:\/\/lacanteradelebro.es\/ca\/politica-de-cookies\/\",\"diversityStaffingReport\":\"https:\/\/lacanteradelebro.es\/ca\/politica-de-privacidad\/\"}]}<\/script>\n<!-- \/ Yoast SEO Premium plugin. -->","yoast_head_json":{"title":"Geoda de Agata con luz, mineral natural - La Cantera del Ebro","robots":{"index":"index","follow":"follow","max-snippet":"max-snippet:-1","max-image-preview":"max-image-preview:large","max-video-preview":"max-video-preview:-1"},"canonical":"https:\/\/lacanteradelebro.es\/ca\/producte\/geoda-de-agata-con-luz-mineral-natural\/","og_locale":"ca_ES","og_type":"article","og_title":"Geoda de Agata con luz, mineral natural","og_description":"Descripci\u00f3n del Producto Peso 2626 gr Tama\u00f1o 18*15*12 \u2728  L\u00e1mpara de Geoda de Agata, Mineral Natural \u2728   Material Natural:  Esta l\u00e1mpara est\u00e1 hecha de agata, un mineral natural. \ud83c\udf3f    Dise\u00f1o de Geoda:  La l\u00e1mpara tiene un dise\u00f1o de geoda, lo que la hace \u00fanica. \ud83c\udf1f    Uso Decorativo:  Ideal para decorar tu hogar o espacio de trabajo. \ud83c\udfe0    Mineral Natural:  El mineral natural de la agata a\u00f1ade un toque especial a tu decoraci\u00f3n. \ud83c\udf08 Esta l\u00e1mpara de geoda de agata es una pieza \u00fanica para tu decoraci\u00f3n. Su dise\u00f1o de geoda y material natural la hacen especial. Perfecta para agregar un toque natural a cualquier espacio.","og_url":"https:\/\/lacanteradelebro.es\/ca\/producte\/geoda-de-agata-con-luz-mineral-natural\/","og_site_name":"La Cantera del Ebro","article_modified_time":"2026-02-25T18:40:53+00:00","og_image":[{"width":1920,"height":2560,"url":"https:\/\/lacanteradelebro.es\/wp-content\/uploads\/2026\/02\/b95c84355d33462695c39134bbe67fcbtplv-t5fjg24jzw-origin-jpeg-scaled.jpeg","type":"image\/jpeg"}],"twitter_card":"summary_large_image","twitter_misc":{"Temps estimat de lectura":"1 minut"},"schema":{"@context":"https:\/\/schema.org","@graph":[{"@type":"WebPage","@id":"https:\/\/lacanteradelebro.es\/producto\/geoda-de-agata-con-luz-mineral-natural\/","url":"https:\/\/lacanteradelebro.es\/producto\/geoda-de-agata-con-luz-mineral-natural\/","name":"Geoda de Agata con luz, mineral natural - La Cantera del Ebro","isPartOf":{"@id":"https:\/\/lacanteradelebro.es\/#website"},"primaryImageOfPage":{"@id":"https:\/\/lacanteradelebro.es\/producto\/geoda-de-agata-con-luz-mineral-natural\/#primaryimage"},"image":{"@id":"https:\/\/lacanteradelebro.es\/producto\/geoda-de-agata-con-luz-mineral-natural\/#primaryimage"},"thumbnailUrl":"https:\/\/lacanteradelebro.es\/wp-content\/uploads\/2026\/02\/b95c84355d33462695c39134bbe67fcbtplv-t5fjg24jzw-origin-jpeg-scaled.jpeg","datePublished":"2026-02-21T09:26:54+00:00","dateModified":"2026-02-25T18:40:53+00:00","breadcrumb":{"@id":"https:\/\/lacanteradelebro.es\/producto\/geoda-de-agata-con-luz-mineral-natural\/#breadcrumb"},"inLanguage":"ca","potentialAction":[{"@type":"ReadAction","target":["https:\/\/lacanteradelebro.es\/producto\/geoda-de-agata-con-luz-mineral-natural\/"]}]},{"@type":"ImageObject","inLanguage":"ca","@id":"https:\/\/lacanteradelebro.es\/producto\/geoda-de-agata-con-luz-mineral-natural\/#primaryimage","url":"https:\/\/lacanteradelebro.es\/wp-content\/uploads\/2026\/02\/b95c84355d33462695c39134bbe67fcbtplv-t5fjg24jzw-origin-jpeg-scaled.jpeg","contentUrl":"https:\/\/lacanteradelebro.es\/wp-content\/uploads\/2026\/02\/b95c84355d33462695c39134bbe67fcbtplv-t5fjg24jzw-origin-jpeg-scaled.jpeg","width":1920,"height":2560},{"@type":"BreadcrumbList","@id":"https:\/\/lacanteradelebro.es\/producto\/geoda-de-agata-con-luz-mineral-natural\/#breadcrumb","itemListElement":[{"@type":"ListItem","position":1,"name":"Portada","item":"https:\/\/lacanteradelebro.es\/es\/"},{"@type":"ListItem","position":2,"name":"Shop","item":"https:\/\/lacanteradelebro.es\/ca\/tienda-2\/"},{"@type":"ListItem","position":3,"name":"Geoda de Agata con luz, mineral natural"}]},{"@type":"WebSite","@id":"https:\/\/lacanteradelebro.es\/#website","url":"https:\/\/lacanteradelebro.es\/","name":"La Cantera del Ebro","description":"Transformamos la belleza de la piedra natural y la calidez de la madera artesanal en joyas y objetos \u00fanicos. Cada creaci\u00f3n est\u00e1 hecha a mano con pasi\u00f3n, conect\u00e1ndote con la Tierra a trav\u00e9s de dise\u00f1os exclusivos y llenos de alma.","publisher":{"@id":"https:\/\/lacanteradelebro.es\/#\/schema\/person\/2c7df64eef01f69456a16d6540d266df"},"potentialAction":[{"@type":"SearchAction","target":{"@type":"EntryPoint","urlTemplate":"https:\/\/lacanteradelebro.es\/?s={search_term_string}"},"query-input":{"@type":"PropertyValueSpecification","valueRequired":true,"valueName":"search_term_string"}}],"inLanguage":"ca"},{"@type":["Person","Organization"],"@id":"https:\/\/lacanteradelebro.es\/#\/schema\/person\/2c7df64eef01f69456a16d6540d266df","name":"Fernando","image":{"@type":"ImageObject","inLanguage":"ca","@id":"https:\/\/lacanteradelebro.es\/#\/schema\/person\/image\/","url":"https:\/\/lacanteradelebro.es\/wp-content\/uploads\/2025\/06\/cropped-Logo_BO2.png","contentUrl":"https:\/\/lacanteradelebro.es\/wp-content\/uploads\/2025\/06\/cropped-Logo_BO2.png","width":512,"height":512,"caption":"Fernando"},"logo":{"@id":"https:\/\/lacanteradelebro.es\/#\/schema\/person\/image\/"},"publishingPrinciples":"https:\/\/lacanteradelebro.es\/ca\/politica-de-privacidad\/","ownershipFundingInfo":"https:\/\/lacanteradelebro.es\/ca\/politica-de-privacidad\/","actionableFeedbackPolicy":"https:\/\/lacanteradelebro.es\/ca\/aviso-legal\/","correctionsPolicy":"https:\/\/lacanteradelebro.es\/ca\/reembolso_devoluciones\/","ethicsPolicy":"https:\/\/lacanteradelebro.es\/ca\/politica-de-cookies\/","diversityPolicy":"https:\/\/lacanteradelebro.es\/ca\/politica-de-cookies\/","diversityStaffingReport":"https:\/\/lacanteradelebro.es\/ca\/politica-de-privacidad\/"}]}},"_links":{"self":[{"href":"https:\/\/lacanteradelebro.es\/ca\/wp-json\/wp\/v2\/product\/4010","targetHints":{"allow":["GET"]}}],"collection":[{"href":"https:\/\/lacanteradelebro.es\/ca\/wp-json\/wp\/v2\/product"}],"about":[{"href":"https:\/\/lacanteradelebro.es\/ca\/wp-json\/wp\/v2\/types\/product"}],"replies":[{"embeddable":true,"href":"https:\/\/lacanteradelebro.es\/ca\/wp-json\/wp\/v2\/comments?post=4010"}],"wp:featuredmedia":[{"embeddable":true,"href":"https:\/\/lacanteradelebro.es\/ca\/wp-json\/wp\/v2\/media\/4006"}],"wp:attachment":[{"href":"https:\/\/lacanteradelebro.es\/ca\/wp-json\/wp\/v2\/media?parent=4010"}],"wp:term":[{"taxonomy":"product_brand","embeddable":true,"href":"https:\/\/lacanteradelebro.es\/ca\/wp-json\/wp\/v2\/product_brand?post=4010"},{"taxonomy":"product_cat","embeddable":true,"href":"https:\/\/lacanteradelebro.es\/ca\/wp-json\/wp\/v2\/product_cat?post=4010"},{"taxonomy":"product_tag","embeddable":true,"href":"https:\/\/lacanteradelebro.es\/ca\/wp-json\/wp\/v2\/product_tag?post=4010"}],"curies":[{"name":"wp","href":"https:\/\/api.w.org\/{rel}","templated":true}]}}