{"id":3950,"date":"2026-02-21T09:23:19","date_gmt":"2026-02-21T09:23:19","guid":{"rendered":"https:\/\/lacanteradelebro.es\/es_es\/producto\/collar-gargantilla-de-aguamarina-facetada-engarzada-en-plata-925\/"},"modified":"2026-02-21T10:57:18","modified_gmt":"2026-02-21T10:57:18","slug":"collar-gargantilla-de-aguamarina-facetada-engarzada-en-plata-925","status":"publish","type":"product","link":"https:\/\/lacanteradelebro.es\/ca\/producte\/collar-gargantilla-de-aguamarina-facetada-engarzada-en-plata-925\/","title":{"rendered":"Collar gargantilla de Aguamarina facetada engarzada en plata 925"},"content":{"rendered":"<h2>\n<p>  Descripci\u00f3n: <\/p>\n<\/h2>\n<p> Medidas 40 (+3) cm<\/p>\n<p> \u2728 <strong>  Detalles del Producto: <\/strong> &#8211; El collar gargantilla est\u00e1 hecho de Aguamarina facetada.  &#8211; Est\u00e1 engarzado en plata 925, lo que garantiza un acabado elegante.  &#8211; Perfecto para aquellos que buscan un accesorio sofisticado.<\/p>\n<p> \u2728 <strong>  Caracter\u00edsticas: <\/strong> &#8211; El Aguamarina facetado a\u00f1ade un toque de brillo al collar.  &#8211; La plata 925 asegura la durabilidad y el brillo del collar.  &#8211; Ideal para ocasiones especiales o para el uso diario.<\/p>\n<p> \u2728 <strong>  Material: <\/strong> &#8211; El collar est\u00e1 fabricado con Aguamarina y plata 925.  &#8211; No contiene otros materiales mencionados.  &#8211; Un accesorio vers\u00e1til para cualquier outfit.<\/p>","protected":false},"excerpt":{"rendered":"<h2 style=\"text-align: left\"> Descripci\u00f3n:<\/h2>\n<p> Medidas 40 (+3) cm<\/p>\n<p> \u2728 <strong>  Detalles del Producto: <\/strong> \u2013 El collar gargantilla est\u00e1 hecho de Aguamarina facetada.  \u2013 Est\u00e1 engarzado en plata 925, lo que garantiza un acabado elegante.  \u2013 Perfecto para aquellos que buscan un accesorio sofisticado.<\/p>\n<p> \u2728 <strong>  Caracter\u00edsticas: <\/strong> \u2013 El Aguamarina facetado a\u00f1ade un toque de brillo al collar.  \u2013 La plata 925 asegura la durabilidad y el brillo del collar.  \u2013 Ideal para ocasiones especiales o para el uso diario.<\/p>\n<p> \u2728 <strong>  Material: <\/strong> \u2013 El collar est\u00e1 fabricado con Aguamarina y plata 925.  \u2013 No contiene otros materiales mencionados.  \u2013 Un accesorio vers\u00e1til para cualquier outfit.<\/p>","protected":false},"featured_media":3948,"comment_status":"open","ping_status":"closed","template":"","meta":{"inline_featured_image":false},"product_brand":[],"product_cat":[92,99,90,50,45],"product_tag":[],"class_list":{"0":"post-3950","1":"product","2":"type-product","3":"status-publish","4":"has-post-thumbnail","6":"product_cat-accesorios-de-joyeria-y-derivados","7":"product_cat-collares-y-colgantes-de-piedras-semipreciosas","8":"product_cat-piedras-semipreciosas","9":"product_cat-colgantes","10":"product_cat-joyeria","12":"first","13":"instock","14":"shipping-taxable","15":"purchasable","16":"product-type-simple"},"yoast_head":"<!-- This site is optimized with the Yoast SEO Premium plugin v27.0 (Yoast SEO v27.1.1) - https:\/\/yoast.com\/product\/yoast-seo-premium-wordpress\/ -->\n<title>Collar gargantilla de Aguamarina facetada engarzada en plata 925 - La Cantera del Ebro<\/title>\n<meta name=\"robots\" content=\"index, follow, max-snippet:-1, max-image-preview:large, max-video-preview:-1\" \/>\n<link rel=\"canonical\" href=\"https:\/\/lacanteradelebro.es\/ca\/producte\/collar-gargantilla-de-aguamarina-facetada-engarzada-en-plata-925\/\" \/>\n<meta property=\"og:locale\" content=\"ca_ES\" \/>\n<meta property=\"og:type\" content=\"article\" \/>\n<meta property=\"og:title\" content=\"Collar gargantilla de Aguamarina facetada engarzada en plata 925\" \/>\n<meta property=\"og:description\" content=\"Descripci\u00f3n: Medidas 40 (+3) cm \u2728  Detalles del Producto: \u2013 El collar gargantilla est\u00e1 hecho de Aguamarina facetada. \u2013 Est\u00e1 engarzado en plata 925, lo que garantiza un acabado elegante. \u2013 Perfecto para aquellos que buscan un accesorio sofisticado. \u2728  Caracter\u00edsticas: \u2013 El Aguamarina facetado a\u00f1ade un toque de brillo al collar. \u2013 La plata 925 asegura la durabilidad y el brillo del collar. \u2013 Ideal para ocasiones especiales o para el uso diario. \u2728  Material: \u2013 El collar est\u00e1 fabricado con Aguamarina y plata 925. \u2013 No contiene otros materiales mencionados. \u2013 Un accesorio vers\u00e1til para cualquier outfit.\" \/>\n<meta property=\"og:url\" content=\"https:\/\/lacanteradelebro.es\/ca\/producte\/collar-gargantilla-de-aguamarina-facetada-engarzada-en-plata-925\/\" \/>\n<meta property=\"og:site_name\" content=\"La Cantera del Ebro\" \/>\n<meta property=\"article:modified_time\" content=\"2026-02-21T10:57:18+00:00\" \/>\n<meta property=\"og:image\" content=\"https:\/\/lacanteradelebro.es\/wp-content\/uploads\/2026\/02\/e0e4adb962ab4cbd8fbec3677872ee4ctplv-t5fjg24jzw-origin-jpeg-scaled-1-1.jpeg\" \/>\n\t<meta property=\"og:image:width\" content=\"1600\" \/>\n\t<meta property=\"og:image:height\" content=\"2133\" \/>\n\t<meta property=\"og:image:type\" content=\"image\/jpeg\" \/>\n<meta name=\"twitter:card\" content=\"summary_large_image\" \/>\n<script type=\"application\/ld+json\" class=\"yoast-schema-graph\">{\"@context\":\"https:\/\/schema.org\",\"@graph\":[{\"@type\":\"WebPage\",\"@id\":\"https:\/\/lacanteradelebro.es\/producto\/collar-gargantilla-de-aguamarina-facetada-engarzada-en-plata-925\/\",\"url\":\"https:\/\/lacanteradelebro.es\/producto\/collar-gargantilla-de-aguamarina-facetada-engarzada-en-plata-925\/\",\"name\":\"Collar gargantilla de Aguamarina facetada engarzada en plata 925 - La Cantera del Ebro\",\"isPartOf\":{\"@id\":\"https:\/\/lacanteradelebro.es\/#website\"},\"primaryImageOfPage\":{\"@id\":\"https:\/\/lacanteradelebro.es\/producto\/collar-gargantilla-de-aguamarina-facetada-engarzada-en-plata-925\/#primaryimage\"},\"image\":{\"@id\":\"https:\/\/lacanteradelebro.es\/producto\/collar-gargantilla-de-aguamarina-facetada-engarzada-en-plata-925\/#primaryimage\"},\"thumbnailUrl\":\"https:\/\/lacanteradelebro.es\/wp-content\/uploads\/2026\/02\/e0e4adb962ab4cbd8fbec3677872ee4ctplv-t5fjg24jzw-origin-jpeg-scaled-1-1.jpeg\",\"datePublished\":\"2026-02-21T09:23:19+00:00\",\"dateModified\":\"2026-02-21T10:57:18+00:00\",\"breadcrumb\":{\"@id\":\"https:\/\/lacanteradelebro.es\/producto\/collar-gargantilla-de-aguamarina-facetada-engarzada-en-plata-925\/#breadcrumb\"},\"inLanguage\":\"ca\",\"potentialAction\":[{\"@type\":\"ReadAction\",\"target\":[\"https:\/\/lacanteradelebro.es\/producto\/collar-gargantilla-de-aguamarina-facetada-engarzada-en-plata-925\/\"]}]},{\"@type\":\"ImageObject\",\"inLanguage\":\"ca\",\"@id\":\"https:\/\/lacanteradelebro.es\/producto\/collar-gargantilla-de-aguamarina-facetada-engarzada-en-plata-925\/#primaryimage\",\"url\":\"https:\/\/lacanteradelebro.es\/wp-content\/uploads\/2026\/02\/e0e4adb962ab4cbd8fbec3677872ee4ctplv-t5fjg24jzw-origin-jpeg-scaled-1-1.jpeg\",\"contentUrl\":\"https:\/\/lacanteradelebro.es\/wp-content\/uploads\/2026\/02\/e0e4adb962ab4cbd8fbec3677872ee4ctplv-t5fjg24jzw-origin-jpeg-scaled-1-1.jpeg\",\"width\":1600,\"height\":2133},{\"@type\":\"BreadcrumbList\",\"@id\":\"https:\/\/lacanteradelebro.es\/producto\/collar-gargantilla-de-aguamarina-facetada-engarzada-en-plata-925\/#breadcrumb\",\"itemListElement\":[{\"@type\":\"ListItem\",\"position\":1,\"name\":\"Portada\",\"item\":\"https:\/\/lacanteradelebro.es\/es\/\"},{\"@type\":\"ListItem\",\"position\":2,\"name\":\"Shop\",\"item\":\"https:\/\/lacanteradelebro.es\/ca\/tienda-2\/\"},{\"@type\":\"ListItem\",\"position\":3,\"name\":\"Collar gargantilla de Aguamarina facetada engarzada en plata 925\"}]},{\"@type\":\"WebSite\",\"@id\":\"https:\/\/lacanteradelebro.es\/#website\",\"url\":\"https:\/\/lacanteradelebro.es\/\",\"name\":\"La Cantera del Ebro\",\"description\":\"Transformamos la belleza de la piedra natural y la calidez de la madera artesanal en joyas y objetos \u00fanicos. Cada creaci\u00f3n est\u00e1 hecha a mano con pasi\u00f3n, conect\u00e1ndote con la Tierra a trav\u00e9s de dise\u00f1os exclusivos y llenos de alma.\",\"publisher\":{\"@id\":\"https:\/\/lacanteradelebro.es\/#\/schema\/person\/2c7df64eef01f69456a16d6540d266df\"},\"potentialAction\":[{\"@type\":\"SearchAction\",\"target\":{\"@type\":\"EntryPoint\",\"urlTemplate\":\"https:\/\/lacanteradelebro.es\/?s={search_term_string}\"},\"query-input\":{\"@type\":\"PropertyValueSpecification\",\"valueRequired\":true,\"valueName\":\"search_term_string\"}}],\"inLanguage\":\"ca\"},{\"@type\":[\"Person\",\"Organization\"],\"@id\":\"https:\/\/lacanteradelebro.es\/#\/schema\/person\/2c7df64eef01f69456a16d6540d266df\",\"name\":\"Fernando\",\"image\":{\"@type\":\"ImageObject\",\"inLanguage\":\"ca\",\"@id\":\"https:\/\/lacanteradelebro.es\/#\/schema\/person\/image\/\",\"url\":\"https:\/\/lacanteradelebro.es\/wp-content\/uploads\/2025\/06\/cropped-Logo_BO2.png\",\"contentUrl\":\"https:\/\/lacanteradelebro.es\/wp-content\/uploads\/2025\/06\/cropped-Logo_BO2.png\",\"width\":512,\"height\":512,\"caption\":\"Fernando\"},\"logo\":{\"@id\":\"https:\/\/lacanteradelebro.es\/#\/schema\/person\/image\/\"},\"publishingPrinciples\":\"https:\/\/lacanteradelebro.es\/ca\/politica-de-privacidad\/\",\"ownershipFundingInfo\":\"https:\/\/lacanteradelebro.es\/ca\/politica-de-privacidad\/\",\"actionableFeedbackPolicy\":\"https:\/\/lacanteradelebro.es\/ca\/aviso-legal\/\",\"correctionsPolicy\":\"https:\/\/lacanteradelebro.es\/ca\/reembolso_devoluciones\/\",\"ethicsPolicy\":\"https:\/\/lacanteradelebro.es\/ca\/politica-de-cookies\/\",\"diversityPolicy\":\"https:\/\/lacanteradelebro.es\/ca\/politica-de-cookies\/\",\"diversityStaffingReport\":\"https:\/\/lacanteradelebro.es\/ca\/politica-de-privacidad\/\"}]}<\/script>\n<!-- \/ Yoast SEO Premium plugin. -->","yoast_head_json":{"title":"Collar gargantilla de Aguamarina facetada engarzada en plata 925 - La Cantera del Ebro","robots":{"index":"index","follow":"follow","max-snippet":"max-snippet:-1","max-image-preview":"max-image-preview:large","max-video-preview":"max-video-preview:-1"},"canonical":"https:\/\/lacanteradelebro.es\/ca\/producte\/collar-gargantilla-de-aguamarina-facetada-engarzada-en-plata-925\/","og_locale":"ca_ES","og_type":"article","og_title":"Collar gargantilla de Aguamarina facetada engarzada en plata 925","og_description":"Descripci\u00f3n: Medidas 40 (+3) cm \u2728  Detalles del Producto: \u2013 El collar gargantilla est\u00e1 hecho de Aguamarina facetada. \u2013 Est\u00e1 engarzado en plata 925, lo que garantiza un acabado elegante. \u2013 Perfecto para aquellos que buscan un accesorio sofisticado. \u2728  Caracter\u00edsticas: \u2013 El Aguamarina facetado a\u00f1ade un toque de brillo al collar. \u2013 La plata 925 asegura la durabilidad y el brillo del collar. \u2013 Ideal para ocasiones especiales o para el uso diario. \u2728  Material: \u2013 El collar est\u00e1 fabricado con Aguamarina y plata 925. \u2013 No contiene otros materiales mencionados. \u2013 Un accesorio vers\u00e1til para cualquier outfit.","og_url":"https:\/\/lacanteradelebro.es\/ca\/producte\/collar-gargantilla-de-aguamarina-facetada-engarzada-en-plata-925\/","og_site_name":"La Cantera del Ebro","article_modified_time":"2026-02-21T10:57:18+00:00","og_image":[{"width":1600,"height":2133,"url":"https:\/\/lacanteradelebro.es\/wp-content\/uploads\/2026\/02\/e0e4adb962ab4cbd8fbec3677872ee4ctplv-t5fjg24jzw-origin-jpeg-scaled-1-1.jpeg","type":"image\/jpeg"}],"twitter_card":"summary_large_image","schema":{"@context":"https:\/\/schema.org","@graph":[{"@type":"WebPage","@id":"https:\/\/lacanteradelebro.es\/producto\/collar-gargantilla-de-aguamarina-facetada-engarzada-en-plata-925\/","url":"https:\/\/lacanteradelebro.es\/producto\/collar-gargantilla-de-aguamarina-facetada-engarzada-en-plata-925\/","name":"Collar gargantilla de Aguamarina facetada engarzada en plata 925 - La Cantera del Ebro","isPartOf":{"@id":"https:\/\/lacanteradelebro.es\/#website"},"primaryImageOfPage":{"@id":"https:\/\/lacanteradelebro.es\/producto\/collar-gargantilla-de-aguamarina-facetada-engarzada-en-plata-925\/#primaryimage"},"image":{"@id":"https:\/\/lacanteradelebro.es\/producto\/collar-gargantilla-de-aguamarina-facetada-engarzada-en-plata-925\/#primaryimage"},"thumbnailUrl":"https:\/\/lacanteradelebro.es\/wp-content\/uploads\/2026\/02\/e0e4adb962ab4cbd8fbec3677872ee4ctplv-t5fjg24jzw-origin-jpeg-scaled-1-1.jpeg","datePublished":"2026-02-21T09:23:19+00:00","dateModified":"2026-02-21T10:57:18+00:00","breadcrumb":{"@id":"https:\/\/lacanteradelebro.es\/producto\/collar-gargantilla-de-aguamarina-facetada-engarzada-en-plata-925\/#breadcrumb"},"inLanguage":"ca","potentialAction":[{"@type":"ReadAction","target":["https:\/\/lacanteradelebro.es\/producto\/collar-gargantilla-de-aguamarina-facetada-engarzada-en-plata-925\/"]}]},{"@type":"ImageObject","inLanguage":"ca","@id":"https:\/\/lacanteradelebro.es\/producto\/collar-gargantilla-de-aguamarina-facetada-engarzada-en-plata-925\/#primaryimage","url":"https:\/\/lacanteradelebro.es\/wp-content\/uploads\/2026\/02\/e0e4adb962ab4cbd8fbec3677872ee4ctplv-t5fjg24jzw-origin-jpeg-scaled-1-1.jpeg","contentUrl":"https:\/\/lacanteradelebro.es\/wp-content\/uploads\/2026\/02\/e0e4adb962ab4cbd8fbec3677872ee4ctplv-t5fjg24jzw-origin-jpeg-scaled-1-1.jpeg","width":1600,"height":2133},{"@type":"BreadcrumbList","@id":"https:\/\/lacanteradelebro.es\/producto\/collar-gargantilla-de-aguamarina-facetada-engarzada-en-plata-925\/#breadcrumb","itemListElement":[{"@type":"ListItem","position":1,"name":"Portada","item":"https:\/\/lacanteradelebro.es\/es\/"},{"@type":"ListItem","position":2,"name":"Shop","item":"https:\/\/lacanteradelebro.es\/ca\/tienda-2\/"},{"@type":"ListItem","position":3,"name":"Collar gargantilla de Aguamarina facetada engarzada en plata 925"}]},{"@type":"WebSite","@id":"https:\/\/lacanteradelebro.es\/#website","url":"https:\/\/lacanteradelebro.es\/","name":"La Cantera del Ebro","description":"Transformamos la belleza de la piedra natural y la calidez de la madera artesanal en joyas y objetos \u00fanicos. Cada creaci\u00f3n est\u00e1 hecha a mano con pasi\u00f3n, conect\u00e1ndote con la Tierra a trav\u00e9s de dise\u00f1os exclusivos y llenos de alma.","publisher":{"@id":"https:\/\/lacanteradelebro.es\/#\/schema\/person\/2c7df64eef01f69456a16d6540d266df"},"potentialAction":[{"@type":"SearchAction","target":{"@type":"EntryPoint","urlTemplate":"https:\/\/lacanteradelebro.es\/?s={search_term_string}"},"query-input":{"@type":"PropertyValueSpecification","valueRequired":true,"valueName":"search_term_string"}}],"inLanguage":"ca"},{"@type":["Person","Organization"],"@id":"https:\/\/lacanteradelebro.es\/#\/schema\/person\/2c7df64eef01f69456a16d6540d266df","name":"Fernando","image":{"@type":"ImageObject","inLanguage":"ca","@id":"https:\/\/lacanteradelebro.es\/#\/schema\/person\/image\/","url":"https:\/\/lacanteradelebro.es\/wp-content\/uploads\/2025\/06\/cropped-Logo_BO2.png","contentUrl":"https:\/\/lacanteradelebro.es\/wp-content\/uploads\/2025\/06\/cropped-Logo_BO2.png","width":512,"height":512,"caption":"Fernando"},"logo":{"@id":"https:\/\/lacanteradelebro.es\/#\/schema\/person\/image\/"},"publishingPrinciples":"https:\/\/lacanteradelebro.es\/ca\/politica-de-privacidad\/","ownershipFundingInfo":"https:\/\/lacanteradelebro.es\/ca\/politica-de-privacidad\/","actionableFeedbackPolicy":"https:\/\/lacanteradelebro.es\/ca\/aviso-legal\/","correctionsPolicy":"https:\/\/lacanteradelebro.es\/ca\/reembolso_devoluciones\/","ethicsPolicy":"https:\/\/lacanteradelebro.es\/ca\/politica-de-cookies\/","diversityPolicy":"https:\/\/lacanteradelebro.es\/ca\/politica-de-cookies\/","diversityStaffingReport":"https:\/\/lacanteradelebro.es\/ca\/politica-de-privacidad\/"}]}},"_links":{"self":[{"href":"https:\/\/lacanteradelebro.es\/ca\/wp-json\/wp\/v2\/product\/3950","targetHints":{"allow":["GET"]}}],"collection":[{"href":"https:\/\/lacanteradelebro.es\/ca\/wp-json\/wp\/v2\/product"}],"about":[{"href":"https:\/\/lacanteradelebro.es\/ca\/wp-json\/wp\/v2\/types\/product"}],"replies":[{"embeddable":true,"href":"https:\/\/lacanteradelebro.es\/ca\/wp-json\/wp\/v2\/comments?post=3950"}],"wp:featuredmedia":[{"embeddable":true,"href":"https:\/\/lacanteradelebro.es\/ca\/wp-json\/wp\/v2\/media\/3948"}],"wp:attachment":[{"href":"https:\/\/lacanteradelebro.es\/ca\/wp-json\/wp\/v2\/media?parent=3950"}],"wp:term":[{"taxonomy":"product_brand","embeddable":true,"href":"https:\/\/lacanteradelebro.es\/ca\/wp-json\/wp\/v2\/product_brand?post=3950"},{"taxonomy":"product_cat","embeddable":true,"href":"https:\/\/lacanteradelebro.es\/ca\/wp-json\/wp\/v2\/product_cat?post=3950"},{"taxonomy":"product_tag","embeddable":true,"href":"https:\/\/lacanteradelebro.es\/ca\/wp-json\/wp\/v2\/product_tag?post=3950"}],"curies":[{"name":"wp","href":"https:\/\/api.w.org\/{rel}","templated":true}]}}