{"id":696,"date":"2025-07-09T12:03:48","date_gmt":"2025-07-09T12:03:48","guid":{"rendered":"https:\/\/lacanteradelebro.es\/?page_id=696"},"modified":"2025-07-09T12:06:01","modified_gmt":"2025-07-09T12:06:01","slug":"aviso-legal","status":"publish","type":"page","link":"https:\/\/lacanteradelebro.es\/ca\/aviso-legal\/","title":{"rendered":"Av\u00eds legal"},"content":{"rendered":"<div data-elementor-type=\"wp-page\" data-elementor-id=\"696\" class=\"elementor elementor-696\" data-elementor-post-type=\"page\">\n\t\t\t\t<div class=\"elementor-element elementor-element-13922189 e-flex e-con-boxed e-con e-parent\" data-id=\"13922189\" data-element_type=\"container\" data-e-type=\"container\">\n\t\t\t\t\t<div class=\"e-con-inner\">\n\t\t\t\t<div class=\"elementor-element elementor-element-48c68228 elementor-widget elementor-widget-text-editor\" data-id=\"48c68228\" data-element_type=\"widget\" data-e-type=\"widget\" data-widget_type=\"text-editor.default\">\n\t\t\t\t<div class=\"elementor-widget-container\">\n\t\t\t\t\t\t\t\t\t<h1>Av\u00eds Legal<\/h1><p>En <strong>La Cantera del Ebro<\/strong>, ens comprometem a la transpar\u00e8ncia i al compliment de la legislaci\u00f3 vigent. Aquest av\u00eds legal regula l\u2019acc\u00e9s i l\u2019\u00fas del lloc web de LacanteradeBebro.com.<\/p><p>&#8212;<\/p><h2>1. Dades Identificatives del titular<\/h2><p>En compliment del deure de la informaci\u00f3 estipulat a l'article 10 de la llei 34\/2002, de l'11 de juliol, sobre els serveis de la Societat de la Informaci\u00f3 i el comer\u00e7 electr\u00f2nic, es reflecteixen les dades seg\u00fcents:<\/p><ul><li><strong>Responsable:<\/strong> Fernando Genaro Anto<\/li><li><strong>Nom Comercial:<\/strong> La Cantera del Ebro<\/li><li><strong>CIF:<\/strong> ES40933990Q<\/li><li><strong>Direcci\u00f3:<\/strong> Cami barranc de la llet 7, 43500 Tortosa, ESPANYA<\/li><li><strong>Correu electr\u00f2nic de contacte:<\/strong> <a href=\"mailto:lacanteradelebro@gmail.com\">lacanteradelebro@gmail.com<\/a><\/li><\/ul><p>&#8212;<\/p><h2>2. Objectiu<\/h2><p>Aquest av\u00eds legal regula l\u2019acc\u00e9s i l\u2019\u00fas del lloc web de Lacanteradebebro.com (en endavant, \"The Web\"). La navegaci\u00f3 web atribueix l\u2019estat de l\u2019usuari i implica l\u2019acceptaci\u00f3 completa i no reservada de cadascuna i cadascuna de les disposicions incloses en aquest av\u00eds legal, que pot patir modificacions.<\/p><p>&#8212;<\/p><h2>3. Condicions d'Acc\u00e8s y Utilitzaci\u00f3<\/h2><p>L\u2019acc\u00e9s a la web \u00e9s lliure i gratu\u00eft. Tanmateix, la pedrera EBRO es reserva el dret a modificar, en qualsevol moment i sense previ av\u00eds, la presentaci\u00f3 i la configuraci\u00f3 de la web, aix\u00ed com les condicions d\u2019\u00fas.<\/p><p>L\u2019usuari es compromet a fer un \u00fas adequat dels continguts i serveis de la web i no utilitzar -los per:<\/p><ul><li>Incorporar activitats il\u00b7legals, il\u00b7legals o contr\u00e0ries a la bona fe i a l\u2019ordre p\u00fablic.<\/li><li>Difondre racistes, xen\u00f2fobs, pornogr\u00e0fics -ilegals, disculpes del terrorisme o atentador contra els drets humans.<\/li><li>Causar danys en els sistemes f\u00edsics i l\u00f2gics de la Cantera del EBRO, els seus prove\u00efdors o tercers, introdueixen o es difonen en els virus inform\u00e0tics o qualsevol altre sistema f\u00edsic o l\u00f2gic que probablement causi els danys esmentats.<\/li><li>Proveu d\u2019accedir i, si escau, utilitzeu els comptes de correu electr\u00f2nic d\u2019altres usuaris i modifiqueu o manipuleu els vostres missatges.<\/li><\/ul><p>La Cantera del Ebro es reserva el dret a retirar tots aquells comentaris i contribucions que violen el respecte per la dignitat de la persona, que s\u00f3n discriminat\u00f2ries, xen\u00f2fobes, racistes, pornogr\u00e0fiques, que amenacen els joves o la inf\u00e0ncia, l\u2019ordre o la seguretat p\u00fablica o que, segons la seva opini\u00f3, no seran adequats per a la seva publicaci\u00f3.<\/p><p>&#8212;<\/p><h2>4. Propietat intel\u00b7lectual i industrial<\/h2><p>Tots els drets de propietat intel\u00b7lectual i industrial de la web i els seus continguts (imatges, sons, \u00e0udio, v\u00eddeo, programari o textos; marques o logotips, combinacions de colors, estructura i disseny, selecci\u00f3 de materials usats, programes inform\u00e0tics necessaris per a la seva operaci\u00f3, acc\u00e9s i \u00fas, etc. ) s\u00f3n propietat de ** Fernando Genaro Anto ** o els seus llicenciadors.<\/p><p>La reproducci\u00f3, la distribuci\u00f3 i la comunicaci\u00f3 p\u00fablica estan expressament prohibides, incl\u00f2s el seu m\u00e8tode per posar a disposici\u00f3, de la totalitat o part del contingut d\u2019aquest lloc web, amb finalitats comercials, en qualsevol suport i per qualsevol mitj\u00e0 t\u00e8cnic, sense l\u2019autoritzaci\u00f3 de Fernando Genaro Anto.<\/p><p>L'usuari es compromet a respectar els drets de propietat intel\u00b7lectual i industrial propietat de Fernando Genaro Anto. Podeu visualitzar els elements del portal i fins i tot imprimir -los, copiar -los i emmagatzemar -los al disc dur del vostre ordinador o a qualsevol altre suport f\u00edsic sempre que sigui, nom\u00e9s i exclusivament, per a \u00fas personal i privat.<\/p><p>&#8212;<\/p><h2>5. Exclusi\u00f3 de garanties i responsabilitat<\/h2><p>La Cantera de l'Ebre no es fa responsable, en cap cas, dels danys i perjudicis de qualsevol naturalesa que poguessin ocasionar, a t\u00edtulo enunciatiu: errors o omissions en els continguts, falta de disponibilitat del portal o la transmissi\u00f3 de virus o programes maliciosos o perjudicials en els continguts, malgrat haver adoptat totes les mesures tecnol\u00f2giques necess\u00e0ries per evitar-ho.<\/p><p>&#8212;<\/p><h2>6. Modificacions<\/h2><p>La Cantera del Ebro es reserva el dret de realitzar, sense previ av\u00eds, les modificacions que consideri oportunes al seu lloc web, podent canviar, suprimir o afegir tant els continguts i serveis que es presten a trav\u00e9s d'aquest com la forma en qu\u00e8 aquests apareixen presentats o localitzats al seu lloc web.<\/p><p>&#8212;<\/p><h2>7. Enla\u00e7os<\/h2><p>En el cas que a lacanteradelebro.com es disposessin enlla\u00e7os o hipervincles cap a altres llocs d'Internet, La Cantera de l'Ebre no exercir\u00e0 cap tipus de control sobre aquests llocs i continguts. En cap cas La Cantera del Ebro assumir\u00e0 cap responsabilitat pel contingut d'algun enlla\u00e7 que pertanyi a un lloc web ali\u00e8, ni garanteix la disponibilitat t\u00e8cnica, qualitat, fiabilitat, exactitud, amplitud, veracitat, validesa i constitucionalitat de qualsevol material o informaci\u00f3 continguda en cap d'aquests hipervincles o altres llocs d'Internet.<\/p><p>Aix\u00ed mateix, la inclusi\u00f3 d'aquestes connexions externes no implicar\u00e0 cap tipus d'associaci\u00f3, fusi\u00f3 o participaci\u00f3 amb les entitats connectades.<\/p><p>&#8212;<\/p><h2>8. Dret d'Exclusi\u00f3<\/h2><p>La Cantera de l'Ebre es reserva el dret de denegar o retirar l'acc\u00e9s a la Web i\/o als serveis oferts sense necessitat de previ av\u00eds, a inst\u00e0ncia pr\u00f2pia o d'un tercer, als usuaris que incumplin aquest Av\u00eds Legal.<\/p><p>&#8212;<\/p><h2>9. Generalitats<\/h2><p>La Cantera de l'Ebre perseguir\u00e0 el incompliment d'aquest Av\u00eds Legal, aix\u00ed com qualsevol \u00fas indegut del seu lloc web, exercint totes les accions civils i penals que li puguin correspondre en dret.<\/p><p>&#8212;<\/p><h2>10. Modificaci\u00f3 de les presents condicions i durada<\/h2><p>La Cantera de l'Ebre podr\u00e0 modificar en qualsevol moment les condicions aqu\u00ed determinades, sent degudament publicades tal com apareixen aqu\u00ed. La vig\u00e8ncia d'aquestes condicions dependr\u00e0 de la seva exposici\u00f3 i estaran vigents fins que siguin modificades per altres de debidament publicades.<\/p><p>&#8212;<\/p><h2>11. Legislaci\u00f3 aplicable i jurisdicci\u00f3<\/h2><p>La relaci\u00f3 entre La Cantera del Ebro i l'usuari es regir\u00e0 per la normativa espanyola vigent i qualsevol controv\u00e8rsia ser\u00e0 sotmesa als jutjats i tribunals de la ciutat de Tortosa, Tarragona (Espanya).<\/p>\t\t\t\t\t\t\t\t<\/div>\n\t\t\t\t<\/div>\n\t\t\t\t\t<\/div>\n\t\t\t\t<\/div>\n\t\t\t\t<\/div>","protected":false},"excerpt":{"rendered":"<p>Aviso Legal En La Cantera del Ebro, nos comprometemos con la transparencia y el cumplimiento de la legislaci\u00f3n vigente. Este Aviso Legal regula el acceso y uso de la web lacanteradelebro.com. &#8212; 1. Datos Identificativos del Titular En cumplimiento del deber de informaci\u00f3n estipulado en el art\u00edculo 10 de la Ley 34\/2002, de 11 de [&hellip;]<\/p>\n","protected":false},"author":2,"featured_media":0,"parent":0,"menu_order":0,"comment_status":"closed","ping_status":"closed","template":"","meta":{"inline_featured_image":false,"footnotes":""},"class_list":["post-696","page","type-page","status-publish","hentry"],"yoast_head":"<!-- This site is optimized with the Yoast SEO Premium plugin v27.0 (Yoast SEO v27.4) - https:\/\/yoast.com\/product\/yoast-seo-premium-wordpress\/ -->\n<title>Aviso legal - La Cantera del Ebro<\/title>\n<meta name=\"robots\" content=\"index, follow, max-snippet:-1, max-image-preview:large, max-video-preview:-1\" \/>\n<link rel=\"canonical\" href=\"https:\/\/lacanteradelebro.es\/ca\/aviso-legal\/\" \/>\n<meta property=\"og:locale\" content=\"ca_ES\" \/>\n<meta property=\"og:type\" content=\"article\" \/>\n<meta property=\"og:title\" content=\"Aviso legal\" \/>\n<meta property=\"og:description\" content=\"Aviso Legal En La Cantera del Ebro, nos comprometemos con la transparencia y el cumplimiento de la legislaci\u00f3n vigente. Este Aviso Legal regula el acceso y uso de la web lacanteradelebro.com. &#8212; 1. Datos Identificativos del Titular En cumplimiento del deber de informaci\u00f3n estipulado en el art\u00edculo 10 de la Ley 34\/2002, de 11 de [&hellip;]\" \/>\n<meta property=\"og:url\" content=\"https:\/\/lacanteradelebro.es\/ca\/aviso-legal\/\" \/>\n<meta property=\"og:site_name\" content=\"La Cantera del Ebro\" \/>\n<meta property=\"article:modified_time\" content=\"2025-07-09T12:06:01+00:00\" \/>\n<meta property=\"og:image\" content=\"https:\/\/lacanteradelebro.es\/wp-content\/uploads\/2025\/08\/Screenshot_20250815_230608_One-UI-Home-1-scaled.jpg\" \/>\n\t<meta property=\"og:image:width\" content=\"2560\" \/>\n\t<meta property=\"og:image:height\" content=\"1583\" \/>\n\t<meta property=\"og:image:type\" content=\"image\/jpeg\" \/>\n<meta name=\"twitter:card\" content=\"summary_large_image\" \/>\n<meta name=\"twitter:label1\" content=\"Temps estimat de lectura\" \/>\n\t<meta name=\"twitter:data1\" content=\"5 minuts\" \/>\n<script type=\"application\/ld+json\" class=\"yoast-schema-graph\">{\"@context\":\"https:\\\/\\\/schema.org\",\"@graph\":[{\"@type\":\"WebPage\",\"@id\":\"https:\\\/\\\/lacanteradelebro.es\\\/ca\\\/aviso-legal\\\/\",\"url\":\"https:\\\/\\\/lacanteradelebro.es\\\/ca\\\/aviso-legal\\\/\",\"name\":\"Aviso legal - La Cantera del Ebro\",\"isPartOf\":{\"@id\":\"https:\\\/\\\/lacanteradelebro.es\\\/#website\"},\"datePublished\":\"2025-07-09T12:03:48+00:00\",\"dateModified\":\"2025-07-09T12:06:01+00:00\",\"breadcrumb\":{\"@id\":\"https:\\\/\\\/lacanteradelebro.es\\\/ca\\\/aviso-legal\\\/#breadcrumb\"},\"inLanguage\":\"ca\",\"potentialAction\":[{\"@type\":\"ReadAction\",\"target\":[\"https:\\\/\\\/lacanteradelebro.es\\\/ca\\\/aviso-legal\\\/\"]}]},{\"@type\":\"BreadcrumbList\",\"@id\":\"https:\\\/\\\/lacanteradelebro.es\\\/ca\\\/aviso-legal\\\/#breadcrumb\",\"itemListElement\":[{\"@type\":\"ListItem\",\"position\":1,\"name\":\"Portada\",\"item\":\"https:\\\/\\\/lacanteradelebro.es\\\/es\\\/\"},{\"@type\":\"ListItem\",\"position\":2,\"name\":\"Aviso legal\"}]},{\"@type\":\"WebSite\",\"@id\":\"https:\\\/\\\/lacanteradelebro.es\\\/#website\",\"url\":\"https:\\\/\\\/lacanteradelebro.es\\\/\",\"name\":\"La Cantera del Ebro\",\"description\":\"Transformamos la belleza de la piedra natural y la calidez de la madera artesanal en joyas y objetos \u00fanicos. Cada creaci\u00f3n est\u00e1 hecha a mano con pasi\u00f3n, conect\u00e1ndote con la Tierra a trav\u00e9s de dise\u00f1os exclusivos y llenos de alma.\",\"publisher\":{\"@id\":\"https:\\\/\\\/lacanteradelebro.es\\\/#\\\/schema\\\/person\\\/2c7df64eef01f69456a16d6540d266df\"},\"potentialAction\":[{\"@type\":\"SearchAction\",\"target\":{\"@type\":\"EntryPoint\",\"urlTemplate\":\"https:\\\/\\\/lacanteradelebro.es\\\/?s={search_term_string}\"},\"query-input\":{\"@type\":\"PropertyValueSpecification\",\"valueRequired\":true,\"valueName\":\"search_term_string\"}}],\"inLanguage\":\"ca\"},{\"@type\":[\"Person\",\"Organization\"],\"@id\":\"https:\\\/\\\/lacanteradelebro.es\\\/#\\\/schema\\\/person\\\/2c7df64eef01f69456a16d6540d266df\",\"name\":\"Fernando\",\"image\":{\"@type\":\"ImageObject\",\"inLanguage\":\"ca\",\"@id\":\"https:\\\/\\\/lacanteradelebro.es\\\/wp-content\\\/uploads\\\/2025\\\/06\\\/cropped-Logo_BO2.png\",\"url\":\"https:\\\/\\\/lacanteradelebro.es\\\/wp-content\\\/uploads\\\/2025\\\/06\\\/cropped-Logo_BO2.png\",\"contentUrl\":\"https:\\\/\\\/lacanteradelebro.es\\\/wp-content\\\/uploads\\\/2025\\\/06\\\/cropped-Logo_BO2.png\",\"width\":512,\"height\":512,\"caption\":\"Fernando\"},\"logo\":{\"@id\":\"https:\\\/\\\/lacanteradelebro.es\\\/wp-content\\\/uploads\\\/2025\\\/06\\\/cropped-Logo_BO2.png\"},\"publishingPrinciples\":\"https:\\\/\\\/lacanteradelebro.es\\\/ca\\\/politica-de-privacidad\\\/\",\"ownershipFundingInfo\":\"https:\\\/\\\/lacanteradelebro.es\\\/ca\\\/politica-de-privacidad\\\/\",\"actionableFeedbackPolicy\":\"https:\\\/\\\/lacanteradelebro.es\\\/ca\\\/aviso-legal\\\/\",\"correctionsPolicy\":\"https:\\\/\\\/lacanteradelebro.es\\\/ca\\\/reembolso_devoluciones\\\/\",\"ethicsPolicy\":\"https:\\\/\\\/lacanteradelebro.es\\\/ca\\\/politica-de-cookies\\\/\",\"diversityPolicy\":\"https:\\\/\\\/lacanteradelebro.es\\\/ca\\\/politica-de-cookies\\\/\",\"diversityStaffingReport\":\"https:\\\/\\\/lacanteradelebro.es\\\/ca\\\/politica-de-privacidad\\\/\"}]}<\/script>\n<!-- \/ Yoast SEO Premium plugin. -->","yoast_head_json":{"title":"Aviso legal - La Cantera del Ebro","robots":{"index":"index","follow":"follow","max-snippet":"max-snippet:-1","max-image-preview":"max-image-preview:large","max-video-preview":"max-video-preview:-1"},"canonical":"https:\/\/lacanteradelebro.es\/ca\/aviso-legal\/","og_locale":"ca_ES","og_type":"article","og_title":"Aviso legal","og_description":"Aviso Legal En La Cantera del Ebro, nos comprometemos con la transparencia y el cumplimiento de la legislaci\u00f3n vigente. Este Aviso Legal regula el acceso y uso de la web lacanteradelebro.com. &#8212; 1. Datos Identificativos del Titular En cumplimiento del deber de informaci\u00f3n estipulado en el art\u00edculo 10 de la Ley 34\/2002, de 11 de [&hellip;]","og_url":"https:\/\/lacanteradelebro.es\/ca\/aviso-legal\/","og_site_name":"La Cantera del Ebro","article_modified_time":"2025-07-09T12:06:01+00:00","og_image":[{"width":2560,"height":1583,"url":"https:\/\/lacanteradelebro.es\/wp-content\/uploads\/2025\/08\/Screenshot_20250815_230608_One-UI-Home-1-scaled.jpg","type":"image\/jpeg"}],"twitter_card":"summary_large_image","twitter_misc":{"Temps estimat de lectura":"5 minuts"},"schema":{"@context":"https:\/\/schema.org","@graph":[{"@type":"WebPage","@id":"https:\/\/lacanteradelebro.es\/ca\/aviso-legal\/","url":"https:\/\/lacanteradelebro.es\/ca\/aviso-legal\/","name":"Aviso legal - La Cantera del Ebro","isPartOf":{"@id":"https:\/\/lacanteradelebro.es\/#website"},"datePublished":"2025-07-09T12:03:48+00:00","dateModified":"2025-07-09T12:06:01+00:00","breadcrumb":{"@id":"https:\/\/lacanteradelebro.es\/ca\/aviso-legal\/#breadcrumb"},"inLanguage":"ca","potentialAction":[{"@type":"ReadAction","target":["https:\/\/lacanteradelebro.es\/ca\/aviso-legal\/"]}]},{"@type":"BreadcrumbList","@id":"https:\/\/lacanteradelebro.es\/ca\/aviso-legal\/#breadcrumb","itemListElement":[{"@type":"ListItem","position":1,"name":"Portada","item":"https:\/\/lacanteradelebro.es\/es\/"},{"@type":"ListItem","position":2,"name":"Aviso legal"}]},{"@type":"WebSite","@id":"https:\/\/lacanteradelebro.es\/#website","url":"https:\/\/lacanteradelebro.es\/","name":"La Cantera del Ebro","description":"Transformamos la belleza de la piedra natural y la calidez de la madera artesanal en joyas y objetos \u00fanicos. Cada creaci\u00f3n est\u00e1 hecha a mano con pasi\u00f3n, conect\u00e1ndote con la Tierra a trav\u00e9s de dise\u00f1os exclusivos y llenos de alma.","publisher":{"@id":"https:\/\/lacanteradelebro.es\/#\/schema\/person\/2c7df64eef01f69456a16d6540d266df"},"potentialAction":[{"@type":"SearchAction","target":{"@type":"EntryPoint","urlTemplate":"https:\/\/lacanteradelebro.es\/?s={search_term_string}"},"query-input":{"@type":"PropertyValueSpecification","valueRequired":true,"valueName":"search_term_string"}}],"inLanguage":"ca"},{"@type":["Person","Organization"],"@id":"https:\/\/lacanteradelebro.es\/#\/schema\/person\/2c7df64eef01f69456a16d6540d266df","name":"Fernando","image":{"@type":"ImageObject","inLanguage":"ca","@id":"https:\/\/lacanteradelebro.es\/wp-content\/uploads\/2025\/06\/cropped-Logo_BO2.png","url":"https:\/\/lacanteradelebro.es\/wp-content\/uploads\/2025\/06\/cropped-Logo_BO2.png","contentUrl":"https:\/\/lacanteradelebro.es\/wp-content\/uploads\/2025\/06\/cropped-Logo_BO2.png","width":512,"height":512,"caption":"Fernando"},"logo":{"@id":"https:\/\/lacanteradelebro.es\/wp-content\/uploads\/2025\/06\/cropped-Logo_BO2.png"},"publishingPrinciples":"https:\/\/lacanteradelebro.es\/ca\/politica-de-privacidad\/","ownershipFundingInfo":"https:\/\/lacanteradelebro.es\/ca\/politica-de-privacidad\/","actionableFeedbackPolicy":"https:\/\/lacanteradelebro.es\/ca\/aviso-legal\/","correctionsPolicy":"https:\/\/lacanteradelebro.es\/ca\/reembolso_devoluciones\/","ethicsPolicy":"https:\/\/lacanteradelebro.es\/ca\/politica-de-cookies\/","diversityPolicy":"https:\/\/lacanteradelebro.es\/ca\/politica-de-cookies\/","diversityStaffingReport":"https:\/\/lacanteradelebro.es\/ca\/politica-de-privacidad\/"}]}},"_links":{"self":[{"href":"https:\/\/lacanteradelebro.es\/ca\/wp-json\/wp\/v2\/pages\/696","targetHints":{"allow":["GET"]}}],"collection":[{"href":"https:\/\/lacanteradelebro.es\/ca\/wp-json\/wp\/v2\/pages"}],"about":[{"href":"https:\/\/lacanteradelebro.es\/ca\/wp-json\/wp\/v2\/types\/page"}],"author":[{"embeddable":true,"href":"https:\/\/lacanteradelebro.es\/ca\/wp-json\/wp\/v2\/users\/2"}],"replies":[{"embeddable":true,"href":"https:\/\/lacanteradelebro.es\/ca\/wp-json\/wp\/v2\/comments?post=696"}],"version-history":[{"count":4,"href":"https:\/\/lacanteradelebro.es\/ca\/wp-json\/wp\/v2\/pages\/696\/revisions"}],"predecessor-version":[{"id":700,"href":"https:\/\/lacanteradelebro.es\/ca\/wp-json\/wp\/v2\/pages\/696\/revisions\/700"}],"wp:attachment":[{"href":"https:\/\/lacanteradelebro.es\/ca\/wp-json\/wp\/v2\/media?parent=696"}],"curies":[{"name":"wp","href":"https:\/\/api.w.org\/{rel}","templated":true}]}}